{"id":20444,"date":"2023-10-05T08:31:51","date_gmt":"2023-10-05T05:31:51","guid":{"rendered":"https:\/\/www.phys.uaic.ro\/?page_id=20444"},"modified":"2025-09-24T10:19:27","modified_gmt":"2025-09-24T07:19:27","slug":"cercetare-conferinte-cercetare-conferinte-cercetare-2023","status":"publish","type":"page","link":"https:\/\/www.phys.uaic.ro\/old\/index.php\/cercetare-conferinte-cercetare-conferinte-cercetare-2023\/","title":{"rendered":"Conferinte 2023"},"content":{"rendered":"<div id=\"farphys-2022\" class=\"colorbox\" style=\"background-color: #e6e6e6;\">\n<h3 id=\"farphys\"><b> Fundamental and Applied Research in Physics Workshop &#8211; FARPHYS 2023<\/b><\/h3>\n<p>Facultatea de Fizic\u0103 organizeaz\u0103 \u00een luna octombrie 2023 conferin\u021ba \u015ftiin\u021bific\u0103 studen\u021beasc\u0103 Fundamental and Applied Research in Physics &#8211; FARPHYS 2023. Programul exact va fi stabilit \u00een func\u021bie de num\u0103rul de lucr\u0103ri primite.<\/p>\n<p>Propunerile de comunic\u0103ri \u015ftiin\u0163ifice vor cuprinde titlul, autorii \u015fi un rezumat de maxim 200 de cuvinte (\u00een limba rom\u00e2n\u0103) \u015fi vor fi trimise p\u00e2n\u0103 pe data de 20 octombrie pe adresa <span style=\"color: blue;\">fizica@uaic.ro<\/span>, cu subiectul <strong>Rezumat FARPHYS 2023<\/strong>. \u00cen cazul studentilor de la licen\u021b\u0103 \u015fi masteranzilor, printre autorii fiec\u0103rei comunic\u0103ri trebuie s\u0103 se reg\u0103seasc\u0103 obligatoriu \u015fi un cadru didactic\/cercet\u0103tor.<\/p>\n<p><a href=\"https:\/\/www.phys.uaic.ro\/old\/wp-content\/uploads\/2023\/10\/Abstracte_FARPHYS_2023.pdf\"><strong>Program FARPHYS 2023<\/strong><\/a><\/p>\n<\/div>\n<p>&nbsp;<\/p>\n<p><!-- ++++++++++++++++++++++++++++++++++++++++++++++++++++++++++++++++++++++++++++++++++++ --><\/p>\n<div id=\"iwama-2022\" class=\"colorbox\" style=\"background-color: #e6e6e6;\">\n<h3 id=\"farphys\"><b>XXth International Conference on Plasma Physics and Applications 2023<br \/>\n<\/b><\/h3>\n<p>It is our pleasure to announce that the International Conference on Plasma Physics and Applications, a traditional meeting of the Romanian plasma community, reaches its 20th edition. The conference is organized by the Alexandru Ioan Cuza University of Ia\u0219i (UAIC) and the National Institute for Laser, Plasma and Radiation Physics, Bucharest (INFLPR). The Conference is focused on advances in plasma fundamentals and applications aiming to provide a forum for discussion and scientific collaborations.<\/p>\n<p>The 20 th CPPA will be held in Ia\u0219i, Romania, from 14 to 16 June 2023.<\/p>\n<p><a href=\"https:\/\/www.plasma.uaic.ro\/cppa\/cppa2023\/program\/\"><strong>https:\/\/www.plasma.uaic.ro\/cppa\/cppa2023\/program\/<\/strong> <\/a><\/p>\n<\/div>\n<p>&nbsp;<\/p>\n<div id=\"nfs\" class=\"colorbox\" style=\"background-color: #e6e6e6;\">\n<h3><b>ICPAM-15 2023<\/b><\/h3>\n<p class=\"p1\">The main objective of ICPAM is to provide a forum for scientists involved in physics of advanced materials, emerging nanotechnologies, and new devices, to exchange their ideas, knowledge and experience. ICPAM-15 sessions will address recent advancements and new strategies and will include keynote, invited, oral and poster presentations that cover a wide range of hot interdisciplinary research topics. ICPAM-15 also offers a space for sponsors\/exhibitors to present their services, products, innovations, and research results.<\/p>\n<p class=\"p1\">PAMS-6 is focused on providing interdisciplinary expert training, involving both fundamental knowledge and current research topics. Besides their contribution in the PAMS-6 poster session, the attendees may have a presentation in ICPAM-15.<\/p>\n<p class=\"p1\">To encourage young scientists, we offer awards for best poster and oral presentations, a special category for the best student paper and other prizes<\/p>\n<p class=\"p1\"><a href=\"https:\/\/icpams.com\/main\/\">https:\/\/icpams.com\/main\/<\/a><\/p>\n<p><a href=\"https:\/\/icpams.com\/main\/wp-content\/uploads\/BoA-ICPAM15-131123-v2.pdf\">Book of abstracts (ICPAM)<\/a> | <a href=\"https:\/\/icpams.com\/main\/wp-content\/uploads\/BoA-PAMS6-131123.pdf\">Book of abstracts (PAMS)<\/a> | <a href=\"https:\/\/icpams.com\/main\/wp-content\/uploads\/Awards-2023-4.pdf\" target=\"_blank\" rel=\"noopener\">Awards<\/a> | <a href=\"https:\/\/www.mdpi.com\/journal\/nanomaterials\/special_issues\/NANLDMS_ICPAM13\">Nanoaterials<\/a> | <a href=\"https:\/\/www.mdpi.com\/journal\/materials\/special_issues\/ICPAM_2021\">Materials<\/a> |<\/p>\n<\/div>\n<p>&nbsp;<\/p>\n<p>&nbsp;<\/p>\n<p><strong>FTEM 2023<\/strong><\/p>\n<p>&nbsp;<\/p>\n<p>Conferin\u0163a \u201eFizica \u015fi Tehnologiile Educa\u021bionale Moderne\u201c a ajuns la a 52-a edi\u0163ie \u0219i a fost organizat\u0103 de Universitatea Alexandru Ioan Cuza din Ia\u0219i, Facultatea de Fizic\u0103 \u00een data de 20 Mai 2023.<\/p>\n<p>&nbsp;<\/p>\n<p><a href=\"https:\/\/ftem.faculty.ro\/download\/p0rfl34mf\/Program%20si%20Rezumate%20FTEM%202023\"><strong>Program FTEM 2023<\/strong><\/a><\/p>\n","protected":false},"excerpt":{"rendered":"<p>Fundamental and Applied Research in Physics Workshop &#8211; FARPHYS 2023 Facultatea de Fizic\u0103 organizeaz\u0103 \u00een luna octombrie 2023 conferin\u021ba \u015ftiin\u021bific\u0103 studen\u021beasc\u0103 Fundamental and Applied Research in Physics &#8211; FARPHYS 2023. Programul exact va fi stabilit \u00een func\u021bie de num\u0103rul de lucr\u0103ri primite. Propunerile de comunic\u0103ri \u015ftiin\u0163ifice vor cuprinde titlul, autorii \u015fi un rezumat de maxim 200 de cuvinte\u2026 <span class=\"read-more\"><a href=\"https:\/\/www.phys.uaic.ro\/old\/index.php\/cercetare-conferinte-cercetare-conferinte-cercetare-2023\/\">Read More &raquo;<\/a><\/span><\/p>\n","protected":false},"author":5,"featured_media":0,"parent":0,"menu_order":0,"comment_status":"closed","ping_status":"closed","template":"","meta":{"footnotes":""},"class_list":["post-20444","page","type-page","status-publish","hentry"],"_links":{"self":[{"href":"https:\/\/www.phys.uaic.ro\/old\/index.php\/wp-json\/wp\/v2\/pages\/20444","targetHints":{"allow":["GET"]}}],"collection":[{"href":"https:\/\/www.phys.uaic.ro\/old\/index.php\/wp-json\/wp\/v2\/pages"}],"about":[{"href":"https:\/\/www.phys.uaic.ro\/old\/index.php\/wp-json\/wp\/v2\/types\/page"}],"author":[{"embeddable":true,"href":"https:\/\/www.phys.uaic.ro\/old\/index.php\/wp-json\/wp\/v2\/users\/5"}],"replies":[{"embeddable":true,"href":"https:\/\/www.phys.uaic.ro\/old\/index.php\/wp-json\/wp\/v2\/comments?post=20444"}],"version-history":[{"count":0,"href":"https:\/\/www.phys.uaic.ro\/old\/index.php\/wp-json\/wp\/v2\/pages\/20444\/revisions"}],"wp:attachment":[{"href":"https:\/\/www.phys.uaic.ro\/old\/index.php\/wp-json\/wp\/v2\/media?parent=20444"}],"curies":[{"name":"wp","href":"https:\/\/api.w.org\/{rel}","templated":true}]}}