{"id":20598,"date":"2023-11-06T13:25:05","date_gmt":"2023-11-06T11:25:05","guid":{"rendered":"https:\/\/www.phys.uaic.ro\/?page_id=20598"},"modified":"2023-11-06T13:25:05","modified_gmt":"2023-11-06T11:25:05","slug":"oferta-burse-in-strainatate-h-g-nr-118-2023-2","status":"publish","type":"page","link":"https:\/\/www.phys.uaic.ro\/old\/index.php\/oferta-burse-in-strainatate-h-g-nr-118-2023-2\/","title":{"rendered":"Oferta burse in strainatate H.G. nr. 118\/2023"},"content":{"rendered":"<p>Ministerul Educa\u021biei prin Agen\u021bia de Credite \u0219i Burse de Studii organizeaz\u0103 concursul na\u021bional \u00een vederea acord\u0103rii a 228 de luni de burs\u0103 pentru anul 2024, care vor fi distribuite \u00een ordinea descresc\u0103toare a punctajelor ob\u021binute de candida\u021bi.<\/p>\n<p>Candida\u021bii pot opta pentru stagii de burs\u0103 cuprinse \u00eentre 2 \u0219i 10 luni.<\/p>\n<p>Persoanele nominalizate sunt obligate s\u0103-\u0219i \u00eenceap\u0103 stagiile \u00een anul 2024, plecarea put\u00e2ndu-se face \u00eencep\u00e2nd cu 01 februarie 2024.<\/p>\n<p>Cuantumul lunar al burselor este cuprins \u00eentre 1.100 \u0219i 2.000 EURO, \u00een func\u021bie de statul \u00een care se desf\u0103\u0219oar\u0103 stagiul, conform OMEd nr. 6517\/2023.<\/p>\n<p>Ministerul Educa\u021biei prin Agen\u021bia de Credite \u0219i Burse de Studii asigur\u0103 transportul interna\u021bional, o singur\u0103 dat\u0103 pe perioada stagiului, \u0219i contravaloarea unui supliment de bagaje de 32 kg.<\/p>\n<p>Domeniile pentru care candida\u021bii pot accesa bursa sunt cele prev\u0103zute \u00een OMEd nr. 6517\/2023.<\/p>\n<p><b>TERMENUL LIMIT\u0102<\/b> de depunere a dosarelor de candidatur\u0103 (on-line sau fizic) este <span style=\"color: #ff0000;\"><b>20 noiembrie 2023, ora 16.00 (ora Rom\u00e2niei)<\/b>.<\/span><\/p>\n<p><span lang=\"FR\">Informa\u021bii suplimentare privind desf\u0103\u0219urarea concursului na\u021bional se g\u0103sesc pe site-ul <span style=\"color: #ff0000;\"><strong>Agen\u021biei de Credite \u0219i Burse de Studii<\/strong><\/span>: <\/span><em><strong><a tabindex=\"-1\" href=\"http:\/\/www.roburse.ro\" target=\"_blank\" rel=\"external nofollow noopener noreferrer\"><span lang=\"FR\">www.roburse.ro<\/span><\/a><\/strong><\/em><span lang=\"FR\"> \u0219i la telefon <strong><span style=\"color: #ff0000;\">021.310.19.05<\/span>.<\/strong><\/span><\/p>\n<p><a href=\"https:\/\/www.phys.uaic.ro\/old\/wp-content\/uploads\/2023\/10\/Decizia-nr.-35din16.10.2023-Comunicat-calendar-2024.pdf\" target=\"_blank\" rel=\"noopener\">Decizia nr. 35\/16.10.2023<\/a><\/p>\n<p><a href=\"https:\/\/www.phys.uaic.ro\/old\/wp-content\/uploads\/2023\/10\/Decizia-nr.-35din16.10.2023-Comunicat-calendar-2024-anexa.pdf\" target=\"_blank\" rel=\"noopener\">Comunicat de presa<\/a><\/p>\n<p><a href=\"https:\/\/www.phys.uaic.ro\/old\/wp-content\/uploads\/2023\/10\/HG-118-Formular-tip-Decizia-nr.-7din15.03.2023.pdf\" target=\"_blank\" rel=\"noopener\">Formular inscriere<\/a><\/p>\n","protected":false},"excerpt":{"rendered":"<p>Ministerul Educa\u021biei prin Agen\u021bia de Credite \u0219i Burse de Studii organizeaz\u0103 concursul na\u021bional \u00een vederea acord\u0103rii a 228 de luni de burs\u0103 pentru anul 2024, care vor fi distribuite \u00een ordinea descresc\u0103toare a punctajelor ob\u021binute de candida\u021bi. Candida\u021bii pot opta pentru stagii de burs\u0103 cuprinse \u00eentre 2 \u0219i 10 luni. Persoanele nominalizate sunt obligate s\u0103-\u0219i \u00eenceap\u0103 stagiile \u00een\u2026 <span class=\"read-more\"><a href=\"https:\/\/www.phys.uaic.ro\/old\/index.php\/oferta-burse-in-strainatate-h-g-nr-118-2023-2\/\">Read More &raquo;<\/a><\/span><\/p>\n","protected":false},"author":4,"featured_media":0,"parent":0,"menu_order":0,"comment_status":"closed","ping_status":"closed","template":"","meta":{"footnotes":""},"class_list":["post-20598","page","type-page","status-publish","hentry"],"_links":{"self":[{"href":"https:\/\/www.phys.uaic.ro\/old\/index.php\/wp-json\/wp\/v2\/pages\/20598","targetHints":{"allow":["GET"]}}],"collection":[{"href":"https:\/\/www.phys.uaic.ro\/old\/index.php\/wp-json\/wp\/v2\/pages"}],"about":[{"href":"https:\/\/www.phys.uaic.ro\/old\/index.php\/wp-json\/wp\/v2\/types\/page"}],"author":[{"embeddable":true,"href":"https:\/\/www.phys.uaic.ro\/old\/index.php\/wp-json\/wp\/v2\/users\/4"}],"replies":[{"embeddable":true,"href":"https:\/\/www.phys.uaic.ro\/old\/index.php\/wp-json\/wp\/v2\/comments?post=20598"}],"version-history":[{"count":0,"href":"https:\/\/www.phys.uaic.ro\/old\/index.php\/wp-json\/wp\/v2\/pages\/20598\/revisions"}],"wp:attachment":[{"href":"https:\/\/www.phys.uaic.ro\/old\/index.php\/wp-json\/wp\/v2\/media?parent=20598"}],"curies":[{"name":"wp","href":"https:\/\/api.w.org\/{rel}","templated":true}]}}