{"id":206,"date":"2018-02-14T13:41:03","date_gmt":"2018-02-14T13:41:03","guid":{"rendered":"http:\/\/www.phys.uaic.ro\/?page_id=206"},"modified":"2025-10-03T10:23:31","modified_gmt":"2025-10-03T07:23:31","slug":"cazare","status":"publish","type":"page","link":"https:\/\/www.phys.uaic.ro\/old\/index.php\/studenti\/cazare\/","title":{"rendered":"Cazare"},"content":{"rendered":"<header>\n<header>\n<header><span style=\"color: #ff0000;\">Actualizare 3 oct 2025. ora 10<\/span><\/header>\n<header><a href=\"https:\/\/www.phys.uaic.ro\/wp-content\/uploads\/2025\/09\/turul-4.pdf\"><strong>Lista tur IV cazare<\/strong><\/a><\/header>\n<\/header>\n<\/header>\n<header><\/header>\n<header><\/header>\n<header>\n<header class=\"entry-header\"><span style=\"color: #ff0000;\">Actualizare 2 octombrie 2025, ora 14<\/span><\/header>\n<header class=\"entry-header\">In urma redistribuirii Facultatea de Fizica a primit <strong>1 loc de cazare pentru baieti<\/strong>. Doritorii vor depune o cerere scrisa, la secretariatul facultatii, pana maine,<strong> 3 oct.2025, ora 9.<\/strong><\/header>\n<header class=\"entry-header\">Locul se va acorda in ordinea descrescatoare a punctajelor, lista fiind afisata la ora 10.<\/header>\n<header class=\"entry-header\"><strong>Dispozitia de cazare se va elibera la secretariatul facultatii la ora 11<\/strong>.<\/header>\n<\/header>\n<header><\/header>\n<header><\/header>\n<header>\u00a0<\/header>\n<p><span style=\"color: #ff0000;\">Actualizare 1 oct 2025. ora 10<\/span><\/p>\n<p><a href=\"https:\/\/www.phys.uaic.ro\/wp-content\/uploads\/2025\/10\/turul-3.pdf\" target=\"_blank\" rel=\"noopener\"><strong><span style=\"font-size: 14pt;\">Lista tur III cazare<\/span><\/strong><\/a><\/p>\n<p>&nbsp;<\/p>\n<p><span style=\"color: #ff0000;\">Actualizare 30 septembrie 2025, ora 12<\/span><\/p>\n<p>In urma redistribuirii Facultatea de Fizica a primit <strong>2 locuri de cazare pentru baieti<\/strong>. Doritorii vor depune o cerere scrisa, la secretariatul facultatii, pana maine,<strong> 1 oct.2025, ora 9.<\/strong><\/p>\n<p>Locurile se vor acorda in ordinea descrescatoare a punctajelor, lista fiind afisata la ora 10. Dispozitiile de cazare se vor elibera la secretariatul facultatii intre orele 12-13.<\/p>\n<p>&nbsp;<\/p>\n<p><a href=\"https:\/\/www.phys.uaic.ro\/wp-content\/uploads\/2025\/07\/calendar-cazare.pdf\" target=\"_blank\" rel=\"noopener\"><em><span style=\"font-size: 14pt;\"><span style=\"color: #ff0000;\"><span style=\"font-size: 18pt;\"><span style=\"font-size: 24pt;\"><strong><span style=\"font-size: 18pt;\">Calendar cazare septembrie 2025<\/span><\/strong><\/span><\/span><\/span><\/span><\/em><\/a><\/p>\n<p><span style=\"color: #ff0000; font-size: 14pt;\"><strong>ACTUALIZARE 24 septembrie 2025<\/strong><\/span><\/p>\n<p><a href=\"https:\/\/www.phys.uaic.ro\/wp-content\/uploads\/2025\/09\/cazari_tur2_sept2025.pdf\" target=\"_blank\" rel=\"noopener\"><strong><span style=\"font-size: 14pt;\">Lista tur II cazare<\/span><\/strong><\/a><\/p>\n<p>Studen\u021bii de la pozi\u021biile eviden\u021biate color au primit drept de cazare.<br \/>\nRestul studen\u021bilor sunt considera\u021bi rezerve \u0219i nu mai trebuie s\u0103 completeze alte cereri suplimentare.<\/p>\n<p><span style=\"color: #ff0000;\"><strong>Aten\u021bie!<\/strong><\/span> Studen\u021bii care au primit drept de cazare \u0219i nu \u00ee\u0219i ridic\u0103 dispozi\u021bia de cazare p\u00e2na pe data de<br \/>\n<span style=\"color: #ff0000;\"><strong>26 septembrie ora 11:00<\/strong><\/span> \u00ee\u0219i <strong>pierd locul de cazare<\/strong> urm\u00e2nd ca acesta sa fie atribuit rezervelor \u00een ordinea mediilor.<\/p>\n<p>Dispozi\u021biile de cazare \u00eempreun\u0103 cu restul formularelor necesare la c\u0103min se vor ridica din <strong>sala 2.2 (corp A, etaj I)<\/strong> pe baza actului de identitate dupa urm\u0103torul <strong>program<\/strong>:<br \/>\n<strong>25 septembrie intre orele 10-15<\/strong><br \/>\n<strong>26 septembrie intre orele 10-11<\/strong><\/p>\n<p><span style=\"color: #ff0000; font-size: 14pt;\"><strong>ACTUALIZARE 19 septembrie 2025<\/strong><\/span><\/p>\n<div><strong><span style=\"font-size: 14pt;\">A fost publicat\u0103 <a href=\"https:\/\/www.phys.uaic.ro\/wp-content\/uploads\/2025\/09\/Lista_tur1_19sept2025.pdf\" target=\"_blank\" rel=\"noopener\">Lista tur I cazare<\/a>\u00a0<\/span><\/strong><\/div>\n<div>Dispozi\u021biile de cazare \u00eempreun\u0103 cu restul formularelor necesare la c\u0103min se vor ridica din sala 2.2 (corp A, etaj I) pe baza actului de identitate dup\u0103 urm\u0103torul program:<\/div>\n<div>22 septembrie \u00eentre orele 10-15<\/div>\n<div>23 septembrie \u00eentre orele 10-15<\/div>\n<div>24 septembrie \u00eentre orele 10-11<\/div>\n<div><\/div>\n<div>Informa\u021bii suplimentare despre cazare se reg\u0103sesc la adresa https:\/\/www.uaic.ro\/studenti\/cazare\/ unde este postat<\/div>\n<div><span style=\"color: #0000ff;\"><a style=\"color: #0000ff;\" href=\"https:\/\/www.phys.uaic.ro\/wp-content\/uploads\/2025\/09\/regulament-cazare_2024.pdf\"><strong><em><span style=\"font-size: 14pt;\">Regulamentul de cazare<\/span><\/em><\/strong><\/a><\/span><\/div>\n<p><span style=\"color: #ff0000; font-size: 14pt;\"><strong>ACTUALIZARE 15 septembrie 2025<\/strong><\/span><\/p>\n<p><strong><span style=\"font-size: 14pt;\"><a href=\"https:\/\/forms.gle\/uhoYeDi5E75K7YQc7\" target=\"_blank\" rel=\"noopener\">Formular pentru completarea op\u021biunilor pentru cazare<\/a><\/span><\/strong><\/p>\n<p>V\u0103 rog s\u0103 completa\u021bi datele \u00een formularul de mai sus (p\u00e2n\u0103 mar\u021bi ora 16:00) chiar dac\u0103 a\u021bi trimis \u0219i mail.<\/p>\n<p>ACTUALIZARE 15 septembrie 2025 ora 13:30<\/p>\n<p>Facult\u0103\u021bii de Fizic\u0103 i s-au repartizat urm\u0103toarele locuri de cazare:<\/p>\n<p>Fete:<\/p>\n<ul>\n<li>10 locuri C3<\/li>\n<li>4 locuri C4<\/li>\n<li>18 locuri C8<\/li>\n<\/ul>\n<p>B\u0103ie\u021bi:<\/p>\n<ul>\n<li>7 locuri C1<\/li>\n<li>4 locuri C4<\/li>\n<li>14 locuri C10<\/li>\n<\/ul>\n<p>Alte locuri:<\/p>\n<ul>\n<li>3 locuri C5<\/li>\n<li>3 locuri C11<\/li>\n<li>4 locuri Gaudeamus<\/li>\n<li>4 locuri Akademos<\/li>\n<\/ul>\n<p>\u00cen cel mai scurt timp va fi publicat aici un formular online pentru exprimarea op\u021biunilor <span style=\"color: #ff0000;\"><strong>(p\u00e2n\u0103 mar\u021bi 16 septembrie ora 16:00)<\/strong><\/span> pentru un c\u0103min anume, care va \u021bine loc \u0219i de cerere de cazare.<\/p>\n<p><strong><span style=\"color: #ff0000;\">ACTUALIZARE 13 septembrie 2025:<\/span><\/strong> \u00cenc\u0103 nu am primit locurile de cazare pentru Facultatea de Fizic\u0103, e posibil s\u0103 avem repartizarea acestora luni <strong>15 septembrie 2025<\/strong> p\u00e2n\u0103 \u00een ora 16. Oricum, imediat ce le primim vom face un anun\u021b pe site.<\/p>\n<p>Pe data de <strong>12 septembrie 2025<\/strong> vor fi afi\u0219ate pe site locurile de cazare repartizate facult\u0103\u021bii.<\/p>\n<p>Studen\u021bii care doresc un loc de cazare \u00een c\u0103minele Universit\u0103\u021bii \u00ee\u0219i pot exprima op\u021biunea (care \u021bine loc \u0219i de cerere de cazare)\u00a0pentru un anumit c\u0103min \u00een perioada <strong>12-15 septembrie, ora 16, <\/strong>pe adresa <strong>catalin.agheorghiesei@staff.uaic.ro<\/strong><\/p>\n<p>Studen\u021bii care nu trimit email se consider\u0103 c\u0103 nu doresc loc de cazare \u00een c\u0103minele UAIC.<\/p>\n<p>Informa\u021bii suplimentare la<span style=\"color: #0000ff; font-size: 14pt;\"> <em><strong>https:\/\/www.uaic.ro\/studenti\/cazare\/<\/strong><\/em><\/span><\/p>\n<p><span style=\"color: #0000ff;\"><a style=\"color: #0000ff;\" href=\"https:\/\/www.phys.uaic.ro\/wp-content\/uploads\/2025\/09\/regulament-cazare_2024.pdf\"><strong><em><span style=\"font-size: 14pt;\">Regulament cazare<\/span><\/em><\/strong><\/a><\/span><\/p>\n<p>&nbsp;<\/p>\n<p>&nbsp;<\/p>\n<p><span style=\"font-size: 18pt;\">CAZARE 2024<\/span><\/p>\n<header class=\"entry-header\">\n<h2><span style=\"font-size: 14pt;\"><a href=\"https:\/\/www.phys.uaic.ro\/wp-content\/uploads\/2024\/10\/Lista-studentilor-care-au-primit-drept-de-cazare-in-data-de-2-oct-2024.pdf\" target=\"_blank\" rel=\"noopener\">Lista cazare 2.10.2024<\/a><\/span><\/h2>\n<h2><span style=\"font-size: 14pt;\"><a href=\"https:\/\/www.phys.uaic.ro\/wp-content\/uploads\/2024\/09\/Cazare_sept2024_T4.pdf\" target=\"_blank\" rel=\"noopener\">Lista cazare septembrie 2024 (turul 4)<\/a><\/span><\/h2>\n<h2><a href=\"https:\/\/www.phys.uaic.ro\/wp-content\/uploads\/2024\/09\/Liste_cazare_afisate20sept2024.pdf\" target=\"_blank\" rel=\"noopener\"><span style=\"font-size: 14pt;\">Lista cazare septembrie 2024 (turul 1)<\/span><\/a><\/h2>\n<p><span style=\"font-size: 12pt;\">Studen\u021bii care nu mai doresc cazare, dar figureaz\u0103 pe liste, sunt ruga\u021bi de asemenea s\u0103 trimit\u0103 un e-mail la adresa <strong>fizica@uaic.ro.<\/strong><br \/>\n<\/span><\/p>\n<p>Studen\u021bii care nu au primit cazare \u00een prima etapa vor putea primi cazare \u00een turul 2.<\/p>\n<p>Toate informa\u021biile legate de caz\u0103ri le reg\u0103si\u021bi la adresa <a href=\"https:\/\/www.uaic.ro\/studenti\/cazare\/\" target=\"_blank\" rel=\"noopener\">https:\/\/www.uaic.ro\/studenti\/cazare\/\u00a0<\/a><\/p>\n<p><span style=\"font-size: 18pt;\"><em><span style=\"color: #ff0000;\"><a style=\"color: #ff0000;\" href=\"https:\/\/www.phys.uaic.ro\/wp-content\/uploads\/2024\/09\/calendar-cazare.pdf\" target=\"_blank\" rel=\"noopener\">Calendar cazare septembrie 2024<\/a><\/span><\/em><\/span><\/p>\n<h1 class=\"entry-title\"><span style=\"font-size: 18pt;\">PRECAZARE pentru anul universitar 2024\/2025<\/span><\/h1>\n<div class=\"clear\">Studen\u021bii care doresc un loc de cazare \u00eentr-unul din c\u0103minele Universit\u0103\u0163ii \u201cAlexandru Ioan Cuza\u201d din Ia\u015fi trebuie s\u0103 completeze urm\u0103torul formular web, p\u00e2n\u0103 la data de <strong>31 august 2024<\/strong>:<\/div>\n<\/header>\n<div class=\"entry-content\">\n<p><em><strong><a href=\"https:\/\/forms.gle\/7f5q3LarGnJ8ywJM7\">https:\/\/forms.gle\/7f5q3LarGnJ8ywJM7<\/a><\/strong><\/em><\/p>\n<p>Studen\u021bii care nu completeaz\u0103 cererea de cazare, se consider\u0103, din oficiu, c\u0103 nu solicit\u0103 un loc \u00een c\u0103minele studen\u0163e\u015fti.<\/p>\n<p>Nu vor fi acceptate cereri\u00a0de cazare sosite pe e-mail sau care dep\u0103\u0219esc data limit\u0103 anun\u021bat\u0103 pe site.<\/p>\n<p>Studen\u021bii care solicit\u0103 cazare\u00a0<strong>pe criterii medicale, sociale<\/strong>\u00a0sau alte criterii precum \u0219i studen\u0163ii\u00a0<strong>famili\u0219ti<\/strong>, VOR COMPLETA \u015fi ultimul c\u00e2mp corespunz\u0103tor \u0219i vor transmite \u00een format electronic la adresa de e-mail \u00a0<em><u><a href=\"mailto:fizica@uaic.ro\">fizica@uaic.ro<\/a><\/u><\/em>\u00a0\u00a0toate\u00a0<strong>documentele aferente dosarului<\/strong>\u00a0cazului special.<\/p>\n<\/div>\n<h1>Cazare septembrie 2023<\/h1>\n<ul style=\"list-style-type: circle;\">\n<li><strong><span style=\"color: #ff0000; font-size: 14pt;\"><a href=\"https:\/\/www.phys.uaic.ro\/wp-content\/uploads\/2023\/09\/Propuneri-camine.pdf\">Lista cazare 2023, camere \u0219i c\u0103mine<\/a> <span style=\"font-size: 12pt; color: #000000;\">(afisata 23.09.2023; <em>pot interveni modific\u0103ri ale erorilor materiale<\/em>)<\/span><\/span><\/strong><\/li>\n<li><a href=\"https:\/\/www.phys.uaic.ro\/wp-content\/uploads\/2023\/09\/calendar-cazare-sept-2023.pdf\"><strong>Calendar cazare<\/strong><\/a><\/li>\n<\/ul>\n<div class=\"colorbox\" style=\"background-color: #e6e6e6;\">\n<p><span style=\"font-size: 12pt;\">Studentii care nu mai doresc cazare, dar figureaza pe liste, sunt rugati de asemenea sa trimita un e-mail la adresa <strong>fizica@uaic.ro.<\/strong><br \/>\n<\/span><\/p>\n<p>Studentii care nu au primit cazare in prima etapa precum si cei care vor face cereri ulterior, vor putea primi cazare in etapa a doua.<\/p>\n<p><span style=\"font-size: 12pt;\">Dispozitiile de cazare impreuna cu restul formularelor necesare la camin se vor ridica din sala 2.2 (corp A, etaj I) pe baza actului de identitate sau prin imputernicit cu procura notariala\u00a0dupa urmatorul program:<\/span><\/p>\n<ul style=\"list-style-type: square;\">\n<li><strong>26 septembrie, \u00eentre orele 10-15;<\/strong><\/li>\n<li><strong>27 septembrie, \u00eentre orele 10-15;<\/strong><\/li>\n<li><strong>28 septembrie, \u00eentre orele 10-15.<\/strong><\/li>\n<\/ul>\n<p>Informatii suplimentare se gasesc la adresa: <span style=\"color: #ff0000;\"><strong><a style=\"color: #ff0000;\" href=\"https:\/\/www.uaic.ro\/studenti\/cazare\/\">https:\/\/www.uaic.ro\/studenti\/cazare\/<\/a><\/strong><\/span><\/p>\n<\/div>\n<p>&nbsp;<\/p>\n<p><a href=\"https:\/\/www.phys.uaic.ro\/wp-content\/uploads\/2023\/06\/tarife-cazare.pdf\" target=\"_blank\" rel=\"noopener\"><em>Tarife cazare in regim ocazional, perioada iulie 2023 &#8211;\u00a0 iulie 2024<\/em><\/a><\/p>\n","protected":false},"excerpt":{"rendered":"<p>Actualizare 3 oct 2025. ora 10 Lista tur IV cazare Actualizare 2 octombrie 2025, ora 14 In urma redistribuirii Facultatea de Fizica a primit 1 loc de cazare pentru baieti. Doritorii vor depune o cerere scrisa, la secretariatul facultatii, pana maine, 3 oct.2025, ora 9. Locul se va acorda in ordinea descrescatoare a punctajelor, lista fiind afisata la\u2026 <span class=\"read-more\"><a href=\"https:\/\/www.phys.uaic.ro\/old\/index.php\/studenti\/cazare\/\">Read More &raquo;<\/a><\/span><\/p>\n","protected":false},"author":3,"featured_media":0,"parent":31,"menu_order":0,"comment_status":"closed","ping_status":"closed","template":"","meta":{"footnotes":""},"class_list":["post-206","page","type-page","status-publish","hentry"],"_links":{"self":[{"href":"https:\/\/www.phys.uaic.ro\/old\/index.php\/wp-json\/wp\/v2\/pages\/206","targetHints":{"allow":["GET"]}}],"collection":[{"href":"https:\/\/www.phys.uaic.ro\/old\/index.php\/wp-json\/wp\/v2\/pages"}],"about":[{"href":"https:\/\/www.phys.uaic.ro\/old\/index.php\/wp-json\/wp\/v2\/types\/page"}],"author":[{"embeddable":true,"href":"https:\/\/www.phys.uaic.ro\/old\/index.php\/wp-json\/wp\/v2\/users\/3"}],"replies":[{"embeddable":true,"href":"https:\/\/www.phys.uaic.ro\/old\/index.php\/wp-json\/wp\/v2\/comments?post=206"}],"version-history":[{"count":0,"href":"https:\/\/www.phys.uaic.ro\/old\/index.php\/wp-json\/wp\/v2\/pages\/206\/revisions"}],"up":[{"embeddable":true,"href":"https:\/\/www.phys.uaic.ro\/old\/index.php\/wp-json\/wp\/v2\/pages\/31"}],"wp:attachment":[{"href":"https:\/\/www.phys.uaic.ro\/old\/index.php\/wp-json\/wp\/v2\/media?parent=206"}],"curies":[{"name":"wp","href":"https:\/\/api.w.org\/{rel}","templated":true}]}}