{"id":20731,"date":"2024-01-08T09:26:08","date_gmt":"2024-01-08T07:26:08","guid":{"rendered":"https:\/\/www.phys.uaic.ro\/?page_id=20731"},"modified":"2024-01-08T09:26:08","modified_gmt":"2024-01-08T07:26:08","slug":"cs-ii-dr-habil-vasile-tiron-domenii-de-expertiza","status":"publish","type":"page","link":"https:\/\/www.phys.uaic.ro\/old\/index.php\/cs-ii-dr-habil-vasile-tiron-domenii-de-expertiza\/","title":{"rendered":"CS II Dr. Habil. Vasile TIRON &#8211; Domenii de expertiz\u0103"},"content":{"rendered":"<p><strong>Domeniul major de cercetare:<\/strong><\/p>\n<ul>\n<li>Fizica plasmei \u0219i aplica\u021bii.<\/li>\n<li>Fizica plasmei de temperatur\u0103 joas\u0103. Generare, control, diagnoz\u0103 \u0219i aplica\u021bii.<\/li>\n<li>Fizica plasmei \u0219i aplica\u021bii \u00een \u0219tiin\u021ba materialelor \u0219i propulsia spa\u021bial\u0103.<\/li>\n<\/ul>\n<p>&nbsp;<\/p>\n<p><strong>\u00a0<\/strong><\/p>\n<p><strong>Direc\u021bii de cercetare:<\/strong><\/p>\n<ul>\n<li>Diagnoza electric\u0103, optic\u0103 \u0219i spectral\u0103 a plasmelor de temperatur\u0103 joas\u0103.<\/li>\n<li>Corela\u021bia dintre compozi\u021bia, microstructura \u0219i propriet\u0103\u021bile func\u021bionale ale materialelor sintetizate sub form\u0103 de straturi sub\u021biri \u0219i poten\u021bialul aplicativ al acestora.<\/li>\n<li>Tehnici de producere a plasmelor pulsate \u0219i aplica\u021bii ale acestora \u00een \u0219tiin\u021ba materialelor \u0219i propulsia spa\u021bial\u0103.<\/li>\n<li>Materiale avansate pentru conversia energiei solare.<\/li>\n<li>Depuneri asistate de plasm\u0103 de straturi sub\u021biri cu diferite propriet\u0103\u021bi func\u021bionale (foto-piezocatalicice, protective, de interes termonuclear etc).<\/li>\n<\/ul>\n<p>&nbsp;<\/p>\n<p><strong>Teme de cercetare:<\/strong><\/p>\n<ul>\n<li>Plasma desc\u0103rc\u0103rii magnetron: moduri de operare, metode de diagnoz\u0103, aplica\u021bii.<\/li>\n<li>Plasma desc\u0103rc\u0103rii arcului termoionic \u00een vid: metode de diagnoz\u0103, aplica\u021bii.<\/li>\n<li>Straturi sub\u021biri ob\u021binute prin pulverizare magnetron: metode de diagnoz\u0103 \u0219i de control al calit\u0103\u021bii straturilor sub\u021biri. Aplica\u021bii.<\/li>\n<li>Depunerea \u0219i caracterizarea structurilor de straturi sub\u021biri pentru aplica\u021bii avansate.<\/li>\n<li>Depuneri asistate de plasm\u0103 de straturi sub\u021biri cu diferite propriet\u0103\u021bi func\u021bionale (fotocatalicice, protective, de interes termonuclear etc).<\/li>\n<li>Investigarea propriet\u0103\u021bilor morfologice, feroelectrice, piezoelectrice \u0219i magnetice ale straturilor sub\u021biri cu ajutorul microscopiei cu for\u021b\u0103 atomic\u0103.<\/li>\n<\/ul>\n","protected":false},"excerpt":{"rendered":"<p>Domeniul major de cercetare: Fizica plasmei \u0219i aplica\u021bii. Fizica plasmei de temperatur\u0103 joas\u0103. Generare, control, diagnoz\u0103 \u0219i aplica\u021bii. Fizica plasmei \u0219i aplica\u021bii \u00een \u0219tiin\u021ba materialelor \u0219i propulsia spa\u021bial\u0103. &nbsp; \u00a0 Direc\u021bii de cercetare: Diagnoza electric\u0103, optic\u0103 \u0219i spectral\u0103 a plasmelor de temperatur\u0103 joas\u0103. Corela\u021bia dintre compozi\u021bia, microstructura \u0219i propriet\u0103\u021bile func\u021bionale ale materialelor sintetizate sub form\u0103 de straturi sub\u021biri\u2026 <span class=\"read-more\"><a href=\"https:\/\/www.phys.uaic.ro\/old\/index.php\/cs-ii-dr-habil-vasile-tiron-domenii-de-expertiza\/\">Read More &raquo;<\/a><\/span><\/p>\n","protected":false},"author":4,"featured_media":0,"parent":0,"menu_order":0,"comment_status":"closed","ping_status":"closed","template":"","meta":{"footnotes":""},"class_list":["post-20731","page","type-page","status-publish","hentry"],"_links":{"self":[{"href":"https:\/\/www.phys.uaic.ro\/old\/index.php\/wp-json\/wp\/v2\/pages\/20731","targetHints":{"allow":["GET"]}}],"collection":[{"href":"https:\/\/www.phys.uaic.ro\/old\/index.php\/wp-json\/wp\/v2\/pages"}],"about":[{"href":"https:\/\/www.phys.uaic.ro\/old\/index.php\/wp-json\/wp\/v2\/types\/page"}],"author":[{"embeddable":true,"href":"https:\/\/www.phys.uaic.ro\/old\/index.php\/wp-json\/wp\/v2\/users\/4"}],"replies":[{"embeddable":true,"href":"https:\/\/www.phys.uaic.ro\/old\/index.php\/wp-json\/wp\/v2\/comments?post=20731"}],"version-history":[{"count":0,"href":"https:\/\/www.phys.uaic.ro\/old\/index.php\/wp-json\/wp\/v2\/pages\/20731\/revisions"}],"wp:attachment":[{"href":"https:\/\/www.phys.uaic.ro\/old\/index.php\/wp-json\/wp\/v2\/media?parent=20731"}],"curies":[{"name":"wp","href":"https:\/\/api.w.org\/{rel}","templated":true}]}}