{"id":20752,"date":"2024-01-11T13:53:16","date_gmt":"2024-01-11T11:53:16","guid":{"rendered":"https:\/\/www.phys.uaic.ro\/?page_id=20752"},"modified":"2024-02-27T10:13:04","modified_gmt":"2024-02-27T08:13:04","slug":"20752-2","status":"publish","type":"page","link":"https:\/\/www.phys.uaic.ro\/old\/index.php\/20752-2\/","title":{"rendered":"Examenul de licen\u021b\u0103\/diplom\u0103 \u2013 Sesiunea februarie 2024"},"content":{"rendered":"<header>\n<header>\n<h3><b>Sus\u0163inerea examenului de <\/b><b>diserta\u0163ie:<\/b><\/h3>\n<ul>\n<li><span style=\"color: #ff0000;\"><strong>28 februarie 2024, ora 8.30, Laborator PDF.<\/strong><\/span><\/li>\n<\/ul>\n<h3><b>Sus\u0163inerea examenului de <\/b><b>licen\u021b\u0103<\/b><b>:<\/b><\/h3>\n<ul>\n<li><span style=\"color: #ff0000;\"><strong>28 februarie 2024, ora 9.30, Laborator PDF.<\/strong><\/span><\/li>\n<\/ul>\n<\/header>\n<h3><\/h3>\n<h3><span style=\"color: #000000;\"><em><a style=\"color: #000000;\" href=\"https:\/\/www.phys.uaic.ro\/old\/wp-content\/uploads\/2024\/02\/lista-candidati-licenta-feb-2024.pdf\" target=\"_blank\" rel=\"noopener\">Lista candida\u021bilor \u00eenscri\u0219i la sus\u021binerea examenului de licen\u021b\u0103<\/a><\/em><\/span><\/h3>\n<h3><em><span style=\"color: #ff0000;\"><a style=\"color: #ff0000;\" href=\"https:\/\/www.phys.uaic.ro\/old\/wp-content\/uploads\/2024\/02\/lista-candidati-disert-feb-2024.pdf\" target=\"_blank\" rel=\"noopener\"><span style=\"color: #000000;\">Lista candida\u021bilor \u00eenscri\u0219i la sus\u021binerea examenului de diserta\u021bie<\/span><\/a><\/span><\/em><\/h3>\n<\/header>\n<h3><\/h3>\n<h3><b>Perioada de \u00eenscriere la examenul de licen\u021b\u0103\/diserta\u0163ie:<\/b><\/h3>\n<ul>\n<li><strong>1-12 februarie 2024, online<\/strong><\/li>\n<\/ul>\n<h3><b>Pa\u0219i de parcurs<\/b> pentru \u00eenscrierea la examenul de licen\u021b\u0103:<\/h3>\n<p><strong>\u00a0\u00a0\u00a0\u00a0\u00a0\u00a0\u00a0\u00a0 etapa 1: <\/strong>candidatii vor transmite urm\u0103toarele documente (\u00eentr-un singur mesaj) la adresa de e-mail <em>fizica@uaic.ro<\/em>:<\/p>\n<ol>\n<li>cererea de \u00eenscriere semnat\u0103 cu albastru \u0219i scanat\u0103;<\/li>\n<li>certificat de na\u0219tere scanat;<\/li>\n<li>carte de identitate scanat\u0103;<\/li>\n<li>declara\u021bia coordonatorului lucr\u0103rii de licen\u021b\u0103 care atest\u0103 faptul c\u0103 lucrarea este \u00een analiz\u0103 \u0219i va fi predat\u0103 \u00eenainte de \u00eenceperea examenului (format liber);<\/li>\n<li>chitan\u0163a de plat\u0103 a taxei (200 lei) \u00een cazul repet\u0103rii examenului.<\/li>\n<\/ol>\n<p><strong>\u00a0\u00a0\u00a0\u00a0\u00a0\u00a0\u00a0\u00a0 etapa 2: <\/strong>coordonatorul trimite dou\u0103 documente pe adresa secretarului de comisie, cu cel pu\u021bin dou\u0103 zile \u00eenainte de data programat\u0103 pentru sus\u021binere, folosind\u00a0 fisiere.uaic.ro:<\/p>\n<p>1. referatul de apreciere (care con\u021bine \u0219i informa\u021bii asupra procentului de similitudini, din platforma Turnitin);<\/p>\n<p>2. lucrarea de licen\u021b\u0103\/diplom\u0103 care con\u021bine \u0219i <a href=\"https:\/\/www.phys.uaic.ro\/old\/wp-content\/uploads\/2022\/05\/Declaratie-autenticitate_disertatie_2021.pdf\" target=\"_blank\" rel=\"noopener\">declara\u021bia privind autenticitatea semnat\u0103 de <strong>candidat \u0219i coordonator<\/strong><\/a>, \u00een format <b>pdf<\/b> .<\/p>\n<p>&nbsp;<\/p>\n<header>\n<h3><b>Pa\u0219i de parcurs<\/b> pentru \u00eenscrierea la examenul de diserta\u0163ie:<\/h3>\n<ul>\n<li>etapa 1:<br \/>\n\u00een perioada 1-12 februarie 2024, candidatul va trimite urm\u0103toarele documente (\u00eentr-un singur mesaj) la adresa de e-mail luca@uaic.ro:<\/p>\n<ol>\n<li>cererea de \u00eenscriere semnat\u0103 cu albastru \u0219i scanat\u0103;<\/li>\n<li>certificat de na\u0219tere scanat;<\/li>\n<li>carte de identitate scanat\u0103;<\/li>\n<li>diploma de licen\u0163\u0103 + suplimentul la diplom\u0103 pentru cei care nu le-au depus \u00eenc\u0103 la secretariatul facult\u0103\u0163ii;<\/li>\n<li>declara\u021bia coordonatorului lucr\u0103rii de diserta\u0163ie care atest\u0103 faptul c\u0103 lucrarea este \u00een analiz\u0103 \u0219i va fi predat\u0103 \u00eenainte de \u00eenceperea examenului (format liber);<\/li>\n<li>chitan\u0163a de plat\u0103 a taxei (200 lei) \u00een cazul repet\u0103rii examenului.<\/li>\n<\/ol>\n<\/li>\n<li>etapa 2:<br \/>\ncoordonatorul trimite dou\u0103 documente pe adresa secretarului de comisie, cu cel pu\u021bin dou\u0103 zile \u00eenainte de data programat\u0103 pentru sus\u021binere, folosind fisiere.uaic.ro:<\/p>\n<ol>\n<li>referatul de apreciere (care con\u021bine \u0219i informa\u021bii asupra procentului de similitudini, din platforma Turnitin);<\/li>\n<li>lucrarea de diserta\u0163ie care con\u021bine \u0219i <a href=\"https:\/\/www.phys.uaic.ro\/old\/wp-content\/uploads\/2022\/05\/Declaratie-autenticitate_disertatie_2021.pdf\" target=\"_blank\" rel=\"noopener\">declara\u021bia privind autenticitatea semnat\u0103 de <strong>candidat \u0219i coordonator<\/strong><\/a>, \u00een format <b>pdf<\/b> .<\/li>\n<\/ol>\n<\/li>\n<\/ul>\n<\/header>\n<header><\/header>\n<header>\n<ul>\n<li><a href=\"https:\/\/www.phys.uaic.ro\/old\/wp-content\/uploads\/2024\/01\/2024-feb-cerere_inscriere_DISERTATIE_cu-predare-in-lb.engl_.pdf\" target=\"_blank\" rel=\"noopener\"><em>Cerere pentru \u00eenscrierea la examenul de diserta\u0163ie sesiunea februarie 2024 la specializ\u0103rile <strong>cu predare \u00een limba englez\u0103<\/strong><\/em><\/a><\/li>\n<li><a href=\"https:\/\/www.phys.uaic.ro\/old\/wp-content\/uploads\/2024\/01\/2024-feb-cerere_inscriere_DISERTATIE_FMA.pdf\" target=\"_blank\" rel=\"noopener\"><em>Cerere pentru \u00eenscrierea la examenul de diserta\u0163ie sesiunea februarie 2024 la specializarea <strong>Fizic\u0103 medical\u0103 aplicat\u0103<\/strong><\/em><\/a><\/li>\n<li><a href=\"https:\/\/www.phys.uaic.ro\/old\/wp-content\/uploads\/2024\/01\/2024-feb-cerere_inscriere_DISERTATIE_KINETO_cu-nr-pacienti.pdf\" target=\"_blank\" rel=\"noopener\"><em>Cerere pentru \u00eenscrierea la examenul de diserta\u0163ie sesiunea februarie 2024 la specializarea <strong>Metode fizice aplicate \u00een kinetoterapie \u0219i recuperare medical\u0103<\/strong><\/em><\/a><\/li>\n<\/ul>\n<\/header>\n<header><\/header>\n<header><em><strong><a href=\"https:\/\/www.phys.uaic.ro\/old\/wp-content\/uploads\/2022\/03\/Tematici_licenta.pdf\">Tematica pentru examenul de licen\u021b\u0103\/diplom\u0103 \u2013 sesiunea februarie 2024<\/a><\/strong><\/em><\/header>\n<header><\/header>\n<header class=\"entry-header\"><a href=\"https:\/\/www.phys.uaic.ro\/old\/wp-content\/uploads\/2022\/06\/Subiecte-licenta-2022_V1.pdf\"><strong><em>Subiecte Licenta 2023<\/em><\/strong><\/a><\/header>\n<h3><a href=\"https:\/\/www.phys.uaic.ro\/old\/wp-content\/uploads\/2023\/05\/SS_Reg-finalizare-studii_2023_final_aprobat-Senat-febr2023.pdf\" target=\"_blank\" rel=\"noopener\"><b><em><span style=\"color: #ff0000;\">Regulament privind organizarea \u0219i desf\u0103\u0219urarea Examenelor de Licen\u021b\u0103\/Diplom\u0103, Diserta\u021bie \u0219i Absolvire (Sesiunile: Iunie-Iulie 2023, Septembrie 2023 \u0219i Februarie 2024)<\/span><\/em><\/b><\/a><\/h3>\n","protected":false},"excerpt":{"rendered":"<p>Sus\u0163inerea examenului de diserta\u0163ie: 28 februarie 2024, ora 8.30, Laborator PDF. Sus\u0163inerea examenului de licen\u021b\u0103: 28 februarie 2024, ora 9.30, Laborator PDF. Lista candida\u021bilor \u00eenscri\u0219i la sus\u021binerea examenului de licen\u021b\u0103 Lista candida\u021bilor \u00eenscri\u0219i la sus\u021binerea examenului de diserta\u021bie Perioada de \u00eenscriere la examenul de licen\u021b\u0103\/diserta\u0163ie: 1-12 februarie 2024, online Pa\u0219i de parcurs pentru \u00eenscrierea la examenul de licen\u021b\u0103:\u2026 <span class=\"read-more\"><a href=\"https:\/\/www.phys.uaic.ro\/old\/index.php\/20752-2\/\">Read More &raquo;<\/a><\/span><\/p>\n","protected":false},"author":4,"featured_media":0,"parent":0,"menu_order":0,"comment_status":"closed","ping_status":"closed","template":"","meta":{"footnotes":""},"class_list":["post-20752","page","type-page","status-publish","hentry"],"_links":{"self":[{"href":"https:\/\/www.phys.uaic.ro\/old\/index.php\/wp-json\/wp\/v2\/pages\/20752","targetHints":{"allow":["GET"]}}],"collection":[{"href":"https:\/\/www.phys.uaic.ro\/old\/index.php\/wp-json\/wp\/v2\/pages"}],"about":[{"href":"https:\/\/www.phys.uaic.ro\/old\/index.php\/wp-json\/wp\/v2\/types\/page"}],"author":[{"embeddable":true,"href":"https:\/\/www.phys.uaic.ro\/old\/index.php\/wp-json\/wp\/v2\/users\/4"}],"replies":[{"embeddable":true,"href":"https:\/\/www.phys.uaic.ro\/old\/index.php\/wp-json\/wp\/v2\/comments?post=20752"}],"version-history":[{"count":0,"href":"https:\/\/www.phys.uaic.ro\/old\/index.php\/wp-json\/wp\/v2\/pages\/20752\/revisions"}],"wp:attachment":[{"href":"https:\/\/www.phys.uaic.ro\/old\/index.php\/wp-json\/wp\/v2\/media?parent=20752"}],"curies":[{"name":"wp","href":"https:\/\/api.w.org\/{rel}","templated":true}]}}