{"id":20840,"date":"2024-01-16T12:56:18","date_gmt":"2024-01-16T10:56:18","guid":{"rendered":"https:\/\/www.phys.uaic.ro\/?page_id=20840"},"modified":"2024-01-18T09:59:14","modified_gmt":"2024-01-18T07:59:14","slug":"scoala-doctorala-combaterea-fenomenului-de-plagiat","status":"publish","type":"page","link":"https:\/\/www.phys.uaic.ro\/old\/index.php\/scoala-doctorala-combaterea-fenomenului-de-plagiat\/","title":{"rendered":"Combaterea fenomenului de plagiat"},"content":{"rendered":"<p>In cadrul programului de preg\u0103tire universitar\u0103 avansat\u0103 (PPUA) este predat un curs obligatoriu intitulat <strong><em>Etic\u0103 si integritate academic\u0103<\/em><\/strong>. Prin parcurgerea acestui curs, dar \u0219i prin eforturile depuse de conduc\u0103torii de doctorat care supervizez\u0103 realizarea tezei de doctorat, doctoranzii \u00een\u021beleg faptul c\u0103 plagiatul reprezint\u0103 utilizarea unor elemente din opera intelectual\u0103 a unui autor \u0219i prezentarea public\u0103 a acestora ca fiind elemente ale operei lor, ceea ce de fapt reprezint\u0103 un furt intelectual \u0219i, \u00ee\u0219i explic\u0103 de ce la finalul tezei este necesar\u0103 utilizarea unui test de similitudini.<\/p>\n<p>&nbsp;<\/p>\n<p>La adresa<\/p>\n<p><a href=\"https:\/\/www.phys.uaic.ro\/old\/wp-content\/uploads\/2022\/06\/Platforma_TurnItIn_2022.06.pdf\">https:\/\/www.phys.uaic.ro\/old\/wp-content\/uploads\/2022\/06\/Platforma_TurnItIn_2022.06.pdf<\/a><\/p>\n<p>este dat un scurt ghid de utilizare a programului <strong>TURNITIN<\/strong>, program recunoscut de Consiliul Na\u0163ional de Atestare a Titlurilor, Diplomelor si Certificatelor Universitare. Acest program este pus la dispozi\u021bia conduc\u0103torului de doctorat care va confirma, \u0219i asuma procentul de similitudine \u0219i, \u00een final, absen\u021ba plagiatului din tez\u0103. Identificarea, de c\u0103tre conduc\u0103torul de doctorat sau de c\u0103tre comisia de \u00eendrumare, a unor \u00eenc\u0103lc\u0103ri ale bunei conduite \u00een cercetare-dezvoltare, inclusiv plagierea rezultatelor sau publica\u021biilor altor autori, confec\u021bionarea de rezultate sau \u00eenlocuirea rezultatelor cu date fictive trebuie s\u0103 fie notificat\u0103 Comisiei de Etic\u0103 a Universit\u0103\u0163ii, \u00een vederea analiz\u0103rii. \u00cen cazul \u00een care Comisia de Etic\u0103 a Universit\u0103\u021bii stabile\u0219te culpa de plagiat, studentul-doctorand este exmatriculat.<\/p>\n","protected":false},"excerpt":{"rendered":"<p>In cadrul programului de preg\u0103tire universitar\u0103 avansat\u0103 (PPUA) este predat un curs obligatoriu intitulat Etic\u0103 si integritate academic\u0103. Prin parcurgerea acestui curs, dar \u0219i prin eforturile depuse de conduc\u0103torii de doctorat care supervizez\u0103 realizarea tezei de doctorat, doctoranzii \u00een\u021beleg faptul c\u0103 plagiatul reprezint\u0103 utilizarea unor elemente din opera intelectual\u0103 a unui autor \u0219i prezentarea public\u0103 a acestora ca\u2026 <span class=\"read-more\"><a href=\"https:\/\/www.phys.uaic.ro\/old\/index.php\/scoala-doctorala-combaterea-fenomenului-de-plagiat\/\">Read More &raquo;<\/a><\/span><\/p>\n","protected":false},"author":4,"featured_media":0,"parent":0,"menu_order":0,"comment_status":"closed","ping_status":"closed","template":"","meta":{"footnotes":""},"class_list":["post-20840","page","type-page","status-publish","hentry"],"_links":{"self":[{"href":"https:\/\/www.phys.uaic.ro\/old\/index.php\/wp-json\/wp\/v2\/pages\/20840","targetHints":{"allow":["GET"]}}],"collection":[{"href":"https:\/\/www.phys.uaic.ro\/old\/index.php\/wp-json\/wp\/v2\/pages"}],"about":[{"href":"https:\/\/www.phys.uaic.ro\/old\/index.php\/wp-json\/wp\/v2\/types\/page"}],"author":[{"embeddable":true,"href":"https:\/\/www.phys.uaic.ro\/old\/index.php\/wp-json\/wp\/v2\/users\/4"}],"replies":[{"embeddable":true,"href":"https:\/\/www.phys.uaic.ro\/old\/index.php\/wp-json\/wp\/v2\/comments?post=20840"}],"version-history":[{"count":0,"href":"https:\/\/www.phys.uaic.ro\/old\/index.php\/wp-json\/wp\/v2\/pages\/20840\/revisions"}],"wp:attachment":[{"href":"https:\/\/www.phys.uaic.ro\/old\/index.php\/wp-json\/wp\/v2\/media?parent=20840"}],"curies":[{"name":"wp","href":"https:\/\/api.w.org\/{rel}","templated":true}]}}