{"id":20850,"date":"2024-01-16T15:10:45","date_gmt":"2024-01-16T13:10:45","guid":{"rendered":"https:\/\/www.phys.uaic.ro\/?page_id=20850"},"modified":"2024-02-29T11:26:20","modified_gmt":"2024-02-29T09:26:20","slug":"liste-electorale-facultatea-de-fizica-2024","status":"publish","type":"page","link":"https:\/\/www.phys.uaic.ro\/old\/index.php\/liste-electorale-facultatea-de-fizica-2024\/","title":{"rendered":"Liste electorale cadre didactice &#8211; Facultatea de FIZIC\u0102 &#8211; 2024"},"content":{"rendered":"<p>EVENTUALELE CONTESTA\u0162II PRIVIND COMPONEN\u0162A LISTELOR DE VOT POT FI DEPUSE PE 17 IANUARIE 2024, URM\u00c2ND CA PE 18 IANUARIE 2024 S\u0102 SE AFI\u015eEZE LISTA FINAL\u0102 DE VOT.<\/p>\n<table style=\"width: 95.6828%;\" width=\"747\">\n<tbody>\n<tr>\n<td style=\"width: 6.69344%;\" width=\"47\">1.<\/td>\n<td style=\"width: 30.9956%;\" width=\"284\">AGHEORGHIESEI CATALIN<\/td>\n<td style=\"width: 24.9175%;\" width=\"217\">FACULTATEA DE FIZICA<\/td>\n<td style=\"width: 61.6879%;\" width=\"198\">DEPARTAMENT DE FIZICA<\/td>\n<\/tr>\n<tr>\n<td style=\"width: 6.69344%;\" width=\"47\">2.<\/td>\n<td style=\"width: 30.9956%;\" width=\"284\">AILIOAIE LAURA MARINELA<\/td>\n<td style=\"width: 24.9175%;\" width=\"217\">FACULTATEA DE FIZICA<\/td>\n<td style=\"width: 61.6879%;\" width=\"198\">DEPARTAMENT DE FIZICA<\/td>\n<\/tr>\n<tr>\n<td style=\"width: 6.69344%;\" width=\"47\">3.<\/td>\n<td style=\"width: 30.9956%;\" width=\"284\">ANITA LAURA IULIA<\/td>\n<td style=\"width: 24.9175%;\" width=\"217\">FACULTATEA DE FIZICA<\/td>\n<td style=\"width: 61.6879%;\" width=\"198\">DEPARTAMENT DE FIZICA<\/td>\n<\/tr>\n<tr>\n<td style=\"width: 6.69344%;\" width=\"47\">4.<\/td>\n<td style=\"width: 30.9956%;\" width=\"284\">APETREI RADU PAUL<\/td>\n<td style=\"width: 24.9175%;\" width=\"217\">FACULTATEA DE FIZICA<\/td>\n<td style=\"width: 61.6879%;\" width=\"198\">DEPARTAMENT DE FIZICA<\/td>\n<\/tr>\n<tr>\n<td style=\"width: 6.69344%;\" width=\"47\">5.<\/td>\n<td style=\"width: 30.9956%;\" width=\"284\">ASTEFANOAEI IORDANA<\/td>\n<td style=\"width: 24.9175%;\" width=\"217\">FACULTATEA DE FIZICA<\/td>\n<td style=\"width: 61.6879%;\" width=\"198\">DEPARTAMENT DE FIZICA<\/td>\n<\/tr>\n<tr>\n<td style=\"width: 6.69344%;\" width=\"47\">6.<\/td>\n<td style=\"width: 30.9956%;\" width=\"284\">AVADANEI OVIDIU GABRIEL<\/td>\n<td style=\"width: 24.9175%;\" width=\"217\">FACULTATEA DE FIZICA<\/td>\n<td style=\"width: 61.6879%;\" width=\"198\">DEPARTAMENT DE FIZICA<\/td>\n<\/tr>\n<tr>\n<td style=\"width: 6.69344%;\" width=\"47\">7.<\/td>\n<td style=\"width: 30.9956%;\" width=\"284\">BABAN CRISTIAN IOAN<\/td>\n<td style=\"width: 24.9175%;\" width=\"217\">FACULTATEA DE FIZICA<\/td>\n<td style=\"width: 61.6879%;\" width=\"198\">DEPARTAMENT DE FIZICA<\/td>\n<\/tr>\n<tr>\n<td style=\"width: 6.69344%;\" width=\"47\">8.<\/td>\n<td style=\"width: 30.9956%;\" width=\"284\">BORCIA CATALIN GABRIEL<\/td>\n<td style=\"width: 24.9175%;\" width=\"217\">FACULTATEA DE FIZICA<\/td>\n<td style=\"width: 61.6879%;\" width=\"198\">DEPARTAMENT DE FIZICA<\/td>\n<\/tr>\n<tr>\n<td style=\"width: 6.69344%;\" width=\"47\">9.<\/td>\n<td style=\"width: 30.9956%;\" width=\"284\">BORCIA GABRIELA<\/td>\n<td style=\"width: 24.9175%;\" width=\"217\">FACULTATEA DE FIZICA<\/td>\n<td style=\"width: 61.6879%;\" width=\"198\">DEPARTAMENT DE FIZICA<\/td>\n<\/tr>\n<tr>\n<td style=\"width: 6.69344%;\" width=\"47\">10.<\/td>\n<td style=\"width: 30.9956%;\" width=\"284\">BRINZA FLORIN<\/td>\n<td style=\"width: 24.9175%;\" width=\"217\">FACULTATEA DE FIZICA<\/td>\n<td style=\"width: 61.6879%;\" width=\"198\">DEPARTAMENT DE FIZICA<\/td>\n<\/tr>\n<tr>\n<td style=\"width: 6.69344%;\" width=\"47\">11.<\/td>\n<td style=\"width: 30.9956%;\" width=\"284\">CHIPER SILVIA ALINA<\/td>\n<td style=\"width: 24.9175%;\" width=\"217\">FACULTATEA DE FIZICA<\/td>\n<td style=\"width: 61.6879%;\" width=\"198\">DEPARTAMENT DE FIZICA<\/td>\n<\/tr>\n<tr>\n<td style=\"width: 6.69344%;\" width=\"47\">12.<\/td>\n<td style=\"width: 30.9956%;\" width=\"284\">CIMPOESU DORIN<\/td>\n<td style=\"width: 24.9175%;\" width=\"217\">FACULTATEA DE FIZICA<\/td>\n<td style=\"width: 61.6879%;\" width=\"198\">DEPARTAMENT DE FIZICA<\/td>\n<\/tr>\n<tr>\n<td style=\"width: 6.69344%;\" width=\"47\">13.<\/td>\n<td style=\"width: 30.9956%;\" width=\"284\">COSTIN CLAUDIU<\/td>\n<td style=\"width: 24.9175%;\" width=\"217\">FACULTATEA DE FIZICA<\/td>\n<td style=\"width: 61.6879%;\" width=\"198\">DEPARTAMENT DE FIZICA<\/td>\n<\/tr>\n<tr>\n<td style=\"width: 6.69344%;\" width=\"47\">14.<\/td>\n<td style=\"width: 30.9956%;\" width=\"284\">CURECHERIU LAVINIA PETRONELA<\/td>\n<td style=\"width: 24.9175%;\" width=\"217\">FACULTATEA DE FIZICA<\/td>\n<td style=\"width: 61.6879%;\" width=\"198\">DEPARTAMENT DE FIZICA<\/td>\n<\/tr>\n<tr>\n<td style=\"width: 6.69344%;\" width=\"47\">15.<\/td>\n<td style=\"width: 30.9956%;\" width=\"284\">DARIESCU CIPRIAN<\/td>\n<td style=\"width: 24.9175%;\" width=\"217\">FACULTATEA DE FIZICA<\/td>\n<td style=\"width: 61.6879%;\" width=\"198\">DEPARTAMENT DE FIZICA<\/td>\n<\/tr>\n<tr>\n<td style=\"width: 6.69344%;\" width=\"47\">16.<\/td>\n<td style=\"width: 30.9956%;\" width=\"284\">DARIESCU MARINA AURA<\/td>\n<td style=\"width: 24.9175%;\" width=\"217\">FACULTATEA DE FIZICA<\/td>\n<td style=\"width: 61.6879%;\" width=\"198\">DEPARTAMENT DE FIZICA<\/td>\n<\/tr>\n<tr>\n<td style=\"width: 6.69344%;\" width=\"47\">17.<\/td>\n<td style=\"width: 30.9956%;\" width=\"284\">DIMITRIU DAN GHEORGHE<\/td>\n<td style=\"width: 24.9175%;\" width=\"217\">FACULTATEA DE FIZICA<\/td>\n<td style=\"width: 61.6879%;\" width=\"198\">DEPARTAMENT DE FIZICA<\/td>\n<\/tr>\n<tr>\n<td style=\"width: 6.69344%;\" width=\"47\">18.<\/td>\n<td style=\"width: 30.9956%;\" width=\"284\">DUMITRU IOAN<\/td>\n<td style=\"width: 24.9175%;\" width=\"217\">FACULTATEA DE FIZICA<\/td>\n<td style=\"width: 61.6879%;\" width=\"198\">DEPARTAMENT DE FIZICA<\/td>\n<\/tr>\n<tr>\n<td style=\"width: 6.69344%;\" width=\"47\">19.<\/td>\n<td style=\"width: 30.9956%;\" width=\"284\">ENACHESCU CRISTIAN<\/td>\n<td style=\"width: 24.9175%;\" width=\"217\">FACULTATEA DE FIZICA<\/td>\n<td style=\"width: 61.6879%;\" width=\"198\">DEPARTAMENT DE FIZICA<\/td>\n<\/tr>\n<tr>\n<td style=\"width: 6.69344%;\" width=\"47\">20.<\/td>\n<td style=\"width: 30.9956%;\" width=\"284\">GASNER PAUL<\/td>\n<td style=\"width: 24.9175%;\" width=\"217\">FACULTATEA DE FIZICA<\/td>\n<td style=\"width: 61.6879%;\" width=\"198\">DEPARTAMENT DE FIZICA<\/td>\n<\/tr>\n<tr>\n<td style=\"width: 6.69344%;\" width=\"47\">21.<\/td>\n<td style=\"width: 30.9956%;\" width=\"284\">GURLUI SILVIU OCTAVIAN<\/td>\n<td style=\"width: 24.9175%;\" width=\"217\">FACULTATEA DE FIZICA<\/td>\n<td style=\"width: 61.6879%;\" width=\"198\">DEPARTAMENT DE FIZICA<\/td>\n<\/tr>\n<tr>\n<td style=\"width: 6.69344%;\" width=\"47\">22.<\/td>\n<td style=\"width: 30.9956%;\" width=\"284\">LUCHIAN TUDOR<\/td>\n<td style=\"width: 24.9175%;\" width=\"217\">FACULTATEA DE FIZICA<\/td>\n<td style=\"width: 61.6879%;\" width=\"198\">DEPARTAMENT DE FIZICA<\/td>\n<\/tr>\n<tr>\n<td style=\"width: 6.69344%;\" width=\"47\">23.<\/td>\n<td style=\"width: 30.9956%;\" width=\"284\">MARDARE DIANA MIHAELA<\/td>\n<td style=\"width: 24.9175%;\" width=\"217\">FACULTATEA DE FIZICA<\/td>\n<td style=\"width: 61.6879%;\" width=\"198\">DEPARTAMENT DE FIZICA<\/td>\n<\/tr>\n<tr>\n<td style=\"width: 6.69344%;\" width=\"47\">24.<\/td>\n<td style=\"width: 30.9956%;\" width=\"284\">MEREUTA LOREDANA CRISTINA<\/td>\n<td style=\"width: 24.9175%;\" width=\"217\">FACULTATEA DE FIZICA<\/td>\n<td style=\"width: 61.6879%;\" width=\"198\">DEPARTAMENT DE FIZICA<\/td>\n<\/tr>\n<tr>\n<td style=\"width: 6.69344%;\" width=\"47\">25.<\/td>\n<td style=\"width: 30.9956%;\" width=\"284\">MIHAILESCU DAN<\/td>\n<td style=\"width: 24.9175%;\" width=\"217\">FACULTATEA DE FIZICA<\/td>\n<td style=\"width: 61.6879%;\" width=\"198\">DEPARTAMENT DE FIZICA<\/td>\n<\/tr>\n<tr>\n<td style=\"width: 6.69344%;\" width=\"47\">26.<\/td>\n<td style=\"width: 30.9956%;\" width=\"284\">MITOSERIU LILIANA<\/td>\n<td style=\"width: 24.9175%;\" width=\"217\">FACULTATEA DE FIZICA<\/td>\n<td style=\"width: 61.6879%;\" width=\"198\">DEPARTAMENT DE FIZICA<\/td>\n<\/tr>\n<tr>\n<td style=\"width: 6.69344%;\" width=\"47\">27.<\/td>\n<td style=\"width: 30.9956%;\" width=\"284\">MUNTEANU SILVESTRU BOGDANEL<\/td>\n<td style=\"width: 24.9175%;\" width=\"217\">FACULTATEA DE FIZICA<\/td>\n<td style=\"width: 61.6879%;\" width=\"198\">DEPARTAMENT DE FIZICA<\/td>\n<\/tr>\n<tr>\n<td style=\"width: 6.69344%;\" width=\"47\">28.<\/td>\n<td style=\"width: 30.9956%;\" width=\"284\">PADURARIU LEONTIN<\/td>\n<td style=\"width: 24.9175%;\" width=\"217\">FACULTATEA DE FIZICA<\/td>\n<td style=\"width: 61.6879%;\" width=\"198\">DEPARTAMENT DE FIZICA<\/td>\n<\/tr>\n<tr>\n<td style=\"width: 6.69344%;\" width=\"47\">29.<\/td>\n<td style=\"width: 30.9956%;\" width=\"284\">POHOATA VALENTIN<\/td>\n<td style=\"width: 24.9175%;\" width=\"217\">FACULTATEA DE FIZICA<\/td>\n<td style=\"width: 61.6879%;\" width=\"198\">DEPARTAMENT DE FIZICA<\/td>\n<\/tr>\n<tr>\n<td style=\"width: 6.69344%;\" width=\"47\">30.<\/td>\n<td style=\"width: 30.9956%;\" width=\"284\">POPESCU SEBASTIAN DUMITRU<\/td>\n<td style=\"width: 24.9175%;\" width=\"217\">FACULTATEA DE FIZICA<\/td>\n<td style=\"width: 61.6879%;\" width=\"198\">DEPARTAMENT DE FIZICA<\/td>\n<\/tr>\n<tr>\n<td style=\"width: 6.69344%;\" width=\"47\">31.<\/td>\n<td style=\"width: 30.9956%;\" width=\"284\">POSTOLACHE PETRONEL<\/td>\n<td style=\"width: 24.9175%;\" width=\"217\">FACULTATEA DE FIZICA<\/td>\n<td style=\"width: 61.6879%;\" width=\"198\">DEPARTAMENT DE FIZICA<\/td>\n<\/tr>\n<tr>\n<td style=\"width: 6.69344%;\" width=\"47\">32.<\/td>\n<td style=\"width: 30.9956%;\" width=\"284\">RADU DANIEL<\/td>\n<td style=\"width: 24.9175%;\" width=\"217\">FACULTATEA DE FIZICA<\/td>\n<td style=\"width: 61.6879%;\" width=\"198\">DEPARTAMENT DE FIZICA<\/td>\n<\/tr>\n<tr>\n<td style=\"width: 6.69344%;\" width=\"47\">33.<\/td>\n<td style=\"width: 30.9956%;\" width=\"284\">RUSU OCTAVIAN<\/td>\n<td style=\"width: 24.9175%;\" width=\"217\">FACULTATEA DE FIZICA<\/td>\n<td style=\"width: 61.6879%;\" width=\"198\">DEPARTAMENT DE FIZICA<\/td>\n<\/tr>\n<tr>\n<td style=\"width: 6.69344%;\" width=\"47\">34.<\/td>\n<td style=\"width: 30.9956%;\" width=\"284\">SIRGHI LUCEL<\/td>\n<td style=\"width: 24.9175%;\" width=\"217\">FACULTATEA DE FIZICA<\/td>\n<td style=\"width: 61.6879%;\" width=\"198\">DEPARTAMENT DE FIZICA<\/td>\n<\/tr>\n<tr>\n<td style=\"width: 6.69344%;\" width=\"47\">35.<\/td>\n<td style=\"width: 30.9956%;\" width=\"284\">STOLERIU LAURENTIU<\/td>\n<td style=\"width: 24.9175%;\" width=\"217\">FACULTATEA DE FIZICA<\/td>\n<td style=\"width: 61.6879%;\" width=\"198\">DEPARTAMENT DE FIZICA<\/td>\n<\/tr>\n<tr>\n<td style=\"width: 6.69344%;\" width=\"47\">36.<\/td>\n<td style=\"width: 30.9956%;\" width=\"284\">TANASA RADU ANDREI<\/td>\n<td style=\"width: 24.9175%;\" width=\"217\">FACULTATEA DE FIZICA<\/td>\n<td style=\"width: 61.6879%;\" width=\"198\">DEPARTAMENT DE FIZICA<\/td>\n<\/tr>\n<tr>\n<td style=\"width: 6.69344%;\" width=\"47\">37.<\/td>\n<td style=\"width: 30.9956%;\" width=\"284\">TOPALA IONUT CRISTIAN<\/td>\n<td style=\"width: 24.9175%;\" width=\"217\">FACULTATEA DE FIZICA<\/td>\n<td style=\"width: 61.6879%;\" width=\"198\">DEPARTAMENT DE FIZICA<\/td>\n<\/tr>\n<tr>\n<td style=\"width: 6.69344%;\" width=\"47\">38.<\/td>\n<td style=\"width: 30.9956%;\" width=\"284\">VELICU IOANA LAURA<\/td>\n<td style=\"width: 24.9175%;\" width=\"217\">FACULTATEA DE FIZICA<\/td>\n<td style=\"width: 61.6879%;\" width=\"198\">DEPARTAMENT DE FIZICA<\/td>\n<\/tr>\n<\/tbody>\n<\/table>\n","protected":false},"excerpt":{"rendered":"<p>EVENTUALELE CONTESTA\u0162II PRIVIND COMPONEN\u0162A LISTELOR DE VOT POT FI DEPUSE PE 17 IANUARIE 2024, URM\u00c2ND CA PE 18 IANUARIE 2024 S\u0102 SE AFI\u015eEZE LISTA FINAL\u0102 DE VOT. 1. AGHEORGHIESEI CATALIN FACULTATEA DE FIZICA DEPARTAMENT DE FIZICA 2. AILIOAIE LAURA MARINELA FACULTATEA DE FIZICA DEPARTAMENT DE FIZICA 3. ANITA LAURA IULIA FACULTATEA DE FIZICA DEPARTAMENT DE FIZICA 4. APETREI\u2026 <span class=\"read-more\"><a href=\"https:\/\/www.phys.uaic.ro\/old\/index.php\/liste-electorale-facultatea-de-fizica-2024\/\">Read More &raquo;<\/a><\/span><\/p>\n","protected":false},"author":4,"featured_media":0,"parent":0,"menu_order":0,"comment_status":"closed","ping_status":"closed","template":"","meta":{"footnotes":""},"class_list":["post-20850","page","type-page","status-publish","hentry"],"_links":{"self":[{"href":"https:\/\/www.phys.uaic.ro\/old\/index.php\/wp-json\/wp\/v2\/pages\/20850","targetHints":{"allow":["GET"]}}],"collection":[{"href":"https:\/\/www.phys.uaic.ro\/old\/index.php\/wp-json\/wp\/v2\/pages"}],"about":[{"href":"https:\/\/www.phys.uaic.ro\/old\/index.php\/wp-json\/wp\/v2\/types\/page"}],"author":[{"embeddable":true,"href":"https:\/\/www.phys.uaic.ro\/old\/index.php\/wp-json\/wp\/v2\/users\/4"}],"replies":[{"embeddable":true,"href":"https:\/\/www.phys.uaic.ro\/old\/index.php\/wp-json\/wp\/v2\/comments?post=20850"}],"version-history":[{"count":0,"href":"https:\/\/www.phys.uaic.ro\/old\/index.php\/wp-json\/wp\/v2\/pages\/20850\/revisions"}],"wp:attachment":[{"href":"https:\/\/www.phys.uaic.ro\/old\/index.php\/wp-json\/wp\/v2\/media?parent=20850"}],"curies":[{"name":"wp","href":"https:\/\/api.w.org\/{rel}","templated":true}]}}