{"id":2109,"date":"2018-02-28T09:46:52","date_gmt":"2018-02-28T09:46:52","guid":{"rendered":"http:\/\/www.phys.uaic.ro\/?page_id=2109"},"modified":"2022-03-26T11:00:59","modified_gmt":"2022-03-26T09:00:59","slug":"concurs-hurmuzescu-vii","status":"publish","type":"page","link":"https:\/\/www.phys.uaic.ro\/old\/index.php\/studenti\/https-www-phys-uaic-ro-index-php-studenti-concurs-hurmuzescu-concurs-hurmuzescu-xii\/concurs-hurmuzescu-vii\/","title":{"rendered":"Concursul Dragomir Hurmuzescu Edi\u021bia a VII-a"},"content":{"rendered":"<p><!--\n\n\n<h4><a href=\"http:\/\/www.phys.uaic.ro\/wp\/studenti\/concurs-hurmuzescu\/concurs-hurmuzescu-vii\/regulament-concurs-hurmuzescu-2018.pdf\">Regulamentul de desf\u0103\u0219urare a Concursul Na\u0163ional Studen\u0163esc de Fizic\u0103 \"Dragomir Hurmuzescu\" 2017<\/a> <img decoding=\"async\" style=\"vertical-align: top;width:20px;height:20px;\" src=\"http:\/\/www.phys.uaic.ro\/wp\/imagini\/pdf-icon.png\" alt=\"pdf\" \/><\/h4>\n\n\n--><\/p>\n<h2><span style=\"color: #993300;\">Etapa local\u0103, 24 martie 2018<\/span><\/h2>\n<p><strong>Subiecte si bareme<\/strong><\/p>\n<p><a href=\"https:\/\/www.phys.uaic.ro\/wp-content\/uploads\/2022\/03\/subiecte-Hurmuzescu-etapa-locala-an-I_RApetrei.pdf\">Subiecte anul I<\/a><\/p>\n<p><a href=\"https:\/\/www.phys.uaic.ro\/wp-content\/uploads\/2022\/03\/subiecte-Hurmuzescu-etapa-locala-an-II.pdf\">Subiecte anul al II-lea<\/a><\/p>\n<p><b>Rezultate<\/b><\/p>\n<ul>\n<li>Premiul I\n<ul>\n<li>Matei Teodora (anul I)<\/li>\n<\/ul>\n<\/li>\n<li>Premiul al II-lea\n<ul>\n<li>Petrea Mihai (anul I)<\/li>\n<\/ul>\n<\/li>\n<li>Premiul al III-lea\n<ul>\n<li>Crihan Diana (anul I)<\/li>\n<\/ul>\n<\/li>\n<li>Mentiuni\n<ul>\n<li>Lungu Vitalie (anul I)<\/li>\n<li>Duminica Ioana (anul I)<\/li>\n<li>Ciur Elena (anul I)<\/li>\n<\/ul>\n<\/li>\n<\/ul>\n<h2><span style=\"color: #993300;\">Etapa na\u0163ional\u0103 aprilie 2018, Cluj-Napoca<\/span><\/h2>\n<p><strong>Subiecte si bareme<\/strong><\/p>\n<p><b>Rezultate<\/b><\/p>\n<h2><span style=\"color: #993300;\">Tematica Concursului National Studentesc \u201dDragomir Hurmuzescu\u201d 2018<\/span><\/h2>\n<p>&nbsp;<\/p>\n<p><!--\n\n\n<ul>\n \t\n\n<li>Studen\u0163ii din anul I \u00eenscri\u0219i:\n\n\n<ul>\n \t\n\n<li>Gavriloaea Paul<\/li>\n\n\n \t\n\n<li>Mardare Ionu\u0163<\/li>\n\n\n \t\n\n<li>Melnic Cristina<\/li>\n\n\n \t\n\n<li>Negru Iulian<\/li>\n\n\n \t\n\n<li>Petrache M\u0103d\u0103lin<\/li>\n\n\n<\/ul>\n\n\n<\/li>\n\n\n \t\n\n<li>Studen\u0163ii din anul al II-lea \u00eenscri\u0219i:\n\n\n<ul>\n \t\n\n<li>Ceban Andrei<\/li>\n\n\n \t\n\n<li>Ila\u0219ca Filip<\/li>\n\n\n \t\n\n<li>Milici Alina<\/li>\n\n\n \t\n\n<li>Morari Eugen<\/li>\n\n\n \t\n\n<li>Zanoschi David<\/li>\n\n\n<\/ul>\n\n\n<\/li>\n\n\n \t\n\n<li>Studen\u0163ii din anul al III-lea \u00eenscri\u0219i:\n\n\n<ul>\n \t\n\n<li>F\u00e2naru Andreea<\/li>\n\n\n \t\n\n<li>Ro\u0219u Alin<\/li>\n\n\n \t\n\n<li>Teodorescu-Perijoc Diana<\/li>\n\n\n<\/ul>\n\n\n<\/li>\n\n\n<\/ul>\n\n\n<b>Rezultate<\/b> ob\u021binute de participan\u021bii la etapa local\u0103\n\n\n<ul>\n \t\n\n<li style=\"padding: 10px 0 10px 0\">Anul I<\/li>\n\n\n<\/ul>\n\n\n\n\n<table style=\"color: black;font-size: 14px;\">\n\n\n<tr>\n\n\n<tr>\n\n\n<th>Student<\/th>\n\n\n\n\n<th>Punctaj total<\/th>\n\n\n\n\n<th>Observa\u021bii<\/th>\n\n\n<\/tr>\n\n\n<\/tr>\n\n\n\n\n<tr>\n\n\n<td>Gavriloaea Paul<\/td>\n\n\n\n\n<td>21.50<\/td>\n\n\n\n\n<td>Calificat la etapa na\u021bional\u0103<\/td>\n\n\n<\/tr>\n\n\n\n\n<tr>\n\n\n<td>Melnic Cristina<\/td>\n\n\n\n\n<td>21.50<\/td>\n\n\n\n\n<td>Calificat la etapa na\u021bional\u0103<\/td>\n\n\n<\/tr>\n\n\n\n\n<tr>\n\n\n<td>Mardare Ionu\u0163<\/td>\n\n\n\n\n<td>11.00<\/td>\n\n\n\n\n<td><\/td>\n\n\n<\/tr>\n\n\n\n\n<tr>\n\n\n<td>Negru Iulian<\/td>\n\n\n\n\n<td>9.50<\/td>\n\n\n\n\n<td><\/td>\n\n\n<\/tr>\n\n\n\n\n<tr>\n\n\n<td>Petrache M\u0103d\u0103lin<\/td>\n\n\n\n\n<td>6.50<\/td>\n\n\n\n\n<td><\/td>\n\n\n<\/tr>\n\n\n<\/table>\n\n\n\n\n<ul>\n \t\n\n<li style=\"padding: 10px 0 10px 0\">Anul al II-lea<\/li>\n\n\n<\/ul>\n\n\n\n\n<table style=\"color: black;font-size: 14px;\">\n\n\n<tr>\n\n\n<tr>\n\n\n<th>Student<\/th>\n\n\n\n\n<th>Punctaj total<\/th>\n\n\n\n\n<th>Observa\u021bii<\/th>\n\n\n<\/tr>\n\n\n<\/tr>\n\n\n\n\n<tr>\n\n\n<td>Ceban Andrei<\/td>\n\n\n\n\n<td>23.00<\/td>\n\n\n\n\n<td>Calificat la etapa na\u021bional\u0103<\/td>\n\n\n<\/tr>\n\n\n\n\n<tr>\n\n\n<td>Zanoschi David<\/td>\n\n\n\n\n<td>21.50<\/td>\n\n\n\n\n<td>Calificat la etapa na\u021bional\u0103<\/td>\n\n\n<\/tr>\n\n\n\n\n<tr>\n\n\n<td>Milici Alina<\/td>\n\n\n\n\n<td>14.12<\/td>\n\n\n\n\n<td><\/td>\n\n\n<\/tr>\n\n\n\n\n<tr>\n\n\n<td>Morari Eugen<\/td>\n\n\n\n\n<td>6.37<\/td>\n\n\n\n\n<td><\/td>\n\n\n<\/tr>\n\n\n<\/table>\n\n\n\n\n<ul>\n \t\n\n<li style=\"padding: 10px 0 10px 0\">Anul al III-lea<\/li>\n\n\n<\/ul>\n\n\n\n\n<table style=\"color: black;font-size: 14px;\">\n\n\n<tr>\n\n\n<tr>\n\n\n<th>Student<\/th>\n\n\n\n\n<th>Observa\u021bii<\/th>\n\n\n<\/tr>\n\n\n<\/tr>\n\n\n\n\n<tr>\n\n\n<td>F\u00e2naru Andreea<\/td>\n\n\n\n\n<td>Calificat la etapa na\u021bional\u0103<\/td>\n\n\n<\/tr>\n\n\n\n\n<tr>\n\n\n<td>Ro\u0219u Alin<\/td>\n\n\n\n\n<td>Calificat la etapa na\u021bional\u0103<\/td>\n\n\n<\/tr>\n\n\n\n\n<tr>\n\n\n<td>Teodorescu-Perijoc Diana<\/td>\n\n\n\n\n<td>Calificat la etapa na\u021bional\u0103<\/td>\n\n\n<\/tr>\n\n\n<\/table>\n\n\n\n\n<h3>Etapa na\u021bional\u0103<\/h3>\n\n\n\n\n<ul>\n \t\n\n<li><a href=\"http:\/\/www.phys.uaic.ro\/wp\/hurmuzescu\/subiecte-bareme-an-i.pdf\">Subiecte \u0219i bareme pentru anul I<\/a> <img decoding=\"async\" style=\"vertical-align: top;width:20px;height:20px;\" src=\"http:\/\/www.phys.uaic.ro\/wp\/imagini\/pdf-icon.png\" alt=\"pdf\" \/><\/li>\n\n\n \t\n\n<li><a href=\"http:\/\/www.phys.uaic.ro\/wp\/hurmuzescu\/subiecte-bareme-an-ii.pdf\">Subiecte \u0219i bareme pentru anul al II-lea<\/a> <img decoding=\"async\" style=\"vertical-align: top;width:20px;height:20px;\" src=\"http:\/\/www.phys.uaic.ro\/wp\/imagini\/pdf-icon.png\" alt=\"pdf\" \/><\/li>\n\n\n<\/ul>\n\n\n--><\/p>\n","protected":false},"excerpt":{"rendered":"<p>Etapa local\u0103, 24 martie 2018 Subiecte si bareme Subiecte anul I Subiecte anul al II-lea Rezultate Premiul I Matei Teodora (anul I) Premiul al II-lea Petrea Mihai (anul I) Premiul al III-lea Crihan Diana (anul I) Mentiuni Lungu Vitalie (anul I) Duminica Ioana (anul I) Ciur Elena (anul I) Etapa na\u0163ional\u0103 aprilie 2018, Cluj-Napoca Subiecte si bareme Rezultate\u2026 <span class=\"read-more\"><a href=\"https:\/\/www.phys.uaic.ro\/old\/index.php\/studenti\/https-www-phys-uaic-ro-index-php-studenti-concurs-hurmuzescu-concurs-hurmuzescu-xii\/concurs-hurmuzescu-vii\/\">Read More &raquo;<\/a><\/span><\/p>\n","protected":false},"author":3,"featured_media":0,"parent":202,"menu_order":0,"comment_status":"closed","ping_status":"closed","template":"","meta":{"footnotes":""},"class_list":["post-2109","page","type-page","status-publish","hentry"],"_links":{"self":[{"href":"https:\/\/www.phys.uaic.ro\/old\/index.php\/wp-json\/wp\/v2\/pages\/2109","targetHints":{"allow":["GET"]}}],"collection":[{"href":"https:\/\/www.phys.uaic.ro\/old\/index.php\/wp-json\/wp\/v2\/pages"}],"about":[{"href":"https:\/\/www.phys.uaic.ro\/old\/index.php\/wp-json\/wp\/v2\/types\/page"}],"author":[{"embeddable":true,"href":"https:\/\/www.phys.uaic.ro\/old\/index.php\/wp-json\/wp\/v2\/users\/3"}],"replies":[{"embeddable":true,"href":"https:\/\/www.phys.uaic.ro\/old\/index.php\/wp-json\/wp\/v2\/comments?post=2109"}],"version-history":[{"count":0,"href":"https:\/\/www.phys.uaic.ro\/old\/index.php\/wp-json\/wp\/v2\/pages\/2109\/revisions"}],"up":[{"embeddable":true,"href":"https:\/\/www.phys.uaic.ro\/old\/index.php\/wp-json\/wp\/v2\/pages\/202"}],"wp:attachment":[{"href":"https:\/\/www.phys.uaic.ro\/old\/index.php\/wp-json\/wp\/v2\/media?parent=2109"}],"curies":[{"name":"wp","href":"https:\/\/api.w.org\/{rel}","templated":true}]}}