{"id":21186,"date":"2024-02-27T17:59:25","date_gmt":"2024-02-27T15:59:25","guid":{"rendered":"https:\/\/www.phys.uaic.ro\/?page_id=21186"},"modified":"2024-02-27T18:01:18","modified_gmt":"2024-02-27T16:01:18","slug":"auf-eco_30eme_appel-a-manifestation-dinteret","status":"publish","type":"page","link":"https:\/\/www.phys.uaic.ro\/old\/index.php\/auf-eco_30eme_appel-a-manifestation-dinteret\/","title":{"rendered":"AUF-ECO_30\u00e8me_appel \u00e0 manifestation d&#8217;int\u00e9r\u00eat"},"content":{"rendered":"<div>\n<p><span lang=\"RO\">Institu\u021biile membre AUF-ECO \u00ee\u0219i pot manifesta interesul pentru organizarea de activit\u0103\u021bi francofone (dezbateri, conferin\u021be, seminare, ateliere, \u00eent\u00e2lniri cu absolven\u021bi francofoni, \u00eent\u00e2lniri cu mass-media pe teme francofone, concursuri, publica\u021bii, lans\u0103ri de carte, programe de formare de scurt\u0103 durat\u0103 pe teme de actualitate, activit\u0103\u021bi culturale sau sportive, vernisaje, expozi\u021bii etc), cu implicarea cadrelor didactice, a studen\u021bilor, partenerilor institu\u021biei \u0219i, \u00een sens larg, a comunit\u0103\u021bii francofone locale.<\/span><\/p>\n<p><span lang=\"RO\">Perioada de derulare a proiectelor : <b>15 aprilie \u2013 30 noiembrie 2024<\/b>.<\/span><\/p>\n<p><span lang=\"RO\">Data limit\u0103 pentru depunerea proiectelor : <b>20 martie 2024<\/b>, pe adresa <a tabindex=\"-1\" href=\"mailto:recherche-innovation-eco@auf.org\" target=\"_blank\" rel=\"external nofollow noopener noreferrer\" data-cke-saved-href=\"mailto:recherche-innovation-eco@auf.org\">recherche-innovation-eco@auf.org<\/a>.<\/span><\/p>\n<p>&nbsp;<\/p>\n<p>L&#8217;AUF Europe Centrale et Orientale, sous l\u2019\u00e9gide de son 30\u00e8me anniversaire en 2024, a le plaisir de vous informer du lancement de l&#8217;Appel \u00e0 manifestation d\u2019int\u00e9r\u00eat au b\u00e9n\u00e9fice de ses \u00e9tablissements membres qui souhaitent organiser des activit\u00e9s autour de notre anniversaire : <a tabindex=\"-1\" href=\"https:\/\/l.auf.org\/Appel-30ansECO\" target=\"_blank\" rel=\"external nofollow noopener noreferrer\" data-cke-saved-href=\"https:\/\/l.auf.org\/Appel-30ansECO\">https:\/\/l.auf.org\/Appel-30ansECO<\/a><\/p>\n<\/div>\n<div>\n<p>Date limite : 20 mars 2024<\/p>\n<\/div>\n<div>\n<p>Contact : <a tabindex=\"-1\" href=\"mailto:recherche-innovation-eco@auf.org\" target=\"_blank\" rel=\"external nofollow noopener noreferrer\" data-cke-saved-href=\"mailto:recherche-innovation-eco@auf.org\">recherche-innovation-eco@auf.org<\/a><\/p>\n<\/div>\n","protected":false},"excerpt":{"rendered":"<p>Institu\u021biile membre AUF-ECO \u00ee\u0219i pot manifesta interesul pentru organizarea de activit\u0103\u021bi francofone (dezbateri, conferin\u021be, seminare, ateliere, \u00eent\u00e2lniri cu absolven\u021bi francofoni, \u00eent\u00e2lniri cu mass-media pe teme francofone, concursuri, publica\u021bii, lans\u0103ri de carte, programe de formare de scurt\u0103 durat\u0103 pe teme de actualitate, activit\u0103\u021bi culturale sau sportive, vernisaje, expozi\u021bii etc), cu implicarea cadrelor didactice, a studen\u021bilor, partenerilor institu\u021biei \u0219i, \u00een\u2026 <span class=\"read-more\"><a href=\"https:\/\/www.phys.uaic.ro\/old\/index.php\/auf-eco_30eme_appel-a-manifestation-dinteret\/\">Read More &raquo;<\/a><\/span><\/p>\n","protected":false},"author":4,"featured_media":0,"parent":0,"menu_order":0,"comment_status":"closed","ping_status":"closed","template":"","meta":{"footnotes":""},"class_list":["post-21186","page","type-page","status-publish","hentry"],"_links":{"self":[{"href":"https:\/\/www.phys.uaic.ro\/old\/index.php\/wp-json\/wp\/v2\/pages\/21186","targetHints":{"allow":["GET"]}}],"collection":[{"href":"https:\/\/www.phys.uaic.ro\/old\/index.php\/wp-json\/wp\/v2\/pages"}],"about":[{"href":"https:\/\/www.phys.uaic.ro\/old\/index.php\/wp-json\/wp\/v2\/types\/page"}],"author":[{"embeddable":true,"href":"https:\/\/www.phys.uaic.ro\/old\/index.php\/wp-json\/wp\/v2\/users\/4"}],"replies":[{"embeddable":true,"href":"https:\/\/www.phys.uaic.ro\/old\/index.php\/wp-json\/wp\/v2\/comments?post=21186"}],"version-history":[{"count":0,"href":"https:\/\/www.phys.uaic.ro\/old\/index.php\/wp-json\/wp\/v2\/pages\/21186\/revisions"}],"wp:attachment":[{"href":"https:\/\/www.phys.uaic.ro\/old\/index.php\/wp-json\/wp\/v2\/media?parent=21186"}],"curies":[{"name":"wp","href":"https:\/\/api.w.org\/{rel}","templated":true}]}}