{"id":21334,"date":"2024-03-18T13:07:37","date_gmt":"2024-03-18T11:07:37","guid":{"rendered":"https:\/\/www.phys.uaic.ro\/?page_id=21334"},"modified":"2024-03-21T08:44:54","modified_gmt":"2024-03-21T06:44:54","slug":"mobilitati-de-predare-in-cadrul-programului-erasmus-ka131-hed-statele-membre-ue-islanda-norvegia-liechtenstein-macedonia-de-nord-serbia-si-turcia","status":"publish","type":"page","link":"https:\/\/www.phys.uaic.ro\/old\/index.php\/mobilitati-de-predare-in-cadrul-programului-erasmus-ka131-hed-statele-membre-ue-islanda-norvegia-liechtenstein-macedonia-de-nord-serbia-si-turcia\/","title":{"rendered":"Mobilit\u0103\u021bi de predare \u00een cadrul Programului Erasmus+ KA131-HED (statele membre UE, Islanda, Norvegia, Liechtenstein, Macedonia de Nord, Serbia \u0219i Turcia)"},"content":{"rendered":"<h2>Mobilit\u0103\u021bi de predare \u00een cadrul Programului Erasmus+ KA131-HED (statele membre UE, Islanda, Norvegia, Liechtenstein, Macedonia de Nord, Serbia \u0219i Turcia) pentru semestrul al II-lea al anului academic 2023-2024<\/h2>\n<p>&nbsp;<\/p>\n<p>1) <a href=\"https:\/\/www.phys.uaic.ro\/old\/wp-content\/uploads\/2024\/03\/Fizica-Anunt-selectie-STA-Martie-2024.pdf\" target=\"_blank\" rel=\"noopener\"><span lang=\"FR\"><em><span style=\"color: #ff0000;\">Anun\u021b<\/span><\/em><\/span><\/a>;<\/p>\n<p>2) <span style=\"color: #ff0000;\"><a style=\"color: #ff0000;\" href=\"https:\/\/www.phys.uaic.ro\/old\/wp-content\/uploads\/2024\/03\/Mobility-Agreement-for-Teaching.docx\" target=\"_blank\" rel=\"noopener\"><i><span lang=\"FR\">Teaching mobility agreemen<\/span><\/i><i><span lang=\"FR\">t<\/span><\/i><\/a><\/span><span lang=\"FR\"> \u0219i <a href=\"https:\/\/www.phys.uaic.ro\/old\/wp-content\/uploads\/2024\/03\/Mobility-Agreement-for-Combined-Mobility-teaching-training.docx\" target=\"_blank\" rel=\"noopener\"><i><span style=\"color: #ff0000;\">Teaching and training mobility agreement<\/span><\/i> \u00a0<\/a>(<b>formulare actualizate<\/b>) <\/span><\/p>\n<p><span lang=\"FR\"><em><a tabindex=\"-1\" href=\"http:\/\/Centralizator acorduri Erasmus+ KA103 + KA131 - in curs de actualizare.xlsx - Foi de calcul Google\" target=\"_blank\" rel=\"external nofollow noopener noreferrer\">Centralizator acorduri Erasmus+ KA103 + KA131 &#8211; in curs de actualizare.xlsx &#8211; Foi de calcul Google<\/a><\/em><br \/>\n<\/span><\/p>\n<p><a href=\"https:\/\/www.phys.uaic.ro\/old\/wp-content\/uploads\/2024\/03\/Centralizator-Acorduri-Erasmus-KA131-HED-Fizica-la-zi.pdf\" target=\"_blank\" rel=\"noopener\">Centralizator Acorduri Erasmus KA131-HED-Fizica (pdf)<\/a><\/p>\n<p>&nbsp;<\/p>\n<p><span lang=\"FR\">Procesul de selec\u021bie va fi unul continuu, p\u00e2n\u0103 la epuizarea locurilor alocate (\u00een num\u0103r de 4).<\/span><\/p>\n<p><span lang=\"IT\">Dosarul de candidatur\u0103 trebuie s\u0103 includ\u0103 <b>CV-ul candidatului<\/b>, <b><i>teaching mobility agreement<\/i>-ul completat cu obiectivele \u0219i activit\u0103\u021bile planificate, invita\u021bia \/ document de accept \/ <i>teaching agreement<\/i> (cu perioada mobilit\u0103\u021bii) semnat de institu\u021bia partener\u0103 <\/b>\u0219i <b>adeverin\u021ba de salariat<\/b>. <\/span><u><\/u><u><\/u><\/p>\n<p><span lang=\"FR\">Un cadru didactic poate beneficia de <b>maximum 2 (dou\u0103) mobilitati de predare pe an academic <\/b><\/span><b>cele 2 mobilit\u0103\u021bi nu se pot desf\u0103\u0219ura \u00een perioade consecutive<u>)<\/u><\/b><span lang=\"FR\">.<\/span><\/p>\n<p><b><span lang=\"FR\">Nu se accept\u0103 schimb\u0103ri de destina\u021bie ulterior selec\u021biei<\/span><\/b><span lang=\"FR\">.<\/span><u><\/u><u><\/u><\/p>\n<p><b>Personalul didactic selectat deja pentru o mobilitate de predare devine eligibil pentru o nou\u0103 selec\u021bie dup\u0103 efectuarea mobilit\u0103\u021bii \/ demararea formalit\u0103\u021bilor de deplasare pentru acea mobilitate. <\/b><\/p>\n<p><b>Grantul individual total pentru mobilit\u0103\u021bi de predare<\/b> Erasmus+ se va calcula cumulativ, astfel:<b><\/b><\/p>\n<p><b>1. <\/b>sprijin financiar pentru <b>cheltuielile de transport;<\/b><u><\/u><u><\/u><\/p>\n<p><b>2. <\/b>sprijin financiar pentru cheltuielile de subzisten\u0163\u0103 aferente a <b>maximum 2 zile de c\u0103l\u0103torie;<\/b><u><\/u><u><\/u><\/p>\n<p><b>3. <\/b>sprijin financiar pentru cheltuielile de subzisten\u0163\u0103 aferente a <b>maximum 5 zile de mobilitate.<\/b><u><\/u><u><\/u><\/p>\n<p><b>Num\u0103rul de zile finan\u0163ate v<\/b><b><span lang=\"FR\">a fi de maximum 7 (5 zile de mobilitate \u0219i 2 zile de c\u0103l\u0103torie)<\/span><\/b><b>.<\/b><b> <\/b><\/p>\n<p>Termenul limit\u0103 de desf\u0103\u0219urare a mobilit\u0103\u021bilor este <b>30 septembrie 2024<\/b>. <u><\/u><u><\/u><\/p>\n<p>&nbsp;<\/p>\n<p>Pentru pentru \u00eentreb\u0103ri\/informa\u021bii va puteti adresa:<\/p>\n<p>&#8211; doamnei Olivia Pricop, de la Compartimentul Erasmus+, Serviciul Rela\u021bii Interna\u021bionale al UAIC, tel: 0232201021<\/p>\n<p>&#8211; domnului prof. univ. dr. habil. Liviu Leontie.<\/p>\n","protected":false},"excerpt":{"rendered":"<p>Mobilit\u0103\u021bi de predare \u00een cadrul Programului Erasmus+ KA131-HED (statele membre UE, Islanda, Norvegia, Liechtenstein, Macedonia de Nord, Serbia \u0219i Turcia) pentru semestrul al II-lea al anului academic 2023-2024 &nbsp; 1) Anun\u021b; 2) Teaching mobility agreement \u0219i Teaching and training mobility agreement \u00a0(formulare actualizate) Centralizator acorduri Erasmus+ KA103 + KA131 &#8211; in curs de actualizare.xlsx &#8211; Foi de calcul\u2026 <span class=\"read-more\"><a href=\"https:\/\/www.phys.uaic.ro\/old\/index.php\/mobilitati-de-predare-in-cadrul-programului-erasmus-ka131-hed-statele-membre-ue-islanda-norvegia-liechtenstein-macedonia-de-nord-serbia-si-turcia\/\">Read More &raquo;<\/a><\/span><\/p>\n","protected":false},"author":4,"featured_media":0,"parent":0,"menu_order":0,"comment_status":"closed","ping_status":"closed","template":"","meta":{"footnotes":""},"class_list":["post-21334","page","type-page","status-publish","hentry"],"_links":{"self":[{"href":"https:\/\/www.phys.uaic.ro\/old\/index.php\/wp-json\/wp\/v2\/pages\/21334","targetHints":{"allow":["GET"]}}],"collection":[{"href":"https:\/\/www.phys.uaic.ro\/old\/index.php\/wp-json\/wp\/v2\/pages"}],"about":[{"href":"https:\/\/www.phys.uaic.ro\/old\/index.php\/wp-json\/wp\/v2\/types\/page"}],"author":[{"embeddable":true,"href":"https:\/\/www.phys.uaic.ro\/old\/index.php\/wp-json\/wp\/v2\/users\/4"}],"replies":[{"embeddable":true,"href":"https:\/\/www.phys.uaic.ro\/old\/index.php\/wp-json\/wp\/v2\/comments?post=21334"}],"version-history":[{"count":0,"href":"https:\/\/www.phys.uaic.ro\/old\/index.php\/wp-json\/wp\/v2\/pages\/21334\/revisions"}],"wp:attachment":[{"href":"https:\/\/www.phys.uaic.ro\/old\/index.php\/wp-json\/wp\/v2\/media?parent=21334"}],"curies":[{"name":"wp","href":"https:\/\/api.w.org\/{rel}","templated":true}]}}