{"id":21726,"date":"2024-04-19T15:41:44","date_gmt":"2024-04-19T12:41:44","guid":{"rendered":"https:\/\/www.phys.uaic.ro\/?page_id=21726"},"modified":"2024-07-31T08:52:12","modified_gmt":"2024-07-31T05:52:12","slug":"sustinerea-tezei-de-doctorat-a-drd-ciuciu-i-lidia-cerasela-cas-farcas-pe","status":"publish","type":"page","link":"https:\/\/www.phys.uaic.ro\/old\/index.php\/sustinerea-tezei-de-doctorat-a-drd-ciuciu-i-lidia-cerasela-cas-farcas-pe\/","title":{"rendered":"Sus\u021binerea tezei de doctorat a drd. CIUCIU I. LIDIA-CERASELA (C\u0102S. FARCA\u015e) pe 8 mai 2024"},"content":{"rendered":"<p><a href=\"https:\/\/www.phys.uaic.ro\/old\/wp-content\/uploads\/2024\/04\/anunt-Ciuciu.pdf\" target=\"_blank\" rel=\"noopener\"><em>Anun\u021bul sus\u021binerii publice<\/em><\/a><\/p>\n<p>&nbsp;<\/p>\n<p>La data de 8.05.2024, ora 15:00, \u00een Laboratorul de Informatic\u0103, d-na CIUCIU I. LIDIA-CERASELA (C\u0102S. FARCA\u015e) va sus\u0163ine, \u00een \u015fedin\u0163\u0103 public\u0103, teza de doctorat cu titlul<\/p>\n<p><em><strong>CONTRIBU\u0162II LA DEZVOLTAREA DE CURRICULUM DEDICAT NANOTEHNOLOGIILOR, SENZORILOR \u015eI ACTUATORILOR <\/strong><\/em><\/p>\n<p>\u00een vederea ob\u0163inerii titlului \u015ftiin\u0163ific de doctor \u00een domeniul FIZIC\u0102.<\/p>\n<p>CIUCIU I. LIDIA-CERASELA (C\u0102S. FARCA\u015e) [<a href=\"https:\/\/www.phys.uaic.ro\/old\/wp-content\/uploads\/2024\/04\/CV-1.pdf\">CV<\/a>]<\/p>\n<p>&nbsp;<\/p>\n<p>Comisia de doctorat are urm\u0103toarea componen\u0163\u0103:<\/p>\n<ul>\n<li><b>Pre\u015fedinte<\/b>:\n<ul>\n<li>Prof. univ. dr. habil. Ionu\u0163 TOPAL\u0102, Universitatea &#8222;Alexandru Ioan Cuza&#8221; din Ia\u0219i [<a href=\"https:\/\/www.phys.uaic.ro\/old\/wp-content\/uploads\/2022\/06\/CV_romana_Topala.pdf\">CV<\/a>]<\/li>\n<\/ul>\n<\/li>\n<\/ul>\n<ul>\n<li><b>Conduc\u0103tor \u015ftiin\u0163ific<\/b>:\n<ul>\n<li>Prof. univ. dr. habil. Cristian EN\u0102CHESCU, Universitatea &#8222;Alexandru Ioan Cuza&#8221; din Ia\u0219i [<a href=\"https:\/\/www.phys.uaic.ro\/old\/wp-content\/uploads\/2024\/02\/CV_Enachescu_Cristian_feb2024.pdf\">CV<\/a>]<\/li>\n<\/ul>\n<\/li>\n<\/ul>\n<ul>\n<li><b>Referen\u0163i<\/b>:\n<ul>\n<li>Conf. univ. dr. Vasile BERCU, Universitatea din Bucure\u0219ti <a href=\"https:\/\/www.phys.uaic.ro\/old\/wp-content\/uploads\/2024\/04\/V.-BERCU_CV.pdf\">[CV<\/a>]<\/li>\n<li>Conf. univ. dr. Cristina MIRON, Universitatea din Bucure\u0219ti [<a href=\"https:\/\/www.phys.uaic.ro\/old\/wp-content\/uploads\/2024\/04\/CV_-C.-MIRON.pdf\">CV<\/a>]<\/li>\n<li>Prof. univ. dr. habil. Lauren\u0163iu STOLERIU, Universitatea &#8222;Alexandru Ioan Cuza&#8221; din Ia\u0219i [<a href=\"https:\/\/www.phys.uaic.ro\/old\/wp-content\/uploads\/2022\/05\/Stoleriu_L_CV_si_lista_lucrari.pdf\">CV<\/a>]<\/li>\n<\/ul>\n<\/li>\n<\/ul>\n<p>&nbsp;<\/p>\n<p>Teza poate fi consultat\u0103 la Biblioteca Facult\u0103\u0163ii de Fizic\u0103.<\/p>\n<ul>\n<li><a href=\"https:\/\/www.phys.uaic.ro\/old\/wp-content\/uploads\/2024\/04\/rezumat-teza.pdf\" target=\"_blank\" rel=\"noopener\"><em>Rezumatul tezei de doctorat<\/em><\/a><\/li>\n<\/ul>\n","protected":false},"excerpt":{"rendered":"<p>Anun\u021bul sus\u021binerii publice &nbsp; La data de 8.05.2024, ora 15:00, \u00een Laboratorul de Informatic\u0103, d-na CIUCIU I. LIDIA-CERASELA (C\u0102S. FARCA\u015e) va sus\u0163ine, \u00een \u015fedin\u0163\u0103 public\u0103, teza de doctorat cu titlul CONTRIBU\u0162II LA DEZVOLTAREA DE CURRICULUM DEDICAT NANOTEHNOLOGIILOR, SENZORILOR \u015eI ACTUATORILOR \u00een vederea ob\u0163inerii titlului \u015ftiin\u0163ific de doctor \u00een domeniul FIZIC\u0102. CIUCIU I. LIDIA-CERASELA (C\u0102S. FARCA\u015e) [CV] &nbsp; Comisia\u2026 <span class=\"read-more\"><a href=\"https:\/\/www.phys.uaic.ro\/old\/index.php\/sustinerea-tezei-de-doctorat-a-drd-ciuciu-i-lidia-cerasela-cas-farcas-pe\/\">Read More &raquo;<\/a><\/span><\/p>\n","protected":false},"author":4,"featured_media":0,"parent":0,"menu_order":0,"comment_status":"closed","ping_status":"closed","template":"","meta":{"footnotes":""},"class_list":["post-21726","page","type-page","status-publish","hentry"],"_links":{"self":[{"href":"https:\/\/www.phys.uaic.ro\/old\/index.php\/wp-json\/wp\/v2\/pages\/21726","targetHints":{"allow":["GET"]}}],"collection":[{"href":"https:\/\/www.phys.uaic.ro\/old\/index.php\/wp-json\/wp\/v2\/pages"}],"about":[{"href":"https:\/\/www.phys.uaic.ro\/old\/index.php\/wp-json\/wp\/v2\/types\/page"}],"author":[{"embeddable":true,"href":"https:\/\/www.phys.uaic.ro\/old\/index.php\/wp-json\/wp\/v2\/users\/4"}],"replies":[{"embeddable":true,"href":"https:\/\/www.phys.uaic.ro\/old\/index.php\/wp-json\/wp\/v2\/comments?post=21726"}],"version-history":[{"count":0,"href":"https:\/\/www.phys.uaic.ro\/old\/index.php\/wp-json\/wp\/v2\/pages\/21726\/revisions"}],"wp:attachment":[{"href":"https:\/\/www.phys.uaic.ro\/old\/index.php\/wp-json\/wp\/v2\/media?parent=21726"}],"curies":[{"name":"wp","href":"https:\/\/api.w.org\/{rel}","templated":true}]}}