{"id":21867,"date":"2024-05-24T11:54:06","date_gmt":"2024-05-24T08:54:06","guid":{"rendered":"https:\/\/www.phys.uaic.ro\/?page_id=21867"},"modified":"2025-02-28T14:58:48","modified_gmt":"2025-02-28T12:58:48","slug":"examenul-de-disertatie-sesiunea-iulie-2024","status":"publish","type":"page","link":"https:\/\/www.phys.uaic.ro\/old\/index.php\/examenul-de-disertatie-sesiunea-iulie-2024\/","title":{"rendered":"Examenul de diserta\u021bie &#8211; sesiunea IULIE 2024"},"content":{"rendered":"<header class=\"entry-header\"><\/header>\n<div class=\"entry-content\">\n<p><a href=\"https:\/\/www.phys.uaic.ro\/old\/wp-content\/uploads\/2025\/02\/tabel-note-candidati-FMA_iulie-2024-2.pdf\" target=\"_blank\" rel=\"noopener\"><span style=\"font-size: 14pt; color: #ff0000;\"><strong>Rezultate diserta\u021bie &#8211; specializarea &#8222;<em>Fizic\u0103 medical\u0103 aplicat\u0103<\/em>&#8222;- 8 iulie 2024<\/strong><\/span><\/a><\/p>\n<p><a href=\"https:\/\/www.phys.uaic.ro\/old\/wp-content\/uploads\/2025\/02\/rezultate-disertatie-K-OO-1.pdf\" target=\"_blank\" rel=\"noopener\"><span style=\"color: #ff0000;\"><strong><span style=\"font-size: 14pt;\">Rezultate diserta\u021bie &#8211; specializ\u0103rile \u201cMetode fizice aplicate \u00een kinetoterapie \u0219i recuperare medical\u0103\u201d \u0219i \u201cOptic\u0103 \u0219i optometrie\u201d &#8211; 9 iulie 2024<\/span><\/strong><\/span><\/a><\/p>\n<p><a href=\"https:\/\/www.phys.uaic.ro\/old\/wp-content\/uploads\/2024\/07\/Rezultate-FAT.pdf\" target=\"_blank\" rel=\"noopener\"><span style=\"font-size: 14pt;\"><strong><span style=\"color: #ff0000;\">Rezultate diserta\u021bie &#8211; specializarea &#8222;<em>Fizica pentru tehnologii avansate (\u00een lb. englez\u0103)&#8221; &#8211; 9 iulie 2024<\/em><\/span><\/strong><\/span><\/a><\/p>\n<p><span style=\"font-size: 18pt;\"><strong><span style=\"font-size: 14pt; color: #333399;\"><a style=\"color: #333399;\" href=\"https:\/\/www.phys.uaic.ro\/old\/wp-content\/uploads\/2024\/07\/Programare-ex-disertatie_master-FMA_2024.pdf\" target=\"_blank\" rel=\"noopener\"><span style=\"color: #ff0000;\"><span style=\"color: #000000;\">Programarea candidat\u0326ilor de la specializarea <em>\u201cFizic\u0103 medical\u0103 aplicat\u0103\u201d<\/em><\/span><\/span><\/a><span style=\"color: #000000;\"> &#8211; <\/span><\/span><\/strong><span style=\"color: #000000;\"><em><span style=\"font-size: 14pt;\">8 iulie 2024, ora 9:00, Laborator de Autoorganizare<\/span><\/em><\/span><br \/>\n<\/span><\/p>\n<p><span style=\"font-size: 14pt; color: #000000;\"><a style=\"color: #000000;\" href=\"https:\/\/www.phys.uaic.ro\/old\/wp-content\/uploads\/2024\/07\/programare-master-FAT_-FATIC-finala.pdf\" target=\"_blank\" rel=\"noopener\"><strong>Programarea candida\u0163ilor de la specializarea<\/strong><\/a><strong> &#8222;<span style=\"color: #ff0000;\"><em>Fizica pentru tehnologii avansate (\u00een lb. englez\u0103)<\/em><\/span><em>&#8222;<\/em>\u00a0 <\/strong>\u2013 <em>9 iulie 2024, ora 10:00, Laborator de Autoorganizare<br \/>\n<\/em><\/span><\/p>\n<p><span style=\"color: #000000;\"><span style=\"font-size: 14pt;\"><a style=\"color: #000000;\" href=\"https:\/\/www.phys.uaic.ro\/old\/wp-content\/uploads\/2024\/07\/programarea-candidatilor_KOO.pdf\" target=\"_blank\" rel=\"noopener\"><strong>Programarea candida\u0163ilor de la specializ\u0103rile<\/strong><\/a><\/span><span style=\"font-size: 14pt;\"><a style=\"color: #000000;\" href=\"https:\/\/www.phys.uaic.ro\/old\/wp-content\/uploads\/2024\/07\/programarea-candidatilor_KOO.pdf\" target=\"_blank\" rel=\"noopener\"><em><strong>&#8221; <span style=\"color: #ff0000;\">Metode fizice aplicate \u00een kinetoterapie \u0219i recuperare medical\u0103<\/span>&#8221; <\/strong><\/em>\u015fi<strong> &#8222;<em><span style=\"color: #ff0000;\">Optic\u0103 \u0219i optometrie<\/span>&#8221; <\/em><\/strong><\/a>\u2013 <em>9 iulie 2024, ora 10:00, Laborator Optic\u0103<\/em><\/span><\/span><\/p>\n<p>&nbsp;<\/p>\n<\/div>\n<p>&nbsp;<\/p>\n<div class=\"entry-content\">\n<p><strong>Sus\u0163inerea examenului de diserta\u021bie:<\/strong><\/p>\n<ul>\n<li><span style=\"color: #000000;\"><strong>specializarea <em>Fizic\u0103 medical\u0103 aplicat\u0103<\/em> \u2013 8<em> iulie 2024, Laborator de Autoorganizare<br \/>\n<\/em><\/strong><\/span><\/li>\n<li><span style=\"color: #000000;\"><strong>specializarea <em>Fizica pentru tehnologii avansate (\u00een lb. englez\u0103)<\/em> \u2013 <em>9 iulie 2024, Laborator de Autoorganizare<br \/>\n<\/em><\/strong><\/span><\/li>\n<li><span style=\"color: #000000;\"><strong>specializarea <em>Metode fizice aplicate \u00een kinetoterapie \u0219i recuperare medical\u0103<\/em> \u2013 <em>9 iulie 2024, Laborator Optic\u0103<\/em><\/strong><\/span><\/li>\n<li><span style=\"color: #000000;\"><strong>specializarea <em>Optic\u0103 \u0219i optometrie<\/em> \u2013 <em>9 iulie 2024, Laborator Optic\u0103<\/em><\/strong><\/span><\/li>\n<\/ul>\n<\/div>\n<p>&nbsp;<\/p>\n<header class=\"entry-header\">\n<h1><b>Perioada de \u00eenscriere la examenul de diserta\u021bie:<\/b><\/h1>\n<\/header>\n<div class=\"entry-content\">\n<ul>\n<li><strong>17-21 iunie 2024<\/strong>, ora 12, online<\/li>\n<\/ul>\n<\/div>\n<div class=\"entry-content\">\n<p><span style=\"color: #ff0000;\"><a style=\"color: #ff0000;\" href=\"https:\/\/www.phys.uaic.ro\/old\/wp-content\/uploads\/2024\/07\/Licenta_ConducatorLucrare.pdf\" target=\"_blank\" rel=\"noopener\"><em><span style=\"font-size: 14pt;\">Lista absolven\u021bilor care au dreptul s\u0103 se prezinte la sus\u021binerea lucr\u0103rii de DISERTA\u021aIE \u00een sesiunea iulie 2024<\/span><\/em><\/a><\/span><\/p>\n<h3><b>Pa\u0219i de parcurs<\/b> pentru \u00eenscrierea la examenul de diserta\u0163ie:<\/h3>\n<ul>\n<li>etapa 1:<br \/>\n\u00een perioada 17-21 iunie 2024, ora 12, candidatul va trimite urm\u0103toarele documente (\u00eentr-un singur mesaj) la adresa de e-mail luca@uaic.ro:<\/p>\n<ol>\n<li>cererea de \u00eenscriere semnat\u0103 cu albastru \u0219i scanat\u0103;<\/li>\n<li>certificat de na\u0219tere scanat;<\/li>\n<li>carte de identitate scanat\u0103;<\/li>\n<li>diploma de licen\u0163\u0103 + suplimentul la diplom\u0103 pentru cei care nu le-au depus \u00eenc\u0103 la secretariatul facult\u0103\u0163ii;<\/li>\n<li>confirmarea coordonatorului lucr\u0103rii de licen\u021b\u0103 (pe email) care atest\u0103 faptul c\u0103 lucrarea este \u00een analiz\u0103 \u0219i va fi trimis\u0103 (secretarului comisiei de disertatie) \u00eenainte de \u00eenceperea examenului;<\/li>\n<li>chitan\u0163a de plat\u0103 a taxei (200 lei) \u00een cazul repet\u0103rii examenului.<\/li>\n<\/ol>\n<\/li>\n<li>etapa 2:<br \/>\ncoordonatorul trimite dou\u0103 documente pe adresa secretarului de comisie, cu cel pu\u021bin dou\u0103 zile \u00eenainte de data programat\u0103 pentru sus\u021binere, folosind fisiere.uaic.ro:<\/p>\n<ol>\n<li>referatul de apreciere (care con\u021bine \u0219i informa\u021bii asupra procentului de similitudini, din platforma Turnitin);<\/li>\n<li>lucrarea de diserta\u0163ie care con\u021bine \u0219i <a href=\"https:\/\/www.phys.uaic.ro\/old\/wp-content\/uploads\/2022\/05\/Declaratie-autenticitate_disertatie_2021.pdf\" target=\"_blank\" rel=\"noopener\">declara\u021bia privind autenticitatea semnat\u0103 de <strong>candidat \u0219i coordonator<\/strong><\/a>, \u00een format <b>pdf<\/b> .<\/li>\n<\/ol>\n<\/li>\n<\/ul>\n<\/div>\n<p>&nbsp;<\/p>\n<p>Formulare diserta\u021bie:<\/p>\n<ul>\n<li><a href=\"https:\/\/www.phys.uaic.ro\/old\/wp-content\/uploads\/2024\/05\/2024-cerere_inscriere_DISERTATIE_FTA.pdf\" target=\"_blank\" rel=\"noopener\"><em>Cerere pentru \u00eenscrierea la examenul de diserta\u0163ie sesiunea iunie-iulie 2024\u00a0 la specializarea <strong>Fizica pentru tehnologii avansate (\u00een limba englez\u0103)<\/strong><\/em><\/a><\/li>\n<li><a href=\"https:\/\/www.phys.uaic.ro\/old\/wp-content\/uploads\/2024\/05\/2024-cerere_inscriere_DISERTATIE_FMA.pdf\" target=\"_blank\" rel=\"noopener\"><em>Cerere pentru \u00eenscrierea la examenul de diserta\u0163ie sesiunea iunie-iulie 2024\u00a0 la specializarea <strong>Fizic\u0103 medical\u0103 aplicat\u0103<\/strong><\/em><\/a><\/li>\n<li><a href=\"https:\/\/www.phys.uaic.ro\/old\/wp-content\/uploads\/2024\/05\/2024_cerere_inscriere_DISERTATIE_KINETO_cu-nr-pacienti.pdf\" target=\"_blank\" rel=\"noopener\"><em>Cerere pentru \u00eenscrierea la examenul de diserta\u0163ie sesiunea iunie-iulie 2024\u00a0 la specializarea <strong>Metode fizice aplicate \u00een kinetoterapie \u0219i recuperare medical\u0103<\/strong><\/em><\/a><\/li>\n<li><a href=\"https:\/\/www.phys.uaic.ro\/old\/wp-content\/uploads\/2024\/05\/2024-cerere_inscriere_DISERTATIE_OO.pdf\" target=\"_blank\" rel=\"noopener\"><em>Cerere pentru \u00eenscrierea la examenul de diserta\u0163ie sesiunea iunie-iulie 2024\u00a0 la specializarea <strong>Optic\u0103 \u015fi optometrie<\/strong><\/em><\/a><\/li>\n<li><a href=\"https:\/\/www.phys.uaic.ro\/old\/wp-content\/uploads\/2024\/05\/2024-cerere_inscriere_DISERTATIE_TIC_BALTI.pdf\" target=\"_blank\" rel=\"noopener\"><em>Cerere pentru \u00eenscrierea la examenul de diserta\u0163ie sesiunea iunie-iulie 2024\u00a0 la specializarea <strong>Fizic\u0103 aplicat\u0103 \u00een tehnologiile informa\u021biei \u0219i comunica\u021bii (Extensiunea B\u0102L\u021aI)<\/strong><\/em><\/a><\/li>\n<\/ul>\n<div class=\"entry-content\">\n<h3><a href=\"https:\/\/www.phys.uaic.ro\/old\/wp-content\/uploads\/2022\/05\/Declaratie-autenticitate_disertatie_2021.pdf\" target=\"_blank\" rel=\"noopener\"><span style=\"font-size: 12pt;\">Declara\u021bia privind autenticitatea semnat\u0103 de <\/span><strong><span style=\"font-size: 12pt;\">candidat \u0219i coordonator<\/span><\/strong><\/a><\/h3>\n<\/div>\n<p><a href=\"https:\/\/www.phys.uaic.ro\/old\/wp-content\/uploads\/2024\/05\/Regulament_finalizare_studii_2024_aprobatSENAT15.02.2024.pdf\" target=\"_blank\" rel=\"noopener\">Regulament privind organizarea \u015fi desf\u0103\u015furarea examenelor de absolvire, licen\u0163\u0103\/diplom\u0103 \u0219i diserta\u0163ie (sesiunile: iulie 2024, septembrie 2024 \u0219i februarie 2025)<\/a><\/p>\n","protected":false},"excerpt":{"rendered":"<p>Rezultate diserta\u021bie &#8211; specializarea &#8222;Fizic\u0103 medical\u0103 aplicat\u0103&#8222;- 8 iulie 2024 Rezultate diserta\u021bie &#8211; specializ\u0103rile \u201cMetode fizice aplicate \u00een kinetoterapie \u0219i recuperare medical\u0103\u201d \u0219i \u201cOptic\u0103 \u0219i optometrie\u201d &#8211; 9 iulie 2024 Rezultate diserta\u021bie &#8211; specializarea &#8222;Fizica pentru tehnologii avansate (\u00een lb. englez\u0103)&#8221; &#8211; 9 iulie 2024 Programarea candidat\u0326ilor de la specializarea \u201cFizic\u0103 medical\u0103 aplicat\u0103\u201d &#8211; 8 iulie 2024, ora\u2026 <span class=\"read-more\"><a href=\"https:\/\/www.phys.uaic.ro\/old\/index.php\/examenul-de-disertatie-sesiunea-iulie-2024\/\">Read More &raquo;<\/a><\/span><\/p>\n","protected":false},"author":4,"featured_media":0,"parent":0,"menu_order":0,"comment_status":"closed","ping_status":"closed","template":"","meta":{"footnotes":""},"class_list":["post-21867","page","type-page","status-publish","hentry"],"_links":{"self":[{"href":"https:\/\/www.phys.uaic.ro\/old\/index.php\/wp-json\/wp\/v2\/pages\/21867","targetHints":{"allow":["GET"]}}],"collection":[{"href":"https:\/\/www.phys.uaic.ro\/old\/index.php\/wp-json\/wp\/v2\/pages"}],"about":[{"href":"https:\/\/www.phys.uaic.ro\/old\/index.php\/wp-json\/wp\/v2\/types\/page"}],"author":[{"embeddable":true,"href":"https:\/\/www.phys.uaic.ro\/old\/index.php\/wp-json\/wp\/v2\/users\/4"}],"replies":[{"embeddable":true,"href":"https:\/\/www.phys.uaic.ro\/old\/index.php\/wp-json\/wp\/v2\/comments?post=21867"}],"version-history":[{"count":0,"href":"https:\/\/www.phys.uaic.ro\/old\/index.php\/wp-json\/wp\/v2\/pages\/21867\/revisions"}],"wp:attachment":[{"href":"https:\/\/www.phys.uaic.ro\/old\/index.php\/wp-json\/wp\/v2\/media?parent=21867"}],"curies":[{"name":"wp","href":"https:\/\/api.w.org\/{rel}","templated":true}]}}