{"id":220,"date":"2018-02-14T14:50:54","date_gmt":"2018-02-14T14:50:54","guid":{"rendered":"http:\/\/www.phys.uaic.ro\/?page_id=220"},"modified":"2018-02-16T14:42:33","modified_gmt":"2018-02-16T14:42:33","slug":"informatii-generale-srf","status":"publish","type":"page","link":"https:\/\/www.phys.uaic.ro\/old\/index.php\/alumni\/srf\/informatii-generale-srf\/","title":{"rendered":"Informa\u021bii generale despre SRF"},"content":{"rendered":"<p><img decoding=\"async\" src=\"http:\/\/www.phys.uaic.ro\/wp\/srf\/imagini\/srf.png\" alt=\"srf\" style=\"width: 280px;height: 109px;float: right;border: 1px solid #000000;margin: 10px;padding: 10px;\" \/><\/p>\n<p>Societatea Romana de Fizic\u0103 (SRF) este o asocia\u021bie reprezentativ\u0103 care reune\u0219te fizicieni, profesori \u0219i speciali\u0219ti (cercet\u0103tori) implica\u021bi \u00een cercet\u0103ri de fizic\u0103.<\/p>\n<p>SRF este o organiza\u021bie apolitic\u0103, nonprofit, independent\u0103, democratic\u0103 cu \u00eenalte standarde de competen\u021b\u0103 profesional\u0103.<\/p>\n<p>SRF urm\u0103re\u0219te s\u0103 men\u021bin\u0103 \u0219tiin\u021ba, \u0219i \u00een special fizica, la un nivel ridicat de importan\u021b\u0103, at\u00e2t \u00een plan material, c\u00e2t \u0219i \u00een cel spiritual. SRF i\u0219i propune s\u0103 ac\u021bioneze ca un factor dinamic \u00een stimularea g\u00e2ndirii libere \u0219i creative, a ideilor inovatoare \u0219i a originalit\u0103\u021bii, \u0219i \u00een dezvoltarea unor astfel de structuri institu\u021bionale care \u00eencurajeaza av\u00e2ntul \u0219tiin\u021bei.<\/p>\n<p>Adresa paginii web a SRF este <a href=\"http:\/\/www.srfizica.ro\/structure.php\"><span style=\"color: blue;\">http:\/\/www.srfizica.ro\/structure.php<\/span><\/a><\/p>\n<p>Informa\u021bii pentru \u00eenscrierea \u00een SRF g\u0103si\u021bi la adresa <a href=\"http:\/\/www.srfizica.ro\/inscr_main.php\"><span style=\"color: blue;\">http:\/\/www.srfizica.ro\/inscr_main.php<\/span><\/a><\/p>\n","protected":false},"excerpt":{"rendered":"<p>Societatea Romana de Fizic\u0103 (SRF) este o asocia\u021bie reprezentativ\u0103 care reune\u0219te fizicieni, profesori \u0219i speciali\u0219ti (cercet\u0103tori) implica\u021bi \u00een cercet\u0103ri de fizic\u0103. SRF este o organiza\u021bie apolitic\u0103, nonprofit, independent\u0103, democratic\u0103 cu \u00eenalte standarde de competen\u021b\u0103 profesional\u0103. SRF urm\u0103re\u0219te s\u0103 men\u021bin\u0103 \u0219tiin\u021ba, \u0219i \u00een special fizica, la un nivel ridicat de importan\u021b\u0103, at\u00e2t \u00een plan material, c\u00e2t \u0219i \u00een cel\u2026 <span class=\"read-more\"><a href=\"https:\/\/www.phys.uaic.ro\/old\/index.php\/alumni\/srf\/informatii-generale-srf\/\">Read More &raquo;<\/a><\/span><\/p>\n","protected":false},"author":3,"featured_media":0,"parent":97,"menu_order":0,"comment_status":"closed","ping_status":"closed","template":"","meta":{"footnotes":""},"class_list":["post-220","page","type-page","status-publish","hentry"],"_links":{"self":[{"href":"https:\/\/www.phys.uaic.ro\/old\/index.php\/wp-json\/wp\/v2\/pages\/220","targetHints":{"allow":["GET"]}}],"collection":[{"href":"https:\/\/www.phys.uaic.ro\/old\/index.php\/wp-json\/wp\/v2\/pages"}],"about":[{"href":"https:\/\/www.phys.uaic.ro\/old\/index.php\/wp-json\/wp\/v2\/types\/page"}],"author":[{"embeddable":true,"href":"https:\/\/www.phys.uaic.ro\/old\/index.php\/wp-json\/wp\/v2\/users\/3"}],"replies":[{"embeddable":true,"href":"https:\/\/www.phys.uaic.ro\/old\/index.php\/wp-json\/wp\/v2\/comments?post=220"}],"version-history":[{"count":0,"href":"https:\/\/www.phys.uaic.ro\/old\/index.php\/wp-json\/wp\/v2\/pages\/220\/revisions"}],"up":[{"embeddable":true,"href":"https:\/\/www.phys.uaic.ro\/old\/index.php\/wp-json\/wp\/v2\/pages\/97"}],"wp:attachment":[{"href":"https:\/\/www.phys.uaic.ro\/old\/index.php\/wp-json\/wp\/v2\/media?parent=220"}],"curies":[{"name":"wp","href":"https:\/\/api.w.org\/{rel}","templated":true}]}}