{"id":22019,"date":"2024-06-11T09:30:59","date_gmt":"2024-06-11T06:30:59","guid":{"rendered":"https:\/\/www.phys.uaic.ro\/?page_id=22019"},"modified":"2024-08-09T08:45:30","modified_gmt":"2024-08-09T05:45:30","slug":"organizarea-admiterii-la-master-iulie-2024","status":"publish","type":"page","link":"https:\/\/www.phys.uaic.ro\/old\/index.php\/organizarea-admiterii-la-master-iulie-2024\/","title":{"rendered":"Organizarea admiterii la MASTER &#8211; iulie 2024"},"content":{"rendered":"<p><a href=\"https:\/\/www.phys.uaic.ro\/old\/wp-content\/uploads\/2024\/08\/masterat_BUGET_afisat_iulie-2024_runda2.pdf\" target=\"_blank\" rel=\"noopener\"><span style=\"color: #ff0000; font-size: 14pt;\"><em><strong>Rezultate admitere master \u2013 etapa a doua \u2013 BUGET \u2013 afisat 1 august 2024<\/strong><\/em><\/span><\/a><\/p>\n<p><a href=\"https:\/\/www.phys.uaic.ro\/old\/wp-content\/uploads\/2024\/08\/masterat_TAXA_afisat_iulie-2024_runda2.pdf\" target=\"_blank\" rel=\"noopener\"><span style=\"color: #ff0000; font-size: 14pt;\"><em><strong>Rezultate admitere master \u2013 etapa a doua \u2013 TAXA \u2013 afisat 1 august 2024<\/strong><\/em><\/span><\/a><\/p>\n<p><a href=\"https:\/\/www.phys.uaic.ro\/old\/wp-content\/uploads\/2024\/08\/masterat_RP-runda2.pdf\" target=\"_blank\" rel=\"noopener\"><span style=\"color: #ff0000; font-size: 14pt;\"><em><strong>Rezultate admitere master \u2013 locuri Rom\u00e2ni de pretutindeni \u2013 afisat 1 august 2024<\/strong><\/em><\/span><\/a><\/p>\n<h3><\/h3>\n<h3><span style=\"color: #0000ff;\"><a style=\"color: #0000ff;\" href=\"https:\/\/www.phys.uaic.ro\/old\/wp-content\/uploads\/2024\/07\/master-BUGET-iulie-2024.pdf\" target=\"_blank\" rel=\"noopener\"><strong>Rezultate admitere master BUGET &#8211; iulie 2024<\/strong><\/a><\/span><\/h3>\n<h3><span style=\"color: #0000ff;\"><a style=\"color: #0000ff;\" href=\"https:\/\/www.phys.uaic.ro\/old\/wp-content\/uploads\/2024\/07\/master-TAXA-iulie-2024.pdf\" target=\"_blank\" rel=\"noopener\"><strong>Rezultate admitere master TAX\u0102 &#8211; iulie 2024<\/strong><\/a><\/span><\/h3>\n<h3><a href=\"https:\/\/www.phys.uaic.ro\/old\/wp-content\/uploads\/2024\/07\/masterat_RP-iulie-2024.pdf\" target=\"_blank\" rel=\"noopener\"><span style=\"color: #ff0000;\"><span style=\"color: #0000ff;\">Rezultate admitere master iulie 2024 &#8211; locuri Rom\u00e2ni de Pretutindeni Tax\u0103<\/span><\/span><\/a><\/h3>\n<p>&nbsp;<\/p>\n<p id=\"confirmare-master\"><span style=\"font-size: 14pt;\">Candida\u0163ii declara\u0163i <b>admi\u015fi<\/b> vor trebui \u00een perioada <strong>24-31 iulie 2024, <\/strong>\u00eentre orele <b>9-15<\/b>, except\u00e2nd s\u00e2mb\u0103ta si duminica:<\/span><\/p>\n<ul>\n<li><span style=\"font-size: 14pt;\"><b>s\u0103 semneze contractul de studii;<\/b><\/span><\/li>\n<li><span style=\"font-size: 14pt;\"><b>s\u0103 achite taxa de \u00eenmatriculare de 100 RON<\/b> (cei admi\u015fi la buget);<\/span><\/li>\n<li><span style=\"font-size: 14pt;\"><b>s\u0103 achite o prim\u0103 parte a taxei \u015fcolarizare de 500 lei<\/b> (cei admi\u0219i pe locurile cu tax\u0103);<\/span><\/li>\n<li><span style=\"font-size: 14pt;\"><b>s\u0103 completeze dosarul cu actele \u00een original<\/b> (diploma de bacalaureat, adeverin\u0163a\/diploma de licen\u0163\u0103 \u015fi foaia matricol\u0103\/suplimentul la diplom\u0103).<\/span><\/li>\n<\/ul>\n<p><span style=\"font-size: 14pt;\">\u00cen caz contrar se pierde calitatea de student, iar locul r\u0103mas liber va fi ocupat, \u00een ordine descresc\u0103toare a mediilor la admitere, de un alt candidat sau va fi scos din nou la concurs \u00een perioada <\/span><b><span style=\"font-size: 14pt;\">6-11 septembrie 2024.<\/span><br \/>\n<\/b><\/p>\n<p>&nbsp;<\/p>\n<p><span style=\"font-size: 14pt;\">Candida\u021bii care, din diverse motive, renun\u021b\u0103 la loc sunt ruga\u021bi s\u0103 trimit\u0103 un e-mail la adresa fizica@uaic.ro.<\/span><\/p>\n<p>&nbsp;<\/p>\n<h3><strong>Perioada admiterii<\/strong><\/h3>\n<ul>\n<li><b>\u00censcriere \u0219i depunerea dosarelor<\/b>: 15-20 iulie 2024 (online \u0219i fizic \u00een laboratorul de informatic\u0103 &#8211; demisol)\n<ul>\n<li>luni, <strong>15 iulie<\/strong> \u2013 vineri, <strong>19 iulie 2024<\/strong>, orele <strong>9:00 \u2013 16:00<\/strong><\/li>\n<li>s\u00e2mb\u0103t\u0103, <strong>20 iulie 2024<\/strong>; orele <strong>9:00 \u2013 13:00<\/strong><\/li>\n<\/ul>\n<\/li>\n<li><b>Selec\u021bia candida\u021bilor \u0219i afi\u0219area rezultatelor<\/b>: 22-27 iulie 2024<\/li>\n<\/ul>\n<p>&nbsp;<\/p>\n<p><strong>Conturile de acces<\/strong> pe platforma <a href=\"https:\/\/eadmitere.uaic.ro\"><strong>eadmitere.uaic.ro<\/strong><\/a> vor putea fi create p\u00e2n\u0103 cel t\u00e2rziu s\u00e2mb\u0103t\u0103, <strong>20 iulie<\/strong> <strong>2024<\/strong>, ora <strong>12:00<\/strong>, completarea \u0219i finalizarea dosarelor put\u00e2ndu-se face p\u00e2n\u0103 la ora <strong>13:oo<\/strong>.<\/p>\n<p>Deschide\u0163i pagina\u00a0<a href=\"https:\/\/eadmitere.uaic.ro\"><strong>https:\/\/eadmitere.uaic.ro<\/strong><\/a> de pe site-ul universit\u0103\u021bii \u015fi urma\u0163i instruc\u0163iunile de admitere \u00eensemn\u00e2nd achitarea taxei de admitere, scanarea (fotocopierea) actelor necesare si trimiterea lor \u00een contul creat. Informa\u0163ii suplimentare pute\u0163i primi la <em>fizica@uaic.ro<\/em>.<\/p>\n<p>&nbsp;<\/p>\n<p><a href=\"https:\/\/www.phys.uaic.ro\/old\/index.php\/numarul-de-locuri-la-master-iulie-2024\/\">Num\u0103rul de locuri<\/a><\/p>\n<p><a href=\"https:\/\/www.phys.uaic.ro\/old\/index.php\/conditii-de-admitere-si-taxe-la-master-iulie-2024\/\">Condi\u021bii de admitere \u0219i taxe<\/a><\/p>\n<p><a href=\"https:\/\/www.phys.uaic.ro\/old\/index.php\/actele-necesare-la-master-iulie-2024\/\">Actele necesare<\/a><\/p>\n<p>&nbsp;<\/p>\n<p><b>Informa\u021bii<\/b> despre admitere:<\/p>\n<ul>\n<li>\n<ul>\n<li>Tel: 0232 201050<\/li>\n<li>E-mail: fizica@uaic.ro<\/li>\n<li>Site-ul Facult\u0103\u021bii de Fizic\u0103: <a href=\"http:\/\/www.phys.uaic.ro\" target=\"_blank\" rel=\"noopener\">http:\/\/www.phys.uaic.ro<\/a><\/li>\n<li>Site-ul universit\u0103\u021bii dedicat admiterii: <a href=\"http:\/\/admitere.uaic.ro\/\" target=\"_blank\" rel=\"noopener\">http:\/\/admitere.uaic.ro\/<\/a><\/li>\n<\/ul>\n<\/li>\n<\/ul>\n<p>Candida\u021bii declara\u021bi reu\u0219i\u021bi \u00een condi\u021biile de mai sus vor avea prioritate, \u021bin\u00e2ndu-se cont de media de admitere, \u00een ob\u021binerea bursei de studiu \u0219i a unui loc \u00een c\u0103minele universit\u0103\u021bii.<\/p>\n<p>&nbsp;<\/p>\n<p><a href=\"https:\/\/admitere.uaic.ro\/wp-content\/uploads\/2024\/01\/Reg_Adm_MASTER_2024-2025_aprobatSenat_final.pdf\" target=\"_blank\" rel=\"noopener\"><em>Metodologie privind organizarea \u015fi desf\u0103\u015furarea admiterii \u00een ciclul de studii universitare de master pentru anul universitar 2024-2025<\/em><\/a><\/p>\n<p><a href=\"https:\/\/www.phys.uaic.ro\/old\/wp-content\/uploads\/2022\/05\/L_02.-Anexa_INFORMARE-PRIVIND-PRELUCRAREA-INFORMATIILOR-2022.pdf\" target=\"_blank\" rel=\"noopener\"><em>Informare privind prelucrarea informa\u021biilor cu caracter personal<\/em><\/a><\/p>\n","protected":false},"excerpt":{"rendered":"<p>Rezultate admitere master \u2013 etapa a doua \u2013 BUGET \u2013 afisat 1 august 2024 Rezultate admitere master \u2013 etapa a doua \u2013 TAXA \u2013 afisat 1 august 2024 Rezultate admitere master \u2013 locuri Rom\u00e2ni de pretutindeni \u2013 afisat 1 august 2024 Rezultate admitere master BUGET &#8211; iulie 2024 Rezultate admitere master TAX\u0102 &#8211; iulie 2024 Rezultate admitere master\u2026 <span class=\"read-more\"><a href=\"https:\/\/www.phys.uaic.ro\/old\/index.php\/organizarea-admiterii-la-master-iulie-2024\/\">Read More &raquo;<\/a><\/span><\/p>\n","protected":false},"author":5,"featured_media":0,"parent":0,"menu_order":0,"comment_status":"closed","ping_status":"closed","template":"","meta":{"footnotes":""},"class_list":["post-22019","page","type-page","status-publish","hentry"],"_links":{"self":[{"href":"https:\/\/www.phys.uaic.ro\/old\/index.php\/wp-json\/wp\/v2\/pages\/22019","targetHints":{"allow":["GET"]}}],"collection":[{"href":"https:\/\/www.phys.uaic.ro\/old\/index.php\/wp-json\/wp\/v2\/pages"}],"about":[{"href":"https:\/\/www.phys.uaic.ro\/old\/index.php\/wp-json\/wp\/v2\/types\/page"}],"author":[{"embeddable":true,"href":"https:\/\/www.phys.uaic.ro\/old\/index.php\/wp-json\/wp\/v2\/users\/5"}],"replies":[{"embeddable":true,"href":"https:\/\/www.phys.uaic.ro\/old\/index.php\/wp-json\/wp\/v2\/comments?post=22019"}],"version-history":[{"count":0,"href":"https:\/\/www.phys.uaic.ro\/old\/index.php\/wp-json\/wp\/v2\/pages\/22019\/revisions"}],"wp:attachment":[{"href":"https:\/\/www.phys.uaic.ro\/old\/index.php\/wp-json\/wp\/v2\/media?parent=22019"}],"curies":[{"name":"wp","href":"https:\/\/api.w.org\/{rel}","templated":true}]}}