{"id":22503,"date":"2024-08-08T17:17:17","date_gmt":"2024-08-08T14:17:17","guid":{"rendered":"https:\/\/www.phys.uaic.ro\/?page_id=22503"},"modified":"2024-08-08T17:17:17","modified_gmt":"2024-08-08T14:17:17","slug":"admiterea-la-licenta-si-master-extensia-balti-sesiunea-iulie-2024","status":"publish","type":"page","link":"https:\/\/www.phys.uaic.ro\/old\/index.php\/admiterea-la-licenta-si-master-extensia-balti-sesiunea-iulie-2024\/","title":{"rendered":"Admiterea la licen\u021b\u0103 \u0219i master Extensia B\u0103l\u021bi &#8211; sesiunea iulie 2024"},"content":{"rendered":"<h3><a href=\"https:\/\/www.phys.uaic.ro\/old\/wp-content\/uploads\/2024\/08\/licenta-Balti_afisat_iulie-2024_runda2.pdf\" target=\"_blank\" rel=\"noopener\"><em><strong>Rezultate admitere LICEN\u021a\u0102 (Extensiunea B\u0102<\/strong><\/em><em><strong>L\u021aI) \u2013 etapa a doua \u2013 BUGET \u2013 afisat 1 august 2024<\/strong><\/em><\/a><\/h3>\n<h3><a href=\"https:\/\/www.phys.uaic.ro\/old\/wp-content\/uploads\/2024\/08\/master-Balti_afisat_iulie-2024_runda2.pdf\" target=\"_blank\" rel=\"noopener\"><em><strong>Rezultate admitere MASTER (Extensiunea B\u0102<\/strong><\/em><em><strong>L\u021aI) \u2013 etapa a doua \u2013 BUGET \u2013 afisat 1 august 2024<\/strong><\/em><\/a><\/h3>\n<h3><a href=\"https:\/\/www.phys.uaic.ro\/old\/wp-content\/uploads\/2024\/08\/Balti_Licenta_Balti_iulie-2024.pdf\" target=\"_blank\" rel=\"noopener\"><span style=\"color: #ff0000;\"><strong>Rezultate admitere licen\u021b\u0103<\/strong> extensia B\u0103l\u021bi <\/span><strong><span style=\"color: #ff0000;\">\u2013 BUGET \u2013 iulie 2024<\/span><\/strong><\/a><\/h3>\n<p id=\"confirmare-master\">Candida\u0163ii declara\u0163i <b>admi\u015fi<\/b> <strong>la licen\u021ba<\/strong> vor trebui \u00een perioada <strong>24-31 iulie 2024, <\/strong>\u00eentre orele <b>9-15<\/b>, except\u00e2nd s\u00e2mb\u0103ta si duminica:<\/p>\n<ul>\n<li><b>s\u0103 completeze dosarul cu actele \u00een original<\/b> (diploma de bacalaureat \u015fi foaia matricol\u0103, dosar plic).<\/li>\n<\/ul>\n<h3><a href=\"https:\/\/www.phys.uaic.ro\/old\/wp-content\/uploads\/2024\/07\/adm-master-balti-iulie-2024.pdf\"><span style=\"color: #ff0000;\"><strong>Rezultate admitere master<\/strong> extensia B\u0103l\u021bi <\/span><strong><span style=\"color: #ff0000;\">\u2013 BUGET \u2013 iulie 2024<\/span><\/strong><\/a><\/h3>\n<p id=\"confirmare-master\">Candida\u0163ii declara\u0163i <b>admi\u015fi<\/b> <strong>la master<\/strong> vor trebui \u00een perioada <strong>24-31 iulie 2024, <\/strong>\u00eentre orele <b>9-15<\/b>, except\u00e2nd s\u00e2mb\u0103ta si duminica:<\/p>\n<ul>\n<li><b>s\u0103 completeze dosarul cu actele \u00een original<\/b> (diploma de bacalaureat, adeverin\u0163a\/diploma de licen\u0163\u0103 \u015fi foaia matricol\u0103\/suplimentul la diplom\u0103)<\/li>\n<\/ul>\n<p>\u00cen caz contrar se pierde calitatea de student, iar locul r\u0103mas liber va fi ocupat, \u00een ordine descresc\u0103toare a mediilor la admitere, de un alt candidat sau va fi scos din nou la concurs \u00een perioada <b>6-11 septembrie 2024.<br \/>\n<\/b><\/p>\n<p>&nbsp;<\/p>\n<p>Candida\u021bii care, din diverse motive, renun\u021b\u0103 la loc sunt ruga\u021bi s\u0103 trimit\u0103 un e-mail la adresa fizica@uaic.ro.<\/p>\n","protected":false},"excerpt":{"rendered":"<p>Rezultate admitere LICEN\u021a\u0102 (Extensiunea B\u0102L\u021aI) \u2013 etapa a doua \u2013 BUGET \u2013 afisat 1 august 2024 Rezultate admitere MASTER (Extensiunea B\u0102L\u021aI) \u2013 etapa a doua \u2013 BUGET \u2013 afisat 1 august 2024 Rezultate admitere licen\u021b\u0103 extensia B\u0103l\u021bi \u2013 BUGET \u2013 iulie 2024 Candida\u0163ii declara\u0163i admi\u015fi la licen\u021ba vor trebui \u00een perioada 24-31 iulie 2024, \u00eentre orele 9-15, except\u00e2nd\u2026 <span class=\"read-more\"><a href=\"https:\/\/www.phys.uaic.ro\/old\/index.php\/admiterea-la-licenta-si-master-extensia-balti-sesiunea-iulie-2024\/\">Read More &raquo;<\/a><\/span><\/p>\n","protected":false},"author":3,"featured_media":0,"parent":0,"menu_order":0,"comment_status":"closed","ping_status":"closed","template":"","meta":{"footnotes":""},"class_list":["post-22503","page","type-page","status-publish","hentry"],"_links":{"self":[{"href":"https:\/\/www.phys.uaic.ro\/old\/index.php\/wp-json\/wp\/v2\/pages\/22503","targetHints":{"allow":["GET"]}}],"collection":[{"href":"https:\/\/www.phys.uaic.ro\/old\/index.php\/wp-json\/wp\/v2\/pages"}],"about":[{"href":"https:\/\/www.phys.uaic.ro\/old\/index.php\/wp-json\/wp\/v2\/types\/page"}],"author":[{"embeddable":true,"href":"https:\/\/www.phys.uaic.ro\/old\/index.php\/wp-json\/wp\/v2\/users\/3"}],"replies":[{"embeddable":true,"href":"https:\/\/www.phys.uaic.ro\/old\/index.php\/wp-json\/wp\/v2\/comments?post=22503"}],"version-history":[{"count":0,"href":"https:\/\/www.phys.uaic.ro\/old\/index.php\/wp-json\/wp\/v2\/pages\/22503\/revisions"}],"wp:attachment":[{"href":"https:\/\/www.phys.uaic.ro\/old\/index.php\/wp-json\/wp\/v2\/media?parent=22503"}],"curies":[{"name":"wp","href":"https:\/\/api.w.org\/{rel}","templated":true}]}}