{"id":228,"date":"2018-02-14T14:55:48","date_gmt":"2018-02-14T14:55:48","guid":{"rendered":"http:\/\/www.phys.uaic.ro\/?page_id=228"},"modified":"2026-02-11T15:16:35","modified_gmt":"2026-02-11T13:16:35","slug":"sophys","status":"publish","type":"page","link":"https:\/\/www.phys.uaic.ro\/old\/index.php\/alumni\/sophys\/","title":{"rendered":"Asocia\u021bia Societatea absolven\u021bilor Facult\u0103\u021bii de Fizic\u0103 din Ia\u0219i \u2013 SOPHYS"},"content":{"rendered":"<p>Consiliul director are urm\u0103toarea componen\u0163\u0103:<\/p>\n<p><strong>\u00a0\u00a0\u00a0\u00a0\u00a0\u00a0\u00a0\u00a0\u00a0\u00a0\u00a0\u00a0\u00a0\u00a0\u00a0\u00a0\u00a0\u00a0\u00a0\u00a0 Pre\u0219edinte \u2013 <\/strong>Domnul<strong> Prof.univ.dr.habil IONU\u0162 &#8211; CRISTIAN TOPAL\u0102<\/strong><\/p>\n<p><strong>\u00a0\u00a0\u00a0\u00a0\u00a0\u00a0\u00a0\u00a0\u00a0\u00a0\u00a0\u00a0\u00a0\u00a0\u00a0\u00a0\u00a0\u00a0\u00a0\u00a0 Vicepre\u015fedinte &#8211; <\/strong>Domnul<strong> CS III dr. ILARION MIH\u0102IL\u0102<\/strong><\/p>\n<p><strong>\u00a0\u00a0\u00a0\u00a0\u00a0\u00a0\u00a0\u00a0\u00a0\u00a0\u00a0\u00a0\u00a0\u00a0\u00a0\u00a0\u00a0\u00a0\u00a0\u00a0 Membru \u2013<\/strong> Domnul <strong>Prof.univ.dr.habil. LAUREN\u021aIU STOLERIU\u00a0\u00a0\u00a0\u00a0\u00a0\u00a0\u00a0\u00a0\u00a0\u00a0\u00a0\u00a0\u00a0\u00a0\u00a0\u00a0\u00a0\u00a0\u00a0\u00a0 <\/strong><\/p>\n<p><strong>\u00a0\u00a0\u00a0\u00a0\u00a0\u00a0\u00a0\u00a0\u00a0\u00a0\u00a0\u00a0\u00a0\u00a0\u00a0\u00a0\u00a0\u00a0\u00a0\u00a0 Membu \u2013<\/strong> Domnul <strong>Conf.univ.dr. CRISTIAN BABAN<\/strong><\/p>\n<p><strong>\u00a0\u00a0\u00a0\u00a0\u00a0\u00a0\u00a0\u00a0\u00a0\u00a0\u00a0\u00a0\u00a0\u00a0\u00a0\u00a0\u00a0\u00a0\u00a0\u00a0 Membru \u2013<\/strong> Domnul <strong>Prof.univ.dr.habil. DAN-GHEORGHE DIMITRIU<\/strong><\/p>\n<p><strong>\u00a0\u00a0\u00a0\u00a0\u00a0\u00a0\u00a0\u00a0\u00a0\u00a0\u00a0\u00a0\u00a0\u00a0\u00a0\u00a0\u00a0\u00a0\u00a0\u00a0 Membru \u2013<\/strong> Domnul <strong>Conf.univ.dr.habil. IORDANA A\u0218TEF\u0102NOAEI<\/strong><\/p>\n<p><strong>\u00a0\u00a0\u00a0\u00a0\u00a0\u00a0\u00a0\u00a0\u00a0\u00a0\u00a0\u00a0\u00a0\u00a0\u00a0\u00a0\u00a0\u00a0\u00a0\u00a0 Secretar al Consiliului director<\/strong> &#8211; Doamna<strong> fiz. LIVIA IONESCU<\/strong><\/p>\n<p><strong><em>Pre\u015fedintele de onoare al <\/em><\/strong><em>ASOCIA\u0162IEI \u201cSOCIETATEA ABSOLVEN\u0162ILOR FACULT\u0102\u0162II DE FIZIC\u0102 DIN IA\u015eI &#8211; SOPHYS\u201d<\/em>, <strong><em>\u00a0este Domnul <\/em><\/strong><em>Prof.univ.dr. MIHAI TOMA<strong>.<\/strong><\/em><\/p>\n<p>Ini\u021biativa \u00eenfiin\u021b\u0103rii <b>Asocia\u021biei Societatea absolven\u021bilor Facult\u0103\u021bii de Fizic\u0103 din Ia\u0219i \u2013 SOPHYS<\/b>, a fost luat\u0103 la data de 30 martie 2005 de c\u0103tre un grup de cadre didactice care s-au constituit \u00een membrii fondatori ai Asocia\u021biei:<\/p>\n<ul>\n<li>Prof. dr. Mihai Toma<\/li>\n<li>Prof. dr. Violeta Georgescu<\/li>\n<li>Prof. dr. Gheorghe Popa<\/li>\n<li>Prof. dr. Mitachi Strat<\/li>\n<li>Prof. dr. Alexandru Stancu<\/li>\n<li>Prof. dr. Dumitru Luca<\/li>\n<li>Conf. dr. Vasile Tura<\/li>\n<\/ul>\n<p>\u00cen urma procedurilor, Asocia\u021bia SOPHYS:<\/p>\n<ul>\n<li>a c\u0103p\u0103tat personalitate juridic\u0103 prin \u00eenscrierea \u00een Registrul Asocia\u021biilor \u0219i Funda\u021biilor, aflat \u00een grija Judec\u0103toriei Ia\u0219i, Dosar Nr.223\/PJ\/2005 pozi\u021bia nr.154\/A\/ 10.11.2005.<\/li>\n<li>are codul de identificare fiscal\u0103 (C.I.F.) nr.18175781, autoriza\u021bie OG.26\/2000 223\/PJ\/2005; 30-1\/7040 atribuit la data de 30.11.2005 de c\u0103tre Ministerul Finan\u021belor Publice.<\/li>\n<\/ul>\n<p><i>Asocia\u021bia SOPHYS a fost recunoscut\u0103 de c\u0103tre MEC prin adresa nr. 55497\/03.02.2006 fiind luat\u0103 \u00een eviden\u021b\u0103 prin documentul nr. 38\/01.02.2006, \u00een conformitate cu art.52 din O.G. 26\/2000 cu privire la asocia\u021bii \u0219i funda\u021bii, aprobat\u0103 prin Legea 246\/2005.<\/i><\/p>\n<p>Scopul Asocia\u021biei SOCIETATEA ABSOLVEN\u021aILOR FACULTA\u021aII DE FIZICA DIN IA\u0218I-SOPHYS este cultivarea leg\u0103turilor afective \u0219i profesionale \u00eentre Facultatea de Fizic\u0103 din Ia\u0219i \u0219i absolven\u021bii acesteia, \u00een vederea cre\u0219terii eficien\u021bei activit\u0103\u021bilor facult\u0103\u021bii, a leg\u0103turilor profesionale \u0219i sociale dintre absolven\u021bi, promovarea ac\u021biunilor \u00een sprijinul \u00eenv\u0103\u021b\u0103m\u00eentului de fizic\u0103, desf\u0103\u0219urat \u00een unit\u0103\u021bile de profil la toate nivelurile \u2013 gimnazial, liceal, universitar, postuniversitar \u2013 p\u0103str\u00eend tradi\u021bia unui dialog permanent \u00eentre genera\u021biile de licen\u021bia\u021bi, masteranzi \u0219i doctoranzi.<\/p>\n<p>Obiectivele asocia\u021biei sunt:<\/p>\n<ul>\n<li>s\u0103 colaboreze cu autorit\u0103\u021bi, institu\u021bii publice \u0219i oricare alte persoane juridice sau fizice \u00een vederea realiz\u0103rii scopului propus;<\/li>\n<li>s\u0103 stabileasc\u0103 \u0219i s\u0103 dezvolte rela\u021bii de colaborare cu organiza\u021bii interna\u021bionale, cu asocia\u021bii, cluburi \u0219i federa\u021bii de specialitate din \u021bar\u0103 si str\u0103in\u0103tate, precum \u0219i cu al\u021bi parteneri din \u021bar\u0103 \u0219i str\u0103in\u0103tate \u2013 persoane fizice \u0219i juridice;<\/li>\n<li>s\u0103 sprijine prin toate mijloacele de ordin moral (logistic\u0103, management) \u0219i, \u00een func\u021bie de posibilit\u0103\u021bi, material, a oric\u0103ror activit\u0103\u021bi ori ac\u021biuni care sunt menite s\u0103 asigure realizarea scopului propus;<\/li>\n<li>dezvoltarea de programe \u00een vederea cre\u0219terii eficien\u021bei facult\u0103\u021bii;<\/li>\n<li>sprijinirea \u0219i promovarea de proiecte \u00een sprijinul inv\u0103\u021b\u0103m\u00eentului desf\u0103\u0219urat \u00een unit\u0103\u021bile de profil la toate nivelurile &#8211; gimnazial, liceal, universitar, postuniversitar;<\/li>\n<li>editarea unor publica\u021bii de specialitate.<\/li>\n<\/ul>\n<p>Membrii asocia\u021biei s\u00eent:<\/p>\n<ul>\n<li>membrii fondatori;<\/li>\n<li>membrii de onoare;<\/li>\n<li>membrii.<\/li>\n<\/ul>\n<p>S\u00eent membri fondatori persoanele care au participat la constituirea patrimoniului asocia\u021biei \u0219i la \u00eenfiin\u021barea acesteia, figur\u00eend ca atare \u00een actele de constituire.<\/p>\n<p>Membrii asocia\u021biei pot fi persoane care, s\u00eent de acord cu scopul acesteia \u0219i \u00eenteleg, ca prin propria activitate, s\u0103 contribuie la realizarea lui.<\/p>\n<p>Poate deveni membru al asocia\u021biei orice persoan\u0103 fizic\u0103, indiferent de v\u00eerst\u0103, profesie, religie, sex, na\u021bionalitate, cet\u0103\u021benie, origine social\u0103, avere, care \u00ee\u0219i manifest\u0103 expres, prin cererea scris\u0103, aceast\u0103 dorin\u021b\u0103.<\/p>\n<p>La \u00eenscrierea \u00een asocia\u0163ie fiecare membru este obligat s\u0103 achite cotiza\u0163ia pe primul an, iar apoi se va achita anual cotiza\u0163ia pentru men\u0163inerea calit\u0103\u0163ii de membru. Pot fi asimilate cotiza\u0163iei: <em>dona\u0163ii, sponsoriz\u0103ri, <a href=\"https:\/\/formular230.ro\/asociatia-societatea-absolventilor-facultatii-de-fizica-din-iasi-sophys-iasi\" target=\"_blank\" rel=\"noopener\">redirec\u0163ionarea unui procent de 3.5% din impozitul pe venit c\u0103tre asocia\u0163ie<\/a>.<\/em><\/p>\n<p>Achitarea cotiza\u021biei sau dona\u021bii se pot face \u00een conturile:<\/p>\n<p><b>Asocia\u021bia Societatea absolven\u021bilor Facult\u0103\u021bii de Fizic\u0103 din Ia\u0219i \u2013 SOPHYS<\/b> <strong>IA\u0218I<\/strong><br \/>\nUAIC Facultatea de Fizica, Blvd. Carol I Nr. 11, corp A, camera 172<br \/>\nBanca: BRD Ia\u0219i, &#8222;V. Conta&#8221; Agency<br \/>\nAdresa b\u0103ncii: Bd Independen\u021bei nr. 9-11, Ia\u0219i, Rom\u00e2nia<\/p>\n<p>IBAN: RO59BRDE240SV60971042400 (pl\u0103\u021bi in EUR)<br \/>\nRO81BRDE240SV48411042400 (pl\u0103\u021bi in RON)<br \/>\nCIF 18175781<\/p>\n","protected":false},"excerpt":{"rendered":"<p>Consiliul director are urm\u0103toarea componen\u0163\u0103: \u00a0\u00a0\u00a0\u00a0\u00a0\u00a0\u00a0\u00a0\u00a0\u00a0\u00a0\u00a0\u00a0\u00a0\u00a0\u00a0\u00a0\u00a0\u00a0\u00a0 Pre\u0219edinte \u2013 Domnul Prof.univ.dr.habil IONU\u0162 &#8211; CRISTIAN TOPAL\u0102 \u00a0\u00a0\u00a0\u00a0\u00a0\u00a0\u00a0\u00a0\u00a0\u00a0\u00a0\u00a0\u00a0\u00a0\u00a0\u00a0\u00a0\u00a0\u00a0\u00a0 Vicepre\u015fedinte &#8211; Domnul CS III dr. ILARION MIH\u0102IL\u0102 \u00a0\u00a0\u00a0\u00a0\u00a0\u00a0\u00a0\u00a0\u00a0\u00a0\u00a0\u00a0\u00a0\u00a0\u00a0\u00a0\u00a0\u00a0\u00a0\u00a0 Membru \u2013 Domnul Prof.univ.dr.habil. LAUREN\u021aIU STOLERIU\u00a0\u00a0\u00a0\u00a0\u00a0\u00a0\u00a0\u00a0\u00a0\u00a0\u00a0\u00a0\u00a0\u00a0\u00a0\u00a0\u00a0\u00a0\u00a0\u00a0 \u00a0\u00a0\u00a0\u00a0\u00a0\u00a0\u00a0\u00a0\u00a0\u00a0\u00a0\u00a0\u00a0\u00a0\u00a0\u00a0\u00a0\u00a0\u00a0\u00a0 Membu \u2013 Domnul Conf.univ.dr. CRISTIAN BABAN \u00a0\u00a0\u00a0\u00a0\u00a0\u00a0\u00a0\u00a0\u00a0\u00a0\u00a0\u00a0\u00a0\u00a0\u00a0\u00a0\u00a0\u00a0\u00a0\u00a0 Membru \u2013 Domnul Prof.univ.dr.habil. DAN-GHEORGHE DIMITRIU \u00a0\u00a0\u00a0\u00a0\u00a0\u00a0\u00a0\u00a0\u00a0\u00a0\u00a0\u00a0\u00a0\u00a0\u00a0\u00a0\u00a0\u00a0\u00a0\u00a0 Membru \u2013 Domnul Conf.univ.dr.habil. IORDANA A\u0218TEF\u0102NOAEI \u00a0\u00a0\u00a0\u00a0\u00a0\u00a0\u00a0\u00a0\u00a0\u00a0\u00a0\u00a0\u00a0\u00a0\u00a0\u00a0\u00a0\u00a0\u00a0\u00a0 Secretar al Consiliului director &#8211; Doamna\u2026 <span class=\"read-more\"><a href=\"https:\/\/www.phys.uaic.ro\/old\/index.php\/alumni\/sophys\/\">Read More &raquo;<\/a><\/span><\/p>\n","protected":false},"author":3,"featured_media":0,"parent":99,"menu_order":0,"comment_status":"closed","ping_status":"closed","template":"","meta":{"footnotes":""},"class_list":["post-228","page","type-page","status-publish","hentry"],"_links":{"self":[{"href":"https:\/\/www.phys.uaic.ro\/old\/index.php\/wp-json\/wp\/v2\/pages\/228","targetHints":{"allow":["GET"]}}],"collection":[{"href":"https:\/\/www.phys.uaic.ro\/old\/index.php\/wp-json\/wp\/v2\/pages"}],"about":[{"href":"https:\/\/www.phys.uaic.ro\/old\/index.php\/wp-json\/wp\/v2\/types\/page"}],"author":[{"embeddable":true,"href":"https:\/\/www.phys.uaic.ro\/old\/index.php\/wp-json\/wp\/v2\/users\/3"}],"replies":[{"embeddable":true,"href":"https:\/\/www.phys.uaic.ro\/old\/index.php\/wp-json\/wp\/v2\/comments?post=228"}],"version-history":[{"count":0,"href":"https:\/\/www.phys.uaic.ro\/old\/index.php\/wp-json\/wp\/v2\/pages\/228\/revisions"}],"up":[{"embeddable":true,"href":"https:\/\/www.phys.uaic.ro\/old\/index.php\/wp-json\/wp\/v2\/pages\/99"}],"wp:attachment":[{"href":"https:\/\/www.phys.uaic.ro\/old\/index.php\/wp-json\/wp\/v2\/media?parent=228"}],"curies":[{"name":"wp","href":"https:\/\/api.w.org\/{rel}","templated":true}]}}