{"id":23072,"date":"2024-10-23T14:04:49","date_gmt":"2024-10-23T11:04:49","guid":{"rendered":"https:\/\/www.phys.uaic.ro\/?page_id=23072"},"modified":"2024-10-23T14:04:49","modified_gmt":"2024-10-23T11:04:49","slug":"stiinta-simplu-prezentari-de-stiinta-pe-intelesul-tuturor","status":"publish","type":"page","link":"https:\/\/www.phys.uaic.ro\/old\/index.php\/stiinta-simplu-prezentari-de-stiinta-pe-intelesul-tuturor\/","title":{"rendered":"\u0218tiin\u021ba, simplu \u2013 prezent\u0103ri de \u0219tiin\u021b\u0103 pe \u00een\u021belesul tuturor"},"content":{"rendered":"<p>workshop gratuit pentru doctoranzii UAIC<\/p>\n<p><strong>29.10.2024, la ora 14:00<\/strong> cu M\u0103d\u0103lina Cocea \u0219i Laura Hro\u0219tea, Online<\/p>\n<p><b>Descriere<\/b><br \/>\nCe te faci c\u00e2nd trebuie s\u0103 le explici prietenilor tema de cercetare pe care o studiezi cu pasiune \u00een laboratorul t\u0103u? Sunt \u0219anse ca o spr\u00e2ncean\u0103 s\u0103 se ridice \u00eentreb\u0103tor sau s\u0103 apar\u0103 un z\u00e2mbet larg acompaniat de un \u201eAha!\u201d entuziast. Variantele depind de tine, de felul \u00een care abordezi subiectul, cum structurezi informa\u021biile \u0219i cum \u00ee\u021bi alegi limbajul. Vino la training-ul \u0218tiin\u021ba, simplu pentru a afla strategii concrete despre cum s\u0103 prezin\u021bi \u0219tiin\u021b\u0103 astfel \u00eenc\u00e2t s\u0103 nu-i plicti\u0219e\u0219ti pe ceilal\u021bi.<br \/>\nStructura workshopului<\/p>\n<ul>\n<li>Prezent\u0103rile de \u0219tiin\u021b\u0103<\/li>\n<li>\u00cen\u021belegerea \u0219i definirea audien\u021bei<\/li>\n<li>Adaptarea mesajului<\/li>\n<li>Structurarea mesajului<\/li>\n<li>Gestionarea emo\u021biilor<\/li>\n<\/ul>\n<p>M\u0103d\u0103lina Cocea este specialist \u00een comunicarea \u0219tiin\u021bei pentru publicul larg.<br \/>\nLaura Hro\u0219tea este cercet\u0103tor \u0219tiin\u021bific la Institutul de Cercet\u0103ri Interdisciplinare UAIC.<\/p>\n<p><b>\u00censcrieri gratuite: <\/b><a tabindex=\"-1\" href=\"https:\/\/bit.ly\/TrainingSSA\" target=\"_blank\" rel=\"external nofollow noopener noreferrer\">https:\/\/bit.ly\/TrainingSSA<\/a>.<\/p>\n","protected":false},"excerpt":{"rendered":"<p>workshop gratuit pentru doctoranzii UAIC 29.10.2024, la ora 14:00 cu M\u0103d\u0103lina Cocea \u0219i Laura Hro\u0219tea, Online Descriere Ce te faci c\u00e2nd trebuie s\u0103 le explici prietenilor tema de cercetare pe care o studiezi cu pasiune \u00een laboratorul t\u0103u? Sunt \u0219anse ca o spr\u00e2ncean\u0103 s\u0103 se ridice \u00eentreb\u0103tor sau s\u0103 apar\u0103 un z\u00e2mbet larg acompaniat de un \u201eAha!\u201d entuziast.\u2026 <span class=\"read-more\"><a href=\"https:\/\/www.phys.uaic.ro\/old\/index.php\/stiinta-simplu-prezentari-de-stiinta-pe-intelesul-tuturor\/\">Read More &raquo;<\/a><\/span><\/p>\n","protected":false},"author":4,"featured_media":0,"parent":0,"menu_order":0,"comment_status":"closed","ping_status":"closed","template":"","meta":{"footnotes":""},"class_list":["post-23072","page","type-page","status-publish","hentry"],"_links":{"self":[{"href":"https:\/\/www.phys.uaic.ro\/old\/index.php\/wp-json\/wp\/v2\/pages\/23072","targetHints":{"allow":["GET"]}}],"collection":[{"href":"https:\/\/www.phys.uaic.ro\/old\/index.php\/wp-json\/wp\/v2\/pages"}],"about":[{"href":"https:\/\/www.phys.uaic.ro\/old\/index.php\/wp-json\/wp\/v2\/types\/page"}],"author":[{"embeddable":true,"href":"https:\/\/www.phys.uaic.ro\/old\/index.php\/wp-json\/wp\/v2\/users\/4"}],"replies":[{"embeddable":true,"href":"https:\/\/www.phys.uaic.ro\/old\/index.php\/wp-json\/wp\/v2\/comments?post=23072"}],"version-history":[{"count":0,"href":"https:\/\/www.phys.uaic.ro\/old\/index.php\/wp-json\/wp\/v2\/pages\/23072\/revisions"}],"wp:attachment":[{"href":"https:\/\/www.phys.uaic.ro\/old\/index.php\/wp-json\/wp\/v2\/media?parent=23072"}],"curies":[{"name":"wp","href":"https:\/\/api.w.org\/{rel}","templated":true}]}}