{"id":23167,"date":"2024-11-06T22:25:58","date_gmt":"2024-11-06T20:25:58","guid":{"rendered":"https:\/\/www.phys.uaic.ro\/?page_id=23167"},"modified":"2024-12-16T09:49:21","modified_gmt":"2024-12-16T07:49:21","slug":"sustinerea-tezei-de-abilitare-a-doamnei-conf-dr-alina-silvia-chiper","status":"publish","type":"page","link":"https:\/\/www.phys.uaic.ro\/old\/index.php\/sustinerea-tezei-de-abilitare-a-doamnei-conf-dr-alina-silvia-chiper\/","title":{"rendered":"Sus\u021binerea tezei de abilitare a doamnei conf. dr. Alina-Silvia CHIPER"},"content":{"rendered":"<p>Sunte\u021bi invita\u021bi s\u0103 participa\u021bi la sus\u021binerea public\u0103 a tezei de abilitare<\/p>\n<p><em><strong>PLASME DE NE-ECHILIBRU LA PRESIUNE ATMOSFERIC\u0102. DIAGNOZ\u0102 \u015eI APLICA\u0162II<\/strong><\/em><\/p>\n<p>elaborat\u0103 de doamna <strong>conf. dr. Alina-Silvia CHIPER<\/strong>, Universitatea \u201cAlexandru Ioan Cuza\u201d din Ia\u0219i. Prezentarea tezei va avea loc <b>vineri,<\/b><b>13.12.2024, \u00eencep\u00e2nd cu ora 10:00, \u00een <\/b><strong>Laborator Fizica Plasmei (etaj 1).<\/strong><\/p>\n<p><a href=\"https:\/\/www.phys.uaic.ro\/old\/wp-content\/uploads\/2024\/11\/CV_Chiper-Alina_7nov2024_ro_site.pdf\" target=\"_blank\" rel=\"noopener\"><b>CV Alina-Silvia CHIPER<\/b><\/a> <img loading=\"lazy\" decoding=\"async\" class=\"\" src=\"https:\/\/www.phys.uaic.ro\/old\/wp\/imagini\/pdf-icon.png\" alt=\"pdf\" width=\"16\" height=\"16\" \/><br \/>\n<a href=\"https:\/\/www.phys.uaic.ro\/old\/wp-content\/uploads\/2024\/11\/9b_AChiper_Rezumat-abilitare_2024_ro.pdf\" target=\"_blank\" rel=\"noopener\"><b>Rezumatul tezei de <\/b><b>abilitare<\/b><\/a> <img loading=\"lazy\" decoding=\"async\" class=\"\" src=\"https:\/\/www.phys.uaic.ro\/old\/wp\/imagini\/pdf-icon.png\" alt=\"pdf\" width=\"21\" height=\"21\" \/><br \/>\n<a href=\"https:\/\/www.phys.uaic.ro\/old\/wp-content\/uploads\/2024\/11\/9a_AChiper_Rezumat-abilitare_2024_en.pdf\" target=\"_blank\" rel=\"noopener\"><b>Summary of Habilitation Thesis<\/b> <\/a><img loading=\"lazy\" decoding=\"async\" class=\"\" src=\"https:\/\/www.phys.uaic.ro\/old\/wp\/imagini\/pdf-icon.png\" alt=\"pdf\" width=\"20\" height=\"20\" \/><br \/>\n<a href=\"https:\/\/www.phys.uaic.ro\/old\/wp-content\/uploads\/2024\/11\/4_Lista-lucrari_Chiper_nov2024.pdf\" target=\"_blank\" rel=\"noopener\"><b>Lista de lucr\u0103ri<\/b><\/a> <img loading=\"lazy\" decoding=\"async\" class=\"\" src=\"https:\/\/www.phys.uaic.ro\/old\/wp\/imagini\/pdf-icon.png\" alt=\"pdf\" width=\"19\" height=\"19\" \/><br \/>\n<a href=\"https:\/\/www.phys.uaic.ro\/old\/wp-content\/uploads\/2024\/11\/2_fisa_indeplinire_standarde_minimale_CNATDCU_Fizica_AChiper.pdf\" target=\"_blank\" rel=\"noopener\"><b>Fi\u0219a de \u00eendeplinire a standardelor minimale CNATDCU<\/b> <\/a><img loading=\"lazy\" decoding=\"async\" class=\"\" src=\"https:\/\/www.phys.uaic.ro\/old\/wp\/imagini\/pdf-icon.png\" alt=\"pdf\" width=\"19\" height=\"19\" \/><\/p>\n<p>&nbsp;<\/p>\n<p><a href=\"https:\/\/www.phys.uaic.ro\/old\/wp-content\/uploads\/2024\/12\/Comisie-abilitare-aprobata_Chiper-Silvia-Alina.pdf\" target=\"_blank\" rel=\"noopener\"><b>Componen\u0163a comisiei de abilitare:<\/b><\/a> <img loading=\"lazy\" decoding=\"async\" class=\"\" src=\"https:\/\/www.phys.uaic.ro\/old\/wp\/imagini\/pdf-icon.png\" alt=\"pdf\" width=\"19\" height=\"19\" \/><\/p>\n<ol>\n<li>CS I Gheorghe DINESCU, Institutul Na\u0163ional pentru Fizica Laserilor, Plasmei \u015fi Radia\u0163iilor, M\u0103gurele, Bucure\u0219ti;<\/li>\n<li>Prof. univ. dr. habil. Cristina STAN, Universitatea Na\u021bional\u0103 de \u0218tiin\u021b\u0103 \u0219i Tehnologie Politehnica din Bucure\u0219ti;<\/li>\n<li>Prof. univ. dr. habil. Lucel S\u00ceRGHI, Universitatea \u201eAlexandru Ioan Cuza\u201d din Ia\u0219i<\/li>\n<\/ol>\n<p><a href=\"https:\/\/www.phys.uaic.ro\/old\/wp-content\/uploads\/2024\/12\/Raport-comisie-abilitare-Chiper-Alina.pdf\" target=\"_blank\" rel=\"noopener\">Raportul comisiei de abilitare<\/a><\/p>\n","protected":false},"excerpt":{"rendered":"<p>Sunte\u021bi invita\u021bi s\u0103 participa\u021bi la sus\u021binerea public\u0103 a tezei de abilitare PLASME DE NE-ECHILIBRU LA PRESIUNE ATMOSFERIC\u0102. DIAGNOZ\u0102 \u015eI APLICA\u0162II elaborat\u0103 de doamna conf. dr. Alina-Silvia CHIPER, Universitatea \u201cAlexandru Ioan Cuza\u201d din Ia\u0219i. Prezentarea tezei va avea loc vineri,13.12.2024, \u00eencep\u00e2nd cu ora 10:00, \u00een Laborator Fizica Plasmei (etaj 1). CV Alina-Silvia CHIPER Rezumatul tezei de abilitare Summary of\u2026 <span class=\"read-more\"><a href=\"https:\/\/www.phys.uaic.ro\/old\/index.php\/sustinerea-tezei-de-abilitare-a-doamnei-conf-dr-alina-silvia-chiper\/\">Read More &raquo;<\/a><\/span><\/p>\n","protected":false},"author":4,"featured_media":0,"parent":0,"menu_order":0,"comment_status":"closed","ping_status":"closed","template":"","meta":{"footnotes":""},"class_list":["post-23167","page","type-page","status-publish","hentry"],"_links":{"self":[{"href":"https:\/\/www.phys.uaic.ro\/old\/index.php\/wp-json\/wp\/v2\/pages\/23167","targetHints":{"allow":["GET"]}}],"collection":[{"href":"https:\/\/www.phys.uaic.ro\/old\/index.php\/wp-json\/wp\/v2\/pages"}],"about":[{"href":"https:\/\/www.phys.uaic.ro\/old\/index.php\/wp-json\/wp\/v2\/types\/page"}],"author":[{"embeddable":true,"href":"https:\/\/www.phys.uaic.ro\/old\/index.php\/wp-json\/wp\/v2\/users\/4"}],"replies":[{"embeddable":true,"href":"https:\/\/www.phys.uaic.ro\/old\/index.php\/wp-json\/wp\/v2\/comments?post=23167"}],"version-history":[{"count":0,"href":"https:\/\/www.phys.uaic.ro\/old\/index.php\/wp-json\/wp\/v2\/pages\/23167\/revisions"}],"wp:attachment":[{"href":"https:\/\/www.phys.uaic.ro\/old\/index.php\/wp-json\/wp\/v2\/media?parent=23167"}],"curies":[{"name":"wp","href":"https:\/\/api.w.org\/{rel}","templated":true}]}}