{"id":23226,"date":"2024-11-12T14:21:36","date_gmt":"2024-11-12T12:21:36","guid":{"rendered":"https:\/\/www.phys.uaic.ro\/?page_id=23226"},"modified":"2025-10-08T11:06:59","modified_gmt":"2025-10-08T08:06:59","slug":"facilitati-de-transport-pentru-studenti-pe-transportul-intern-feroviar","status":"publish","type":"page","link":"https:\/\/www.phys.uaic.ro\/old\/index.php\/facilitati-de-transport-pentru-studenti-pe-transportul-intern-feroviar\/","title":{"rendered":"Facilit\u0103\u021bi de transport pentru studen\u021bi pe transportul intern feroviar"},"content":{"rendered":"<h1><a href=\"https:\/\/www.cfrcalatori.ro\/reduceri-pentru-elevi-si-studenti\/\" target=\"_blank\" rel=\"noopener\">Facilit\u0103\u021bile acordate studen\u021bilor la c\u0103l\u0103toria cu trenul \u00een anul universitar 2025\/2026<\/a><\/h1>\n<p>CFR C\u0103l\u0103tori informeaz\u0103 c\u0103, \u00een conformitate cu legisla\u021bia \u00een vigoare, \u00een cursul anului universitar 2025\/2026, studen\u021bii rom\u00e2ni\/str\u0103ini, \u00een v\u00e2rst\u0103 de p\u00e2n\u0103 la 30 de ani, care sunt \u00eenmatricula\u021bi la forma de \u00eenv\u0103\u021b\u0103m\u00e2nt cu frecven\u021b\u0103 \u00een institu\u021biile de \u00eenv\u0103\u021b\u0103m\u00e2nt superior acreditate din Rom\u00e2nia, beneficiaz\u0103 de reducere 90% la transportul feroviar intern clasa a 2-a la toate categoriile de trenuri (regio, interregio, intercity), doar pe rutele dintre localitatea de domiciliu \u0219i localitatea unde se afl\u0103 institu\u021bia de \u00eenv\u0103\u021b\u0103m\u00e2nt la care studentul este \u00eenmatriculat.<\/p>\n<p>De reducerea de 90% la transportul feroviar beneficiaz\u0103 \u0219i studen\u021bii orfani de unul sau ambii p\u0103rin\u021bi, precum \u0219i cei proveni\u021bi din centre de plasament, familii substitutive sau afla\u021bi la asistent maternal.<\/p>\n<p>Pentru c\u0103l\u0103toria la clasa 1 sau la vagon de dormit\/cu\u0219et\u0103 se vor achita integral diferen\u021bele tarifare.<\/p>\n<p><strong>\u00a0<\/strong><strong>Ob\u021binerea legitima\u021biilor de c\u0103l\u0103torie (bilete \u0219i abonamente) cu reducere 90%:<\/strong><\/p>\n<ul>\n<li>de la casele de bilete din sta\u021biile \u0219i agen\u021biile de voiaj CFR C\u0103l\u0103tori,<\/li>\n<li>online, acces\u00e2nd site-ul <a href=\"http:\/\/www.cfrcalatori.ro?utm_source=chatgpt.com\">cfrcalatori.ro<\/a> \u0219i aplica\u021bia desc\u0103rcabil\u0103 pe dispozitive mobile (telefon, tablet\u0103, etc.) sau de la automatele de bilete CFR C\u0103l\u0103tori amplasate \u00een sta\u021bii, dup\u0103 confirmarea calit\u0103\u021bii de student \u0219i ob\u021binerea ID-ului de student de la casa de bilete,<\/li>\n<li>de la personalul de tren, la urcarea din sta\u021biile \u00een care nu exist\u0103 posibilitatea procur\u0103rii biletelor de c\u0103l\u0103torie,<\/li>\n<\/ul>\n<p>conform condi\u021biilor specifice prezentate \u00een detaliu pe site <a href=\"http:\/\/www.cfrcalatori.ro\">www.cfrcalatori.ro<\/a>, la sec\u021biunea <em>Trafic intern \/ Facilit\u0103\u021bi \/ Reduceri pentru elevi \u0219i studen\u021bi\/ Reduceri pentru studen\u021bii \u00eenmatricula\u021bi \u00een Rom\u00e2nia<\/em>.<\/p>\n<p><strong>Documente necesare:<\/strong><\/p>\n<p>Pentru a beneficia de bilete\/abonamente cu <strong>reducere 90%<\/strong> studen\u021bii trebuie s\u0103 prezinte:<\/p>\n<ul>\n<li>legitima\u021bia de student pentru reducere la transport, vizat\u0103 pentru anul universitar \u00een curs, \u00een original, pe care trebuie s\u0103 fie \u00eenscris\u0103\/localitatea \u00een care se afl\u0103 institu\u021bia la care studentul este \u00eenmatriculat<\/li>\n<li>actul de identitate \u00een original, din care s\u0103 reias\u0103 domiciliul studentului.<\/li>\n<\/ul>\n<p>Studen\u021bii care de\u021bin <strong>carte electronic\u0103 de identitate<\/strong> pot face dovada domiciliului prezent\u00e2nd un document\/certificat emis digital sau \u00een format fizic de structurile specializate de eviden\u021b\u0103 a popula\u021biei<strong> care s\u0103 ateste domiciliul persoanelor.<\/strong><\/p>\n<p><strong>P\u00e2n\u0103 la data de 30\u00a0 noiembrie 2025<\/strong> inclusiv, reducerea de 90% (bilete \/abonamente lunare), se poate acorda \u00een baza legitima\u021biei de student pentru reducere la transport, \u00een original, vizat\u0103 pentru anul universitar 2024-2025. Excep\u021bie: studen\u021bii pentru care anul universitar 2024-2025 este an terminal, nu mai beneficiaz\u0103 de facilit\u0103\u021bile aferente \u00eencep\u00e2nd cu data de 01 octombrie 2025.<\/p>\n<p>Studen\u021bii din <strong>anul I<\/strong>, p\u00e2n\u0103 la ob\u021binerea legitima\u021biei de student pentru reducere la transport, pot beneficia de reducere 90% pentru c\u0103l\u0103toria p\u00e2n\u0103 la data de 30 noiembrie 2025 \u0219i \u00een baza adeverin\u021bei, \u00een original, emis\u0103 de unitatea de \u00eenv\u0103\u021b\u0103m\u00e2nt pentru anul universitar 2025-2026.<\/p>\n<p><strong>\u00cencep\u00e2nd cu data de 01 decembrie 2025<\/strong>, reducerea de 90% pentru studen\u021bi se acord\u0103 doar \u00een baza legitima\u021biei de student pentru reducere la transport vizat\u0103 pentru anul universitar 2025-2026, inclusiv pentru studen\u021bii din anul I.<\/p>\n<p><strong>\u00a0<\/strong><strong>La verificarea c\u0103l\u0103toriei \u00een tren<\/strong>, studentii\u00a0trebuie s\u0103 prezinte biletul\/abonamentul cu reducere \u0219i legitima\u021bia de student pentru reducere la transport vizat\u0103 pentru anul universitar \u00een curs, \u00een original.<\/p>\n<p>P\u00e2n\u0103 la data de 30 noiembrie inclusiv, studen\u021bii pot prezenta legitima\u021bia de student pentru reducere la transport vizat\u0103 pentru anul universitar 2024-2025, iar studen\u021bii din anul I pot prezenta adeverin\u021ba care atest\u0103 calitatea de student. Biletele\/abonamentele cu reducere procurate online pot fi prezentate \u00een format digital ca document pdf. electronic sau tip\u0103rite pe h\u00e2rtie av\u00e2nd cod QR. Abonamentele cu reducere procurate online prin aplica\u021bia desc\u0103rcabil\u0103 se prezint\u0103 numai \u00een format electronic pe dispozitivul cu care este asociat.<\/p>\n<h1><\/h1>\n<h1>2023<\/h1>\n<p><strong>Acordarea facilit\u0103\u021bilor la transport intern feroviar pentru studen\u021bii rom\u00e2ni\/str\u0103ini, \u00een v\u00e2rst\u0103 de p\u00e2n\u0103 la 30 de ani, \u00a0se acord\u0103 \u00een conformitate <\/strong>cu prevederile <strong>Legii nr.199\/2023<\/strong> a \u00eenv\u0103\u021b\u0103m\u00e2ntului superior, <strong>Legii nr. 272\/2004<\/strong> privind protec\u021bia \u0219i promovarea dreptului copilului \u0219i <strong>Hot\u0103r\u00e2rii nr. 811\/2023<\/strong> pentru aprobarea Normelor metodologice privind acordarea facilit\u0103\u0163ilor de transport intern feroviar \u015fi cu metroul pentru studen\u0163i, dup\u0103 cum urmeaz\u0103:<\/p>\n<ul>\n<li>studen\u021bii cu v\u00e2rsta de p\u00e2n\u0103 la 30 de ani, \u00eenmatricula\u021bi la forma de \u00eenv\u0103\u021b\u0103m\u00e2nt cu frecven\u021b\u0103, cu finan\u021bare de la buget \u0219i cu tax\u0103, \u00een toate ciclurile de studii de licen\u021b\u0103, master \u0219i doctorat, \u00een baza legitima\u021biilor de student pentru reducere la transport eliberate de Universitate, beneficiaz\u0103 de:\n<ul>\n<li>bilete de c\u0103l\u0103torie cu <strong>reducere 90% din tariful de transport <\/strong>la toate categoriile de trenuri, clasa a II-a;<\/li>\n<li>abonamente cu <strong>reducere 90%<\/strong> <strong>din tariful de transport <\/strong>la toate categoriile de trenuri, clasa a II-a.<\/li>\n<\/ul>\n<\/li>\n<li>studen\u021bii cu unul sau ambii p\u0103rin\u0163i deceda\u0163i, precum \u015fi studen\u0163ii proveni\u0163i din centrele de plasament sau care au fost \u00een plasament la familia extins\u0103, substitutiv\u0103 sau la asistent maternal, \u00een baza legitima\u021biilor de student pentru gratuitate la transport eliberate de Universitate, beneficiaz\u0103 de:\n<ul>\n<li>bilete de c\u0103l\u0103torie cu <strong>reducere 100% din tariful de transport <\/strong>la toate categoriile de trenuri, clasa a II-a;<\/li>\n<li>abonamente cu <strong>reducere 100%<\/strong> <strong>din tariful de transport <\/strong>la toate categoriile de trenuri, clasa a II-a.<\/li>\n<\/ul>\n<\/li>\n<\/ul>\n<p>Pentru c\u0103l\u0103toria la clas\u0103 superioar\u0103 sau la vagoanele de dormit \u015fi cu\u015fet\u0103, studen\u021bii vor achita integral diferen\u021bele tarifare \u0219i tariful de rezervare conform solicit\u0103rii.<\/p>\n<p><strong>Emiterea legitima\u021biilor de c\u0103l\u0103torie:<\/strong><\/p>\n<p>Legitima\u021biile de c\u0103l\u0103torie (tarif redus 90% sau cu gratuitate) pentru studen\u021bi se pot procura de la<strong> secretariatul facult\u0103\u021bii.<\/strong><\/p>\n<div class=\"page-header\">\n<p><a href=\"https:\/\/www.phys.uaic.ro\/old\/wp-content\/uploads\/2024\/11\/Monitorul_Oficial_Partea_I_nr._813.pdf\">Monitorul_Oficial_Partea_I_nr._813<\/a><\/p>\n<h2><\/h2>\n<h2>Transport feroviar<\/h2>\n<\/div>\n<div class=\"article-body\">\n<p><strong>Art. 205. pct. 2<\/strong> din <a href=\"https:\/\/www.edu.ro\/sites\/default\/files\/legea-educatiei_actualizata%20august%202018.pdf\" target=\"_blank\" rel=\"noopener\"><strong>Legea Educa\u021biei nr. 1 \/ 2011<\/strong><\/a><\/p>\n<blockquote><p><em><span dir=\"ltr\" role=\"presentation\">\u201e\u00cen timpul anului universitar, studen\u021bii \u00eenmatricula\u021bi la forma de \u00eenv\u0103\u021b\u0103m\u00e2nt cu frecven\u021b\u0103, \u00een institu\u021biile de\u00a0<\/span><span dir=\"ltr\" role=\"presentation\">\u00eenv\u0103\u021b\u0103m\u00e2nt superior acreditate, \u00een v\u00e2rst\u0103 de p\u00e2n\u0103 la 26 de ani, beneficiaz\u0103 de tarif redus cu minimum 50%\u00a0<\/span><span dir=\"ltr\" role=\"presentation\">pe mijloacele de transport local \u00een comun, transportul intern auto, feroviar \u0219i naval. Studen\u021bii orfani sau\u00a0<\/span><span dir=\"ltr\" role=\"presentation\">proveni\u021bi din casele de copii beneficiaz\u0103 de gratuitate pentru aceste categorii de transport.\u201d<\/span><\/em><\/p><\/blockquote>\n<ul>\n<li><a href=\"https:\/\/www.geo.uaic.ro\/images\/geodocs\/Studenti\/Transport\/OUG_nr.8_din_2021_-_modificare_art._205_din_LEN_-_facilitati_transp._CFR.pdf\" target=\"_blank\" rel=\"noopener noreferrer\">OUG nr. 8 din 18 februarie 2021, prin care se modifica LEN nr. 1\/2011, art. 205<\/a><\/li>\n<\/ul>\n<\/div>\n","protected":false},"excerpt":{"rendered":"<p>Facilit\u0103\u021bile acordate studen\u021bilor la c\u0103l\u0103toria cu trenul \u00een anul universitar 2025\/2026 CFR C\u0103l\u0103tori informeaz\u0103 c\u0103, \u00een conformitate cu legisla\u021bia \u00een vigoare, \u00een cursul anului universitar 2025\/2026, studen\u021bii rom\u00e2ni\/str\u0103ini, \u00een v\u00e2rst\u0103 de p\u00e2n\u0103 la 30 de ani, care sunt \u00eenmatricula\u021bi la forma de \u00eenv\u0103\u021b\u0103m\u00e2nt cu frecven\u021b\u0103 \u00een institu\u021biile de \u00eenv\u0103\u021b\u0103m\u00e2nt superior acreditate din Rom\u00e2nia, beneficiaz\u0103 de reducere 90% la\u2026 <span class=\"read-more\"><a href=\"https:\/\/www.phys.uaic.ro\/old\/index.php\/facilitati-de-transport-pentru-studenti-pe-transportul-intern-feroviar\/\">Read More &raquo;<\/a><\/span><\/p>\n","protected":false},"author":4,"featured_media":0,"parent":0,"menu_order":0,"comment_status":"closed","ping_status":"closed","template":"","meta":{"footnotes":""},"class_list":["post-23226","page","type-page","status-publish","hentry"],"_links":{"self":[{"href":"https:\/\/www.phys.uaic.ro\/old\/index.php\/wp-json\/wp\/v2\/pages\/23226","targetHints":{"allow":["GET"]}}],"collection":[{"href":"https:\/\/www.phys.uaic.ro\/old\/index.php\/wp-json\/wp\/v2\/pages"}],"about":[{"href":"https:\/\/www.phys.uaic.ro\/old\/index.php\/wp-json\/wp\/v2\/types\/page"}],"author":[{"embeddable":true,"href":"https:\/\/www.phys.uaic.ro\/old\/index.php\/wp-json\/wp\/v2\/users\/4"}],"replies":[{"embeddable":true,"href":"https:\/\/www.phys.uaic.ro\/old\/index.php\/wp-json\/wp\/v2\/comments?post=23226"}],"version-history":[{"count":0,"href":"https:\/\/www.phys.uaic.ro\/old\/index.php\/wp-json\/wp\/v2\/pages\/23226\/revisions"}],"wp:attachment":[{"href":"https:\/\/www.phys.uaic.ro\/old\/index.php\/wp-json\/wp\/v2\/media?parent=23226"}],"curies":[{"name":"wp","href":"https:\/\/api.w.org\/{rel}","templated":true}]}}