{"id":23271,"date":"2024-11-14T12:26:57","date_gmt":"2024-11-14T10:26:57","guid":{"rendered":"https:\/\/www.phys.uaic.ro\/?page_id=23271"},"modified":"2024-11-14T12:26:57","modified_gmt":"2024-11-14T10:26:57","slug":"euro-200-ajutor-financiar-in-vederea-achizitionarii-de-calculatoare-2022","status":"publish","type":"page","link":"https:\/\/www.phys.uaic.ro\/old\/index.php\/euro-200-ajutor-financiar-in-vederea-achizitionarii-de-calculatoare-2022\/","title":{"rendered":"&#8222;EURO 200&#8221; &#8211; ajutor financiar in vederea achizitionarii de calculatoare &#8211; 2022"},"content":{"rendered":"<p>\u00cen conformitate cu prevederile:<\/p>\n<p>&#8211; Legii nr. 269\/2004 privind acordarea unui ajutor financiar in vederea stimularii achizitionarii de calculatoare,<\/p>\n<p>&#8211; Hot\u0103r\u00e2rii nr. 1.294\/2004 pentru aprobarea Normelor metodologice pentru aplicarea Legii nr. 269\/2004 privind acordarea unui ajutor financiar in vederea stimularii achizitionarii de calculatoare,<\/p>\n<p>&#8211; Hot\u0103r\u00e2rii nr. 297\/2018 pentru modificarea Normelor metodologice pentru aplicarea Legii nr. 269\/2004 privind acordarea unui ajutor financiar in vederea stimularii achizitionarii de calculatoare, aprobate prin HG nr. 1294\/2004<\/p>\n<p>&#8211; Hot\u0103r\u00e2rii nr. 225\/2020 privind modificarea Normelor metodologice pentru aplicarea Legii nr. 269\/2004 privind acordarea unui ajutor financiar in vederea stimularii achizitionarii de calculatoare, aprobate prin HG nr. 1294\/2004<\/p>\n<p>se acord\u0103 un ajutor financiar care reprezint\u0103 echivalentul \u00een lei a 200 de euro pentru achizi\u0163ionarea unui calculator personal nou.<\/p>\n<p>&nbsp;<\/p>\n<p>Beneficiarii pot fi studen\u021bi sub 26 de ani, cu venit pe membru de familie sub 250 RON\/ lun\u0103.<\/p>\n<p>Ajutorul se acord\u0103 o singur\u0103 dat\u0103 \u00een cadrul unei familii.<\/p>\n<p>&nbsp;<\/p>\n<p>ATEN\u021aIE: Termenul limit\u0103 de depunere a cererilor este <strong>14.04.2022<\/strong>!<\/p>\n<p><a href=\"https:\/\/www.phys.uaic.ro\/old\/wp-content\/uploads\/2022\/02\/Precizari-privind-Programul-EURO-200-ajutor-financiar-pentru-studenti-in-vederea-achizitionarii-de-calculatoare.pdf\">Preciz\u0103ri privind Programul &#8222;EURO 200&#8221; &#8211; ajutor financiar pentru studen\u021bi \u00een vederea achizi\u021bion\u0103rii de calculatoare<\/a><\/p>\n<p><a href=\"https:\/\/www.phys.uaic.ro\/old\/wp-content\/uploads\/2022\/02\/Cerere.pdf\">Cerere EURO 200<\/a><\/p>\n","protected":false},"excerpt":{"rendered":"<p>\u00cen conformitate cu prevederile: &#8211; Legii nr. 269\/2004 privind acordarea unui ajutor financiar in vederea stimularii achizitionarii de calculatoare, &#8211; Hot\u0103r\u00e2rii nr. 1.294\/2004 pentru aprobarea Normelor metodologice pentru aplicarea Legii nr. 269\/2004 privind acordarea unui ajutor financiar in vederea stimularii achizitionarii de calculatoare, &#8211; Hot\u0103r\u00e2rii nr. 297\/2018 pentru modificarea Normelor metodologice pentru aplicarea Legii nr. 269\/2004 privind acordarea\u2026 <span class=\"read-more\"><a href=\"https:\/\/www.phys.uaic.ro\/old\/index.php\/euro-200-ajutor-financiar-in-vederea-achizitionarii-de-calculatoare-2022\/\">Read More &raquo;<\/a><\/span><\/p>\n","protected":false},"author":4,"featured_media":0,"parent":0,"menu_order":0,"comment_status":"closed","ping_status":"closed","template":"","meta":{"footnotes":""},"class_list":["post-23271","page","type-page","status-publish","hentry"],"_links":{"self":[{"href":"https:\/\/www.phys.uaic.ro\/old\/index.php\/wp-json\/wp\/v2\/pages\/23271","targetHints":{"allow":["GET"]}}],"collection":[{"href":"https:\/\/www.phys.uaic.ro\/old\/index.php\/wp-json\/wp\/v2\/pages"}],"about":[{"href":"https:\/\/www.phys.uaic.ro\/old\/index.php\/wp-json\/wp\/v2\/types\/page"}],"author":[{"embeddable":true,"href":"https:\/\/www.phys.uaic.ro\/old\/index.php\/wp-json\/wp\/v2\/users\/4"}],"replies":[{"embeddable":true,"href":"https:\/\/www.phys.uaic.ro\/old\/index.php\/wp-json\/wp\/v2\/comments?post=23271"}],"version-history":[{"count":0,"href":"https:\/\/www.phys.uaic.ro\/old\/index.php\/wp-json\/wp\/v2\/pages\/23271\/revisions"}],"wp:attachment":[{"href":"https:\/\/www.phys.uaic.ro\/old\/index.php\/wp-json\/wp\/v2\/media?parent=23271"}],"curies":[{"name":"wp","href":"https:\/\/api.w.org\/{rel}","templated":true}]}}