{"id":23310,"date":"2024-11-19T08:05:13","date_gmt":"2024-11-19T06:05:13","guid":{"rendered":"https:\/\/www.phys.uaic.ro\/?page_id=23310"},"modified":"2025-03-24T08:37:24","modified_gmt":"2025-03-24T06:37:24","slug":"sustinerea-tezei-de-abilitare-a-doamnei-conf-dr-laura-marinela-ailioaie","status":"publish","type":"page","link":"https:\/\/www.phys.uaic.ro\/old\/index.php\/sustinerea-tezei-de-abilitare-a-doamnei-conf-dr-laura-marinela-ailioaie\/","title":{"rendered":"Sus\u021binerea tezei de abilitare a doamnei conf. dr. Laura-Marinela AILIOAIE"},"content":{"rendered":"<p>Sunte\u021bi invita\u021bi s\u0103 participa\u021bi la sus\u021binerea public\u0103 a tezei de abilitare<\/p>\n<p><em><strong>METODE FIZICE INTEGRATIVE APLICATE IN MEDICIN\u0102<\/strong><\/em><\/p>\n<p>elaborat\u0103 de doamna conf. dr. Laura-Marinela AILIOAIE, Universitatea \u201cAlexandru Ioan Cuza\u201d din Ia\u0219i. Prezentarea tezei va avea loc vineri, 20.12.2024, \u00eencep\u00e2nd cu ora 10.30, \u00een sala L<strong>1.<\/strong><\/p>\n<p><a href=\"https:\/\/www.phys.uaic.ro\/old\/wp-content\/uploads\/2024\/11\/04_CV_LM-Ailioaie_EN.pdf\" target=\"_blank\" rel=\"noopener\"><b>CV Laura-Marinela AILIOAIE<\/b><\/a>\u00a0 <img loading=\"lazy\" decoding=\"async\" class=\"\" src=\"https:\/\/www.phys.uaic.ro\/old\/wp\/imagini\/pdf-icon.png\" alt=\"pdf\" width=\"20\" height=\"20\" \/><br \/>\n<a href=\"https:\/\/www.phys.uaic.ro\/old\/wp-content\/uploads\/2024\/11\/09_Rezumat-TA_RO_Ailioaie-LM.pdf\" target=\"_blank\" rel=\"noopener\"><b>Rezumatul tezei de <\/b><b>abilitare<\/b>\u00a0 <\/a><img loading=\"lazy\" decoding=\"async\" class=\"\" src=\"https:\/\/www.phys.uaic.ro\/old\/wp\/imagini\/pdf-icon.png\" alt=\"pdf\" width=\"20\" height=\"20\" \/><br \/>\n<a href=\"https:\/\/www.phys.uaic.ro\/old\/wp-content\/uploads\/2024\/11\/09_Rezumat-TA_EN_Ailioaie-LM.pdf\" target=\"_blank\" rel=\"noopener\"><b>Summary of Habilitation Thesis<\/b> <\/a><img loading=\"lazy\" decoding=\"async\" class=\"\" src=\"https:\/\/www.phys.uaic.ro\/old\/wp\/imagini\/pdf-icon.png\" alt=\"pdf\" width=\"20\" height=\"20\" \/><br \/>\n<a href=\"https:\/\/www.phys.uaic.ro\/old\/wp-content\/uploads\/2024\/11\/05_Lista-de-lucrari_Ailioaie-Laura-Marinela.pdf\" target=\"_blank\" rel=\"noopener\"><b>Lista de lucr\u0103ri<\/b><\/a> <img loading=\"lazy\" decoding=\"async\" class=\"\" src=\"https:\/\/www.phys.uaic.ro\/old\/wp\/imagini\/pdf-icon.png\" alt=\"pdf\" width=\"20\" height=\"20\" \/><br \/>\n<a href=\"https:\/\/www.phys.uaic.ro\/old\/wp-content\/uploads\/2024\/11\/02_Fisa-indeplinire-standarde-abilitare_Ailioaie-LM.pdf\" target=\"_blank\" rel=\"noopener\"><b>Fi\u0219a de \u00eendeplinire a standardelor minimale CNATDCU <\/b><\/a><img loading=\"lazy\" decoding=\"async\" class=\"\" src=\"https:\/\/www.phys.uaic.ro\/old\/wp\/imagini\/pdf-icon.png\" alt=\"pdf\" width=\"20\" height=\"20\" \/><\/p>\n<p><a href=\"https:\/\/www.phys.uaic.ro\/old\/wp-content\/uploads\/2024\/12\/11.-Comisie-aprobata.jpg\" target=\"_blank\" rel=\"noopener\"><b>Componen\u0163a comisiei de abilitare <\/b><\/a><img loading=\"lazy\" decoding=\"async\" class=\"\" src=\"https:\/\/www.phys.uaic.ro\/old\/wp\/imagini\/pdf-icon.png\" alt=\"pdf\" width=\"19\" height=\"19\" \/><\/p>\n<p>1. Prof. univ. dr. habil. Simona P\u00ceNZARU, Facultatea de Fizic\u0103, Universitatea Babes\u0317-Bolyai din Cluj-Napoca<\/p>\n<p>2. Prof. univ. dr. habil. Dan-Gheorghe DIMITRIU, Universitatea &#8222;Alexandru Ioan Cuza&#8221; din Ia\u0219i<\/p>\n<p>3. Prof. univ. dr. habil. Petru-Edward NICA, Universitatea Tehnic\u0103 \u201cGh. Asachi\u201d din Ia\u015fi<\/p>\n<p>&nbsp;<\/p>\n<p><a href=\"https:\/\/www.phys.uaic.ro\/old\/wp-content\/uploads\/2025\/03\/Raport-abilitare-Laura-Ailioaie.pdf\" target=\"_blank\" rel=\"noopener\">Raportul comisiei de abilitare<\/a> <img loading=\"lazy\" decoding=\"async\" class=\"\" src=\"https:\/\/www.phys.uaic.ro\/old\/wp\/imagini\/pdf-icon.png\" alt=\"pdf\" width=\"19\" height=\"19\" \/><\/p>\n","protected":false},"excerpt":{"rendered":"<p>Sunte\u021bi invita\u021bi s\u0103 participa\u021bi la sus\u021binerea public\u0103 a tezei de abilitare METODE FIZICE INTEGRATIVE APLICATE IN MEDICIN\u0102 elaborat\u0103 de doamna conf. dr. Laura-Marinela AILIOAIE, Universitatea \u201cAlexandru Ioan Cuza\u201d din Ia\u0219i. Prezentarea tezei va avea loc vineri, 20.12.2024, \u00eencep\u00e2nd cu ora 10.30, \u00een sala L1. CV Laura-Marinela AILIOAIE\u00a0 Rezumatul tezei de abilitare\u00a0 Summary of Habilitation Thesis Lista de lucr\u0103ri\u2026 <span class=\"read-more\"><a href=\"https:\/\/www.phys.uaic.ro\/old\/index.php\/sustinerea-tezei-de-abilitare-a-doamnei-conf-dr-laura-marinela-ailioaie\/\">Read More &raquo;<\/a><\/span><\/p>\n","protected":false},"author":4,"featured_media":0,"parent":0,"menu_order":0,"comment_status":"closed","ping_status":"closed","template":"","meta":{"footnotes":""},"class_list":["post-23310","page","type-page","status-publish","hentry"],"_links":{"self":[{"href":"https:\/\/www.phys.uaic.ro\/old\/index.php\/wp-json\/wp\/v2\/pages\/23310","targetHints":{"allow":["GET"]}}],"collection":[{"href":"https:\/\/www.phys.uaic.ro\/old\/index.php\/wp-json\/wp\/v2\/pages"}],"about":[{"href":"https:\/\/www.phys.uaic.ro\/old\/index.php\/wp-json\/wp\/v2\/types\/page"}],"author":[{"embeddable":true,"href":"https:\/\/www.phys.uaic.ro\/old\/index.php\/wp-json\/wp\/v2\/users\/4"}],"replies":[{"embeddable":true,"href":"https:\/\/www.phys.uaic.ro\/old\/index.php\/wp-json\/wp\/v2\/comments?post=23310"}],"version-history":[{"count":0,"href":"https:\/\/www.phys.uaic.ro\/old\/index.php\/wp-json\/wp\/v2\/pages\/23310\/revisions"}],"wp:attachment":[{"href":"https:\/\/www.phys.uaic.ro\/old\/index.php\/wp-json\/wp\/v2\/media?parent=23310"}],"curies":[{"name":"wp","href":"https:\/\/api.w.org\/{rel}","templated":true}]}}