{"id":23362,"date":"2024-11-21T15:42:12","date_gmt":"2024-11-21T13:42:12","guid":{"rendered":"https:\/\/www.phys.uaic.ro\/?page_id=23362"},"modified":"2025-02-06T08:23:49","modified_gmt":"2025-02-06T06:23:49","slug":"fise-discipline-licenta-la-specializarea-fizica-anul-ii-3","status":"publish","type":"page","link":"https:\/\/www.phys.uaic.ro\/old\/index.php\/fise-discipline-licenta-la-specializarea-fizica-anul-ii-3\/","title":{"rendered":"Fi\u0219e discipline licen\u0163\u0103 la specializarea Fizic\u0103 anul II"},"content":{"rendered":"<p>Semestrul III<\/p>\n<ul>\n<li><a href=\"https:\/\/www.phys.uaic.ro\/old\/wp-content\/uploads\/2024\/11\/anul-2_Fizica_sem-1.pdf\">Discipline obligatorii<\/a><\/li>\n<\/ul>\n<p>&nbsp;<\/p>\n<p>Semestrul IV<\/p>\n<ul>\n<li><a href=\"https:\/\/www.phys.uaic.ro\/old\/wp-content\/uploads\/2025\/02\/Anul-2_sem-2_Fizica.pdf\" target=\"_blank\" rel=\"noopener\">Discipline obligatorii<\/a><\/li>\n<\/ul>\n","protected":false},"excerpt":{"rendered":"<p>Semestrul III Discipline obligatorii &nbsp; Semestrul IV Discipline obligatorii<\/p>\n","protected":false},"author":4,"featured_media":0,"parent":0,"menu_order":0,"comment_status":"closed","ping_status":"closed","template":"","meta":{"footnotes":""},"class_list":["post-23362","page","type-page","status-publish","hentry"],"_links":{"self":[{"href":"https:\/\/www.phys.uaic.ro\/old\/index.php\/wp-json\/wp\/v2\/pages\/23362","targetHints":{"allow":["GET"]}}],"collection":[{"href":"https:\/\/www.phys.uaic.ro\/old\/index.php\/wp-json\/wp\/v2\/pages"}],"about":[{"href":"https:\/\/www.phys.uaic.ro\/old\/index.php\/wp-json\/wp\/v2\/types\/page"}],"author":[{"embeddable":true,"href":"https:\/\/www.phys.uaic.ro\/old\/index.php\/wp-json\/wp\/v2\/users\/4"}],"replies":[{"embeddable":true,"href":"https:\/\/www.phys.uaic.ro\/old\/index.php\/wp-json\/wp\/v2\/comments?post=23362"}],"version-history":[{"count":0,"href":"https:\/\/www.phys.uaic.ro\/old\/index.php\/wp-json\/wp\/v2\/pages\/23362\/revisions"}],"wp:attachment":[{"href":"https:\/\/www.phys.uaic.ro\/old\/index.php\/wp-json\/wp\/v2\/media?parent=23362"}],"curies":[{"name":"wp","href":"https:\/\/api.w.org\/{rel}","templated":true}]}}