{"id":23367,"date":"2024-11-21T15:47:25","date_gmt":"2024-11-21T13:47:25","guid":{"rendered":"https:\/\/www.phys.uaic.ro\/?page_id=23367"},"modified":"2025-02-06T08:24:48","modified_gmt":"2025-02-06T06:24:48","slug":"fise-discipline-licenta-la-specializarea-fizica-medicala-anul-i-3","status":"publish","type":"page","link":"https:\/\/www.phys.uaic.ro\/old\/index.php\/fise-discipline-licenta-la-specializarea-fizica-medicala-anul-i-3\/","title":{"rendered":"Fi\u0219e discipline licen\u0163\u0103 la specializarea Fizic\u0103 medical\u0103 anul I"},"content":{"rendered":"<p>Semestrul I<\/p>\n<ul>\n<li><a href=\"https:\/\/www.phys.uaic.ro\/old\/wp-content\/uploads\/2024\/11\/Fizica-medicala_an-1_sem-1.pdf\" target=\"_blank\" rel=\"noopener\">Discipline obligatorii<\/a><\/li>\n<\/ul>\n<p>&nbsp;<\/p>\n<p>Semestrul al II-lea<\/p>\n<ul>\n<li><a href=\"https:\/\/www.phys.uaic.ro\/old\/wp-content\/uploads\/2025\/02\/Anul-1_sem-2_Fizica-Medicala.pdf\" target=\"_blank\" rel=\"noopener\">Discipline obligatorii<\/a><\/li>\n<\/ul>\n","protected":false},"excerpt":{"rendered":"<p>Semestrul I Discipline obligatorii &nbsp; Semestrul al II-lea Discipline obligatorii<\/p>\n","protected":false},"author":4,"featured_media":0,"parent":0,"menu_order":0,"comment_status":"closed","ping_status":"closed","template":"","meta":{"footnotes":""},"class_list":["post-23367","page","type-page","status-publish","hentry"],"_links":{"self":[{"href":"https:\/\/www.phys.uaic.ro\/old\/index.php\/wp-json\/wp\/v2\/pages\/23367","targetHints":{"allow":["GET"]}}],"collection":[{"href":"https:\/\/www.phys.uaic.ro\/old\/index.php\/wp-json\/wp\/v2\/pages"}],"about":[{"href":"https:\/\/www.phys.uaic.ro\/old\/index.php\/wp-json\/wp\/v2\/types\/page"}],"author":[{"embeddable":true,"href":"https:\/\/www.phys.uaic.ro\/old\/index.php\/wp-json\/wp\/v2\/users\/4"}],"replies":[{"embeddable":true,"href":"https:\/\/www.phys.uaic.ro\/old\/index.php\/wp-json\/wp\/v2\/comments?post=23367"}],"version-history":[{"count":0,"href":"https:\/\/www.phys.uaic.ro\/old\/index.php\/wp-json\/wp\/v2\/pages\/23367\/revisions"}],"wp:attachment":[{"href":"https:\/\/www.phys.uaic.ro\/old\/index.php\/wp-json\/wp\/v2\/media?parent=23367"}],"curies":[{"name":"wp","href":"https:\/\/api.w.org\/{rel}","templated":true}]}}