{"id":23407,"date":"2024-11-22T15:16:57","date_gmt":"2024-11-22T13:16:57","guid":{"rendered":"https:\/\/www.phys.uaic.ro\/?page_id=23407"},"modified":"2025-12-02T08:17:50","modified_gmt":"2025-12-02T06:17:50","slug":"fise-discipline-master-pentru-anul-universitar-2024-2025","status":"publish","type":"page","link":"https:\/\/www.phys.uaic.ro\/old\/index.php\/fise-discipline-master-pentru-anul-universitar-2024-2025\/","title":{"rendered":"Fise discipline master pentru anul universitar 2024-2025"},"content":{"rendered":"<h3>Fi\u0219e discipline la specializarea <strong>Bio<\/strong>f<b>izic\u0103 \u0219i fizic\u0103 medical\u0103 <\/b><b>(\u00een limba englez\u0103)<\/b><\/h3>\n<ul>\n<li><a href=\"https:\/\/www.phys.uaic.ro\/old\/index.php\/fise-discipline-la-specializarea-biofizica-si-fizica-medicala-in-limba-engleza-anul-ii-2024-2025\/\" target=\"_blank\" rel=\"noopener\">Anul II<\/a><\/li>\n<\/ul>\n<h3>Fi\u0219e discipline la specializarea F<b>izic\u0103 medical\u0103 aplicat\u0103<br \/>\n<\/b><\/h3>\n<ul>\n<li><a href=\"https:\/\/www.phys.uaic.ro\/old\/index.php\/fise-discipline-la-specializarea-fizica-medicala-aplicata-anul-i-2024-2025\/\" target=\"_blank\" rel=\"noopener\">Anul I<\/a><\/li>\n<\/ul>\n<h3>Fi\u0219e discipline la specializarea <b>Fizica pentru tehnologii avansate (\u00een limba englez\u0103)<br \/>\n<\/b><\/h3>\n<ul>\n<li><a href=\"https:\/\/www.phys.uaic.ro\/old\/index.php\/fise-discipline-la-specializarea-fizica-pentru-tehnologii-avansate-in-limba-engleza-anul-i-2024-2025\/\" target=\"_blank\" rel=\"noopener\">Anul I<\/a><\/li>\n<li><a href=\"https:\/\/www.phys.uaic.ro\/old\/index.php\/fise-discipline-la-specializarea-fizica-pentru-tehnologii-avansate-in-limba-engleza-anul-ii-2024-2025\/\" target=\"_blank\" rel=\"noopener\">Anul II<\/a><\/li>\n<\/ul>\n<h3>Fi\u0219e discipline la specializarea <b>Metode fizice aplicate \u00een kinetoterapie \u0219i recuperare medical\u0103<\/b><\/h3>\n<ul>\n<li><a href=\"https:\/\/www.phys.uaic.ro\/old\/index.php\/fise-discipline-la-specializarea-metode-fizice-aplicate-in-kinetoterapie-si-recuperare-medicala-anul-i-2024-2025\/\" target=\"_blank\" rel=\"noopener\">Anul I<\/a><\/li>\n<li><a href=\"https:\/\/www.phys.uaic.ro\/old\/index.php\/fise-discipline-la-specializarea-metode-fizice-aplicate-in-kinetoterapie-si-recuperare-medicala-anul-ii-2024-2025\/\" target=\"_blank\" rel=\"noopener\">Anul II<\/a><\/li>\n<\/ul>\n<h3>Fi\u0219e discipline la specializarea <b>Optic\u0103 \u015fi optometrie<\/b><\/h3>\n<ul>\n<li><a href=\"https:\/\/www.phys.uaic.ro\/old\/index.php\/fise-discipline-la-specializarea-optica-si-optometrie-anul-i-2024-2025\/\" target=\"_blank\" rel=\"noopener\">Anul I<\/a><\/li>\n<li><a href=\"https:\/\/www.phys.uaic.ro\/old\/index.php\/fise-discipline-la-specializarea-optica-si-optometrie-anul-ii-2024-2025\/\" target=\"_blank\" rel=\"noopener\">Anul II<\/a><\/li>\n<\/ul>\n<h3>Fi\u0219e discipline la specializarea <b>Fizic\u0103 aplicat\u0103 \u00een tehnologii SMART \u0219i comunica\u021bii<br \/>\n<\/b><\/h3>\n<ul>\n<li><a href=\"https:\/\/www.phys.uaic.ro\/old\/index.php\/fise-discipline-la-specializarea-fizica-aplicata-in-tehnologii-smart-si-comunicatii-anul-i-2024-2025\/\" target=\"_blank\" rel=\"noopener\">Anul I<\/a><\/li>\n<\/ul>\n<h3>Fi\u0219e discipline la specializarea <b>Fizic\u0103 aplicat\u0103 \u00een tehnologiile informa\u021biei \u0219i comunica\u021bii (B\u0103l\u021bi)<br \/>\n<\/b><\/h3>\n<ul>\n<li><a href=\"https:\/\/www.phys.uaic.ro\/old\/index.php\/fise-discipline-la-specializarea-fizica-aplicata-in-tehnologiile-informatiei-si-comunicatii-balti-anul-i-2024-2025\/\" target=\"_blank\" rel=\"noopener\">Anul I<\/a><\/li>\n<li><a href=\"https:\/\/www.phys.uaic.ro\/old\/index.php\/fise-discipline-la-specializarea-fizica-aplicata-in-tehnologiile-informatiei-si-comunicatii-balti-anul-ii-2024-2025\/\" target=\"_blank\" rel=\"noopener\">Anul II<\/a><\/li>\n<\/ul>\n","protected":false},"excerpt":{"rendered":"<p>Fi\u0219e discipline la specializarea Biofizic\u0103 \u0219i fizic\u0103 medical\u0103 (\u00een limba englez\u0103) Anul II Fi\u0219e discipline la specializarea Fizic\u0103 medical\u0103 aplicat\u0103 Anul I Fi\u0219e discipline la specializarea Fizica pentru tehnologii avansate (\u00een limba englez\u0103) Anul I Anul II Fi\u0219e discipline la specializarea Metode fizice aplicate \u00een kinetoterapie \u0219i recuperare medical\u0103 Anul I Anul II Fi\u0219e discipline la specializarea Optic\u0103\u2026 <span class=\"read-more\"><a href=\"https:\/\/www.phys.uaic.ro\/old\/index.php\/fise-discipline-master-pentru-anul-universitar-2024-2025\/\">Read More &raquo;<\/a><\/span><\/p>\n","protected":false},"author":4,"featured_media":0,"parent":0,"menu_order":0,"comment_status":"closed","ping_status":"closed","template":"","meta":{"footnotes":""},"class_list":["post-23407","page","type-page","status-publish","hentry"],"_links":{"self":[{"href":"https:\/\/www.phys.uaic.ro\/old\/index.php\/wp-json\/wp\/v2\/pages\/23407","targetHints":{"allow":["GET"]}}],"collection":[{"href":"https:\/\/www.phys.uaic.ro\/old\/index.php\/wp-json\/wp\/v2\/pages"}],"about":[{"href":"https:\/\/www.phys.uaic.ro\/old\/index.php\/wp-json\/wp\/v2\/types\/page"}],"author":[{"embeddable":true,"href":"https:\/\/www.phys.uaic.ro\/old\/index.php\/wp-json\/wp\/v2\/users\/4"}],"replies":[{"embeddable":true,"href":"https:\/\/www.phys.uaic.ro\/old\/index.php\/wp-json\/wp\/v2\/comments?post=23407"}],"version-history":[{"count":0,"href":"https:\/\/www.phys.uaic.ro\/old\/index.php\/wp-json\/wp\/v2\/pages\/23407\/revisions"}],"wp:attachment":[{"href":"https:\/\/www.phys.uaic.ro\/old\/index.php\/wp-json\/wp\/v2\/media?parent=23407"}],"curies":[{"name":"wp","href":"https:\/\/api.w.org\/{rel}","templated":true}]}}