{"id":23567,"date":"2024-12-17T10:15:26","date_gmt":"2024-12-17T08:15:26","guid":{"rendered":"https:\/\/www.phys.uaic.ro\/?page_id=23567"},"modified":"2025-07-23T14:47:56","modified_gmt":"2025-07-23T11:47:56","slug":"sesiunea-iulie-2025","status":"publish","type":"page","link":"https:\/\/www.phys.uaic.ro\/old\/index.php\/sesiunea-iulie-2025\/","title":{"rendered":"Sesiunea iulie 2025"},"content":{"rendered":"<p><a href=\"https:\/\/www.phys.uaic.ro\/old\/wp-content\/uploads\/2024\/12\/HS_Regulament-admitere-doctorat-2025.pdf\" target=\"_blank\" rel=\"noopener\"><strong><em>Regulament privind organizarea \u0219i desf\u0103\u0219urarea admiterii \u00een ciclul de studii universitare de doctorat pentru anul universitar 2025-2026<\/em><\/strong><\/a><\/p>\n<p><strong>REZULTATE ADMITERE DOCTORAT \u2013 iulie 2025<\/strong><\/p>\n<p><span style=\"color: #ff0000; font-size: 14pt;\"><em><a style=\"color: #ff0000;\" href=\"https:\/\/www.phys.uaic.ro\/old\/wp-content\/uploads\/2025\/07\/candidati-ADMISI-la-BUGET-cu-burse-MEC-iulie-2025-pt-afisat.pdf\">candida\u021bi ADMI\u0218I la BUGET cu burse MEC iulie 2025<\/a><\/em><\/span><\/p>\n<p><em><a href=\"https:\/\/www.phys.uaic.ro\/old\/wp-content\/uploads\/2025\/07\/candidati-ADMISI-cu-frecventa-redusa-BUGETfara-bursa-iulie-2025-pt-afisat.pdf\"><span style=\"color: #ff0000; font-size: 14pt;\">candida\u021bi ADMI\u0218I cu frecven\u021b\u0103 redus\u0103 BUGET, f\u0103r\u0103 burs\u0103<\/span><\/a><\/em><\/p>\n<p>&nbsp;<\/p>\n<p><b>Calendarul admiterii<\/b> la studiile universitare de doctorat pentru anul universitar 2025-2026:<\/p>\n<p>SESIUNEA <em><strong>IULIE<\/strong><\/em><\/p>\n<ul>\n<li>\u00eenscrierea candida\u021bilor: 14 \u2013 18 iulie 2025; <span style=\"font-size: 10pt;\">s\u00e2mb\u0103t\u0103, 19 iulie 2025, 9:00-13:00\u00a0<\/span><\/li>\n<li>selec\u021bia candida\u021bilor: 21 \u2013 23 iulie; <strong><br \/>\n<\/strong><\/li>\n<li>afi\u0219area rezultatelor: 23 iulie;<\/li>\n<li>contesta\u021bii (doar pentru proba scris\u0103): 24 iulie;<\/li>\n<li>afi\u0219area rezultatelor: 25 iulie;<\/li>\n<li>afi\u0219area listei finale cu candida\u021bii declara\u021bi admi\u0219i: 25 iulie;<\/li>\n<li>confirmarea ocup\u0103rii locului: 28 si 29 iulie.<\/li>\n<\/ul>\n<p><b>Programarea probelor:<\/b><\/p>\n<ul>\n<li>Proba scris\u0103: 22 iulie 2025, orele 10-13, \u00een sala L1;<\/li>\n<li>Proba oral\u0103: 22 iulie 2025, \u00eencep\u00e2nd cu ora 14, \u00een sala L1.<\/li>\n<\/ul>\n<p>&nbsp;<\/p>\n<p><b>Num\u0103rul de locuri<\/b> pentru anul universitar 2025-2026:<\/p>\n<table style=\"width: 76.8553%; height: 72px;\">\n<thead>\n<tr>\n<td style=\"width: 13.6357%;\">\u0218coala doctoral\u0103<\/td>\n<td style=\"width: 14.2691%;\">TOTAL BUGET<\/td>\n<td style=\"width: 15.1429%;\">din care cu BURS\u0102 MEC<\/td>\n<td style=\"width: 14.7143%;\">Din care pentru ROMI<\/td>\n<td style=\"width: 10.4051%;\">CU TAXA<\/td>\n<\/tr>\n<\/thead>\n<tbody>\n<tr>\n<td style=\"width: 13.6357%;\">Fizic\u0103<\/td>\n<td style=\"width: 14.2691%;\">12<\/td>\n<td style=\"width: 15.1429%;\">6<\/td>\n<td style=\"width: 14.7143%;\">1<\/td>\n<td style=\"width: 10.4051%;\">3<\/td>\n<\/tr>\n<\/tbody>\n<\/table>\n<p>Cuantumul taxei de admitere:<strong> 200 RON<\/strong>.<\/p>\n<p>&nbsp;<\/p>\n<p>Taxa de admitere se poate achita la BRD (specificand codurile 2546 si 28) , dar si pe site-ul UAIC:<\/p>\n<p><a href=\"https:\/\/plati-taxe.uaic.ro\/stud\/index.php\" target=\"_blank\" rel=\"noopener noreferrer\">https:\/\/plati-taxe.uaic.ro\/stud\/index.php<\/a><\/p>\n<p>Aveti grija ca:<br \/>\n\u2013 s\u0103 nu folosi\u0163i diacritice \u00een formular (nu utiliza\u0163i \u0103, \u00e2, \u00ee, \u015f, \u0163)<\/p>\n<p>\u2013 nu folosi\u021bi caractere speciale in formular (nu utiliza\u021bi !\u201d#$%&amp;'()*+,-.\/:;&lt;=&gt;?@[\\]^_`{|}~), <strong>in special la c\u00e2mpurile nume, prenume \u0219i descriere tranzac\u021bie.<\/strong><\/p>\n<p>Nu se completeaza nimic la nr.matricol.<\/p>\n<p>&nbsp;<\/p>\n<p><b>Tematica de admitere<\/b> la doctorat cuprinde:<\/p>\n<ul>\n<li>5 subiecte de specialitate propuse de c\u0103tre fiecare conduc\u0103tor de doctorat (link-uri la acestea g\u0103si\u021bi \u00een pagina conduc\u0103torilor de doctorat care pot primi doctoranzi \u00een anul universitar 2024-2025);<\/li>\n<li><a href=\"https:\/\/www.phys.uaic.ro\/old\/index.php\/scoala-doctorala\/admitere-doctorat\/sesiunea-septembrie-2021\/subiecte-doctorat-fizica-generala-2021\" target=\"_blank\" rel=\"noopener\">5 subiecte de fizic\u0103 general\u0103<\/a>.<\/li>\n<\/ul>\n<p><b>Examenul de admitere<\/b> const\u0103 din dou\u0103 probe:<\/p>\n<ul>\n<li><b><i>Proba scris\u0103<\/i><\/b> (50%) se va desfa\u0219ura pe parcursul a 3 ore \u0219i const\u0103 din doua subiecte (extrase \u00een prezen\u021ba candida\u021bilor) din tematica de admitere la doctorat: 1 subiect de specialitate \u0219i 1 subiect de fizic\u0103 general\u0103. Fiecare din cele dou\u0103 subiecte va primi o not\u0103 de la 1 la 10, nota minim\u0103 la fiecare subiect fiind nota 5. Nota final\u0103 la proba scris\u0103 va fi calculat\u0103 ca media aritmetic\u0103 a celor dou\u0103 note;<\/li>\n<li><b><i>Proba oral\u0103<\/i><\/b> (50%) se va desf\u0103\u0219ura sub forma unei discu\u021bii libere (aprox. 10 min) urm\u0103rind:\n<ul>\n<li>prezentarea stadiului actual al cercetarilor \u00een domeniul ales;<\/li>\n<li>motivatie referitoare la alegerea temei pe care \u0219i-o propune pentru teza de doctorat;<\/li>\n<li>prezentarea \u00een rezumat a rezultatelor \u0219tiin\u021bifice anterioare.<\/li>\n<\/ul>\n<\/li>\n<\/ul>\n<p>&nbsp;<\/p>\n<p>Dup\u0103 aflarea subiectelor, comisia de admitere va face baremul de corectare care va fi afi\u0219at.<\/p>\n<p>La fiecare prob\u0103 de concurs, candida\u021bii trebuie s\u0103 ob\u021bin\u0103 cel pu\u021bin media 7 (\u0219apte).<\/p>\n<p>Nota final\u0103 va fi calculat\u0103 ca media aritmetic\u0103 a probelor scris\u0103 \u0219i oral\u0103.<\/p>\n<p>Conform regulamentului \u0218colii Doctorale de Fizic\u0103, media minim\u0103 de admitere este 8.<\/p>\n<p>&nbsp;<\/p>\n<p><b>Criterii de departajare<\/b> (\u00een ordine):<\/p>\n<ol>\n<li>Notele de la examenul de licen\u021b\u0103<\/li>\n<li>Notele de la examenul de diserta\u021bie<\/li>\n<\/ol>\n<div dir=\"ltr\" data-setdir=\"false\"><\/div>\n<div dir=\"ltr\" data-setdir=\"false\">Pentru ob\u021binerea certificatelor de limba englez\u0103 pute\u021bi s\u0103 programa\u021bi \u00een timpul verii acces\u00e2nd linkul<\/div>\n<div dir=\"ltr\" data-setdir=\"false\"><a tabindex=\"-1\" href=\"https:\/\/litere.uaic.ro\/testari-lingvistice-2\/\" target=\"_blank\" rel=\"external nofollow noopener noreferrer\">https:\/\/litere.uaic.ro\/testari-lingvistice-2\/<\/a><\/div>\n","protected":false},"excerpt":{"rendered":"<p>Regulament privind organizarea \u0219i desf\u0103\u0219urarea admiterii \u00een ciclul de studii universitare de doctorat pentru anul universitar 2025-2026 REZULTATE ADMITERE DOCTORAT \u2013 iulie 2025 candida\u021bi ADMI\u0218I la BUGET cu burse MEC iulie 2025 candida\u021bi ADMI\u0218I cu frecven\u021b\u0103 redus\u0103 BUGET, f\u0103r\u0103 burs\u0103 &nbsp; Calendarul admiterii la studiile universitare de doctorat pentru anul universitar 2025-2026: SESIUNEA IULIE \u00eenscrierea candida\u021bilor: 14 \u2013\u2026 <span class=\"read-more\"><a href=\"https:\/\/www.phys.uaic.ro\/old\/index.php\/sesiunea-iulie-2025\/\">Read More &raquo;<\/a><\/span><\/p>\n","protected":false},"author":4,"featured_media":0,"parent":0,"menu_order":0,"comment_status":"closed","ping_status":"closed","template":"","meta":{"footnotes":""},"class_list":["post-23567","page","type-page","status-publish","hentry"],"_links":{"self":[{"href":"https:\/\/www.phys.uaic.ro\/old\/index.php\/wp-json\/wp\/v2\/pages\/23567","targetHints":{"allow":["GET"]}}],"collection":[{"href":"https:\/\/www.phys.uaic.ro\/old\/index.php\/wp-json\/wp\/v2\/pages"}],"about":[{"href":"https:\/\/www.phys.uaic.ro\/old\/index.php\/wp-json\/wp\/v2\/types\/page"}],"author":[{"embeddable":true,"href":"https:\/\/www.phys.uaic.ro\/old\/index.php\/wp-json\/wp\/v2\/users\/4"}],"replies":[{"embeddable":true,"href":"https:\/\/www.phys.uaic.ro\/old\/index.php\/wp-json\/wp\/v2\/comments?post=23567"}],"version-history":[{"count":0,"href":"https:\/\/www.phys.uaic.ro\/old\/index.php\/wp-json\/wp\/v2\/pages\/23567\/revisions"}],"wp:attachment":[{"href":"https:\/\/www.phys.uaic.ro\/old\/index.php\/wp-json\/wp\/v2\/media?parent=23567"}],"curies":[{"name":"wp","href":"https:\/\/api.w.org\/{rel}","templated":true}]}}