{"id":238,"date":"2018-02-14T15:05:18","date_gmt":"2018-02-14T15:05:18","guid":{"rendered":"http:\/\/www.phys.uaic.ro\/?page_id=238"},"modified":"2025-02-26T21:53:17","modified_gmt":"2025-02-26T19:53:17","slug":"prelegeri","status":"publish","type":"page","link":"https:\/\/www.phys.uaic.ro\/old\/index.php\/relatii-internationale\/prelegeri\/","title":{"rendered":"Prelegeri"},"content":{"rendered":"<p><a href=\"https:\/\/www.facebook.com\/photo\/?fbid=1039679671517348&amp;set=a.464588999026421\"><img loading=\"lazy\" decoding=\"async\" class=\"alignnone size-medium wp-image-24185\" src=\"https:\/\/www.phys.uaic.ro\/wp-content\/uploads\/2025\/02\/2025.03-Erasmus-afis-300x225.jpg\" alt=\"\" width=\"300\" height=\"225\" srcset=\"https:\/\/www.phys.uaic.ro\/old\/wp-content\/uploads\/2025\/02\/2025.03-Erasmus-afis-300x225.jpg 300w, https:\/\/www.phys.uaic.ro\/old\/wp-content\/uploads\/2025\/02\/2025.03-Erasmus-afis-768x576.jpg 768w, https:\/\/www.phys.uaic.ro\/old\/wp-content\/uploads\/2025\/02\/2025.03-Erasmus-afis-665x499.jpg 665w, https:\/\/www.phys.uaic.ro\/old\/wp-content\/uploads\/2025\/02\/2025.03-Erasmus-afis.jpg 1024w\" sizes=\"auto, (max-width: 300px) 100vw, 300px\" \/><\/a><\/p>\n<div><\/div>\n<div class=\"colorbox\" style=\"background-color: #e6e6e6;\">\n<p><img decoding=\"async\" style=\"width: 83px; height: 24px;\" src=\"http:\/\/www.phys.uaic.ro\/wp\/imagini\/erasmus+logo.png\" alt=\"erasmus\" \/><\/p>\n<div>Sunte\u021bi invitati la prelegerea<\/div>\n<div><\/div>\n<div><span style=\"color: #0000ff; font-size: 14pt;\"><em><strong>Introduction to graphene plasmonics<\/strong><\/em><\/span><\/div>\n<div><\/div>\n<div>sus\u021binut\u0103 de <span style=\"color: #0000ff;\">Profesor Mikhail Vasilevskiy, University of Minho, Portugal, <\/span><span style=\"color: #000000;\">cu ocazia vizitei Erasmus+ pe care o efectueaza in facultatea noastra.<\/span><\/div>\n<p><em><strong><span style=\"color: #0000ff;\">\u00a0<\/span><\/strong><\/em>1. Graphene: crystal structure, chemical bonds, electron energy spectrum and electronic properties; brief overview of other properties and applications.<\/p>\n<p>2. Surface plasmon-polaritons in graphene-based structures: dispersion relation, excitation methods; working principles of some sensing and optoelectronic devices.).<\/p>\n<p><span style=\"color: #0000ff;\">Actiunea se adreseaza in primul rand studentilor doctoranzi si de master<\/span> si va avea loc in<span style=\"color: #0000ff;\"> Laboratorul de Fizica Starii Solide, Miercuri, 28 iunie 2023, de la ora 16.<\/span><\/p>\n<\/div>\n<p><!-- ++++++++++++++++++++++++++++++++++++++++++++++++++++++++++++++++++++++++++++++++++++ --><\/p>\n<div class=\"colorbox\" style=\"background-color: #e6e6e6;\">\n<p><img decoding=\"async\" style=\"width: 83px; height: 24px;\" src=\"http:\/\/www.phys.uaic.ro\/wp\/imagini\/erasmus+logo.png\" alt=\"erasmus\" \/><\/p>\n<div>Sunte\u021bi invitati la prelegerea intitulata<\/div>\n<div><\/div>\n<div><span style=\"color: #0000ff;\"><strong><em>Nanomaterials, Optical properties and Photovoltaic application opportunities<\/em><\/strong><\/span>,<\/div>\n<div><\/div>\n<div>sus\u021binut\u0103 de <span style=\"color: #0000ff;\">domnul Profesor Izzedine Zorkani<\/span>, de la Universitatea Sidi Mohamed Ben Abdellah (Fes, Maroc), cu ocazia vizitei Erasmus+ pe care o efectueaza in facultatea noastra.<\/div>\n<div>Actiunea se va desfasura <span style=\"color: #0000ff;\"><strong>Joi, 8 decembrie<\/strong>, de la <strong>ora 16<\/strong>, in <\/span><strong><span style=\"color: #0000ff;\">Laboratorul de Fizica Starii Solide<\/span>.<\/strong><\/div>\n<\/div>\n<p><!-- ++++++++++++++++++++++++++++++++++++++++++++++++++++++++++++++++++++++++++++++++++++ --><\/p>\n<div class=\"colorbox\" style=\"background-color: #e6e6e6;\">\n<p><img decoding=\"async\" style=\"width: 83px; height: 24px;\" src=\"http:\/\/www.phys.uaic.ro\/wp\/imagini\/erasmus+logo.png\" alt=\"erasmus\" \/><!--<img decoding=\"async\" src=\"http:\/\/www.phys.uaic.ro\/wp\/imagini\/erasmus+logo.png\" alt=\"erasmus\" style=\"width:83px;height:24px;\" \/>--><\/p>\n<p>Miercuri, <b>8 decembrie 2021, ora 17.00<\/b>, studen\u021bii Facult\u0103\u021bii de Fizic\u0103 (Licen\u021b\u0103, Master, Doctorat) sunt invita\u021bi la \u00eent\u00e2lnirea cu <b>Dr. Mihaela G\u00ceRTAN<\/b>, Conferen\u021biar Universitar Habilitat la Universitatea din Angers, Fran\u021ba.<\/p>\n<p>Domnia sa va sus\u021bine o prelegere intitulat\u0103 <b><i>Manufacturing technologies for semiconductor devices &#8211; photovoltaic applications<\/i><\/b>, ce va fi urmat\u0103 de o discu\u021bie cu privire la oportunit\u0103\u021bile \u0219i perspectivele de dezvoltare profesional\u0103 ale studen\u021bilor (stagii de practic\u0103, internship-uri, training-uri, \u0219coli de var\u0103, workshop-uri, inclusiv prezentarea avantajelor realiz\u0103rii unei teze de doctorat \u00eentr-un program de cotutel\u0103), c\u00e2t \u0219i la identificarea poten\u021bialelor surse de finan\u021bare, at\u00e2t na\u021bionale, c\u00e2t \u0219i interna\u021bionale [ERASMUS+, COST, bursele Campus France (Bursa Guvernului Francez, Bursa Eiffel) etc.].<\/p>\n<p>Evenimentul va avea loc online, pe platforma WEBEX, cu link-ul de coectare:<\/p>\n<p><a href=\"https:\/\/uaic.webex.com\/meet\/lleontie\">https:\/\/uaic.webex.com\/meet\/lleontie<\/a><\/p>\n<div><a href=\"http:\/\/www.phys.uaic.ro\/wp\/relatii-internationale\/erasmus\/erasmus-2021\/mihaela-girtan-afis-2021.jpg\"><img decoding=\"async\" style=\"width: 350px; height: 502px;\" src=\"http:\/\/www.phys.uaic.ro\/wp\/relatii-internationale\/erasmus\/erasmus-2021\/mihaela-girtan-afis-2021.jpg\" alt=\"mihaela-girtan\" \/><\/a><\/div>\n<div><\/div>\n<div class=\"colorbox\" style=\"background-color: #e6e6e6;\">\n<p><img decoding=\"async\" style=\"width: 83px; height: 24px;\" src=\"http:\/\/www.phys.uaic.ro\/wp\/imagini\/erasmus+logo.png\" alt=\"erasmus\" \/><\/p>\n<p>\u00cen cursul s\u0103pt\u0103m\u00e2nii viitoare (18-22 noiembrie), \u00eencepand de Luni, vom fi onora\u021bi de vizita Erasmus+ a distinsului <b>profesor Yoshimasa Kawata<\/b>, Decan al Facult\u0103\u021bii de Inginerie din cadrul Universit\u0103\u021bii Shizuoka, cu care facultatea noastr\u0103 are o excelent\u0103 tradi\u021bie de colaborare.<\/p>\n<p>Domnia sa va sus\u021bine o serie de prelegeri, destinate studen\u021bilor de la Licen\u021b\u0103, Master \u0219i Doctorat. O scurt\u0103 prezentare o pute\u021bi g\u0103si \u00een fi\u0219ierul ata\u0219at, primit de la domnul profesor.<\/p>\n<p>Profilul s\u0103u de cercetare poate fi v\u0103zut la<\/p>\n<p><a href=\"https:\/\/www.researchgate.net\/profile\/Yoshimasa_Kawata\">https:\/\/www.researchgate.net\/profile\/Yoshimasa_Kawata<\/a><\/p>\n<p>Sunte\u021bi invita\u021bi \u00een num\u0103r c\u00e2t mai mare, cadre didactice \u00eempreun\u0103 cu studen\u021bii cu care interac\u021biona\u021bi, la seria de lec\u021bii ale domnului profesor (inclusa \u00een fi\u0219ierul ata\u0219at), \u00een fiecare zi, de luni pana vineri, de la orele 16, \u00een Laboratorul de Fizic\u0103 St\u0103rii Solide.<\/p>\n<\/div>\n<div><\/div>\n<p>&nbsp;<\/p>\n<p><!-- ++++++++++++++++++++++++++++++++++++++++++++++++++++++++++++++++++++++++++++++++++++ --><\/p>\n<div class=\"colorbox\" style=\"background-color: #e6e6e6;\">\n<p><img decoding=\"async\" style=\"width: 83px; height: 24px;\" src=\"http:\/\/www.phys.uaic.ro\/wp\/imagini\/erasmus+logo.png\" alt=\"erasmus\" \/>You are kindly invited to attend the lecture titled&#8221;Application of Atmospheric Microplasma &#8211; Surface modification and plasma drug delivery&#8221;that will be delivered by <b>professor Kazuo Shimizu<\/b> from Shizuoka University, Japan, on Friday, 24th of May, at 10 a.m. in Plasma Lab.<\/p>\n<p>Professor Shimizu will present the latest research results obtained by his research group on atmospheric microplasma generated by surface DBD and its applications.<\/p>\n<\/div>\n<div><\/div>\n<p>&nbsp;<\/p>\n<p><!-- ++++++++++++++++++++++++++++++++++++++++++++++++++++++++++++++++++++++++++++++++++++ --><\/p>\n<div class=\"colorbox\" style=\"background-color: #e6e6e6;\">\n<p><img decoding=\"async\" style=\"width: 83px; height: 24px;\" src=\"http:\/\/www.phys.uaic.ro\/wp\/imagini\/erasmus+logo.png\" alt=\"erasmus\" \/><\/p>\n<p>Sunteti invitati, impreuna cu studentii interesati, la prelegerea intitulata<\/p>\n<p>&#8222;Surface dielectric discharge barrier microplasma: fundamental physics<br \/>\nand applications&#8221;<\/p>\n<p>sustinuta de <b>profesorul Shimizu Kazuo<\/b> de la Shizouka University,<br \/>\nJapan, aflat in vizita Erasmus+ in facultatea noastra.<\/p>\n<p>Evenimentul va avea loc Marti, 21 mai 2019, la orele 10, in Laboratorul de Fizica Plasmei.<\/p>\n<p>Prelegerea va avea doua parti a cate 50 min. In prima parte se vor discuta<br \/>\nfenomenele de baza prin care se produce microplasma in descarcari electrice DBD la<br \/>\npresiune atmosferica. In partea doua a prezentarii vor fi discutate aplicatii in<br \/>\nmedicina si mediu (purificarea aerului si apei).<\/p>\n<\/div>\n<div><\/div>\n<p>&nbsp;<\/p>\n<p><!-- ++++++++++++++++++++++++++++++++++++++++++++++++++++++++++++++++++++++++++++++++++++ --><\/p>\n<div class=\"colorbox\" style=\"background-color: #e6e6e6;\">\n<p><img decoding=\"async\" style=\"width: 83px; height: 24px;\" src=\"http:\/\/www.phys.uaic.ro\/wp\/imagini\/erasmus+logo.png\" alt=\"erasmus\" \/><\/p>\n<p>Sunteti invitati, impreuna cu studentii interesati, la prelegerea intitulata<\/p>\n<p>&#8222;Alpha-decay as a probe for nuclear structure&#8221;<\/p>\n<p>sustinuta de <b>profesorul Walaa Seif<\/b> de la Cairo University, Faculty of Science, Physics Department, aflat in vizita Erasmus+ in facultatea noastra.<\/p>\n<p>Evenimentul va avea loc Luni, 20 mai 2019, la orele 14:30, in Laboratorul de Fizica Starii Solide (FSS).<\/p>\n<\/div>\n<div><\/div>\n<p>&nbsp;<\/p>\n<p><!-- ++++++++++++++++++++++++++++++++++++++++++++++++++++++++++++++++++++++++++++++++++++ --><\/p>\n<div class=\"colorbox\" style=\"background-color: #e6e6e6;\">\n<p><img decoding=\"async\" style=\"width: 83px; height: 24px;\" src=\"http:\/\/www.phys.uaic.ro\/wp\/imagini\/erasmus+logo.png\" alt=\"erasmus\" \/><\/p>\n<p>Sunteti invitati, impreuna cu studentii interesati, la prelegerea intitulata<\/p>\n<p>&#8222;Solving Electromagnetic Problems using Eigenmode Projection Technique&#8221;<\/p>\n<p>sustinuta de <b>profesorul Tamer Abuelfadl<\/b> de la Cairo University, aflat in vizita Erasmus+ in facultatea noastra.<\/p>\n<p>Evenimentul va avea loc Luni, 22 aprilie 2019, la orele 14:30, in Laboratorul de Fizica Starii Solide (FSS).<\/p>\n<\/div>\n<div><\/div>\n<p>&nbsp;<\/p>\n<p><!-- ++++++++++++++++++++++++++++++++++++++++++++++++++++++++++++++++++++++++++++++++++++ --><\/p>\n<div class=\"colorbox\" style=\"background-color: #e6e6e6;\">\n<p><img decoding=\"async\" style=\"width: 83px; height: 24px;\" src=\"http:\/\/www.phys.uaic.ro\/wp\/imagini\/erasmus+logo.png\" alt=\"erasmus\" \/><\/p>\n<p>Sunteti invitati, in particular studentii de la ciclurile al doilea si al treilea, la prelegerea Erasmus+ intitulata<\/p>\n<p>Concentrating Photovoltaics: Principles and applications<\/p>\n<p>sustinuta de <b>profesorul Ali Ahaitouf<\/b> de la<\/p>\n<p>Universit\u00e9 sidi Mohammed Ben Abdellah<br \/>\nFacult\u00e9 des Sciences et Techniques de F\u00e8s<br \/>\nD\u00e9partement de G\u00e9nie Electrique.<\/p>\n<p>Actiunea va avea loc Luni, 8 aprilie 2019, de la orele 13, in laboratorul de Fizica Starii Solide.<\/p>\n<\/div>\n<div><\/div>\n<p>&nbsp;<\/p>\n<p><!-- ++++++++++++++++++++++++++++++++++++++++++++++++++++++++++++++++++++++++++++++++++++ --><\/p>\n<div class=\"colorbox\" style=\"background-color: #e6e6e6;\">\n<p><img decoding=\"async\" style=\"width: 83px; height: 24px;\" src=\"http:\/\/www.phys.uaic.ro\/wp\/imagini\/erasmus+logo.png\" alt=\"erasmus\" \/><\/p>\n<p>Sunteti invitati la prelegerea Erasmus+ intitulata &#8222;Thin film solar cells&#8221; sustinuta de domnul <b>Profesor Mostefa Benhaliliba<\/b> de la Universit\u00e9 des Sciences et de la Technologie d\u2019Oran (USTO, Algeria), Faculty of Physics \/ Dept. Material Technology.<\/p>\n<p>Prezentarea va avea loc marti, 5 martie 2019, incepand de la ora 15, in Laboratorul de Fizica Starii Solide (FSS).<\/p>\n<p>Invitatia se adreseaza si studentilor de la ciclurile de master si doctorat.<\/p>\n<\/div>\n<div><\/div>\n<p>&nbsp;<\/p>\n<p><!-- ++++++++++++++++++++++++++++++++++++++++++++++++++++++++++++++++++++++++++++++++++++ --><\/p>\n<div class=\"colorbox\" style=\"background-color: #e6e6e6;\">\n<p><img decoding=\"async\" style=\"width: 83px; height: 24px;\" src=\"http:\/\/www.phys.uaic.ro\/wp\/imagini\/erasmus+logo.png\" alt=\"erasmus\" \/><\/p>\n<p>Joi, 28 iunie 2018, \u00een amfiteatrul IV.13, \u00eentre orele 15 si 16 <b>Prof. Mostefa Benhaliliba<\/b> \u0219i <b>Dr. Sid Sfiat<\/b> de la University of Sciences and Technology of Oran, Mohamed Boudiaf (USTOMB), Algeria vor sus\u021bine prezent\u0103rile &#8222;Semiconducting materials. Generalities. Characterization. Applications&#8221; \u0219i &#8222;Approximations methods applied in physics&#8221;. Acestea se adreseaz\u0103 \u00een special studen\u021bilor din anul I \u0219i al II-lea de la Practic\u0103.<\/p>\n<\/div>\n<div><\/div>\n<p>&nbsp;<\/p>\n<p><!-- ++++++++++++++++++++++++++++++++++++++++++++++++++++++++++++++++++++++++++++++++++++ --><\/p>\n<div class=\"colorbox\" style=\"background-color: #e6e6e6;\">\n<p><img decoding=\"async\" style=\"width: 83px; height: 24px;\" src=\"http:\/\/www.phys.uaic.ro\/wp\/imagini\/erasmus+logo.png\" alt=\"erasmus\" \/><\/p>\n<p>Joi, 28 iunie 2018, \u00een amfiteatrul IV.13, de la ora 13:30, <b>profesorul Izzedine Zorkani<\/b> de la Sidi Mohammed Ben Abdellah University, Faculty of Sciences Dhar El Mehraz, Fes, Morocco va sus\u021bine prezentarea cu titlul &#8222;Nanomaterials, Opportunity for Photovoltaic Application&#8221;.<\/p>\n<p>Prezentarea are loc \u00een cadrul programului Erasmus+ \u0219i se adreseaz\u0103 \u00een special studen\u021bilor din I \u0219i al II-lea de la Practic\u0103, dar oricine dore\u0219te s\u0103 participe este binevenit.<\/p>\n<\/div>\n<div><\/div>\n<p>&nbsp;<\/p>\n<p><!-- ++++++++++++++++++++++++++++++++++++++++++++++++++++++++++++++++++++++++++++++++++++ --><\/p>\n<div class=\"colorbox\" style=\"background-color: #e6e6e6;\">\n<p><img decoding=\"async\" style=\"width: 83px; height: 24px;\" src=\"http:\/\/www.phys.uaic.ro\/wp\/imagini\/erasmus+logo.png\" alt=\"erasmus\" \/><\/p>\n<p>In data de 19 iunie 2018 ora 11:00 in amfiteatrul IV.13 <b>profesorul Nebojsha Mitrovic<\/b>, de la Universitatea din Kragujevac, Facultatea de Stiinte tehnice din Cacak, Serbia, pentru 40 de minute, va vorbi studentilor, doctoranzilor si cadrelor didactice interesate de Materiale Magnetice Amorfe si Aplicatiile lor (in limba Engleza).<\/p>\n<\/div>\n<div><\/div>\n<p>&nbsp;<\/p>\n<p><!-- ++++++++++++++++++++++++++++++++++++++++++++++++++++++++++++++++++++++++++++++++++++ --><\/p>\n<div class=\"colorbox\" style=\"background-color: #e6e6e6;\">\n<p><img decoding=\"async\" style=\"width: 83px; height: 24px;\" src=\"http:\/\/www.phys.uaic.ro\/wp\/imagini\/erasmus+logo.png\" alt=\"erasmus\" \/><\/p>\n<p>Sunteti invitati, sa asistati la prelegerile <b>Prof. Khalil El-Hami<\/b>, de la Universitatea Hasan I, Khouribga, Settat, Maroc, aflat in vizita Erasmus+ in facultatea noastra.<\/p>\n<p>Programul celor doua prelegeri ale domniei sale este urmatorul:<\/p>\n<ul>\n<li>marti, 20 martie 2018, orele 14, in Laboratorul de Fizica Starii Solide Nanomaterials and nanocomposites. From elaboration to potential applications;<\/li>\n<li>joi, 22 martie 2018, orele 10, in Laboratorul de Fizica Starii Solide Data storage materials and applications.<\/li>\n<\/ul>\n<p>Sunt asteptati studentii de la ciclurile de master si doctorat.<\/p>\n<\/div>\n<div><\/div>\n<p>&nbsp;<\/p>\n<p><!-- ++++++++++++++++++++++++++++++++++++++++++++++++++++++++++++++++++++++++++++++++++++ --><\/p>\n<div id=\"conferinta-anastassiou\" class=\"colorbox\" style=\"background-color: #e6e6e6;\">\n<p>Miercuri, 13 decembrie 2017, <b>Dr. Charalambos Anastassiou<\/b> (University of<br \/>\nCyprus), va sus\u021bine o prelegere cu titlul:<\/p>\n<ol style=\"list-style-type: none;\">\n<li>Medical Device Entrepreneurship, my experience Working in Boston MA<\/li>\n<\/ol>\n<p>\u00eencep\u00e2nd cu ora 11:00 \u00een Laboratorul de Fizica Plasmei.<\/p>\n<p>Dr. Charalambos Anastassiou (PhD from Princeton University) este beneficiarul unei burse Marie Sklodowska-Curie (IF) \u0219i viziteaz\u0103 laboratorul nostru pentru a campanie de experimente (UAIC secondment).<\/p>\n<p>\u00cen timpul prelegerii domnia sa ne va \u00eemp\u0103rt\u0103\u0219i din experien\u021ba de lucru \u00een SUA, \u00een cadrul companiei OmniGuide Inc. (Cambridge, Massachusetts). Printre alte realiz\u0103ri, Dr. Charalambos Anastassiou este de\u021bin\u0103torul unui num\u0103r de 7 de brevete SUA \u0219i solicitant \u00een cadrul unui num\u0103r de 12 noi brevete SUA.<\/p>\n<p>Sunt astepta\u021bi masteranzii \u0219i doctoranzii interesa\u021bi de <i>preg\u0103tirea antreprenorial\u0103<\/i>.<\/p>\n<\/div>\n<div><\/div>\n<p>&nbsp;<\/p>\n<p><!-- ++++++++++++++++++++++++++++++++++++++++++++++++++++++++++++++++++++++++++++++++++++ --><\/p>\n<div id=\"conferinta-pascut\" class=\"colorbox\" style=\"background-color: #e6e6e6;\">\n<p>Vineri, 8 decembrie 2017, <b>Dr. Gheorghe Lucian Pascut<\/b> de la Rutgers University, va sustine conferin\u021ba cu titlul &#8222;Orbital selectivity and isostructural phase transitions in AMnO<sub>3<\/sub>\u00a0&#8211;\u00a0perovskites&#8221; \u00een sala H1 din corpul H al UAIC \u00eencepind cu ora 14:00.<\/p>\n<\/div>\n<div><\/div>\n<p>&nbsp;<\/p>\n<p><!-- ++++++++++++++++++++++++++++++++++++++++++++++++++++++++++++++++++++++++++++++++++++ --><\/p>\n<div class=\"colorbox\" style=\"background-color: #e6e6e6;\">\n<p><img decoding=\"async\" style=\"vertical-align: top; width: 83px; height: 24px;\" src=\"http:\/\/www.phys.uaic.ro\/wp\/imagini\/erasmus+logo.png\" alt=\"erasmus\" \/><\/p>\n<p>Aflat intr-o mobilitate Erasmus de predare, <b>Prof. Dr. Orestis Kalogirou<\/b>, va preda interactiv studentilor de anul I de la Master Specializarea: Fizica pentru tehnologii avansate (in lb. engleza) notiuni introductive de magnetismul materialelor nanostructurate si aplicatiile lor medicale.<\/p>\n<p>Daca studentii masteranzi sau doctoranzii pe care ii mentorati sunt interesati de subiect, pot participa la doua ore de curs pe 3 octombrie 2017 incepand cu ora 9:00 (Sala 365) langa Laboratorul de fizica moleculara.<\/p>\n<p>Daca dumneavaostra suntei interesati sa discutati posibile colaborari stiintifice sau Erasmus mai multe informatii despre Prof. Kalogirou gasiti la adresa:<\/p>\n<p><a href=\"http:\/\/users.auth.gr\/kalogiro\/CV_Kalogirou_EN.pdf\">http:\/\/users.auth.gr\/kalogiro\/CV_Kalogirou_EN.pdf<\/a><\/p>\n<p>Puteti sa il contactati direct pentru a stabili o intalnire in zilele urmatoare la adresa de mail:<\/p>\n<p><span style=\"color: blue;\"><a class=\"linkificator-ext\" title=\"Linkificator: mailto:orestis.kalogirou@physics.auth.gr\" href=\"mailto:orestis.kalogirou@physics.auth.gr\" rel=\"noreferrer\">orestis.kalogirou@physics.auth.gr<\/a><\/span><\/p>\n<\/div>\n<div><\/div>\n<p>&nbsp;<\/p>\n<p><!-- ++++++++++++++++++++++++++++++++++++++++++++++++++++++++++++++++++++++++++++++++++++ --><\/p>\n<div class=\"colorbox\" style=\"background-color: #e6e6e6;\">\n<p><img decoding=\"async\" style=\"vertical-align: top; width: 83px; height: 24px;\" src=\"http:\/\/www.phys.uaic.ro\/wp\/imagini\/erasmus+logo.png\" alt=\"erasmus\" \/><\/p>\n<p>Sunte\u021bi invita\u021bi s\u0103 participa\u021bi la prelegerile sus\u021binute de <b>Dr. Ridvan Karapinar<\/b>, de la Mehmet Akif Ersoy University (Turcia), care se va afla, \u00een cursul saptamanii viitoare, \u00eentr-o vizita Erasmus+ la facultatea noastr\u0103.<\/p>\n<p>Programul acestora va fi urm\u0103torul:<\/p>\n<ul>\n<li>Liquid crystals: A new state of matter &#8211; 11 septembrie 2017, ora 16, Laboratorul de Fizica Solidului \u0219i a Semiconductorilor.<\/li>\n<li>Smart PDLC Films &#8211; 12 septembrie 2017, ora 16, Laboratorul de Fizica Solidului \u0219i a Semiconductorilor.<\/li>\n<\/ul>\n<\/div>\n<div><\/div>\n<p>&nbsp;<\/p>\n<p><!-- ++++++++++++++++++++++++++++++++++++++++++++++++++++++++++++++++++++++++++++++++++++ --><\/p>\n<div class=\"colorbox\" style=\"background-color: #e6e6e6;\">\n<p><img decoding=\"async\" style=\"vertical-align: top; width: 83px; height: 24px;\" src=\"http:\/\/www.phys.uaic.ro\/wp\/imagini\/erasmus+logo.png\" alt=\"erasmus\" \/><\/p>\n<p>Sunte\u021bi invita\u021bi s\u0103 participa\u021bi la prelegerile sus\u021binute pe 5 septembrie 2017 de colegii de la Universitatea din Cottbus, Germania, veni\u021bi \u00een cadrul programului Erasmus+.<\/p>\n<p>Prelegerile vor avea loc \u00een sala L1, \u00eencep\u00e2nd cu ora 10:00:<\/p>\n<ul>\n<li>ora 10:00 &#8211; <b>Prof. Michael Bestehorn<\/b> va sus\u021bine prelegerea intitulat\u0103: &#8222;Hydrodynamic Instabilities and Self-Organized Patterns in Thin Liquid Films&#8221;<\/li>\n<li>ora 11:00 &#8211; <b>Dr. Sergej Varlamov<\/b>, senior researcher, va sus\u021bine prelegerea &#8222;Laser polarization as a control parameter in the formation of laser- induced surface structures&#8221;<\/li>\n<\/ul>\n<\/div>\n<div><\/div>\n<p>&nbsp;<\/p>\n<p><!-- ++++++++++++++++++++++++++++++++++++++++++++++++++++++++++++++++++++++++++++++++++++ --><\/p>\n<div id=\"shashi-paul-1997\" class=\"colorbox\" style=\"background-color: #e6e6e6;\">\n<p><img decoding=\"async\" style=\"vertical-align: top; width: 83px; height: 24px;\" src=\"http:\/\/www.phys.uaic.ro\/wp\/imagini\/erasmus+logo.png\" alt=\"erasmus\" \/><\/p>\n<p>Domnul <a href=\"http:\/\/www.dmu.ac.uk\/about-dmu\/academic-staff\/technology\/shashi-paul\/shashi-paul.aspx\"><b>Dr. Shashi Paul<\/b><\/a>, Reader in NanoScience and Nanotechnologies, Director-Emerging Technologies Research Centre (EMTERC), Faculty of Technology, School of Engineering and Sustainable Development, De Montfort University va sus\u021bine urm\u0103toarele prelegeri:<\/p>\n<ol>\n<li>Importance of nano-materials. Growth of Silicon Nano-Structures &#8211; 03.07.2017, sala Ferdinand, orele 10-12;<\/li>\n<li>Electrical Measurement of Photovoltiac Solar Cells &#8211; 04.07.2017,sala Ferdinand, orele 10-12;<\/li>\n<li>Nano-composite for electronic memory devices. Impendence spectroscopy. Analysis for electronic Memory Devices &#8211; 05.07.2017, sala Ferdinand, orele<br \/>\n14-16.<\/li>\n<\/ol>\n<p>Vor fi \u0219i discu\u021bii legate de colabor\u0103rile viitoare din cadrul programului Erasmus+.<\/p>\n<\/div>\n<div><\/div>\n<p><!-- ++++++++++++++++++++++++++++++++++++++++++++++++++++++++++++++++++++++++++++++++++++ --><\/p>\n<\/div>\n","protected":false},"excerpt":{"rendered":"<p>Sunte\u021bi invitati la prelegerea Introduction to graphene plasmonics sus\u021binut\u0103 de Profesor Mikhail Vasilevskiy, University of Minho, Portugal, cu ocazia vizitei Erasmus+ pe care o efectueaza in facultatea noastra. \u00a01. Graphene: crystal structure, chemical bonds, electron energy spectrum and electronic properties; brief overview of other properties and applications. 2. Surface plasmon-polaritons in graphene-based structures: dispersion relation, excitation methods; working\u2026 <span class=\"read-more\"><a href=\"https:\/\/www.phys.uaic.ro\/old\/index.php\/relatii-internationale\/prelegeri\/\">Read More &raquo;<\/a><\/span><\/p>\n","protected":false},"author":3,"featured_media":0,"parent":92,"menu_order":0,"comment_status":"closed","ping_status":"closed","template":"","meta":{"footnotes":""},"class_list":["post-238","page","type-page","status-publish","hentry"],"_links":{"self":[{"href":"https:\/\/www.phys.uaic.ro\/old\/index.php\/wp-json\/wp\/v2\/pages\/238","targetHints":{"allow":["GET"]}}],"collection":[{"href":"https:\/\/www.phys.uaic.ro\/old\/index.php\/wp-json\/wp\/v2\/pages"}],"about":[{"href":"https:\/\/www.phys.uaic.ro\/old\/index.php\/wp-json\/wp\/v2\/types\/page"}],"author":[{"embeddable":true,"href":"https:\/\/www.phys.uaic.ro\/old\/index.php\/wp-json\/wp\/v2\/users\/3"}],"replies":[{"embeddable":true,"href":"https:\/\/www.phys.uaic.ro\/old\/index.php\/wp-json\/wp\/v2\/comments?post=238"}],"version-history":[{"count":0,"href":"https:\/\/www.phys.uaic.ro\/old\/index.php\/wp-json\/wp\/v2\/pages\/238\/revisions"}],"up":[{"embeddable":true,"href":"https:\/\/www.phys.uaic.ro\/old\/index.php\/wp-json\/wp\/v2\/pages\/92"}],"wp:attachment":[{"href":"https:\/\/www.phys.uaic.ro\/old\/index.php\/wp-json\/wp\/v2\/media?parent=238"}],"curies":[{"name":"wp","href":"https:\/\/api.w.org\/{rel}","templated":true}]}}