{"id":24096,"date":"2025-02-14T12:11:46","date_gmt":"2025-02-14T10:11:46","guid":{"rendered":"https:\/\/www.phys.uaic.ro\/?page_id=24096"},"modified":"2025-02-14T12:11:46","modified_gmt":"2025-02-14T10:11:46","slug":"webinarul-bridging-academia-industry","status":"publish","type":"page","link":"https:\/\/www.phys.uaic.ro\/old\/index.php\/webinarul-bridging-academia-industry\/","title":{"rendered":"Webinarul \u201eBridging Academia &#038; Industry\u201d"},"content":{"rendered":"<p><b> <\/b> \u00cen cadrul alian\u021bei universitare \u201eEuropean Campus of City-Universities\u201d (<a tabindex=\"-1\" href=\"https:\/\/www.facebook.com\/EC2UAlliance?__cft__%5b0%5d=AZWf0AKQCSpMiyrpYozbYmzn0CDNNrVib6lAF4TRiOeN3m66LGcxxApYOY56sNNzwGKCnfNImZ8ZNJhJrgJNZjIL1FMKnnN2TWSnObhL79taIPh8XQ_eHZV9aQ14MlfHgiVbNFXzxi9XS0GPoRK6fQolSFEHnjipd99BsGbVmgRLsg&amp;__tn__=-%5dK-R\" target=\"_blank\" rel=\"external nofollow noopener noreferrer\"><b>EC2U Alliance<\/b><\/a>), din care Universitatea \u201eAlexandru Ioan Cuza\u201d din Ia\u0219i face parte, va avea loc <b>webinarului \u201eBridging Academia &amp; Industry\u201d.<\/b><\/p>\n<p>Webinarul \u00ee\u0219i propune s\u0103 conecteze <b>doctoranzi<\/b> din domenii STEM cu<b> profesioni\u0219ti care au absolvit studii doctorale<\/b> care au f\u0103cut tranzi\u021bia dinspre mediul academic c\u0103tre industrie\/business, prin discu\u021bii cu caracter de mentorat despre dezvoltare profesional\u0103, abilit\u0103\u021bi \u0219i oportunit\u0103\u021bi de carier\u0103.<\/p>\n<p>Mai mult, evenimentul ofer\u0103 posibilitatea <b>absolven\u021bilor de studii<\/b> <b>doctorale<\/b> care f\u0103cut tranzi\u021bia de la mediul academic la industrie \u00eentr-un domeniu STEM s\u0103 se \u00eenregistreze pentru a oferi <b>mentorat tinerilor cercet\u0103tori<\/b>.<\/p>\n<p>Cei interesa\u021bi s\u0103 ofere mentorat o pot face p\u00e2n\u0103 la data de <b>28 februarie 2025<\/b> acces\u00e2nd urm\u0103torul link: <a tabindex=\"-1\" href=\"https:\/\/www.jku.at\/en\/ec2u\/all-events-mobilities\/ec2u-mentoring-webinar-bridging-academia-and-industry-online\/?fbclid=IwZXh0bgNhZW0CMTAAAR0LUxlYXroxQhs7MDOJhpjqxifYUBlzbMiA8dBqj-oEGzfEWI3R0Ddsjvk_aem_ypOvSVVU-peF9HiSLFfS8A\" target=\"_blank\" rel=\"external nofollow noopener noreferrer\">EC2U Mentoring Webinar: Bridging Academia and Industry (Online) | EC\u00b2U<\/a><\/p>\n","protected":false},"excerpt":{"rendered":"<p>\u00cen cadrul alian\u021bei universitare \u201eEuropean Campus of City-Universities\u201d (EC2U Alliance), din care Universitatea \u201eAlexandru Ioan Cuza\u201d din Ia\u0219i face parte, va avea loc webinarului \u201eBridging Academia &amp; Industry\u201d. Webinarul \u00ee\u0219i propune s\u0103 conecteze doctoranzi din domenii STEM cu profesioni\u0219ti care au absolvit studii doctorale care au f\u0103cut tranzi\u021bia dinspre mediul academic c\u0103tre industrie\/business, prin discu\u021bii cu caracter de\u2026 <span class=\"read-more\"><a href=\"https:\/\/www.phys.uaic.ro\/old\/index.php\/webinarul-bridging-academia-industry\/\">Read More &raquo;<\/a><\/span><\/p>\n","protected":false},"author":4,"featured_media":0,"parent":0,"menu_order":0,"comment_status":"closed","ping_status":"closed","template":"","meta":{"footnotes":""},"class_list":["post-24096","page","type-page","status-publish","hentry"],"_links":{"self":[{"href":"https:\/\/www.phys.uaic.ro\/old\/index.php\/wp-json\/wp\/v2\/pages\/24096","targetHints":{"allow":["GET"]}}],"collection":[{"href":"https:\/\/www.phys.uaic.ro\/old\/index.php\/wp-json\/wp\/v2\/pages"}],"about":[{"href":"https:\/\/www.phys.uaic.ro\/old\/index.php\/wp-json\/wp\/v2\/types\/page"}],"author":[{"embeddable":true,"href":"https:\/\/www.phys.uaic.ro\/old\/index.php\/wp-json\/wp\/v2\/users\/4"}],"replies":[{"embeddable":true,"href":"https:\/\/www.phys.uaic.ro\/old\/index.php\/wp-json\/wp\/v2\/comments?post=24096"}],"version-history":[{"count":0,"href":"https:\/\/www.phys.uaic.ro\/old\/index.php\/wp-json\/wp\/v2\/pages\/24096\/revisions"}],"wp:attachment":[{"href":"https:\/\/www.phys.uaic.ro\/old\/index.php\/wp-json\/wp\/v2\/media?parent=24096"}],"curies":[{"name":"wp","href":"https:\/\/api.w.org\/{rel}","templated":true}]}}