{"id":24576,"date":"2025-05-08T09:14:44","date_gmt":"2025-05-08T06:14:44","guid":{"rendered":"https:\/\/www.phys.uaic.ro\/?page_id=24576"},"modified":"2025-05-08T09:14:44","modified_gmt":"2025-05-08T06:14:44","slug":"workshop-fulbright-specialist-mikel-cole","status":"publish","type":"page","link":"https:\/\/www.phys.uaic.ro\/old\/index.php\/workshop-fulbright-specialist-mikel-cole\/","title":{"rendered":"Workshop Fulbright, specialist Mikel Cole"},"content":{"rendered":"<p>Dr. <strong>Mikel Cole<\/strong> este invitat \u00een calitate de specialist Fulbright la universitatea noastr\u0103, in luna mai 2025, cu scopul de a \u00eemp\u0103rt\u0103\u015fi expertiza \u0219i cuno\u0219tin\u021bele sale cu doctoranzii universitatii noastre, pentru a-i sprijini \u00een redactarea tezei de doctorat.<\/p>\n<p>Dr. Cole este format \u00een administra\u021bie educa\u021bional\u0103 \u0219i litera\u021bie, cu un doctorat \u00een Limba \u0219i cultur\u0103 de la Universitatea Vanderbilt, USA. \u00cen prezent, este conferen\u021biar universitar la Colegiul de Educatie, la Universitatea din Houston, \u0219i este specialist \u00een administra\u021bia educa\u021biei pentru adul\u021bi \u0219i in domeniul educa\u021biei continue. A participat la numeroase proiecte interna\u021bionale \u0219i a publicat \u00een reviste prestigioase din \u00eentreaga lume.<\/p>\n<p>El va sus\u021bine un workshop de 6 ore despre analiza sistematic\u0103, metode de cercetare \u0219i scriere academic\u0103, care se va desf\u0103\u015fura dup\u0103 urm\u0103torul program :<\/p>\n<ul>\n<li><strong>S\u00e2mb\u0103t\u0103, 10 mai, \u00eentre orele 10-13.00 in Amfiteatrul III.11 al Facultatii de Litere, Corpul A al Universit\u0103\u0163ii<\/strong>,<\/li>\n<li><strong>Vineri<\/strong>, <strong>23 mai, \u00eentre orele 14.00-16.00, \u00een sala R402, corpul R al Universit\u0103\u0163ii,<\/strong><\/li>\n<li><strong>S\u00e2mb\u0103t\u0103,<\/strong> 23 mai, <strong>\u00eentre<\/strong> orele 10.00-13.00 <strong>\u00een sala R402<\/strong>, <strong>corpul R al Universit\u0103\u0163ii<\/strong>.<\/li>\n<\/ul>\n<p>&nbsp;<\/p>\n<p>Doctoranzii interesati sunt rugati sa confirme participarea.<\/p>\n","protected":false},"excerpt":{"rendered":"<p>Dr. Mikel Cole este invitat \u00een calitate de specialist Fulbright la universitatea noastr\u0103, in luna mai 2025, cu scopul de a \u00eemp\u0103rt\u0103\u015fi expertiza \u0219i cuno\u0219tin\u021bele sale cu doctoranzii universitatii noastre, pentru a-i sprijini \u00een redactarea tezei de doctorat. Dr. Cole este format \u00een administra\u021bie educa\u021bional\u0103 \u0219i litera\u021bie, cu un doctorat \u00een Limba \u0219i cultur\u0103 de la Universitatea Vanderbilt,\u2026 <span class=\"read-more\"><a href=\"https:\/\/www.phys.uaic.ro\/old\/index.php\/workshop-fulbright-specialist-mikel-cole\/\">Read More &raquo;<\/a><\/span><\/p>\n","protected":false},"author":4,"featured_media":0,"parent":0,"menu_order":0,"comment_status":"closed","ping_status":"closed","template":"","meta":{"footnotes":""},"class_list":["post-24576","page","type-page","status-publish","hentry"],"_links":{"self":[{"href":"https:\/\/www.phys.uaic.ro\/old\/index.php\/wp-json\/wp\/v2\/pages\/24576","targetHints":{"allow":["GET"]}}],"collection":[{"href":"https:\/\/www.phys.uaic.ro\/old\/index.php\/wp-json\/wp\/v2\/pages"}],"about":[{"href":"https:\/\/www.phys.uaic.ro\/old\/index.php\/wp-json\/wp\/v2\/types\/page"}],"author":[{"embeddable":true,"href":"https:\/\/www.phys.uaic.ro\/old\/index.php\/wp-json\/wp\/v2\/users\/4"}],"replies":[{"embeddable":true,"href":"https:\/\/www.phys.uaic.ro\/old\/index.php\/wp-json\/wp\/v2\/comments?post=24576"}],"version-history":[{"count":0,"href":"https:\/\/www.phys.uaic.ro\/old\/index.php\/wp-json\/wp\/v2\/pages\/24576\/revisions"}],"wp:attachment":[{"href":"https:\/\/www.phys.uaic.ro\/old\/index.php\/wp-json\/wp\/v2\/media?parent=24576"}],"curies":[{"name":"wp","href":"https:\/\/api.w.org\/{rel}","templated":true}]}}