{"id":24699,"date":"2025-05-26T15:22:49","date_gmt":"2025-05-26T12:22:49","guid":{"rendered":"https:\/\/www.phys.uaic.ro\/?page_id=24699"},"modified":"2025-07-31T10:05:07","modified_gmt":"2025-07-31T07:05:07","slug":"organizarea-admiterii-la-master-iulie-2025-2","status":"publish","type":"page","link":"https:\/\/www.phys.uaic.ro\/old\/index.php\/organizarea-admiterii-la-master-iulie-2025-2\/","title":{"rendered":"Organizarea admiterii la MASTER &#8211; iulie 2025"},"content":{"rendered":"<h3><span style=\"color: #ff0000;\"><a style=\"color: #ff0000;\" href=\"https:\/\/www.phys.uaic.ro\/old\/wp-content\/uploads\/2025\/07\/MASTER-tur-2-de-afisat.pdf\" target=\"_blank\" rel=\"noopener\">Rezultate admitere master &#8211; Turul II<\/a><\/span><\/h3>\n<h3><a href=\"https:\/\/www.phys.uaic.ro\/old\/wp-content\/uploads\/2025\/07\/RP-Tur-2-admisi-taxa.pdf\" target=\"_blank\" rel=\"noopener\"><span style=\"color: #ff0000;\">Rezultate admitere master &#8211; Turul II \u2013 locuri Rom\u00e2ni de Pretutindeni Tax\u0103<\/span><\/a><\/h3>\n<h3><span style=\"color: #ff0000;\"><a style=\"color: #ff0000;\" href=\"https:\/\/www.phys.uaic.ro\/old\/wp-content\/uploads\/2025\/07\/RP-Tur-2-admisi-buget.pdf\" target=\"_blank\" rel=\"noopener\">Rezultate admitere master &#8211; Turul II \u2013 locuri Rom\u00e2ni de Pretutindeni Buget<\/a><\/span><\/h3>\n<h3><a href=\"https:\/\/www.phys.uaic.ro\/old\/wp-content\/uploads\/2025\/07\/Lista_admisi_master_RP-Tur-3-taxa-afisat.pdf\" target=\"_blank\" rel=\"noopener\"><span style=\"color: #ff0000;\">Rezultate admitere master &#8211; Turul III \u2013 locuri Rom\u00e2ni de Pretutindeni Tax\u0103<\/span><\/a><\/h3>\n<h3><a href=\"https:\/\/www.phys.uaic.ro\/old\/wp-content\/uploads\/2025\/07\/Lista_admisi_master_RP-Tur-3-buget-de-afisat.pdf\" target=\"_blank\" rel=\"noopener\"><span style=\"color: #ff0000;\">Rezultate admitere master &#8211; Turul III \u2013 locuri Rom\u00e2ni de Pretutindeni Buget<\/span><\/a><\/h3>\n<p><span style=\"color: #ff0000; font-size: 14pt;\"><a style=\"color: #ff0000;\" href=\"https:\/\/www.phys.uaic.ro\/old\/wp-content\/uploads\/2025\/07\/master-Balti-turul-2.pdf\" target=\"_blank\" rel=\"noopener\"><strong>Rezultate admitere master Extensia BALTI &#8211; Turul II<\/strong><\/a><\/span><\/p>\n<h3><em><a href=\"https:\/\/www.phys.uaic.ro\/old\/wp-content\/uploads\/2025\/07\/master-buget.pdf\" target=\"_blank\" rel=\"noopener\"><strong>Rezultate admitere master BUGET \u2013 iulie 2025<\/strong><\/a><\/em><\/h3>\n<h3><em><a href=\"https:\/\/www.phys.uaic.ro\/old\/wp-content\/uploads\/2025\/07\/master-taxa.pdf\" target=\"_blank\" rel=\"noopener\"><strong>Rezultate admitere master TAX\u0102 \u2013 iulie 2025<\/strong><\/a><\/em><\/h3>\n<h3><em><a href=\"https:\/\/www.phys.uaic.ro\/old\/wp-content\/uploads\/2025\/07\/Lista_admisi_master_RP-iulie2025-TAXA.pdf\" target=\"_blank\" rel=\"noopener\">Rezultate admitere master iulie 2025 \u2013 locuri Rom\u00e2ni de Pretutindeni Tax\u0103<\/a><\/em><\/h3>\n<h3><em><a href=\"https:\/\/www.phys.uaic.ro\/old\/wp-content\/uploads\/2025\/07\/Lista_admisi_master_RP-iulie2025-BUGET.pdf\" target=\"_blank\" rel=\"noopener\">Rezultate admitere master iulie 2025 \u2013 locuri Rom\u00e2ni de Pretutindeni Buget<\/a><\/em><\/h3>\n<h3><a href=\"https:\/\/www.phys.uaic.ro\/old\/wp-content\/uploads\/2025\/07\/asteptare-master-RM-Iasi-iulie-2025.pdf\" target=\"_blank\" rel=\"noopener\"><em>Rezultate admitere master iulie 2025 \u2013 locuri Rom\u00e2ni de Pretutindeni &#8211; in asteptare<\/em><\/a><\/h3>\n<p>&nbsp;<\/p>\n<p id=\"confirmare-master\">Candida\u0163ii declara\u0163i <b>admi\u015fi<\/b> vor trebui \u00een perioada <strong>22-24 iulie 2025, <\/strong>orele <b>9-15 <\/b>si<b> 25 iulie 2025, orele 9-12<\/b>:<\/p>\n<ul>\n<li><b>s\u0103 semneze contractul de studii;<\/b><\/li>\n<li><b>s\u0103 achite taxa de \u00eenmatriculare de 100 RON<\/b> (cei admi\u015fi la buget, \u00een contul din platforma de admitere: <a href=\"https:\/\/eadmitere.uaic.ro\">eadmitere.uaic.ro<\/a> sau pe \u00a0<em><a href=\"https:\/\/plati-taxe.uaic.ro\/stud\/index.php\" target=\"_blank\" rel=\"noopener\">https:\/\/plati-taxe.uaic.ro\/stud\/index.php<\/a>)<\/em><\/li>\n<li><b>s\u0103 achite o prim\u0103 parte a taxei \u015fcolarizare de 500 lei<\/b> (doar cei admi\u0219i pe locurile cu tax\u0103,\u00a0\u00een contul din platforma de admitere: <a href=\"https:\/\/eadmitere.uaic.ro\">eadmitere.uaic.ro<\/a> sau pe\u00a0 <em><a href=\"https:\/\/plati-taxe.uaic.ro\/stud\/index.php\" target=\"_blank\" rel=\"noopener\">https:\/\/plati-taxe.uaic.ro\/stud\/index.php<\/a><\/em>);<\/li>\n<li><b>s\u0103 completeze dosarul cu actele \u00een original<\/b> (diploma de bacalaureat, adeverin\u0163a\/diploma de licen\u0163\u0103 \u015fi foaia matricol\u0103\/suplimentul la diplom\u0103).<\/li>\n<\/ul>\n<p>\u00cen caz contrar se pierde calitatea de student, iar locul r\u0103mas liber va fi ocupat, \u00een ordine descresc\u0103toare a mediilor la admitere, de un alt candidat sau va fi scos din nou la concurs \u00een perioada <b>5-8 septembrie 2025.<\/b><\/p>\n<p><strong>Atentie<\/strong>: absolventii care au sustinut examenul de <strong>licenta in sesiunea iulie 2025<\/strong> nu au nevoie de foaie matricola\/supliment la diploma. Ei vor prezenta <strong>doar adeverinta de licenta<\/strong>.<\/p>\n<h3><\/h3>\n<h3><strong>Perioada admiterii<\/strong><\/h3>\n<ul>\n<li><strong>\u00censcriere \u0219i depunerea dosarelor<\/strong>: <strong>14-19 iulie 2025 (online \u0219i fizic \u00een laboratorul de informatic\u0103 \u2013 demisol)<\/strong>\n<ul>\n<li><strong>14-18 iulie 2025<\/strong>, <strong>9:00-16:00<\/strong><\/li>\n<li>s\u00e2mb\u0103t\u0103, <strong>19 iulie<\/strong> 2025: <strong>9:00-13:00<\/strong><\/li>\n<\/ul>\n<\/li>\n<li>Conturile de acces pe platforma de admitere: <a href=\"https:\/\/eadmitere.uaic.ro\">eadmitere.uaic.ro<\/a> vor putea fi create p\u00e2n\u0103 cel t\u00e2rziu\u00a0s\u00e2mb\u0103t\u0103, <strong>19 iulie<\/strong> 2025, <strong>ora 12:00<\/strong><\/li>\n<\/ul>\n<p>&nbsp;<\/p>\n<p><strong>Admitere Master 2025 &#8211; Interviu (14.07-19.07, 10:00-12:00, <\/strong><strong>DOAR pentru specializarile cu predare in limba engleza)<\/strong><\/p>\n<p><span style=\"color: #0000ff;\"><em><strong>https:\/\/uaic.webex.com\/uaic\/j.php?MTID=m8a641cf2692446ab7fa7dafcac737790<\/strong><\/em><\/span><\/p>\n<p><strong>Atentie<\/strong>: absolventii care au sustinut examenul de <span style=\"color: #ff0000;\"><strong>licenta in sesiunea iulie 2025<\/strong><\/span> nu au nevoie de foaie matricola\/supliment la diploma. Ei vor prezenta <span style=\"color: #ff0000;\"><strong>doar adeverinta de licenta<\/strong>.<\/span><\/p>\n<p><strong>Selec\u021bia candida\u021bilor \u0219i afi\u0219area rezultatelor <\/strong>(pentru <strong>toate tururile de confirm\u0103ri<\/strong>): <strong>21-31 iulie 2025<\/strong>:<\/p>\n<p><strong>turul I:<\/strong><\/p>\n<ul>\n<li>afisare: <strong>21-22 iulie 2025<\/strong>.<\/li>\n<li>confirm\u0103ri: <strong>22-25 iulie 2025<\/strong>, orele 9-15, la secretariatul Facultatii de Fizica.<\/li>\n<\/ul>\n<p><strong>\u00a0<\/strong><strong>turul II:<\/strong><\/p>\n<ul>\n<li>afisare: <strong>28 iulie 2025<\/strong>.<\/li>\n<li>confirm\u0103ri: <strong>29-31 iulie 2025<\/strong>, orele 9-12, la secretariatul Facultatii de Fizica.<\/li>\n<\/ul>\n<p>&nbsp;<\/p>\n<p>Deschide\u0163i pagina\u00a0<a href=\"https:\/\/eadmitere.uaic.ro\"><strong>https:\/\/eadmitere.uaic.ro<\/strong><\/a> de pe site-ul universit\u0103\u021bii \u015fi urma\u0163i instruc\u0163iunile de admitere \u00eensemn\u00e2nd achitarea taxei de admitere, scanarea (fotocopierea) actelor necesare si trimiterea lor \u00een contul creat. Informa\u0163ii suplimentare pute\u0163i primi la <em>fizica@uaic.ro<\/em>.<\/p>\n<p>&nbsp;<\/p>\n<p><a href=\"https:\/\/www.phys.uaic.ro\/old\/index.php\/numarul-de-locuri-la-master-iulie-2025\/\" target=\"_blank\" rel=\"noopener\">Num\u0103rul de locuri master<\/a><\/p>\n<p><a href=\"https:\/\/www.phys.uaic.ro\/old\/index.php\/conditii-de-admitere-si-taxe-la-master-iulie-2025\/\" target=\"_blank\" rel=\"noopener\">Condi\u021bii de admitere \u0219i taxe<\/a><\/p>\n<p><a href=\"https:\/\/www.phys.uaic.ro\/old\/index.php\/actele-necesare-la-master-iulie-2025-2\/\" target=\"_blank\" rel=\"noopener\">Actele necesare<\/a><\/p>\n<p>&nbsp;<\/p>\n<p><b>Informa\u021bii<\/b> despre admitere:<\/p>\n<ul>\n<li style=\"list-style-type: none;\">\n<ul>\n<li>Tel: 0232 201050<\/li>\n<li>E-mail: fizica@uaic.ro<\/li>\n<li>Site-ul Facult\u0103\u021bii de Fizic\u0103: <a href=\"http:\/\/www.phys.uaic.ro\" target=\"_blank\" rel=\"noopener\">http:\/\/www.phys.uaic.ro<\/a><\/li>\n<li>Site-ul universit\u0103\u021bii dedicat admiterii: <a href=\"http:\/\/admitere.uaic.ro\/\" target=\"_blank\" rel=\"noopener\">http:\/\/admitere.uaic.ro\/<\/a><\/li>\n<\/ul>\n<\/li>\n<\/ul>\n<p>&nbsp;<\/p>\n<p><a href=\"https:\/\/www.phys.uaic.ro\/old\/wp-content\/uploads\/2025\/05\/Regulament_ADMITERE_Licenta_Masterat_AprobatSenat_12.12.2024.pdf\" target=\"_blank\" rel=\"noopener\"><em>Metodologie privind organizarea \u015fi desf\u0103\u015furarea admiterii \u00een ciclul de studii universitare de licen\u0163\u0103 pentru anul universitar 2025-2026<\/em><\/a><\/p>\n<p>&nbsp;<\/p>\n","protected":false},"excerpt":{"rendered":"<p>Rezultate admitere master &#8211; Turul II Rezultate admitere master &#8211; Turul II \u2013 locuri Rom\u00e2ni de Pretutindeni Tax\u0103 Rezultate admitere master &#8211; Turul II \u2013 locuri Rom\u00e2ni de Pretutindeni Buget Rezultate admitere master &#8211; Turul III \u2013 locuri Rom\u00e2ni de Pretutindeni Tax\u0103 Rezultate admitere master &#8211; Turul III \u2013 locuri Rom\u00e2ni de Pretutindeni Buget Rezultate admitere master Extensia\u2026 <span class=\"read-more\"><a href=\"https:\/\/www.phys.uaic.ro\/old\/index.php\/organizarea-admiterii-la-master-iulie-2025-2\/\">Read More &raquo;<\/a><\/span><\/p>\n","protected":false},"author":4,"featured_media":0,"parent":0,"menu_order":0,"comment_status":"closed","ping_status":"closed","template":"","meta":{"footnotes":""},"class_list":["post-24699","page","type-page","status-publish","hentry"],"_links":{"self":[{"href":"https:\/\/www.phys.uaic.ro\/old\/index.php\/wp-json\/wp\/v2\/pages\/24699","targetHints":{"allow":["GET"]}}],"collection":[{"href":"https:\/\/www.phys.uaic.ro\/old\/index.php\/wp-json\/wp\/v2\/pages"}],"about":[{"href":"https:\/\/www.phys.uaic.ro\/old\/index.php\/wp-json\/wp\/v2\/types\/page"}],"author":[{"embeddable":true,"href":"https:\/\/www.phys.uaic.ro\/old\/index.php\/wp-json\/wp\/v2\/users\/4"}],"replies":[{"embeddable":true,"href":"https:\/\/www.phys.uaic.ro\/old\/index.php\/wp-json\/wp\/v2\/comments?post=24699"}],"version-history":[{"count":0,"href":"https:\/\/www.phys.uaic.ro\/old\/index.php\/wp-json\/wp\/v2\/pages\/24699\/revisions"}],"wp:attachment":[{"href":"https:\/\/www.phys.uaic.ro\/old\/index.php\/wp-json\/wp\/v2\/media?parent=24699"}],"curies":[{"name":"wp","href":"https:\/\/api.w.org\/{rel}","templated":true}]}}