{"id":24829,"date":"2025-06-13T11:49:12","date_gmt":"2025-06-13T08:49:12","guid":{"rendered":"https:\/\/www.phys.uaic.ro\/?page_id=24829"},"modified":"2025-06-13T11:49:12","modified_gmt":"2025-06-13T08:49:12","slug":"participari-conferinte-fdi-2025-f-396","status":"publish","type":"page","link":"https:\/\/www.phys.uaic.ro\/old\/index.php\/participari-conferinte-fdi-2025-f-396\/","title":{"rendered":"Particip\u0103ri conferin\u021be FDI-2025-F-396"},"content":{"rendered":"<p data-start=\"476\" data-end=\"887\">\u00cen cadrul proiectului <strong data-start=\"498\" data-end=\"523\">CNFIS-FDI-2025-F-0396<\/strong> \u2013 Domeniul <em data-start=\"526\" data-end=\"606\">Cre\u0219terea gradului de interna\u021bionalizare a \u00eenv\u0103\u021b\u0103m\u00e2ntului superior din Rom\u00e2nia<\/em>, Universitatea \u201eAlexandru Ioan Cuza\u201d din Ia\u0219i ofer\u0103 sprijin pentru mobilit\u0103\u021bi interna\u021bionale \u00een scopul disemin\u0103rii rezultatelor cercet\u0103rii \u0219tiin\u021bifice, prin participarea la evenimente \u0219tiin\u021bifice interna\u021bionale \u0219i prezentarea de lucr\u0103ri \u0219tiin\u021bifice <strong>(comunicare oral\u0103)<\/strong> a <strong>doctoranzilor, cadrelor didactice tinere \u0219i tinerilor cercet\u0103tori <\/strong>ai Universit\u0103\u021bii Alexandru Ioan Cuza din Ia\u0219i, <strong>care nu sunt implica\u021bi \u00een alte proiecte\/granturi finan\u021bate<\/strong>.<\/p>\n<p data-start=\"889\" data-end=\"914\">\u00cen vederea bunei derul\u0103ri a celor <b>15 particip\u0103ri cu lucr\u0103ri \u0219tiin\u021bifice<\/b> (comunicare oral\u0103) acceptate la evenimente \u0219tiin\u021bifice interna\u021bionale, se au \u00een vedere urm\u0103toarele <b>criterii de selec\u021bie<\/b>:<\/p>\n<ol data-start=\"915\" data-end=\"1058\">\n<li data-start=\"915\" data-end=\"939\">\n<p data-start=\"918\" data-end=\"939\">Calitatea propunerii;<\/p>\n<\/li>\n<li data-start=\"940\" data-end=\"980\">\n<p data-start=\"943\" data-end=\"980\">Impactul \u0219tiin\u021bific al evenimentului;<\/p>\n<\/li>\n<li data-start=\"981\" data-end=\"1023\">\n<p data-start=\"984\" data-end=\"1023\">Relevan\u021ba evenimentului \u0219tiin\u021bific pentru domeniul de cercetare al candidatului;<\/p>\n<\/li>\n<li data-start=\"1024\" data-end=\"1058\">\n<p data-start=\"1027\" data-end=\"1058\">Capacitatea candidatului de a aduce o contribu\u021bie la domeniul s\u0103u.<\/p>\n<\/li>\n<\/ol>\n<p data-start=\"1060\" data-end=\"1098\"><strong>Dosarul de candidatur\u0103<\/strong> se va transmite prin email, la Serviciul Rela\u021bii Interna\u021bionale, la adresa: <a tabindex=\"-1\" href=\"mailto:genoveva.rosu@uaic.ro\" target=\"_blank\" rel=\"external nofollow noopener noreferrer\">genoveva.rosu@uaic.ro<\/a> \u0219i va con\u021bine urm\u0103toarele documente<b>:<\/b><\/p>\n<p><strong data-start=\"1060\" data-end=\"1086\">1) Cererea de finan\u021bare cu avizul conduc\u0103torului \u0219tiin\u021bific (pentru doctoranzi) \/ decanului (pentru cadrele didactice tinere) \/ director de departament sau de centru (pentru tinerii cercet\u0103tori);<\/strong><\/p>\n<p><b>2) <\/b><b>Dovada accept\u0103rii lucr\u0103rii \u0219tiin\u021bifice.<\/b><\/p>\n<p>Acordarea finan\u021b\u0103rii se va face dup\u0103 <b>principiul primul venit \u2013 primul servit<\/b>, cu condi\u021bia satisfacerii criteriilor de selec\u021bie.<\/p>\n<p><b>Limitele de finan\u021bare sunt:<\/b><\/p>\n<p>\u00b7 <b>Taxa de participare \u00een cuantum maxim de 200 EUR\/persoan\u0103<\/b><\/p>\n<p>\u00b7 <b>Transport \u00een cuantum maxim de 300 EUR\/persoan\u0103<\/b><\/p>\n<p>\u00b7 <b>Indemniza\u021bie de cazare pentru maximum 2 nop\u021bi<\/b><\/p>\n<p>\u00b7 <b>Diurn\u0103 pentru maximum 3 zile<\/b><\/p>\n<p>Alte informa\u021bii legate de finan\u021bare:<\/p>\n<ul>\n<li>Cadrele didactice tinere \u0219i tinerii cercet\u0103tori reprezint\u0103 <u>personalul cu v\u00e2rsta maxim\u0103 de 35 de ani<\/u>.<\/li>\n<li>Cererile pentru finan\u021barea particip\u0103rii la evenimente \u0219tiin\u021bifice interna\u021bionale cu lucr\u0103ri (comunicare oral\u0103) pot fi depuse pe tot parcursul proiectului, dar <strong>\u00eenainte de data evenimentului \u0219tiin\u021bific interna\u021bional<\/strong>. Nu sunt eligibile solicit\u0103rile retroactive.<\/li>\n<li>Evenimentele eligibile trebuie s\u0103 se \u00eencheie cel t\u00e2rziu la <strong data-start=\"1473\" data-end=\"1494\">12 decembrie 2025<\/strong>.<\/li>\n<li>O persoan\u0103 poate beneficia de finan\u021bare <strong data-start=\"1536\" data-end=\"1554\">o singur\u0103 dat\u0103<\/strong> \u00een cadrul proiectului.<\/li>\n<li>Dosarele de \u00eenscriere se pot trimite p\u00e2n\u0103 la epuizarea sumei totale prev\u0103zute \u00een buget.<\/li>\n<li>Nivelul diurnei \u0219i indemniza\u021biei de cazare \u00een str\u0103in\u0103tate sunt stabilite conform Hot\u0103r\u00e2rii Guvernului nr. 518 din 10 iulie 1995 modificat\u0103 \u0219i actualizat\u0103.<\/li>\n<li>Conform cerin\u021belor proiectului, beneficiarii vor prezenta, la \u00eentoarcere, un <strong>raport referitor la participarea la evenimentul \u0219tiin\u021bific interna\u021bional<\/strong>, dup\u0103 modelul oferit de Serviciul Rela\u021bii Interna\u021bionale.<\/li>\n<\/ul>\n<p><a href=\"https:\/\/www.phys.uaic.ro\/old\/wp-content\/uploads\/2025\/06\/Model-cerere-conferinta-FDI-0396.docx\">Model cerere conferinta FDI &#8211; 0396<\/a><\/p>\n<p><a href=\"https:\/\/www.phys.uaic.ro\/old\/wp-content\/uploads\/2025\/06\/Raport-final-FDI.doc\">Raport final FDI<\/a><\/p>\n","protected":false},"excerpt":{"rendered":"<p>\u00cen cadrul proiectului CNFIS-FDI-2025-F-0396 \u2013 Domeniul Cre\u0219terea gradului de interna\u021bionalizare a \u00eenv\u0103\u021b\u0103m\u00e2ntului superior din Rom\u00e2nia, Universitatea \u201eAlexandru Ioan Cuza\u201d din Ia\u0219i ofer\u0103 sprijin pentru mobilit\u0103\u021bi interna\u021bionale \u00een scopul disemin\u0103rii rezultatelor cercet\u0103rii \u0219tiin\u021bifice, prin participarea la evenimente \u0219tiin\u021bifice interna\u021bionale \u0219i prezentarea de lucr\u0103ri \u0219tiin\u021bifice (comunicare oral\u0103) a doctoranzilor, cadrelor didactice tinere \u0219i tinerilor cercet\u0103tori ai Universit\u0103\u021bii Alexandru Ioan Cuza\u2026 <span class=\"read-more\"><a href=\"https:\/\/www.phys.uaic.ro\/old\/index.php\/participari-conferinte-fdi-2025-f-396\/\">Read More &raquo;<\/a><\/span><\/p>\n","protected":false},"author":4,"featured_media":0,"parent":0,"menu_order":0,"comment_status":"closed","ping_status":"closed","template":"","meta":{"footnotes":""},"class_list":["post-24829","page","type-page","status-publish","hentry"],"_links":{"self":[{"href":"https:\/\/www.phys.uaic.ro\/old\/index.php\/wp-json\/wp\/v2\/pages\/24829","targetHints":{"allow":["GET"]}}],"collection":[{"href":"https:\/\/www.phys.uaic.ro\/old\/index.php\/wp-json\/wp\/v2\/pages"}],"about":[{"href":"https:\/\/www.phys.uaic.ro\/old\/index.php\/wp-json\/wp\/v2\/types\/page"}],"author":[{"embeddable":true,"href":"https:\/\/www.phys.uaic.ro\/old\/index.php\/wp-json\/wp\/v2\/users\/4"}],"replies":[{"embeddable":true,"href":"https:\/\/www.phys.uaic.ro\/old\/index.php\/wp-json\/wp\/v2\/comments?post=24829"}],"version-history":[{"count":0,"href":"https:\/\/www.phys.uaic.ro\/old\/index.php\/wp-json\/wp\/v2\/pages\/24829\/revisions"}],"wp:attachment":[{"href":"https:\/\/www.phys.uaic.ro\/old\/index.php\/wp-json\/wp\/v2\/media?parent=24829"}],"curies":[{"name":"wp","href":"https:\/\/api.w.org\/{rel}","templated":true}]}}