{"id":25315,"date":"2025-09-01T12:25:41","date_gmt":"2025-09-01T09:25:41","guid":{"rendered":"https:\/\/www.phys.uaic.ro\/?page_id=25315"},"modified":"2025-09-01T12:25:41","modified_gmt":"2025-09-01T09:25:41","slug":"admitere-master-iasi-romani-de-pretutindeni-septembrie-2025","status":"publish","type":"page","link":"https:\/\/www.phys.uaic.ro\/old\/index.php\/admitere-master-iasi-romani-de-pretutindeni-septembrie-2025\/","title":{"rendered":"Admitere MASTER (IA\u015eI) &#8211; rom\u00e2ni de pretutindeni &#8211; septembrie 2025"},"content":{"rendered":"<header class=\"entry-header\">\n<h1 class=\"entry-title\">Num\u0103rul de locuri master (rom\u00e2ni de pretutindeni) septembrie 2025<\/h1>\n<\/header>\n<div class=\"entry-content\">\n<p><strong>Master, programul de studii Fizic\u0103 aplicat\u0103 \u00een tehnologii SMART \u0219i comunica\u021bii :<\/strong><\/p>\n<ul>\n<li>1 loc tax\u0103<\/li>\n<\/ul>\n<p><strong>Master, programul de studii Metode fizice aplicate \u00een kinetoterapie \u015fi recuperare medical\u0103 :<\/strong><\/p>\n<ul>\n<li>3 locuri tax\u0103<\/li>\n<\/ul>\n<p><strong>Master, programul de studii Fizic\u0103 medical\u0103 aplicat\u0103 :<\/strong><\/p>\n<ul>\n<li>3 locuri tax\u0103<\/li>\n<\/ul>\n<p><strong>Master, programul de studii Fizic\u0103 pentru tehnologii avansate \/ Physics for advanced technologies :<\/strong><\/p>\n<ul>\n<li>3 locuri tax\u0103<\/li>\n<\/ul>\n<p><strong>Master, programul de studii Optic\u0103 \u015fi optometrie :<\/strong><\/p>\n<ul>\n<li>1 loc tax\u0103<\/li>\n<\/ul>\n<p><strong>Master, programul de studii Biofizic\u0103 \u015fi fizic\u0103 medical\u0103 \/ Biophysics and Medical Physics:<\/strong><\/p>\n<ul>\n<li>1 loc tax\u0103<\/li>\n<\/ul>\n<\/div>\n<h3><\/h3>\n<h3><strong>Perioada admiterii<\/strong><\/h3>\n<ul>\n<li><b>\u00censcriere \u0219i depunerea dosarelor, <\/b>la secretariatul Facult\u0103\u021bii de Fizic\u0103:\n<ul>\n<li>vineri, <strong>5 septembrie 2025, <\/strong>orele <strong>9-16<\/strong><\/li>\n<li>s\u00e2mb\u0103t\u0103,\u00a0<strong>6 septembrie 2025,<\/strong> orele <strong>9-13<\/strong><\/li>\n<li>duminic\u0103, <strong>7 septembrie 2025, <\/strong>orele <strong>9-13<\/strong><\/li>\n<li>luni, <strong>8 septembrie 2025, <\/strong>orele <strong>9-16<\/strong><\/li>\n<\/ul>\n<\/li>\n<\/ul>\n<ul>\n<li><b>Selec\u021bia candida\u021bilor \u0219i afi\u0219area rezultatelor<\/b>: <strong>9-10 septembrie 2025<\/strong><\/li>\n<li>confirm\u0103ri: <strong>11-12 septembrie 2025<\/strong>, orele 9-15, la secretariatul Facult\u0103\u021bii de Fizic\u0103.<\/li>\n<\/ul>\n<p><strong>Conturile de acces<\/strong>\u00a0pe platforma\u00a0<a href=\"http:\/\/eadmitere.uaic.ro\/\"><strong>eadmitere.uaic.ro<\/strong><\/a> vor putea fi create p\u00e2n\u0103 cel t\u00e2rziu luni, <strong>8 septembrie<\/strong>\u00a0<strong>2025<\/strong>, ora\u00a0<strong>15:00<\/strong>, completarea \u0219i finalizarea dosarelor put\u00e2ndu-se face p\u00e2n\u0103 la ora\u00a0<strong>16:oo<\/strong>.<\/p>\n<p>&nbsp;<\/p>\n<p>Deschide\u0163i pagina\u00a0<a href=\"https:\/\/eadmitere.uaic.ro\/\"><strong>https:\/\/eadmitere.uaic.ro<\/strong><\/a>\u00a0de pe site-ul universit\u0103\u021bii \u015fi urma\u0163i instruc\u0163iunile de admitere \u00eensemn\u00e2nd achitarea taxei de admitere, scanarea (fotocopierea) actelor necesare si trimiterea lor \u00een contul creat. Informa\u0163ii suplimentare pute\u0163i primi la\u00a0<em>fizica@uaic.ro<\/em>.<\/p>\n","protected":false},"excerpt":{"rendered":"<p>Num\u0103rul de locuri master (rom\u00e2ni de pretutindeni) septembrie 2025 Master, programul de studii Fizic\u0103 aplicat\u0103 \u00een tehnologii SMART \u0219i comunica\u021bii : 1 loc tax\u0103 Master, programul de studii Metode fizice aplicate \u00een kinetoterapie \u015fi recuperare medical\u0103 : 3 locuri tax\u0103 Master, programul de studii Fizic\u0103 medical\u0103 aplicat\u0103 : 3 locuri tax\u0103 Master, programul de studii Fizic\u0103 pentru tehnologii\u2026 <span class=\"read-more\"><a href=\"https:\/\/www.phys.uaic.ro\/old\/index.php\/admitere-master-iasi-romani-de-pretutindeni-septembrie-2025\/\">Read More &raquo;<\/a><\/span><\/p>\n","protected":false},"author":4,"featured_media":0,"parent":0,"menu_order":0,"comment_status":"closed","ping_status":"closed","template":"","meta":{"footnotes":""},"class_list":["post-25315","page","type-page","status-publish","hentry"],"_links":{"self":[{"href":"https:\/\/www.phys.uaic.ro\/old\/index.php\/wp-json\/wp\/v2\/pages\/25315","targetHints":{"allow":["GET"]}}],"collection":[{"href":"https:\/\/www.phys.uaic.ro\/old\/index.php\/wp-json\/wp\/v2\/pages"}],"about":[{"href":"https:\/\/www.phys.uaic.ro\/old\/index.php\/wp-json\/wp\/v2\/types\/page"}],"author":[{"embeddable":true,"href":"https:\/\/www.phys.uaic.ro\/old\/index.php\/wp-json\/wp\/v2\/users\/4"}],"replies":[{"embeddable":true,"href":"https:\/\/www.phys.uaic.ro\/old\/index.php\/wp-json\/wp\/v2\/comments?post=25315"}],"version-history":[{"count":0,"href":"https:\/\/www.phys.uaic.ro\/old\/index.php\/wp-json\/wp\/v2\/pages\/25315\/revisions"}],"wp:attachment":[{"href":"https:\/\/www.phys.uaic.ro\/old\/index.php\/wp-json\/wp\/v2\/media?parent=25315"}],"curies":[{"name":"wp","href":"https:\/\/api.w.org\/{rel}","templated":true}]}}