{"id":25325,"date":"2025-09-01T12:40:39","date_gmt":"2025-09-01T09:40:39","guid":{"rendered":"https:\/\/www.phys.uaic.ro\/?page_id=25325"},"modified":"2025-09-01T12:46:35","modified_gmt":"2025-09-01T09:46:35","slug":"admitere-fizica-extensia-focsani-septembrie-2025","status":"publish","type":"page","link":"https:\/\/www.phys.uaic.ro\/old\/index.php\/admitere-fizica-extensia-focsani-septembrie-2025\/","title":{"rendered":"Admitere Fizic\u0103 Extensia Foc\u015fani &#8211; septembrie 2025"},"content":{"rendered":"<h3><strong>Perioada admiterii<\/strong><\/h3>\n<ul>\n<li><b>\u00censcriere \u0219i depunerea dosarelor,\u00a0<\/b>la sediul<strong> Extensiei UAIC din Foc\u0219ani (Cl\u0103direa fostei Prefecturi Putna, Str. Republicii, nr. 71, Foc\u0219ani, Jude\u021bul Vrancea)<\/strong>\n<ul>\n<li>vineri, <strong>5 septembrie 2025, <\/strong>orele <strong>9-16<\/strong><\/li>\n<li>s\u00e2mb\u0103t\u0103,\u00a0<strong>6 septembrie 2025,<\/strong> orele <strong>9-13<\/strong><\/li>\n<li>duminic\u0103, <strong>7 septembrie 2025, <\/strong>orele <strong>9-13<\/strong><\/li>\n<li>luni, <strong>8 septembrie 2025, <\/strong>orele <strong>9-16<\/strong><\/li>\n<\/ul>\n<\/li>\n<\/ul>\n<ul>\n<li><b>Selec\u021bia candida\u021bilor \u0219i afi\u0219area rezultatelor<\/b>: <strong>9-10 septembrie 2025<\/strong><\/li>\n<li>confirm\u0103ri: <strong>11-12 septembrie 2025<\/strong>, orele 9-15.<\/li>\n<\/ul>\n<p><strong>Conturile de acces<\/strong>\u00a0pe platforma\u00a0<a href=\"http:\/\/eadmitere.uaic.ro\/\"><strong>eadmitere.uaic.ro<\/strong><\/a> vor putea fi create p\u00e2n\u0103 cel t\u00e2rziu luni, <strong>8 septembrie<\/strong>\u00a0<strong>2025<\/strong>, ora\u00a0<strong>15:00<\/strong>, completarea \u0219i finalizarea dosarelor put\u00e2ndu-se face p\u00e2n\u0103 la ora\u00a0<strong>16:oo<\/strong>.<\/p>\n<p>Deschide\u0163i pagina<strong><em>\u00a0<a href=\"https:\/\/eadmitere.uaic.ro\/\" target=\"_blank\" rel=\"noopener\">https:\/\/eadmitere.uaic.ro<\/a>\u00a0<\/em><\/strong>de pe site-ul universit\u0103\u021bii \u0219i urma\u021bi instruc\u021biunile de admitere \u00eensemn\u00e2nd achitarea taxei de admitere, scanarea (fotocopierea) actelor necesare si trimiterea lor \u00een contul creat. Informa\u021bii suplimentare pute\u021bi primi la\u00a0<em>fizica@uaic.ro<\/em>.<\/p>\n<p>&nbsp;<\/p>\n<h4>Num\u0103r de locuri:<\/h4>\n<p><strong>Licen\u021b\u0103, Specializarea<\/strong>\u00a0<strong>Fizic\u0103 tehnologic\u0103, \u00eenv\u0103\u0163\u0103m\u00e2nt dual (la Foc\u015fani): <span style=\"color: #800000;\"><em><span style=\"font-size: 14pt;\">25 locuri buget<\/span><\/em><\/span><\/strong><\/p>\n<p>&nbsp;<\/p>\n<h4>Acte necesare:<\/h4>\n<div class=\"page\" title=\"Page 1\">\n<div class=\"layoutArea\">\n<div class=\"column\">\n<ul>\n<li>Diploma de bacalaureat (sau echivalent), i\u0302n original;<\/li>\n<li>Foaia matricola\u0306 cu toate mediile obt\u0326inute i\u0302n timpul liceului<\/li>\n<li>Certificat de nas\u0326tere;<\/li>\n<li>Certificat de ca\u0306sa\u0306torie, (daca\u0306\u00a0este cazul);<\/li>\n<li>Copie dupa\u0306 cartea de identitate;<\/li>\n<li>Copie dupa\u0306 pas\u0326aport;<\/li>\n<li>Adeverint\u0326a\u0306 medicala\u0306 tip;<\/li>\n<li>3 fotografii 3&#215;4 cm;<\/li>\n<\/ul>\n<p>&nbsp;<\/p>\n<p><strong>Condi\u0163iile de admitere<\/strong><\/p>\n<ul>\n<li><strong>100%<\/strong> <strong>Media de la bacalaureat<\/strong><\/li>\n<\/ul>\n<p>Criteriu de departajare a candidatilor cu aceea\u015fi medie: nota la proba Fizic\u0103 sau Matematic\u0103\/Informatic\u0103 din cadrul examenului de bacalaureat, \u00een func\u021bie de prima op\u021biune.<\/p>\n<\/div>\n<p><a href=\"https:\/\/www.phys.uaic.ro\/wp-content\/uploads\/2025\/05\/Regulament_ADMITERE_Licenta_Masterat_AprobatSenat_12.12.2024.pdf\" target=\"_blank\" rel=\"noopener\"><em>Metodologie privind organizarea \u015fi desf\u0103\u015furarea admiterii \u00een ciclul de studii universitare de licen\u0163\u0103 pentru anul universitar 2025-2026<\/em><\/a><\/p>\n<p><a href=\"https:\/\/admitere.uaic.ro\/admitere-licenta\/lista-olimpiadelor-scolare\/\" target=\"_blank\" rel=\"noopener\"><em>Anexa V \u2013 Lista olimpiadelor \u015fcolare \u0219i a concursurilor de nivel na\u0163ional \u015fi interna\u0163ional ai c\u0103ror laurea\u0163i, absolven\u0163i cu Diplom\u0103 de bacalaureat, au dreptul s\u0103 fie admi\u015fi, pe locuri finan\u0163ate de la buget, f\u0103r\u0103 sus\u0163inerea concursului de admitere la Universitatea \u201eAlexandru Ioan Cuza\u201d din Ia\u015fi pentru anul universitar 2025\/2026<\/em><\/a><\/p>\n<p><a href=\"https:\/\/www.phys.uaic.ro\/wp-content\/uploads\/2022\/05\/L_02.-Anexa_INFORMARE-PRIVIND-PRELUCRAREA-INFORMATIILOR-2022.pdf\" target=\"_blank\" rel=\"noopener\"><em>Informare privind prelucrarea informa\u021biilor cu caracter personal<\/em><\/a><\/p>\n<\/div>\n<\/div>\n","protected":false},"excerpt":{"rendered":"<p>Perioada admiterii \u00censcriere \u0219i depunerea dosarelor,\u00a0la sediul Extensiei UAIC din Foc\u0219ani (Cl\u0103direa fostei Prefecturi Putna, Str. Republicii, nr. 71, Foc\u0219ani, Jude\u021bul Vrancea) vineri, 5 septembrie 2025, orele 9-16 s\u00e2mb\u0103t\u0103,\u00a06 septembrie 2025, orele 9-13 duminic\u0103, 7 septembrie 2025, orele 9-13 luni, 8 septembrie 2025, orele 9-16 Selec\u021bia candida\u021bilor \u0219i afi\u0219area rezultatelor: 9-10 septembrie 2025 confirm\u0103ri: 11-12 septembrie 2025, orele\u2026 <span class=\"read-more\"><a href=\"https:\/\/www.phys.uaic.ro\/old\/index.php\/admitere-fizica-extensia-focsani-septembrie-2025\/\">Read More &raquo;<\/a><\/span><\/p>\n","protected":false},"author":4,"featured_media":0,"parent":0,"menu_order":0,"comment_status":"closed","ping_status":"closed","template":"","meta":{"footnotes":""},"class_list":["post-25325","page","type-page","status-publish","hentry"],"_links":{"self":[{"href":"https:\/\/www.phys.uaic.ro\/old\/index.php\/wp-json\/wp\/v2\/pages\/25325","targetHints":{"allow":["GET"]}}],"collection":[{"href":"https:\/\/www.phys.uaic.ro\/old\/index.php\/wp-json\/wp\/v2\/pages"}],"about":[{"href":"https:\/\/www.phys.uaic.ro\/old\/index.php\/wp-json\/wp\/v2\/types\/page"}],"author":[{"embeddable":true,"href":"https:\/\/www.phys.uaic.ro\/old\/index.php\/wp-json\/wp\/v2\/users\/4"}],"replies":[{"embeddable":true,"href":"https:\/\/www.phys.uaic.ro\/old\/index.php\/wp-json\/wp\/v2\/comments?post=25325"}],"version-history":[{"count":0,"href":"https:\/\/www.phys.uaic.ro\/old\/index.php\/wp-json\/wp\/v2\/pages\/25325\/revisions"}],"wp:attachment":[{"href":"https:\/\/www.phys.uaic.ro\/old\/index.php\/wp-json\/wp\/v2\/media?parent=25325"}],"curies":[{"name":"wp","href":"https:\/\/api.w.org\/{rel}","templated":true}]}}