{"id":25346,"date":"2025-09-03T09:08:20","date_gmt":"2025-09-03T06:08:20","guid":{"rendered":"https:\/\/www.phys.uaic.ro\/?page_id=25346"},"modified":"2025-09-03T09:08:20","modified_gmt":"2025-09-03T06:08:20","slug":"admitere-licenta-romani-de-pretutindeni-septembrie-2025","status":"publish","type":"page","link":"https:\/\/www.phys.uaic.ro\/old\/index.php\/admitere-licenta-romani-de-pretutindeni-septembrie-2025\/","title":{"rendered":"Admitere licen\u021b\u0103 ROM\u00c2NI DE PRETUTINDENI &#8211; septembrie 2025"},"content":{"rendered":"<p><strong>Perioada de \u00eenscrieri este 5-8 septembrie 2025<\/strong>.<span lang=\"ro\"><\/p>\n<p>Inscrierea se poate face:<\/span><\/p>\n<ul>\n<li><strong>On-line<\/strong> pe platforma <a href=\"https:\/\/eadmitere.uaic.ro\/\" data-cke-saved-href=\"https:\/\/eadmitere.uaic.ro\/\">https:\/\/eadmitere.uaic.ro\/<\/a><\/li>\n<li><strong>Fizic<\/strong> \u2013 la sediul UAIC (Ia\u0219i):\u00a0prin depunerea unui singur dosar de candidatur\u0103, personal sau de c\u0103tre o persoan\u0103 \u00eemputernicit\u0103 \u00een baza unei procuri notariale, la Comisia central\u0103 de admitere a candida\u021bilor rom\u00e2ni de pretutindeni (Corp A, Sala Traian Iona\u0219cu, Amfiteatrul P10);<\/li>\n<\/ul>\n<p><span lang=\"ro\"><br \/>\n<\/span>Program de lucru pentru depunerea <strong>fizic\u0103<\/strong> a dosarelor:<br \/>\n&#8211;<strong> vineri (05.09.2025)<\/strong> \u0219i<strong> luni (08.09.2025)<\/strong> \u00eentre orele <strong>09:00-16:00<\/strong>;<br \/>\n&#8211; <strong>s\u00e2mb\u0103t\u0103 (06.09.2025)<\/strong> \u0219i <strong>duminic\u0103 (07.09.2025)<\/strong> \u00eentre orele <strong>09:00-13:00<\/strong>.<\/p>\n<p><strong>Conturile de acces pe platforma de admitere (<a href=\"https:\/\/eadmitere.uaic.ro\/auth\/login?return=%2Fcandidat\" target=\"_blank\" rel=\"noopener noreferrer\" data-cke-saved-href=\"https:\/\/eadmitere.uaic.ro\/auth\/login?return=%2Fcandidat\">UAIC eAdmitere<\/a>)<\/strong> vor putea fi create p\u00e2n\u0103 cel t\u00e2rziu \u00een data de 8 septembrie 2025 ora 15:00, iar completarea \u0219i finalizarea dosarelor se poate realiza p\u00e2n\u0103 cel t\u00e2rziu \u00een data de <strong>8 septembrie 2025, ora 16:00<\/strong>. <span lang=\"ro\"><\/p>\n<p>Dupa afisarea rezultatelor va trebui sa sa urmatii pasii:<br \/>\n&#8211; candidatii admisi pe locuri de la buget au<\/span>\u00a0obliga\u021bia de a depune, conform calendarului stabilit, dosarul cu actele de studii \u00een original \u0219i de a semna Formularul de confirmare (Anexa nr. 3).<br \/>\n&#8211; candidatii admisi pe locurile cu tax\u0103 trebuie s\u0103 depun\u0103, conform calendarului stabilit, dosarul cu actele de studii \u00een original, s\u0103 achite cel pu\u021bin 30% din taxa de \u015fcolarizare pentru semestrul I al anului universitar 2025-2026, adic\u0103 500 lei, la B.R.D. sau direct \u00een platforma Admitere UAIC ori acces\u00e2nd linkul <a href=\"https:\/\/plati-taxe.uaic.ro\/stud\/index.php\">https:\/\/plati-taxe.uaic.ro\/stud\/index.php<\/a>. \u015fi s\u0103 semneze Formularul de confirmare (Anexa nr. 3).<\/p>\n<p>Dup\u0103 termenele stabilite, candida\u0163ii admi\u0219i care nu \u015fi-au \u00eendeplinit obliga\u0163iile vor fi declara\u0163i respin\u015fi, iar locurile eliberate de ace\u015fti candida\u0163i vor fi ocupate de urm\u0103torii candida\u0163i.<\/p>\n<p>In cazul in care initial sunteti declarat la taxa si ulterior ajungeti la buget, taxa de studii achitata la inmatriculare se va restitui integral.<span lang=\"ro\"><br \/>\n<\/span><strong><br \/>\nAFI\u0218AREA REZULTATELOR<\/strong>: 9-10 septembrie 2025.<br \/>\n<strong><br \/>\nCONFIRM\u0102RI<\/strong><br \/>\nTURUL 1: 10 septembrie 2025 &#8211; interval orar 9.00-15.00,<br \/>\n11 septembrie 2025 &#8211; interval orar 09.00-14.00;<\/p>\n<p>TURUL 2: 12 septembrie 2025, interval orar 09.00-15.00.<\/p>\n<p><strong>Detalii privind \u00eenscrierea \u015fi confirmarea locului<\/strong> se g\u0103sesc pe pagina de site cu adresa <a href=\"https:\/\/admitere.uaic.ro\/admiterea-candidatilor-romani-de-pretutindeni-in-anul-universitar\/\">https:\/\/admitere.uaic.ro\/admiterea-candidatilor-romani-de-pretutindeni-in-anul-universitar\/<\/a><\/p>\n<p><a href=\"https:\/\/www.chem.uaic.ro\/files\/File\/2025-2026\/admitere-iulie-2025\/metodologie-admitere-romani-de-pretutindeni-aprobatsenat_12.12.2024.pdf\"><strong>Metodologia privind <\/strong><strong>admiterea <\/strong><strong>candida\u021bilor rom\u00e2ni de pretutindeni <\/strong>\u2013 studii universitare de licen\u021b\u0103 \u0219i masterat<\/a><\/p>\n","protected":false},"excerpt":{"rendered":"<p>Perioada de \u00eenscrieri este 5-8 septembrie 2025. Inscrierea se poate face: On-line pe platforma https:\/\/eadmitere.uaic.ro\/ Fizic \u2013 la sediul UAIC (Ia\u0219i):\u00a0prin depunerea unui singur dosar de candidatur\u0103, personal sau de c\u0103tre o persoan\u0103 \u00eemputernicit\u0103 \u00een baza unei procuri notariale, la Comisia central\u0103 de admitere a candida\u021bilor rom\u00e2ni de pretutindeni (Corp A, Sala Traian Iona\u0219cu, Amfiteatrul P10); Program de\u2026 <span class=\"read-more\"><a href=\"https:\/\/www.phys.uaic.ro\/old\/index.php\/admitere-licenta-romani-de-pretutindeni-septembrie-2025\/\">Read More &raquo;<\/a><\/span><\/p>\n","protected":false},"author":4,"featured_media":0,"parent":0,"menu_order":0,"comment_status":"closed","ping_status":"closed","template":"","meta":{"footnotes":""},"class_list":["post-25346","page","type-page","status-publish","hentry"],"_links":{"self":[{"href":"https:\/\/www.phys.uaic.ro\/old\/index.php\/wp-json\/wp\/v2\/pages\/25346","targetHints":{"allow":["GET"]}}],"collection":[{"href":"https:\/\/www.phys.uaic.ro\/old\/index.php\/wp-json\/wp\/v2\/pages"}],"about":[{"href":"https:\/\/www.phys.uaic.ro\/old\/index.php\/wp-json\/wp\/v2\/types\/page"}],"author":[{"embeddable":true,"href":"https:\/\/www.phys.uaic.ro\/old\/index.php\/wp-json\/wp\/v2\/users\/4"}],"replies":[{"embeddable":true,"href":"https:\/\/www.phys.uaic.ro\/old\/index.php\/wp-json\/wp\/v2\/comments?post=25346"}],"version-history":[{"count":0,"href":"https:\/\/www.phys.uaic.ro\/old\/index.php\/wp-json\/wp\/v2\/pages\/25346\/revisions"}],"wp:attachment":[{"href":"https:\/\/www.phys.uaic.ro\/old\/index.php\/wp-json\/wp\/v2\/media?parent=25346"}],"curies":[{"name":"wp","href":"https:\/\/api.w.org\/{rel}","templated":true}]}}