{"id":25369,"date":"2025-09-05T13:34:17","date_gmt":"2025-09-05T10:34:17","guid":{"rendered":"https:\/\/www.phys.uaic.ro\/?page_id=25369"},"modified":"2025-09-05T13:34:17","modified_gmt":"2025-09-05T10:34:17","slug":"climate-change-summit-awards","status":"publish","type":"page","link":"https:\/\/www.phys.uaic.ro\/old\/index.php\/climate-change-summit-awards\/","title":{"rendered":"Climate Change Summit Awards"},"content":{"rendered":"<p><span style=\"font-size: 18pt;\"><strong><i>Eveniment de premiere a solu\u021biilor cu impact real asupra mediului \u00eenconjur\u0103tor, deschis doctoranzilor \u0219i cercet\u0103torilor.<\/i><\/strong><\/span><\/p>\n<p>\u00cen ultimii trei ani, <a tabindex=\"-1\" href=\"https:\/\/climatechange-summit.org\/\" target=\"_blank\" rel=\"external nofollow noopener noreferrer\"><b>Climate Change Summit<\/b><\/a> a devenit o platform\u0103 de conversa\u021bii \u00eentre mediul de afaceri, deciden\u021bi politici, sectorul non-guvernamental \u0219i mediul academic, adun\u00e2nd peste 4000 de participan\u021bi \u00een format fizic \u0219i 3 milioane de urm\u0103ritori online. \u00cen cadrul Summit-ului, vom organiza <a tabindex=\"-1\" href=\"https:\/\/climatechange-summit.org\/ccs-awards-2025\/\" target=\"_blank\" rel=\"external nofollow noopener noreferrer\"><b>Climate Change Summit Awards<\/b><\/a>, o competi\u021bie de premiere \u0219i promovare a solu\u021biilor cu impact real asupra mediului \u00eenconjur\u0103tor.<\/p>\n<p><b>Cele 3 categorii ale acestei edi\u021bii sunt:<\/b><\/p>\n<p>\u00b7 Smart Cities, Energy &amp; Mobility<\/p>\n<p>\u00b7 Food, Environment &amp; Biodiversity<\/p>\n<p>\u00b7 Education, Awareness &amp; Community Engagement<\/p>\n<p><b>De ce s\u0103 v\u0103 \u00eenscrie\u021bi solu\u021bia la Climate Change Summit Awards?<\/b><\/p>\n<p>\u00b7 Vizibilitate academic\u0103: competi\u021bia este deschis\u0103 doctoranzilor \u0219i cercet\u0103torilor;<\/p>\n<p>\u00b7 Recunoa\u0219tere interna\u021bional\u0103: finali\u0219tii \u00ee\u0219i vor prezenta solu\u021bia \u00een fa\u021ba unui public interna\u021bional, chiar \u00een ziua Summitului;<\/p>\n<p>\u00b7 Finan\u021barea cercet\u0103rii: c\u00e2\u0219tig\u0103torii vor primi 5.000 EUR (per categorie) pentru a-\u0219i finan\u021ba \u0219i dezvolta proiectele.<\/p>\n<p>\ud83d\udcc5 <b>Deadline aplica\u021bii:<\/b> 27 septembrie 2025<\/p>\n<p>\ud83d\udccd <b>Ceremonia:<\/b> 21 octombrie 2025, Palatul Parlamentului, Bucure\u0219ti.<\/p>\n<p>\u27a1\ufe0f <b>Mai multe informa\u021bii despre competi\u021bie g\u0103se\u0219ti aici: <\/b><a tabindex=\"-1\" href=\"https:\/\/zealous.co\/socialinnovationsolutions\/opportunity\/climate-change-summit-awards-2025\/\" target=\"_blank\" rel=\"external nofollow noopener noreferrer\">https:\/\/zealous.co\/socialinnovationsolutions\/opportunity\/climate-change-summit-awards-2025\/<\/a><\/p>\n<p><b>Ai un proiect de cercetare cu care reprezint\u0103 o solu\u021bie pentru adaptarea la criza climatic\u0103 sau cuno\u0219ti pe cineva care are?<\/b><\/p>\n<p><b>Aplic\u0103<\/b> la una dintre cele trei categorii sau d\u0103 mai departe colegilor t\u0103i!<\/p>\n<p><b>Dore\u0219ti s\u0103 participi la Climate Change Summit 2025?<\/b><br \/>\n\u00censcrie-te prin link-ul de mai jos:<\/p>\n<p>\ud83d\udcc5 21 octombrie<\/p>\n<p>\ud83d\udccdPalatul Parlamentului, Bucure\u0219ti<\/p>\n<p>\u27a1\ufe0f Link \u00eenscriere: <a tabindex=\"-1\" href=\"https:\/\/oveit.com\/hub\/event\/climate-change-summit-2025-m7exqlnx\" target=\"_blank\" rel=\"external nofollow noopener noreferrer\">https:\/\/oveit.com\/hub\/event\/climate-change-summit-2025-m7exqlnx<\/a>.<\/p>\n<p>Pentru a te bucura de o experien\u021b\u0103 complet\u0103 a Summitului (roundtables, workshops, side-events etc.), po\u021bi utiliza codul de 10% reducere: <b>SCIENCE10<\/b>. Biletele \u0219i beneficiile acestora vor fi afi\u0219ate \u00een cur\u00e2nd pe site-ul Climate Change Summit.<\/p>\n<p><b>Faci parte dintr-o organiza\u021bie \u0219i dori\u021bi s\u0103 v\u0103 al\u0103tura\u021bi mi\u0219c\u0103rii Climate Change Summit?<\/b> Scrie-ne la <a tabindex=\"-1\" href=\"mailto:climate@innovationsolutions.eu\" target=\"_blank\" rel=\"external nofollow noopener noreferrer\">climate@innovationsolutions.eu<\/a>.<\/p>\n<p>Pentru orice alte informa\u021bii, v\u0103 rug\u0103m s\u0103 consulta\u021bi pagina de webiste <a tabindex=\"-1\" href=\"https:\/\/climatechange-summit.org\/\" target=\"_blank\" rel=\"external nofollow noopener noreferrer\">Climate Change Summit<\/a> sau s\u0103 ne contacta\u021bi la <a tabindex=\"-1\" href=\"mailto:climate@innovationsolutions.eu\" target=\"_blank\" rel=\"external nofollow noopener noreferrer\">climate@innovationsolutions.eu<\/a>.<\/p>\n","protected":false},"excerpt":{"rendered":"<p>Eveniment de premiere a solu\u021biilor cu impact real asupra mediului \u00eenconjur\u0103tor, deschis doctoranzilor \u0219i cercet\u0103torilor. \u00cen ultimii trei ani, Climate Change Summit a devenit o platform\u0103 de conversa\u021bii \u00eentre mediul de afaceri, deciden\u021bi politici, sectorul non-guvernamental \u0219i mediul academic, adun\u00e2nd peste 4000 de participan\u021bi \u00een format fizic \u0219i 3 milioane de urm\u0103ritori online. \u00cen cadrul Summit-ului, vom organiza\u2026 <span class=\"read-more\"><a href=\"https:\/\/www.phys.uaic.ro\/old\/index.php\/climate-change-summit-awards\/\">Read More &raquo;<\/a><\/span><\/p>\n","protected":false},"author":4,"featured_media":0,"parent":0,"menu_order":0,"comment_status":"closed","ping_status":"closed","template":"","meta":{"footnotes":""},"class_list":["post-25369","page","type-page","status-publish","hentry"],"_links":{"self":[{"href":"https:\/\/www.phys.uaic.ro\/old\/index.php\/wp-json\/wp\/v2\/pages\/25369","targetHints":{"allow":["GET"]}}],"collection":[{"href":"https:\/\/www.phys.uaic.ro\/old\/index.php\/wp-json\/wp\/v2\/pages"}],"about":[{"href":"https:\/\/www.phys.uaic.ro\/old\/index.php\/wp-json\/wp\/v2\/types\/page"}],"author":[{"embeddable":true,"href":"https:\/\/www.phys.uaic.ro\/old\/index.php\/wp-json\/wp\/v2\/users\/4"}],"replies":[{"embeddable":true,"href":"https:\/\/www.phys.uaic.ro\/old\/index.php\/wp-json\/wp\/v2\/comments?post=25369"}],"version-history":[{"count":0,"href":"https:\/\/www.phys.uaic.ro\/old\/index.php\/wp-json\/wp\/v2\/pages\/25369\/revisions"}],"wp:attachment":[{"href":"https:\/\/www.phys.uaic.ro\/old\/index.php\/wp-json\/wp\/v2\/media?parent=25369"}],"curies":[{"name":"wp","href":"https:\/\/api.w.org\/{rel}","templated":true}]}}