{"id":26345,"date":"2026-02-20T11:02:29","date_gmt":"2026-02-20T09:02:29","guid":{"rendered":"https:\/\/www.phys.uaic.ro\/?page_id=26345"},"modified":"2026-03-22T14:40:02","modified_gmt":"2026-03-22T12:40:02","slug":"concursul-hurmuzescu-editia-2026","status":"publish","type":"page","link":"https:\/\/www.phys.uaic.ro\/old\/index.php\/concursul-hurmuzescu-editia-2026\/","title":{"rendered":"Concursul Hurmuzescu \u2013 edi\u021bia 2026"},"content":{"rendered":"<h2><span style=\"font-size: 14pt;\"><strong>Etapa na\u021bional\u0103: 3-5 aprilie 2026, Universitatea din Craiova<\/strong><\/span><\/h2>\n<p>&nbsp;<\/p>\n<h2><strong><span style=\"font-size: 14pt;\">Etapa local\u0103: <\/span><\/strong><strong><span style=\"font-size: 14pt;\">13 martie 2026, ora 14:00<\/span><\/strong><\/h2>\n<h3>Rezultate:<\/h3>\n<h4>Anul I<\/h4>\n<ol>\n<li>ROBU MIHAIL &#8211; Premiul I, calificat etapa na\u021bional\u0103<\/li>\n<li>ONU SEBASTIAN &#8211; Premiul II, calificat etapa na\u021bional\u0103<\/li>\n<li>IALONSCHI IRINA &#8211; Premiul III<\/li>\n<li>MIHNEA MARIA &#8211; Men\u021biunea I<\/li>\n<li>MERAOIU DENISA &#8211; Men\u021biunea II<\/li>\n<li>PIONESCU CASIAN<\/li>\n<\/ol>\n<h4>Anul II<\/h4>\n<ol>\n<li>BAERLE ADRIAN &#8211; Premiul I, calificat etapa na\u021bional\u0103<\/li>\n<li>PRECOB LUCA-ANDREI &#8211; Premiul II, calificat etapa na\u021bional\u0103<\/li>\n<li>GU\u015eAN N. NICHITA &#8211; Premiul III<\/li>\n<li>BOR\u015e \u015e. TEODORA &#8211; Men\u021biune<\/li>\n<\/ol>\n<h4>Anul III<\/h4>\n<ol>\n<li>GHEA\u0162\u0102U IOANA-RALUCA &#8211; Premiul I, calificat\u0103 etapa na\u021bional\u0103<\/li>\n<li>P\u00ceNZARIU COSMIN-EMANUEL &#8211; Premiul II, calificat etapa na\u021bional\u0103<\/li>\n<li>S\u0102NDULACHE RARE\u015e-\u015eTEFAN &#8211; Premiul III, calificat etapa na\u021bional\u0103<\/li>\n<li>B\u00ceSC\u0102 P. GEORGIAN<\/li>\n<\/ol>\n<p>Men\u021biuni (\u00een ordine alfabetic\u0103)<\/p>\n<ol>\n<li>MARDARE I.G. MATEI-ALEXANDRU<\/li>\n<li>OVCINICOV I. ANASTASIA<\/li>\n<li>ROBCIUC V. ALEXANDRA-ELENA<\/li>\n<li>VIZITEU V. ADRIAN-DRAGO\u015e<\/li>\n<\/ol>\n<h3>Subiecte \u0219i bareme<\/h3>\n<p>Anul I:<\/p>\n<ul>\n<li><a href=\"https:\/\/www.phys.uaic.ro\/old\/wp-content\/uploads\/2026\/03\/2026-anul-I-subiecte.pdf\" target=\"_blank\" rel=\"noopener\">Subiecte<\/a><\/li>\n<li><a href=\"https:\/\/www.phys.uaic.ro\/old\/wp-content\/uploads\/2026\/03\/2026-anul-I-bareme.pdf\" target=\"_blank\" rel=\"noopener\">Bareme<\/a><\/li>\n<\/ul>\n<p>Anul II:<\/p>\n<ul>\n<li><a href=\"https:\/\/www.phys.uaic.ro\/old\/wp-content\/uploads\/2026\/03\/2026-anul-II-subiecte.pdf\" target=\"_blank\" rel=\"noopener\">Subiecte<\/a><\/li>\n<li><a href=\"https:\/\/www.phys.uaic.ro\/old\/wp-content\/uploads\/2026\/03\/2026-anul-II-bareme.pdf\" target=\"_blank\" rel=\"noopener\">Bareme<\/a><\/li>\n<\/ul>\n<p>Desf\u0103\u0219urare<\/p>\n<ul>\n<li><span style=\"font-size: 12pt;\">laborator Mecanic\u0103, anul I; <\/span><\/li>\n<li><span style=\"font-size: 12pt;\">laborator Optic\u0103, anul II; <\/span><\/li>\n<li><span style=\"font-size: 12pt;\">Amfiteatrul IV-13, anul III.<\/span><\/li>\n<\/ul>\n<p>\u00censcriere pentru concurs: <strong>1 &#8211; 12 martie 2026<\/strong>, prin email la adresa <a href=\"mailto:fizica@uaic.ro\" target=\"_blank\" rel=\"noopener noreferrer\">fizica@uaic.ro<\/a>.<\/p>\n<p>\u2013 Pentru studen\u021bii anilor I \u0219i II, concursul \u201eDragomir Hurmuzescu\u201d este dedicat rezolv\u0103rii de probleme de fizic\u0103 din domeniile fundamentale ale acesteia (mecanic\u0103, electricitate \u015fi magnetism, fizic\u0103 molecular\u0103 \u0219i c\u0103ldur\u0103, optic\u0103) \u00een conformitate cu tematica de concurs. Proba de concurs este una teoretic\u0103, const\u00e2nd \u00een rezolvarea a 3 probleme. Durata probei este de 3 ore (180 min).<\/p>\n<p><a href=\"https:\/\/www.phys.uaic.ro\/old\/wp-content\/uploads\/2023\/04\/Programa_DH_2023.pdf\">Tematica pentru Concursul Na\u0163ional Studen\u0163esc de Fizic\u0103 \u201cDragomir Hurmuzescu\u201d<\/a><\/p>\n<p>\u2013 Pentru studen\u021bii anilor III, respectiv IV \u2013 Fizic\u0103 Tehnologic\u0103, concursul const\u0103 \u00een prezentarea oral\u0103 a rezultatelor activit\u0103\u021bii de cercetare a fiec\u0103rui concurent, pe o anumit\u0103 tem\u0103, de regul\u0103 aceea aleasa pentru lucrarea de licen\u021b\u0103 sau pentru proiectul de diplom\u0103. Prezentarea va fi \u00een format ppt sau pdf, iar durata va fi de maxim 15 minute, urmat\u0103 de maxim 5 minute pentru \u00eentreb\u0103ri.<\/p>\n","protected":false},"excerpt":{"rendered":"<p>Etapa na\u021bional\u0103: 3-5 aprilie 2026, Universitatea din Craiova &nbsp; Etapa local\u0103: 13 martie 2026, ora 14:00 Rezultate: Anul I ROBU MIHAIL &#8211; Premiul I, calificat etapa na\u021bional\u0103 ONU SEBASTIAN &#8211; Premiul II, calificat etapa na\u021bional\u0103 IALONSCHI IRINA &#8211; Premiul III MIHNEA MARIA &#8211; Men\u021biunea I MERAOIU DENISA &#8211; Men\u021biunea II PIONESCU CASIAN Anul II BAERLE ADRIAN &#8211; Premiul\u2026 <span class=\"read-more\"><a href=\"https:\/\/www.phys.uaic.ro\/old\/index.php\/concursul-hurmuzescu-editia-2026\/\">Read More &raquo;<\/a><\/span><\/p>\n","protected":false},"author":4,"featured_media":0,"parent":0,"menu_order":0,"comment_status":"closed","ping_status":"closed","template":"","meta":{"footnotes":""},"class_list":["post-26345","page","type-page","status-publish","hentry"],"_links":{"self":[{"href":"https:\/\/www.phys.uaic.ro\/old\/index.php\/wp-json\/wp\/v2\/pages\/26345","targetHints":{"allow":["GET"]}}],"collection":[{"href":"https:\/\/www.phys.uaic.ro\/old\/index.php\/wp-json\/wp\/v2\/pages"}],"about":[{"href":"https:\/\/www.phys.uaic.ro\/old\/index.php\/wp-json\/wp\/v2\/types\/page"}],"author":[{"embeddable":true,"href":"https:\/\/www.phys.uaic.ro\/old\/index.php\/wp-json\/wp\/v2\/users\/4"}],"replies":[{"embeddable":true,"href":"https:\/\/www.phys.uaic.ro\/old\/index.php\/wp-json\/wp\/v2\/comments?post=26345"}],"version-history":[{"count":10,"href":"https:\/\/www.phys.uaic.ro\/old\/index.php\/wp-json\/wp\/v2\/pages\/26345\/revisions"}],"predecessor-version":[{"id":26505,"href":"https:\/\/www.phys.uaic.ro\/old\/index.php\/wp-json\/wp\/v2\/pages\/26345\/revisions\/26505"}],"wp:attachment":[{"href":"https:\/\/www.phys.uaic.ro\/old\/index.php\/wp-json\/wp\/v2\/media?parent=26345"}],"curies":[{"name":"wp","href":"https:\/\/api.w.org\/{rel}","templated":true}]}}