{"id":26464,"date":"2026-03-12T11:21:25","date_gmt":"2026-03-12T09:21:25","guid":{"rendered":"https:\/\/www.phys.uaic.ro\/?page_id=26464"},"modified":"2026-03-12T11:21:25","modified_gmt":"2026-03-12T09:21:25","slug":"ec2u-bridging-academia-industry-career-mentoring-webinar-on-april-20-ec2u","status":"publish","type":"page","link":"https:\/\/www.phys.uaic.ro\/old\/index.php\/ec2u-bridging-academia-industry-career-mentoring-webinar-on-april-20-ec2u\/","title":{"rendered":"EC2U &#8222;Bridging Academia &#038; Industry&#8221; Career Mentoring Webinar on April 20 &#8211; EC2U"},"content":{"rendered":"<p>Webminarul <strong>EC2U \u201cBridging Academia &amp; Industry\u201d<\/strong> se va desf\u0103\u015fura <span style=\"color: #ff0000;\"><strong>online<\/strong><\/span>, pe <span style=\"color: #ff0000;\"><strong>20 aprilie 2026<\/strong><\/span>, \u00een intervalul 3-5 pm. CET.<\/p>\n<p>Termenul de \u00eenscriere este <strong>23 martie 2026<\/strong>.<\/p>\n<p>&nbsp;<\/p>\n<p><em><a href=\"https:\/\/ec2u.eu\/magazine\/event\/discover-new-career-paths-join-ec2u-bridging-academia-industry-career-mentoring\">Discover new career paths: join the EC2U &#8222;Bridging Academia &amp; Industry&#8221; Career Mentoring Webinar on April 20 &#8211; EC2U<\/a><\/em><\/p>\n<p>Participarea studen\u0163ilor doctoranzi la webminar vizeaz\u0103:<\/p>\n<ul>\n<li>Explorarea unor <strong>oportunit\u0103\u021bi de carier\u0103 \u00een afara mediului academic<\/strong>, inclusiv \u00een industrie, administra\u021bia public\u0103, organiza\u021bii interna\u021bionale \u0219i ONG-uri;<\/li>\n<li>Ob\u0163inerea de <strong>informa\u021bii practice \u0219i sfaturi de la mentori<\/strong> care au reu\u0219it s\u0103 fac\u0103 tranzi\u021bia c\u0103tre diverse sectoare profesionale din Europa;<\/li>\n<li>Participarea la <strong>discu\u021bii interactive \u00een grupuri mici<\/strong> cu posibilitatea de a <strong>programa sesiuni individuale de mentorat<\/strong> (\u00een func\u021bie de disponibilitate);<\/li>\n<li>Extinderea <strong>re\u0163elei profesionale<\/strong> prin interac\u0163iunea cu mentori \u0219i colegi doctoranzi din Alian\u021ba EC2U.<\/li>\n<\/ul>\n<p>Lista mentorilor participan\u0163i este urm\u0103toarea:<\/p>\n<ul>\n<li><strong>Florian Dorner<\/strong>, PhD in Polymer Chemistry (Head of Quality for Paper and Films, Mondi);<\/li>\n<li><strong>Ferenc Liedl<\/strong>, PhD in Organic Chemistry (Senior Consultant for Life Science, Adesso SE);<\/li>\n<li><strong>Vald Leontie<\/strong>, PhD in Economics and International Affairs (Civil Engineer, Max B\u00f6gl);<\/li>\n<li><strong>Simon Desgrez<\/strong>, PhD in Microelectronics (Technology Manager, Thales Alenia Space);<\/li>\n<li><strong>Johannes Holvitie<\/strong>, PhD in Software Engineering, (Chief Operating Officer, Oiva Health Group);<\/li>\n<li><strong>Giorga Rimondi<\/strong>, PhD in Russian Philosophy &amp; in Language Education (Marketing and Communication Specialist, Maschinenfabrik Reinhausen).<\/li>\n<\/ul>\n","protected":false},"excerpt":{"rendered":"<p>Webminarul EC2U \u201cBridging Academia &amp; Industry\u201d se va desf\u0103\u015fura online, pe 20 aprilie 2026, \u00een intervalul 3-5 pm. CET. Termenul de \u00eenscriere este 23 martie 2026. &nbsp; Discover new career paths: join the EC2U &#8222;Bridging Academia &amp; Industry&#8221; Career Mentoring Webinar on April 20 &#8211; EC2U Participarea studen\u0163ilor doctoranzi la webminar vizeaz\u0103: Explorarea unor oportunit\u0103\u021bi de carier\u0103 \u00een\u2026 <span class=\"read-more\"><a href=\"https:\/\/www.phys.uaic.ro\/old\/index.php\/ec2u-bridging-academia-industry-career-mentoring-webinar-on-april-20-ec2u\/\">Read More &raquo;<\/a><\/span><\/p>\n","protected":false},"author":4,"featured_media":0,"parent":0,"menu_order":0,"comment_status":"closed","ping_status":"closed","template":"","meta":{"footnotes":""},"class_list":["post-26464","page","type-page","status-publish","hentry"],"_links":{"self":[{"href":"https:\/\/www.phys.uaic.ro\/old\/index.php\/wp-json\/wp\/v2\/pages\/26464","targetHints":{"allow":["GET"]}}],"collection":[{"href":"https:\/\/www.phys.uaic.ro\/old\/index.php\/wp-json\/wp\/v2\/pages"}],"about":[{"href":"https:\/\/www.phys.uaic.ro\/old\/index.php\/wp-json\/wp\/v2\/types\/page"}],"author":[{"embeddable":true,"href":"https:\/\/www.phys.uaic.ro\/old\/index.php\/wp-json\/wp\/v2\/users\/4"}],"replies":[{"embeddable":true,"href":"https:\/\/www.phys.uaic.ro\/old\/index.php\/wp-json\/wp\/v2\/comments?post=26464"}],"version-history":[{"count":1,"href":"https:\/\/www.phys.uaic.ro\/old\/index.php\/wp-json\/wp\/v2\/pages\/26464\/revisions"}],"predecessor-version":[{"id":26465,"href":"https:\/\/www.phys.uaic.ro\/old\/index.php\/wp-json\/wp\/v2\/pages\/26464\/revisions\/26465"}],"wp:attachment":[{"href":"https:\/\/www.phys.uaic.ro\/old\/index.php\/wp-json\/wp\/v2\/media?parent=26464"}],"curies":[{"name":"wp","href":"https:\/\/api.w.org\/{rel}","templated":true}]}}