{"id":280,"date":"2018-02-14T18:07:58","date_gmt":"2018-02-14T18:07:58","guid":{"rendered":"http:\/\/www.phys.uaic.ro\/?page_id=280"},"modified":"2024-06-10T20:32:19","modified_gmt":"2024-06-10T17:32:19","slug":"prezentare-generala-prezentare","status":"publish","type":"page","link":"https:\/\/www.phys.uaic.ro\/old\/index.php\/prezentare\/prezentare-generala-prezentare\/","title":{"rendered":"Prezentare general\u0103"},"content":{"rendered":"<p>La Facultatea de Fizic\u0103 func\u021bioneaz\u0103 un num\u0103r de 5 specializ\u0103ri: Fizic\u0103, Fizic\u0103 (\u00een limba englez\u0103), Fizic\u0103 informatic\u0103, Fizic\u0103 medical\u0103 \u0219i Fizic\u0103 tehnologic\u0103.<\/p>\n<p>Fiecare specializare se organizeaz\u0103 cu un pachet de cursuri obligatorii si pachete de cursuri op\u021bionale \u00een ciclul I de studiu (licen\u021b\u0103), urmat\u0103 de o aprofundare a specializ\u0103rii \u00een cadrul ciclului II (masterat). Cei mai buni dintre masteranzi \u00ee\u0219i pot des\u0103v\u00e2r\u0219i preg\u0103tirea \u0219tiin\u021bific\u0103 urm\u00e2nd \u0219i ciclul III de studii \u2013 doctoratul.<\/p>\n<p>\u00cen toate specializ\u0103rile se pune accentul pe studiul fizicii ca disciplin\u0103 fundamental\u0103, cuno\u0219tin\u021bele dob\u00e2ndite urm\u00e2nd a fi aplicate \u00een domenii interdisciplinare precum astrofizica (Fizica, \u00een limba englez\u0103), nanotehnologiile \u0219i \u0219tiin\u021ba materialelor (Fizic\u0103, Fizic\u0103 tehnologic\u0103), imagistic\u0103 medical\u0103 \u0219i terapie (Fizic\u0103 medical\u0103), tehnologia informa\u021biilor \u0219i comunica\u021biilor (Fizic\u0103 informatic\u0103).<\/p>\n<p><b>Specializarea Fizic\u0103 (\u00een limba englez\u0103)<\/b><br \/>\npropune cultivarea interesului absolven\u021bilor de liceu pentru Fizic\u0103 \u0219i Astrofizic\u0103.<\/p>\n<p><b>Specializarea Fizic\u0103 medical\u0103<\/b><br \/>\npreg\u0103te\u0219te absolven\u021bi care s\u0103 poat\u0103 aplica conceptele \u0219i metodele fizicii \u00een tehnicile de diagnostic \u0219i tratament ale afec\u021biunilor umane, folosind mijloace moderne: tomografia computerizat\u0103, rezonan\u021ba magnetic\u0103 nuclear\u0103, termografia, radiografia digital\u0103, radio-imunologie, cardiologie nuclear\u0103, radioterapia cu energii \u00eenalte, chirurgia cu fascicule laser. Absolven\u021bii acestei specializ\u0103ri pot lucra \u00een clinici \u0219i spitale, dar \u0219i \u00een cercetarea \u0219tiin\u021bific\u0103.<\/p>\n<p><b>Specializarea Fizic\u0103<\/b><br \/>\nstabile\u0219te competen\u021be absolven\u021bilor pentru inserarea profesional\u0103 \u00een institu\u021bii de cercetare, agen\u021bii na\u021bionale \u0219i unit\u0103\u021bi de produc\u021bie.<\/p>\n<p><b>Specializarea Fizic\u0103 informatic\u0103<\/b><br \/>\nse adreseaz\u0103 tinerilor pasiona\u021bi de fizic\u0103, care doresc s\u0103 aplice informatica \u00een studiul acesteia. \u00cen acela\u0219i timp, absolven\u021bii pot deveni speciali\u0219ti \u00een domeniul tehnologiei informa\u021biei, prelucr\u0103rii de date, software \u0219tiin\u021bific \u0219i educa\u021bional, multimedia etc.. De asemenea pot lucra \u00een domeniul bancar sau \u00een servicii publice.<\/p>\n<p><b>Specializarea Fizic\u0103 tehnologic\u0103<\/b><br \/>\nare ca obiectiv studii privind latura aplicativ\u0103 a fizicii. Absolven\u021bii acestei specializ\u0103ri au posibilitatea s\u0103 lucreze \u00een proiectarea \u0219i dezvoltarea tehnologic\u0103 \u00een ramuri de \u00eenalt\u0103 tehnicitate, \u00een institute de cercetare \u0219i \u00een \u00eenv\u0103\u021b\u0103m\u00e2ntul superior.<\/p>\n<p>Planurile de \u00eenv\u0103\u021b\u0103m\u00e2nt ale programului de studii au o structur\u0103 flexibil\u0103 astfel \u00eenc\u00e2t studen\u021bii au posibilitatea de a se transfera de la o specializare la alta, de a urma concomitent sau consecutiv dou\u0103 ori mai multe specializ\u0103ri. Domeniile \u00een care pot lucra absolven\u021bii nu sunt delimitate restrictiv.<\/p>\n<p>Absolven\u021bii Facult\u0103\u021bii de Fizic\u0103 de la toate specializ\u0103rile pot fi \u00eencadra\u021bi \u0219i \u00een \u00eenv\u0103\u021b\u0103m\u00e2ntul preuniversitar gimnazial dac\u0103 urmeaz\u0103 modulul psiho-pedagogic (psihologie, pedagogie, metodica pred\u0103rii fizicii, practic\u0103 pedagogic\u0103). Pentru a profesa \u00een \u00eenv\u0103\u021b\u0103m\u00e2ntul liceal absolven\u021bii trebuie s\u0103 urmeze o specializare de masterat \u0219i modulul II oferit de Departamentul de Preg\u0103tire a Personalului Didactic (D.P.P.D.).<\/p>\n","protected":false},"excerpt":{"rendered":"<p>La Facultatea de Fizic\u0103 func\u021bioneaz\u0103 un num\u0103r de 5 specializ\u0103ri: Fizic\u0103, Fizic\u0103 (\u00een limba englez\u0103), Fizic\u0103 informatic\u0103, Fizic\u0103 medical\u0103 \u0219i Fizic\u0103 tehnologic\u0103. Fiecare specializare se organizeaz\u0103 cu un pachet de cursuri obligatorii si pachete de cursuri op\u021bionale \u00een ciclul I de studiu (licen\u021b\u0103), urmat\u0103 de o aprofundare a specializ\u0103rii \u00een cadrul ciclului II (masterat). Cei mai buni dintre\u2026 <span class=\"read-more\"><a href=\"https:\/\/www.phys.uaic.ro\/old\/index.php\/prezentare\/prezentare-generala-prezentare\/\">Read More &raquo;<\/a><\/span><\/p>\n","protected":false},"author":3,"featured_media":0,"parent":56,"menu_order":0,"comment_status":"closed","ping_status":"closed","template":"","meta":{"footnotes":""},"class_list":["post-280","page","type-page","status-publish","hentry"],"_links":{"self":[{"href":"https:\/\/www.phys.uaic.ro\/old\/index.php\/wp-json\/wp\/v2\/pages\/280","targetHints":{"allow":["GET"]}}],"collection":[{"href":"https:\/\/www.phys.uaic.ro\/old\/index.php\/wp-json\/wp\/v2\/pages"}],"about":[{"href":"https:\/\/www.phys.uaic.ro\/old\/index.php\/wp-json\/wp\/v2\/types\/page"}],"author":[{"embeddable":true,"href":"https:\/\/www.phys.uaic.ro\/old\/index.php\/wp-json\/wp\/v2\/users\/3"}],"replies":[{"embeddable":true,"href":"https:\/\/www.phys.uaic.ro\/old\/index.php\/wp-json\/wp\/v2\/comments?post=280"}],"version-history":[{"count":0,"href":"https:\/\/www.phys.uaic.ro\/old\/index.php\/wp-json\/wp\/v2\/pages\/280\/revisions"}],"up":[{"embeddable":true,"href":"https:\/\/www.phys.uaic.ro\/old\/index.php\/wp-json\/wp\/v2\/pages\/56"}],"wp:attachment":[{"href":"https:\/\/www.phys.uaic.ro\/old\/index.php\/wp-json\/wp\/v2\/media?parent=280"}],"curies":[{"name":"wp","href":"https:\/\/api.w.org\/{rel}","templated":true}]}}