{"id":31,"date":"2018-02-13T23:04:14","date_gmt":"2018-02-13T23:04:14","guid":{"rendered":"http:\/\/www.phys.uaic.ro\/?page_id=31"},"modified":"2026-01-29T15:13:10","modified_gmt":"2026-01-29T13:13:10","slug":"studenti","status":"publish","type":"page","link":"https:\/\/www.phys.uaic.ro\/old\/index.php\/studenti\/","title":{"rendered":"Studen\u021bi"},"content":{"rendered":"<ul style=\"list-style-type: none;\">\n<li><a href=\"https:\/\/www.phys.uaic.ro\/wp-content\/uploads\/2024\/09\/Ghidul-Studentului.pdf\" target=\"_blank\" rel=\"noopener\">Ghidul studentului fizician<\/a><\/li>\n<li><a href=\"http:\/\/www.phys.uaic.ro\/index.php\/studenti\/orar-studenti\">Orar<\/a><\/li>\n<li><a href=\"http:\/\/www.phys.uaic.ro\/index.php\/studenti\/examene-studenti\">Examene licen\u021b\u0103 \u0219i master<\/a><\/li>\n<li><a href=\"https:\/\/www.phys.uaic.ro\/index.php\/esims\/\" target=\"_blank\" rel=\"noopener\">eSIMS (grades.uaic.ro)<\/a><\/li>\n<li><a href=\"https:\/\/register.uaic.ro\/\" target=\"_blank\" rel=\"noopener\">Cont de email institu\u021bional UAIC<\/a><\/li>\n<li><a href=\"https:\/\/www.phys.uaic.ro\/index.php\/medii\/\">Medii semestriale, punctaje si credite<\/a><\/li>\n<li><a href=\"http:\/\/www.phys.uaic.ro\/index.php\/studenti\/grupe-tutori\">Grupe \u0219i Tutori<\/a><\/li>\n<li><a href=\"http:\/\/www.phys.uaic.ro\/index.php\/studenti\/regulamente-studenti\">Regulamente<\/a><\/li>\n<li><a href=\"https:\/\/www.phys.uaic.ro\/index.php\/structura-an-universitar\/\">Structura anului universitar<\/a><\/li>\n<li><a href=\"http:\/\/www.phys.uaic.ro\/index.php\/studenti\/examene-finalizare-studii\">Examene de finalizarea studiilor<\/a><\/li>\n<li><a href=\"http:\/\/www.phys.uaic.ro\/index.php\/studenti\/reinmatriculari-repetari-intreruperi-studii-exmatriculari\">Exmatricul\u0103ri<\/a><\/li>\n<li><a href=\"https:\/\/www.phys.uaic.ro\/index.php\/studenti\/https-www-phys-uaic-ro-index-php-studenti-concurs-hurmuzescu-concurs-hurmuzescu-xii\/\">Concursul Dragomir Hurmuzescu<\/a><\/li>\n<li><a href=\"http:\/\/www.phys.uaic.ro\/index.php\/studenti\/inscriere-semestriala\">\u00censcriere semestrial\u0103<\/a><\/li>\n<li><a href=\"http:\/\/www.phys.uaic.ro\/index.php\/studenti\/taxa-scolarizare\">Taxa \u0219colarizare<\/a><\/li>\n<li><a href=\"https:\/\/www.phys.uaic.ro\/index.php\/decontare-abonamente-ctp\/\" target=\"_blank\" rel=\"noopener\">CTP<\/a><\/li>\n<li><a href=\"https:\/\/www.phys.uaic.ro\/index.php\/facilitati-de-transport-pentru-studenti-pe-transportul-intern-feroviar\/\" target=\"_blank\" rel=\"noopener\">CFR<\/a><\/li>\n<li>Burse si Tabere\n<ul style=\"list-style-type: none;\">\n<li><a href=\"http:\/\/www.phys.uaic.ro\/index.php\/studenti\/burse\">Burse<\/a><\/li>\n<li><a href=\"https:\/\/www.phys.uaic.ro\/index.php\/euro-200\/\" target=\"_blank\" rel=\"noopener\">Euro 200<\/a><\/li>\n<li><a href=\"http:\/\/www.phys.uaic.ro\/index.php\/studenti\/tabere\">Tabere<\/a><\/li>\n<\/ul>\n<\/li>\n<li><a href=\"http:\/\/www.phys.uaic.ro\/index.php\/studenti\/cazare\">Cazare<\/a><\/li>\n<li><a href=\"http:\/\/www.phys.uaic.ro\/index.php\/studenti\/alegeri-studentesti\">Alegeri studen\u021be\u0219ti<\/a><\/li>\n<li>Rezultate evaluare cadre didactice de catre studenti\n<ul>\n<li style=\"list-style-type: none;\">\n<ul style=\"list-style-type: none;\">\n<li><a href=\"https:\/\/www.phys.uaic.ro\/wp-content\/uploads\/2023\/05\/evaluare-2022.pdf\">2022<\/a><\/li>\n<li><a href=\"https:\/\/www.phys.uaic.ro\/wp-content\/uploads\/2023\/05\/evaluare-2021.pdf\">2021<\/a><\/li>\n<li><a href=\"https:\/\/www.phys.uaic.ro\/wp-content\/uploads\/2023\/05\/evaluare-2020.pdf\">2020<\/a><\/li>\n<\/ul>\n<\/li>\n<\/ul>\n<\/li>\n<li>Voluntariat si oferte de angajare\n<ul style=\"list-style-type: none;\">\n<li><a href=\"https:\/\/www.phys.uaic.ro\/index.php\/voluntariat\/\" target=\"_blank\" rel=\"noopener\">Voluntariat<\/a><\/li>\n<li><a href=\"http:\/\/www.phys.uaic.ro\/index.php\/studenti\/stagii-practica-studenti-oferte-angajare\/oferte-angajare\">Oferte de angajare<\/a><\/li>\n<li><\/li>\n<li><\/li>\n<\/ul>\n<\/li>\n<\/ul>\n","protected":false},"excerpt":{"rendered":"<p>Ghidul studentului fizician Orar Examene licen\u021b\u0103 \u0219i master eSIMS (grades.uaic.ro) Cont de email institu\u021bional UAIC Medii semestriale, punctaje si credite Grupe \u0219i Tutori Regulamente Structura anului universitar Examene de finalizarea studiilor Exmatricul\u0103ri Concursul Dragomir Hurmuzescu \u00censcriere semestrial\u0103 Taxa \u0219colarizare CTP CFR Burse si Tabere Burse Euro 200 Tabere Cazare Alegeri studen\u021be\u0219ti Rezultate evaluare cadre didactice de catre studenti\u2026 <span class=\"read-more\"><a href=\"https:\/\/www.phys.uaic.ro\/old\/index.php\/studenti\/\">Read More &raquo;<\/a><\/span><\/p>\n","protected":false},"author":3,"featured_media":0,"parent":0,"menu_order":0,"comment_status":"closed","ping_status":"closed","template":"","meta":{"footnotes":""},"class_list":["post-31","page","type-page","status-publish","hentry"],"_links":{"self":[{"href":"https:\/\/www.phys.uaic.ro\/old\/index.php\/wp-json\/wp\/v2\/pages\/31","targetHints":{"allow":["GET"]}}],"collection":[{"href":"https:\/\/www.phys.uaic.ro\/old\/index.php\/wp-json\/wp\/v2\/pages"}],"about":[{"href":"https:\/\/www.phys.uaic.ro\/old\/index.php\/wp-json\/wp\/v2\/types\/page"}],"author":[{"embeddable":true,"href":"https:\/\/www.phys.uaic.ro\/old\/index.php\/wp-json\/wp\/v2\/users\/3"}],"replies":[{"embeddable":true,"href":"https:\/\/www.phys.uaic.ro\/old\/index.php\/wp-json\/wp\/v2\/comments?post=31"}],"version-history":[{"count":0,"href":"https:\/\/www.phys.uaic.ro\/old\/index.php\/wp-json\/wp\/v2\/pages\/31\/revisions"}],"wp:attachment":[{"href":"https:\/\/www.phys.uaic.ro\/old\/index.php\/wp-json\/wp\/v2\/media?parent=31"}],"curies":[{"name":"wp","href":"https:\/\/api.w.org\/{rel}","templated":true}]}}