{"id":3524,"date":"2018-04-04T15:15:36","date_gmt":"2018-04-04T15:15:36","guid":{"rendered":"http:\/\/www.phys.uaic.ro\/?page_id=3524"},"modified":"2019-08-28T09:26:11","modified_gmt":"2019-08-28T09:26:11","slug":"conditii-admitere-olimpici-licenta-iulie-2019","status":"publish","type":"page","link":"https:\/\/www.phys.uaic.ro\/old\/index.php\/admitere\/admitere-licenta\/admitere-licenta-iulie-2019\/organizare-admitere-licenta-iulie-2019\/conditii-admitere-taxe-licenta-iulie-2019\/conditii-admitere-olimpici-licenta-iulie-2019\/","title":{"rendered":"Condi\u0163iile de admitere pentru olimpici iulie 2019"},"content":{"rendered":"<p>Vor fi admi\u015fi f\u0103r\u0103 concurs (doar in cazul in care isi depun actele in original la Facultatea de Fizica):<\/p>\n<ul>\n<li>Candida\u021bii care, \u00een timpul liceului, au participat la urm\u0103toarele olimpiade interna\u021bionale: de Fizic\u0103, Matematic\u0103, Informatic\u0103, Astronomie, Astronomie \u0219i Astrofizic\u0103, Biologie, Olimpiada Asiatic\u0103 de Fizic\u0103, Olimpiada European\u0103 de Fizic\u0103, Olimpiada Interna\u021bional\u0103 pluridisciplinar\u0103 Tuymaada, Olimpiada Interna\u021bional\u0103 de \u0218tiin\u021be pentru Juniori, Olimpiada de \u0218tiin\u021be a Uniunii Europene, Olimpiada Interna\u021bional\u0103 de \u0218tiin\u021bele P\u0103m\u00e2ntului;<\/li>\n<li>Candida\u0163ii care au participat, \u00een timpul liceului, la etapa na\u021bional\u0103 a Olimpiadelor de Fizic\u0103, Matematic\u0103, Informatic\u0103, Biologie, Astronomie, Astronomie \u015fi Astrofizic\u0103, \u015etiin\u0163e, \u0218tiin\u021be pentru Juniori, \u0218tiin\u021bele P\u0103m\u00e2ntului, precum \u0219i la: Concursul Na\u0163ional de Fizic\u0103 \u201eEvrika!\u201d, Concursul Na\u0163ional \u201e\u015etefan Procopiu\u201d, sau au luat premii \u0219i men\u021biuni la Concursul Na\u0163ional de Matematic\u0103 \u015fi Fizic\u0103 \u201eVr\u0103ncianu-Procopiu\u201d \u0219i la Concursul de Fizic\u0103 \u201ePHI\u201d al Centrelor de Excelen\u0163\u0103;<\/li>\n<li>Candida\u0163ii care, \u00een timpul liceului, au ob\u0163inut premii \u015fi men\u0163iuni la faza jude\u0163ean\u0103 a urm\u0103toarelor concursuri:\n<ul>\n<li>Olimpiadele de Fizic\u0103, Matematic\u0103, Informatic\u0103,Biologie, Astronomie, Astronomie \u015fi Astrofizic\u0103, \u015etiin\u0163e, \u0218tiin\u021be pentru Juniori, \u015etiin\u0163ele P\u0103m\u00e2ntului;<\/li>\n<li>Concursul Na\u0163ional \u201e\u015etefan Procopiu\u201d.<\/li>\n<\/ul>\n<\/li>\n<\/ul>\n","protected":false},"excerpt":{"rendered":"<p>Vor fi admi\u015fi f\u0103r\u0103 concurs (doar in cazul in care isi depun actele in original la Facultatea de Fizica): Candida\u021bii care, \u00een timpul liceului, au participat la urm\u0103toarele olimpiade interna\u021bionale: de Fizic\u0103, Matematic\u0103, Informatic\u0103, Astronomie, Astronomie \u0219i Astrofizic\u0103, Biologie, Olimpiada Asiatic\u0103 de Fizic\u0103, Olimpiada European\u0103 de Fizic\u0103, Olimpiada Interna\u021bional\u0103 pluridisciplinar\u0103 Tuymaada, Olimpiada Interna\u021bional\u0103 de \u0218tiin\u021be pentru Juniori, Olimpiada\u2026 <span class=\"read-more\"><a href=\"https:\/\/www.phys.uaic.ro\/old\/index.php\/admitere\/admitere-licenta\/admitere-licenta-iulie-2019\/organizare-admitere-licenta-iulie-2019\/conditii-admitere-taxe-licenta-iulie-2019\/conditii-admitere-olimpici-licenta-iulie-2019\/\">Read More &raquo;<\/a><\/span><\/p>\n","protected":false},"author":3,"featured_media":0,"parent":6726,"menu_order":0,"comment_status":"closed","ping_status":"closed","template":"","meta":{"footnotes":""},"class_list":["post-3524","page","type-page","status-publish","hentry"],"_links":{"self":[{"href":"https:\/\/www.phys.uaic.ro\/old\/index.php\/wp-json\/wp\/v2\/pages\/3524","targetHints":{"allow":["GET"]}}],"collection":[{"href":"https:\/\/www.phys.uaic.ro\/old\/index.php\/wp-json\/wp\/v2\/pages"}],"about":[{"href":"https:\/\/www.phys.uaic.ro\/old\/index.php\/wp-json\/wp\/v2\/types\/page"}],"author":[{"embeddable":true,"href":"https:\/\/www.phys.uaic.ro\/old\/index.php\/wp-json\/wp\/v2\/users\/3"}],"replies":[{"embeddable":true,"href":"https:\/\/www.phys.uaic.ro\/old\/index.php\/wp-json\/wp\/v2\/comments?post=3524"}],"version-history":[{"count":0,"href":"https:\/\/www.phys.uaic.ro\/old\/index.php\/wp-json\/wp\/v2\/pages\/3524\/revisions"}],"up":[{"embeddable":true,"href":"https:\/\/www.phys.uaic.ro\/old\/index.php\/wp-json\/wp\/v2\/pages\/6726"}],"wp:attachment":[{"href":"https:\/\/www.phys.uaic.ro\/old\/index.php\/wp-json\/wp\/v2\/media?parent=3524"}],"curies":[{"name":"wp","href":"https:\/\/api.w.org\/{rel}","templated":true}]}}