{"id":3657,"date":"2018-04-13T14:03:21","date_gmt":"2018-04-13T14:03:21","guid":{"rendered":"http:\/\/www.phys.uaic.ro\/?page_id=3657"},"modified":"2026-04-15T21:57:41","modified_gmt":"2026-04-15T18:57:41","slug":"burse-cercetare","status":"publish","type":"page","link":"https:\/\/www.phys.uaic.ro\/old\/index.php\/cercetare\/burse-cercetare\/","title":{"rendered":"Burse cercetare"},"content":{"rendered":"<div class=\"colorbox\" style=\"background-color: #e6e6e6;\"><\/div>\n<p>&nbsp;<\/p>\n<p><!-- ++++++++++++++++++++++++++++++++++++++++++++++++++++++++++++++++++++++++++++++++++++ --><\/p>\n<div class=\"colorbox\" style=\"background-color: #e6e6e6;\">\n<p>\u00cen aten\u021bia studen\u021bilor Facult\u0103\u021bii de Fizic\u0103 (<b>toate specializ\u0103rile<\/b>) din <b>anul II licen\u021b\u0103<\/b> (<b>anul III FT<\/b>) \u0219i <b>anul I masterat<\/b><\/p>\n<p>\u00cen perioada 7 iulie &#8211; 27 iulie 2019 va avea loc, la <b>Institutul Unificat de Cercet\u0103ri Nucleare (IUCN) Dubna<\/b>, Federa\u021bia Rus\u0103, un stagiu de <b>practic\u0103 \u00een cercetare pentru studen\u021bi<\/b>. Facultatea noastr\u0103 dispune de 1 loc (posibil 2 locuri). Doritorii pot afla informa\u021bii despre stagiul de practic\u0103 din 2019 la adresa:<\/p>\n<p>http:\/\/ucnew.jinr.ru\/en\/2-stage-2019<\/p>\n<p>Studen\u021bii care doresc s\u0103 beneficieze de aceasta oportunitate vor trebui s\u0103 depun\u0103 la Secretariat, pan\u0103 vineri 05.04.2019, ora 10.00, un dosar care s\u0103 con\u021bin\u0103 urm\u0103toarele documente:<\/p>\n<ol>\n<li>Curriculum Vitae;<\/li>\n<li>Un document eliberat de Secretariat \u00een care s\u0103 fie specificate mediile anuale;<\/li>\n<li>Scrisoare de inten\u021bie.<\/li>\n<\/ol>\n<p>Cunoa\u0219terea limbii engleze este obligatorie. Este nevoie de pa\u0219aport pentru ob\u021binerea vizei.<\/p>\n<p>Este recomandabil ca studentul s\u0103-\u0219i aleag\u0103 o tem\u0103 de cercetare (dintre cele propuse de IUCN) care s\u0103-i foloseasc\u0103 la elaborarea lucr\u0103rii de licen\u021b\u0103\/diserta\u021bie.<\/p>\n<p><b>Selec\u021bia se va face pe baza analizei dosarului de concurs \u0219i a unui interviu (programat pentru vineri 05.04.2019, ora 12.00 la Decanat).<\/b><\/p>\n<p>Persoane de contact:<\/p>\n<ul>\n<li><a href=\"catalin-gabriel-borcia\">Conf. Univ. Dr. C\u0103t\u0103lin Gabriel BORCIA<\/a> <span style=\"color: blue;\">cborcia@uaic.ro<\/span><\/li>\n<li><a href=\"dan-mihailescu\">Lect. Univ. Dr. Dan MIH\u0102ILESCU<\/a> <span style=\"color: blue;\">dmihail@uaic.ro<\/span><\/li>\n<\/ul>\n<\/div>\n<p>&nbsp;<\/p>\n<p><!-- ++++++++++++++++++++++++++++++++++++++++++++++++++++++++++++++++++++++++++++++++++++ --><\/p>\n<div class=\"colorbox\" style=\"background-color: #e6e6e6;\">\n<p><a href=\"http:\/\/www.phys.uaic.ro\/wp\/cercetare\/burse-cercetare\/oferta-burse-austria-2018-2019.pdf\">Oferta de <b>burse ale Ministerului Federal al Educa\u021biei, \u0218tiin\u021bei \u0219i Cercet\u0103rii din Austria<\/b> pentru studen\u021bi, absolven\u021bi \u0219i oameni de \u0219tiin\u021b\u0103 din Rom\u00e2nia \u00een anul universitar 2018-2019.<\/a><\/p>\n<\/div>\n<p>&nbsp;<\/p>\n<p><!-- ++++++++++++++++++++++++++++++++++++++++++++++++++++++++++++++++++++++++++++++++++++ --><\/p>\n<div class=\"colorbox\" style=\"background-color: #e6e6e6;\">\n<p>\u00cen aten\u021bia studen\u021bilor Facult\u0103\u021bii de Fizic\u0103 (<b>toate specializ\u0103rile<\/b>) din <b>anul II licen\u021b\u0103<\/b> (<b>anul III FT<\/b>) \u0219i <b>anul I masterat<\/b><\/p>\n<p>\u00cen perioada 8 iulie &#8211; 30 iulie 2018 va avea loc, la <b>Institutul Unificat de Cercet\u0103ri Nucleare (IUCN) Dubna<\/b>, Federa\u021bia Rus\u0103, un stagiu de <b>practic\u0103 \u00een cercetare pentru studen\u021bi<\/b>. Facultatea noastr\u0103 dispune de 2 locuri. Doritorii pot afla informa\u021bii despre stagiul de practic\u0103 din 2018 la adresa:<\/p>\n<p>http:\/\/ucnew.jinr.ru\/en\/2-stage-2018<\/p>\n<p>Studen\u021bii care doresc s\u0103 beneficieze de aceasta oportunitate vor trebui s\u0103 depun\u0103 la Secretariat, pan\u0103 vineri 20.04.2018, ora 10.00, un dosar care s\u0103 con\u021bin\u0103 urm\u0103toarele documente:<\/p>\n<ol>\n<li>Curriculum Vitae;<\/li>\n<li>Un document eliberat de Secretariat \u00een care s\u0103 fie specificate mediile anuale;<\/li>\n<li>Scrisoare de inten\u021bie.<\/li>\n<\/ol>\n<p>Cunoa\u0219terea limbii engleze este obligatorie. Este nevoie de pa\u0219aport pentru ob\u021binerea vizei.<\/p>\n<p>Este recomandabil ca studentul s\u0103-\u0219i aleag\u0103 o tem\u0103 de cercetare (dintre cele propuse de IUCN) care s\u0103-i foloseasc\u0103 la elaborarea lucr\u0103rii de licen\u021b\u0103\/diserta\u021bie.<\/p>\n<p><b>Selec\u021bia se va face pe baza analizei dosarului de concurs \u0219i a unui interviu (programat pentru vineri 20.04.2018, ora 11.00 la Decanat).<\/b><\/p>\n<p>Persoana de contact: Lect. Univ. Dr. Dan Mihailescu (<span style=\"color: blue;\">dmihail@uaic.ro)<\/span><\/p>\n<\/div>\n<p>&nbsp;<\/p>\n<p><!-- ++++++++++++++++++++++++++++++++++++++++++++++++++++++++++++++++++++++++++++++++++++ --><\/p>\n<div class=\"colorbox\" style=\"background-color: #e6e6e6;\">\n<p>DAAD (Deutscher Akademischer Austausch Dienst \/ Serviciul German de Schimb Academic) are \u0219i anul acesta o ofert\u0103 atractiv\u0103 de <b>burse pentru doctoranzi, cercet\u0103tori \u0219i cadre didactice<\/b>.<\/p>\n<p>Am dori s\u0103 v\u0103 atragem aten\u021bia \u00eendeosebi asupra urm\u0103toarelor programe de burse:<\/p>\n<ul>\n<li><a href=\"https:\/\/www.daad.de\/deutschland\/stipendium\/datenbank\/en\/21148-scholarship-database\/?status=4&amp;origin=10&amp;subjectGrps=&amp;daad=1&amp;q=&amp;page=1&amp;detail=50015434\">Burse de cercetare pentru doctoranzi \u0219i tineri cercet\u0103tori<\/a> \u2013 Burse de scurt\u0103 durata (1 &#8211; 6 luni)<\/li>\n<li><a href=\"https:\/\/www.daad.de\/deutschland\/stipendium\/datenbank\/en\/21148-scholarship-database\/?status=5&amp;origin=10&amp;subjectGrps=&amp;daad=1&amp;q=&amp;page=1&amp;detail=50015456\">Stagii de cercetare pentru cadre didactice \u0219i cercet\u0103tori<\/a> (1-3 luni)<\/li>\n<li><a href=\"https:\/\/www.daad.de\/deutschland\/stipendium\/datenbank\/en\/21148-scholarship-database\/?status=5&amp;origin=10&amp;subjectGrps=&amp;daad=1&amp;q=&amp;page=1&amp;detail=50015492\">Program de reinvitare pentru fo\u0219ti bursieri<\/a> (1-3 luni)<\/li>\n<li><a href=\"https:\/\/www.daad.de\/deutschland\/stipendium\/datenbank\/en\/21148-scholarship-database\/?status=5&amp;origin=10&amp;subjectGrps=&amp;daad=1&amp;q=&amp;page=2&amp;detail=50110016\">Burse pentru arti\u0219ti \u0219i arhitec\u021bi<\/a> &#8211; Stagii de lucru pentru cadre didactice universitare (1-3 luni)<\/li>\n<\/ul>\n<p>Data limita de aplicare pentru toate cele patru programe este:<\/p>\n<ul style=\"list-style-type: none;\">\n<li>01.05.2018 pentru stagii care \u00eencep \u00eentre decembrie 2018 \u2013 mai 2019<\/li>\n<\/ul>\n<p>Candida\u021bii trebuie s\u0103 fac\u0103 dovada unui accept de \u00eendrumare \/ invita\u021bie la o institu\u021bie de \u00eenv\u0103\u021b\u0103m\u00e2nt superior \/ institut de cercetare din Germania. Contactul trebuie stabilit de candida\u021bi; DAAD nu intermediaz\u0103 locuri de cercetare.<\/p>\n<p>Sunt finan\u021bate stagii de cercetare \u00een limba engleza. \u00cen acest caz, limba in care se desf\u0103\u0219oar\u0103 proiectul de cercetare trebuie s\u0103 fie men\u021bionat\u0103 \u00een scrisoarea de invita\u021bie.<\/p>\n<p>Bursele DAAD sunt compatibile cu alte burse, finan\u021bate de statul rom\u00e2n. \u00cen aceste cazuri se \u021bine cont de anumite prevederi.<\/p>\n<p>Pentru detalii suplimentare pute\u021bi contacta biroul DAAD la <span style=\"color: blue;\">info@daad.ro<\/span>.<\/p>\n<\/div>\n","protected":false},"excerpt":{"rendered":"<p>&nbsp; \u00cen aten\u021bia studen\u021bilor Facult\u0103\u021bii de Fizic\u0103 (toate specializ\u0103rile) din anul II licen\u021b\u0103 (anul III FT) \u0219i anul I masterat \u00cen perioada 7 iulie &#8211; 27 iulie 2019 va avea loc, la Institutul Unificat de Cercet\u0103ri Nucleare (IUCN) Dubna, Federa\u021bia Rus\u0103, un stagiu de practic\u0103 \u00een cercetare pentru studen\u021bi. Facultatea noastr\u0103 dispune de 1 loc (posibil 2 locuri).\u2026 <span class=\"read-more\"><a href=\"https:\/\/www.phys.uaic.ro\/old\/index.php\/cercetare\/burse-cercetare\/\">Read More &raquo;<\/a><\/span><\/p>\n","protected":false},"author":3,"featured_media":0,"parent":50,"menu_order":0,"comment_status":"closed","ping_status":"closed","template":"","meta":{"footnotes":""},"class_list":["post-3657","page","type-page","status-publish","hentry"],"_links":{"self":[{"href":"https:\/\/www.phys.uaic.ro\/old\/index.php\/wp-json\/wp\/v2\/pages\/3657","targetHints":{"allow":["GET"]}}],"collection":[{"href":"https:\/\/www.phys.uaic.ro\/old\/index.php\/wp-json\/wp\/v2\/pages"}],"about":[{"href":"https:\/\/www.phys.uaic.ro\/old\/index.php\/wp-json\/wp\/v2\/types\/page"}],"author":[{"embeddable":true,"href":"https:\/\/www.phys.uaic.ro\/old\/index.php\/wp-json\/wp\/v2\/users\/3"}],"replies":[{"embeddable":true,"href":"https:\/\/www.phys.uaic.ro\/old\/index.php\/wp-json\/wp\/v2\/comments?post=3657"}],"version-history":[{"count":3,"href":"https:\/\/www.phys.uaic.ro\/old\/index.php\/wp-json\/wp\/v2\/pages\/3657\/revisions"}],"predecessor-version":[{"id":26549,"href":"https:\/\/www.phys.uaic.ro\/old\/index.php\/wp-json\/wp\/v2\/pages\/3657\/revisions\/26549"}],"up":[{"embeddable":true,"href":"https:\/\/www.phys.uaic.ro\/old\/index.php\/wp-json\/wp\/v2\/pages\/50"}],"wp:attachment":[{"href":"https:\/\/www.phys.uaic.ro\/old\/index.php\/wp-json\/wp\/v2\/media?parent=3657"}],"curies":[{"name":"wp","href":"https:\/\/api.w.org\/{rel}","templated":true}]}}