{"id":40,"date":"2018-02-13T23:20:37","date_gmt":"2018-02-13T23:20:37","guid":{"rendered":"http:\/\/www.phys.uaic.ro\/?page_id=40"},"modified":"2026-04-14T21:18:24","modified_gmt":"2026-04-14T18:18:24","slug":"prima-pagina","status":"publish","type":"page","link":"https:\/\/www.phys.uaic.ro\/old\/","title":{"rendered":""},"content":{"rendered":"<h1 style=\"text-align: center;\">Aceasta este pagina veche Facult\u0103\u021bii de Fizic\u0103 &#8211; UAIC &#8211;<br \/>\n(data ultimei actualiz\u0103ri 22 martie 2026)<br \/>\n<a href=\"https:\/\/www.phys.uaic.ro\/new-phys\" target=\"_blank\" rel=\"noopener\">Click aici pentru a fi redirec\u021bionat la noua pagin\u0103 (\u00een construc\u021bie)<\/a><\/h1>\n<p style=\"background-color: yellow; text-align: center;\"><span style=\"font-size: 14pt; color: #3366ff;\"><strong>Facultatea de Fizic\u0103 UAIC se g\u0103se\u0219te:<br \/>\n&#8211; \u00een <\/strong><\/span><span style=\"font-size: 14pt; color: #3366ff;\"><strong>intervalul 100-155 mondial, \u00een clasamentul <span style=\"color: #ff0000;\"><a style=\"color: #ff0000;\" href=\"https:\/\/www.cicerobook.com\/userfiles\/files\/RankPro%20by%20subject%202025%20Physics%20Astronomy(1).pdf\" target=\"_blank\" rel=\"noopener\">RankPro pentru 2025<\/a><\/span>, <\/strong><strong>la domeniul Physics, Astronomy<br \/>\n&#8211; \u00ee<\/strong><\/span><span style=\"font-size: 14pt; color: #3366ff;\"><strong>n intervalul 401-500 mondial, \u00een clasamentul <span style=\"color: #ff0000;\"><a style=\"color: #ff0000;\" href=\"https:\/\/www.shanghairanking.com\/rankings\/gras\/2024\/RS0102\" target=\"_blank\" rel=\"noopener\">Shanghai Global Ranking of Academic Subjects 2024<\/a><\/span> la domeniul Physics<\/strong><\/span><\/p>\n<div>\n<div>\n<div class=\"field__item fadein\">\n<div class=\"paragraph paragraph--type--documents paragraph--view-mode--default\">\n<div class=\"field field--name-field-documents field--type-entity-reference-revisions field--label-hidden field__items\">\n<div class=\"field__item\">\n<div id=\"agenda\" class=\"paragraph-simple display-line paragraph paragraph--type--document paragraph--view-mode--default\">\n<div class=\"document-wrapper\">\n<div class=\"document-texts\"><\/div>\n<\/div>\n<\/div>\n<\/div>\n<\/div>\n<\/div>\n<\/div>\n<\/div>\n<div style=\"display: block; height: 40px; text-align: center; background-color: #16a1e7; font-size: 22px; text-shadow: 1px 1px 5px black;\">\u00a0<a style=\"font-family: Arial; color: white;\" href=\"https:\/\/www.phys.uaic.ro\/index.php\/viitori-studenti\/\">Viitori studen\u021bi<\/a><\/div>\n<\/div>\n<div>\n<p style=\"text-align: center;\"><span style=\"color: #ff9900;\"><strong><a style=\"color: #ff9900;\" href=\"https:\/\/www.phys.uaic.ro\/index.php\/cercetare\/ronaqci-dezvoltarea-primei-infrastructuri-de-comunicatii-cuantice-din-romania\/\" target=\"_blank\" rel=\"noopener\">RoNaQCI \u2013 Dezvoltarea primei infrastructuri de comunica\u021bii cuantice din Rom\u00e2nia<\/a><\/strong><\/span><\/p>\n<h2 style=\"text-align: center;\"><a href=\"https:\/\/www.phys.uaic.ro\/index.php\/viitori-studenti\/absolventii-nostri\" target=\"_blank\" rel=\"noopener\">Absolven\u021bii no\u0219tri<\/a><\/h2>\n<p><a href=\"https:\/\/www.phys.uaic.ro\/index.php\/viitori-studenti\/absolventii-nostri\/\"><img loading=\"lazy\" decoding=\"async\" class=\"wp-image-15321 size-full alignleft\" src=\"https:\/\/www.phys.uaic.ro\/wp-content\/uploads\/2022\/03\/Captura-de-ecran-din-2022-03-02-la-22.41.53.png\" alt=\"Profil de absolvent\" width=\"3060\" height=\"1138\" srcset=\"https:\/\/www.phys.uaic.ro\/old\/wp-content\/uploads\/2022\/03\/Captura-de-ecran-din-2022-03-02-la-22.41.53.png 3060w, https:\/\/www.phys.uaic.ro\/old\/wp-content\/uploads\/2022\/03\/Captura-de-ecran-din-2022-03-02-la-22.41.53-300x112.png 300w, https:\/\/www.phys.uaic.ro\/old\/wp-content\/uploads\/2022\/03\/Captura-de-ecran-din-2022-03-02-la-22.41.53-1024x381.png 1024w, https:\/\/www.phys.uaic.ro\/old\/wp-content\/uploads\/2022\/03\/Captura-de-ecran-din-2022-03-02-la-22.41.53-768x286.png 768w, https:\/\/www.phys.uaic.ro\/old\/wp-content\/uploads\/2022\/03\/Captura-de-ecran-din-2022-03-02-la-22.41.53-1536x571.png 1536w, https:\/\/www.phys.uaic.ro\/old\/wp-content\/uploads\/2022\/03\/Captura-de-ecran-din-2022-03-02-la-22.41.53-2048x762.png 2048w, https:\/\/www.phys.uaic.ro\/old\/wp-content\/uploads\/2022\/03\/Captura-de-ecran-din-2022-03-02-la-22.41.53-665x247.png 665w\" sizes=\"auto, (max-width: 3060px) 100vw, 3060px\" \/><\/a><\/p>\n<\/div>\n<p><!-- +++++++++++++++++++++++++++++++++++++++++++++++++++++++++++++++++\n\n\n<h2><span style=\"padding: 40px 0 0 30px;\">Leg\u0103turi utile:<\/span><\/h2>\n\n\n\n\n<div class=\"menu_bottom\">\n\n\n<div><a class=\"buton-meniu-orizontal\" href=\"http:\/\/www.uaic.ro\">UAIC<\/a><\/div>\n\n\n\n\n<div><a class=\"buton-meniu-orizontal\" href=\"http:\/\/www.bcu-iasi.ro\/\">BCU - IA\u0218I<\/a><\/div>\n\n\n\n\n<div><a class=\"buton-meniu-orizontal\" href=\"https:\/\/www.phys.uaic.ro\/index.php\/structura-an-universitar\/\">STRUCTURA ANULUI UNIVERSITAR<\/a><\/div>\n\n\n\n\n<div><a class=\"buton-meniu-orizontal\" href=\"https:\/\/www.phys.uaic.ro\/index.php\/studenti\/orar-studenti\/\"><span style=\"color: red;\">ORAR<\/span><\/a><\/div>\n\n\n\n\n<div><a class=\"buton-meniu-orizontal\" href=\"https:\/\/www.phys.uaic.ro\/index.php\/studenti\/examene-studenti\/\"><span style=\"color: red;\">EXAMENE<\/span><\/a><\/div>\n\n\n\n\n<div><a class=\"buton-meniu-orizontal\" href=\"https:\/\/www.phys.uaic.ro\/index.php\/organizare\/alegeri-academice\/\"><span style=\"color: red;\">ALEGERI<\/span><\/a><\/div>\n\n\n\n\n<div><a class=\"buton-meniu-orizontal\" href=\"https:\/\/www.phys.uaic.ro\/index.php\/studenti\/burse\/\"><span style=\"color: red;\">BURSE<\/span><\/a><\/div>\n\n\n\n\n<div><a class=\"buton-meniu-orizontal\" href=\"https:\/\/www.phys.uaic.ro\/index.php\/studenti\/cazare\/\">CAZARE<\/a><\/div>\n\n\n\n\n<div><a class=\"buton-meniu-orizontal\" href=\"https:\/\/www.phys.uaic.ro\/index.php\/studenti\/adrese-email-institutionale\/\"><span style=\"color: red;\">E-MAIL INSTITUTIONAL<\/span><\/a><\/div>\n\n\n\n\n<div><a class=\"buton-meniu-orizontal\" href=\"https:\/\/www.phys.uaic.ro\/index.php\/studenti\/conturi-individuale-student-platforma-ctp\/\"><span style=\"color: red;\">CONTURI CTP<\/span><\/a><\/div>\n\n\n\n\n<div><a class=\"buton-meniu-orizontal\" href=\"http:\/\/www.phys.uaic.ro\/index.php\/prima-pagina\/contact\/\">CONTACT<\/a><\/div>\n\n\n\n\n<div><a class=\"buton-meniu-orizontal\" href=\"https:\/\/www.facebook.com\/phys.uaic.ro\"><span style=\"background-color: blue; color: white;\">\u00a0\u00a0<b>f<\/b>\u00a0\u00a0<\/span>\u00a0facebook<\/a><\/div>\n\n\n\n\n<div><a class=\"buton-meniu-orizontal\" href=\"https:\/\/youtube.com\/channel\/UCkp0z2T2PKR1QcO1U8MduGQ\"><span style=\"background-color: white; color: black;\">\u00a0You\u00a0<\/span><span style=\"background-color: red; color: white;\">\u00a0<b>Tube<\/b>\u00a0<\/span><\/a><\/div>\n\n\n\n\n<div><a class=\"buton-meniu-orizontal\" href=\"https:\/\/www.linkedin.com\/in\/fizica-uaic-b18702210\"><span style=\"background-color: blue; color: white;\">\u00a0<b>in<\/b>\u00a0<\/span>\u00a0LinkedIn<\/a><\/div>\n\n\n\n\n<div><a class=\"buton-meniu-orizontal\" href=\"https:\/\/www.instagram.com\/fizica_uaic\/\" target=\"_blank\" rel=\"noopener\"><span style=\"background-color: #ff40bc; color: white;\">\u00a0<b>O<\/b>\u00a0<\/span>Instagram<\/a><\/div>\n\n\n<\/div>\n\n\n+++++++++++++++++++++++++++++++++++++++++++++++++++++++++++++++++++++++++++ --><\/p>\n<h2 style=\"text-align: center;\">Imagini din facultate<\/h2>\n\n\t\t<style type=\"text\/css\">\n\t\t\t#gallery-1 {\n\t\t\t\tmargin: auto;\n\t\t\t}\n\t\t\t#gallery-1 .gallery-item {\n\t\t\t\tfloat: left;\n\t\t\t\tmargin-top: 10px;\n\t\t\t\ttext-align: center;\n\t\t\t\twidth: 16%;\n\t\t\t}\n\t\t\t#gallery-1 img {\n\t\t\t\tborder: 2px solid #cfcfcf;\n\t\t\t}\n\t\t\t#gallery-1 .gallery-caption {\n\t\t\t\tmargin-left: 0;\n\t\t\t}\n\t\t\t\/* see gallery_shortcode() in wp-includes\/media.php *\/\n\t\t<\/style>\n\t\t<div id='gallery-1' class='gallery galleryid-40 gallery-columns-6 gallery-size-thumbnail'><dl class='gallery-item'>\n\t\t\t<dt class='gallery-icon landscape'>\n\t\t\t\t<a href='https:\/\/www.phys.uaic.ro\/old\/wp-content\/uploads\/2021\/03\/imag-01-hd.jpg'><img loading=\"lazy\" decoding=\"async\" width=\"150\" height=\"150\" src=\"https:\/\/www.phys.uaic.ro\/old\/wp-content\/uploads\/2021\/03\/imag-01-hd-150x150.jpg\" class=\"attachment-thumbnail size-thumbnail\" alt=\"\" \/><\/a>\n\t\t\t<\/dt><\/dl><dl class='gallery-item'>\n\t\t\t<dt class='gallery-icon landscape'>\n\t\t\t\t<a href='https:\/\/www.phys.uaic.ro\/old\/wp-content\/uploads\/2021\/03\/imag-02-hd.jpg'><img loading=\"lazy\" decoding=\"async\" width=\"150\" height=\"150\" src=\"https:\/\/www.phys.uaic.ro\/old\/wp-content\/uploads\/2021\/03\/imag-02-hd-150x150.jpg\" class=\"attachment-thumbnail size-thumbnail\" alt=\"\" \/><\/a>\n\t\t\t<\/dt><\/dl><dl class='gallery-item'>\n\t\t\t<dt class='gallery-icon landscape'>\n\t\t\t\t<a href='https:\/\/www.phys.uaic.ro\/old\/wp-content\/uploads\/2021\/03\/imag-03-hd.jpg'><img loading=\"lazy\" decoding=\"async\" width=\"150\" height=\"150\" src=\"https:\/\/www.phys.uaic.ro\/old\/wp-content\/uploads\/2021\/03\/imag-03-hd-150x150.jpg\" class=\"attachment-thumbnail size-thumbnail\" alt=\"\" \/><\/a>\n\t\t\t<\/dt><\/dl><dl class='gallery-item'>\n\t\t\t<dt class='gallery-icon landscape'>\n\t\t\t\t<a href='https:\/\/www.phys.uaic.ro\/old\/wp-content\/uploads\/2021\/03\/imag-04-hd.jpg'><img loading=\"lazy\" decoding=\"async\" width=\"150\" height=\"150\" src=\"https:\/\/www.phys.uaic.ro\/old\/wp-content\/uploads\/2021\/03\/imag-04-hd-150x150.jpg\" class=\"attachment-thumbnail size-thumbnail\" alt=\"\" \/><\/a>\n\t\t\t<\/dt><\/dl><dl class='gallery-item'>\n\t\t\t<dt class='gallery-icon landscape'>\n\t\t\t\t<a href='https:\/\/www.phys.uaic.ro\/old\/wp-content\/uploads\/2021\/03\/imag-05-hd.jpg'><img loading=\"lazy\" decoding=\"async\" width=\"150\" height=\"150\" src=\"https:\/\/www.phys.uaic.ro\/old\/wp-content\/uploads\/2021\/03\/imag-05-hd-150x150.jpg\" class=\"attachment-thumbnail size-thumbnail\" alt=\"\" \/><\/a>\n\t\t\t<\/dt><\/dl><dl class='gallery-item'>\n\t\t\t<dt class='gallery-icon landscape'>\n\t\t\t\t<a href='https:\/\/www.phys.uaic.ro\/old\/wp-content\/uploads\/2021\/03\/imag-06-hd.jpg'><img loading=\"lazy\" decoding=\"async\" width=\"150\" height=\"150\" src=\"https:\/\/www.phys.uaic.ro\/old\/wp-content\/uploads\/2021\/03\/imag-06-hd-150x150.jpg\" class=\"attachment-thumbnail size-thumbnail\" alt=\"\" \/><\/a>\n\t\t\t<\/dt><\/dl><br style=\"clear: both\" \/><dl class='gallery-item'>\n\t\t\t<dt class='gallery-icon landscape'>\n\t\t\t\t<a href='https:\/\/www.phys.uaic.ro\/old\/wp-content\/uploads\/2021\/03\/imag-07-hd.jpg'><img loading=\"lazy\" decoding=\"async\" width=\"150\" height=\"150\" src=\"https:\/\/www.phys.uaic.ro\/old\/wp-content\/uploads\/2021\/03\/imag-07-hd-150x150.jpg\" class=\"attachment-thumbnail size-thumbnail\" alt=\"\" \/><\/a>\n\t\t\t<\/dt><\/dl><dl class='gallery-item'>\n\t\t\t<dt class='gallery-icon landscape'>\n\t\t\t\t<a href='https:\/\/www.phys.uaic.ro\/old\/wp-content\/uploads\/2021\/03\/imag-08-hd.jpg'><img loading=\"lazy\" decoding=\"async\" width=\"150\" height=\"150\" src=\"https:\/\/www.phys.uaic.ro\/old\/wp-content\/uploads\/2021\/03\/imag-08-hd-150x150.jpg\" class=\"attachment-thumbnail size-thumbnail\" alt=\"\" \/><\/a>\n\t\t\t<\/dt><\/dl><dl class='gallery-item'>\n\t\t\t<dt class='gallery-icon landscape'>\n\t\t\t\t<a href='https:\/\/www.phys.uaic.ro\/old\/wp-content\/uploads\/2021\/03\/imag-09-hd.jpg'><img loading=\"lazy\" decoding=\"async\" width=\"150\" height=\"150\" src=\"https:\/\/www.phys.uaic.ro\/old\/wp-content\/uploads\/2021\/03\/imag-09-hd-150x150.jpg\" class=\"attachment-thumbnail size-thumbnail\" alt=\"\" \/><\/a>\n\t\t\t<\/dt><\/dl><dl class='gallery-item'>\n\t\t\t<dt class='gallery-icon landscape'>\n\t\t\t\t<a href='https:\/\/www.phys.uaic.ro\/old\/wp-content\/uploads\/2021\/03\/imag-10-hd-1.jpg'><img loading=\"lazy\" decoding=\"async\" width=\"150\" height=\"150\" src=\"https:\/\/www.phys.uaic.ro\/old\/wp-content\/uploads\/2021\/03\/imag-10-hd-1-150x150.jpg\" class=\"attachment-thumbnail size-thumbnail\" alt=\"\" \/><\/a>\n\t\t\t<\/dt><\/dl><dl class='gallery-item'>\n\t\t\t<dt class='gallery-icon landscape'>\n\t\t\t\t<a href='https:\/\/www.phys.uaic.ro\/old\/wp-content\/uploads\/2021\/03\/imag-11-hd.jpg'><img loading=\"lazy\" decoding=\"async\" width=\"150\" height=\"150\" src=\"https:\/\/www.phys.uaic.ro\/old\/wp-content\/uploads\/2021\/03\/imag-11-hd-150x150.jpg\" class=\"attachment-thumbnail size-thumbnail\" alt=\"\" \/><\/a>\n\t\t\t<\/dt><\/dl><dl class='gallery-item'>\n\t\t\t<dt class='gallery-icon landscape'>\n\t\t\t\t<a href='https:\/\/www.phys.uaic.ro\/old\/wp-content\/uploads\/2021\/03\/imag-12-hd.jpg'><img loading=\"lazy\" decoding=\"async\" width=\"150\" height=\"150\" src=\"https:\/\/www.phys.uaic.ro\/old\/wp-content\/uploads\/2021\/03\/imag-12-hd-150x150.jpg\" class=\"attachment-thumbnail size-thumbnail\" alt=\"\" \/><\/a>\n\t\t\t<\/dt><\/dl><br style=\"clear: both\" \/>\n\t\t<\/div>\n\n<p><!-- +++++++++++++++++++++++++++++++++++++++++++++++++++++++++++++++++++++++++++ --><\/p>\n","protected":false},"excerpt":{"rendered":"<p>Aceasta este pagina veche Facult\u0103\u021bii de Fizic\u0103 &#8211; UAIC &#8211; (data ultimei actualiz\u0103ri 22 martie 2026) Click aici pentru a fi redirec\u021bionat la noua pagin\u0103 (\u00een construc\u021bie) Facultatea de Fizic\u0103 UAIC se g\u0103se\u0219te: &#8211; \u00een intervalul 100-155 mondial, \u00een clasamentul RankPro pentru 2025, la domeniul Physics, Astronomy &#8211; \u00een intervalul 401-500 mondial, \u00een clasamentul Shanghai Global Ranking of\u2026 <span class=\"read-more\"><a href=\"https:\/\/www.phys.uaic.ro\/old\/\">Read More &raquo;<\/a><\/span><\/p>\n","protected":false},"author":3,"featured_media":0,"parent":0,"menu_order":0,"comment_status":"closed","ping_status":"closed","template":"","meta":{"footnotes":""},"class_list":["post-40","page","type-page","status-publish","hentry"],"_links":{"self":[{"href":"https:\/\/www.phys.uaic.ro\/old\/index.php\/wp-json\/wp\/v2\/pages\/40","targetHints":{"allow":["GET"]}}],"collection":[{"href":"https:\/\/www.phys.uaic.ro\/old\/index.php\/wp-json\/wp\/v2\/pages"}],"about":[{"href":"https:\/\/www.phys.uaic.ro\/old\/index.php\/wp-json\/wp\/v2\/types\/page"}],"author":[{"embeddable":true,"href":"https:\/\/www.phys.uaic.ro\/old\/index.php\/wp-json\/wp\/v2\/users\/3"}],"replies":[{"embeddable":true,"href":"https:\/\/www.phys.uaic.ro\/old\/index.php\/wp-json\/wp\/v2\/comments?post=40"}],"version-history":[{"count":10,"href":"https:\/\/www.phys.uaic.ro\/old\/index.php\/wp-json\/wp\/v2\/pages\/40\/revisions"}],"predecessor-version":[{"id":26510,"href":"https:\/\/www.phys.uaic.ro\/old\/index.php\/wp-json\/wp\/v2\/pages\/40\/revisions\/26510"}],"wp:attachment":[{"href":"https:\/\/www.phys.uaic.ro\/old\/index.php\/wp-json\/wp\/v2\/media?parent=40"}],"curies":[{"name":"wp","href":"https:\/\/api.w.org\/{rel}","templated":true}]}}