{"id":4015,"date":"2018-05-18T22:26:05","date_gmt":"2018-05-18T22:26:05","guid":{"rendered":"http:\/\/www.phys.uaic.ro\/?page_id=4015"},"modified":"2018-05-31T08:43:07","modified_gmt":"2018-05-31T08:43:07","slug":"promotia-1998","status":"publish","type":"page","link":"https:\/\/www.phys.uaic.ro\/old\/index.php\/alumni\/intalniri\/promotia-1998\/","title":{"rendered":"Promo\u021bia 1998"},"content":{"rendered":"<h3>\u00cent\u00e2lnire dup\u0103 20 de ani de la absolvirea facult\u0103\u021bii<\/h3>\n<p>\u00cent\u00e2lnirea de Promo\u021bie a absolven\u021bilor din anul 1998 va avea loc s\u00e2mb\u0103t\u0103 30 iunie 2018. Cursul Festiv va avea loc \u00een Amfiteatrul IV.13 \u00eencepand cu orele 13, iar s\u0103rb\u0103torirea evenimentului va avea loc\u00a0\u00eencep\u00e2nd cu orele 15.<\/p>\n<p>Persoana de contact: Cristian Enachescu<br \/>\ne-mail: <span style=\"color: blue;\">cristian.enachescu@uaic.ro<\/span><\/p>\n","protected":false},"excerpt":{"rendered":"<p>\u00cent\u00e2lnire dup\u0103 20 de ani de la absolvirea facult\u0103\u021bii \u00cent\u00e2lnirea de Promo\u021bie a absolven\u021bilor din anul 1998 va avea loc s\u00e2mb\u0103t\u0103 30 iunie 2018. Cursul Festiv va avea loc \u00een Amfiteatrul IV.13 \u00eencepand cu orele 13, iar s\u0103rb\u0103torirea evenimentului va avea loc\u00a0\u00eencep\u00e2nd cu orele 15. Persoana de contact: Cristian Enachescu e-mail: cristian.enachescu@uaic.ro<\/p>\n","protected":false},"author":3,"featured_media":0,"parent":226,"menu_order":0,"comment_status":"closed","ping_status":"closed","template":"","meta":{"footnotes":""},"class_list":["post-4015","page","type-page","status-publish","hentry"],"_links":{"self":[{"href":"https:\/\/www.phys.uaic.ro\/old\/index.php\/wp-json\/wp\/v2\/pages\/4015","targetHints":{"allow":["GET"]}}],"collection":[{"href":"https:\/\/www.phys.uaic.ro\/old\/index.php\/wp-json\/wp\/v2\/pages"}],"about":[{"href":"https:\/\/www.phys.uaic.ro\/old\/index.php\/wp-json\/wp\/v2\/types\/page"}],"author":[{"embeddable":true,"href":"https:\/\/www.phys.uaic.ro\/old\/index.php\/wp-json\/wp\/v2\/users\/3"}],"replies":[{"embeddable":true,"href":"https:\/\/www.phys.uaic.ro\/old\/index.php\/wp-json\/wp\/v2\/comments?post=4015"}],"version-history":[{"count":0,"href":"https:\/\/www.phys.uaic.ro\/old\/index.php\/wp-json\/wp\/v2\/pages\/4015\/revisions"}],"up":[{"embeddable":true,"href":"https:\/\/www.phys.uaic.ro\/old\/index.php\/wp-json\/wp\/v2\/pages\/226"}],"wp:attachment":[{"href":"https:\/\/www.phys.uaic.ro\/old\/index.php\/wp-json\/wp\/v2\/media?parent=4015"}],"curies":[{"name":"wp","href":"https:\/\/api.w.org\/{rel}","templated":true}]}}