{"id":4018,"date":"2018-05-18T22:29:02","date_gmt":"2018-05-18T22:29:02","guid":{"rendered":"http:\/\/www.phys.uaic.ro\/?page_id=4018"},"modified":"2018-05-31T08:45:10","modified_gmt":"2018-05-31T08:45:10","slug":"promotia-1997","status":"publish","type":"page","link":"https:\/\/www.phys.uaic.ro\/old\/index.php\/alumni\/intalniri\/promotia-1997\/","title":{"rendered":"Promotia 1997"},"content":{"rendered":"<h3>\u00cent\u00e2lnire dup\u0103 20 de ani de la absolvirea facult\u0103\u021bii<\/h3>\n<p>Promo\u021bia FIZIC\u0102 1998 s\u0103rb\u0103tore\u0219te anul acesta 20 DE ANI de la absolvire. Cei care am p\u0103\u0219it \u00eempreun\u0103 pe drumul cunoa\u0219terii \u0219i form\u0103rii profesionale la Facultatea de FIZIC\u0102 din Ia\u0219i vom avea pl\u0103cerea s\u0103 ne revedem \u0219i s\u0103 fim \u00eenc\u0103 o dat\u0103 al\u0103turi de profesorii no\u0219tri, de cei care ne-au \u00eendrumat pa\u0219ii \u0219i ne-au orientat spre o viitoare carier\u0103. Vom sta inc\u0103 o dat\u0103 \u00een b\u0103nci de amfiteatru, vom retr\u0103i \u00eempreun\u0103 din acele momente care acum 20 de ani ne-au unit, ne-au facut colegi \u0219i prieteni.<\/p>\n<p>\u00cent\u00e2lnirea de Promo\u021bie a absolven\u021bilor va avea loc s\u00e2mb\u0103t\u0103 24 iunie 2017. Cursul Festiv va avea loc \u00een Amfiteatrul IV.13 \u00eencepand cu orele 15, iar s\u0103rb\u0103torirea evenimentului va avea loc la Cantina \u201eTitu Maiorescu\u201d din campusul universit\u0103\u021bii \u00eencep\u00e2nd cu orele 18.<\/p>\n<p>Persoana de contact: Daniela Ionescu<br \/>\nTel: 0746 826468<br \/>\nE-mail: <span style=\"color: blue;\">danaity@yahoo.com<\/span><\/p>\n","protected":false},"excerpt":{"rendered":"<p>\u00cent\u00e2lnire dup\u0103 20 de ani de la absolvirea facult\u0103\u021bii Promo\u021bia FIZIC\u0102 1998 s\u0103rb\u0103tore\u0219te anul acesta 20 DE ANI de la absolvire. Cei care am p\u0103\u0219it \u00eempreun\u0103 pe drumul cunoa\u0219terii \u0219i form\u0103rii profesionale la Facultatea de FIZIC\u0102 din Ia\u0219i vom avea pl\u0103cerea s\u0103 ne revedem \u0219i s\u0103 fim \u00eenc\u0103 o dat\u0103 al\u0103turi de profesorii no\u0219tri, de cei care ne-au\u2026 <span class=\"read-more\"><a href=\"https:\/\/www.phys.uaic.ro\/old\/index.php\/alumni\/intalniri\/promotia-1997\/\">Read More &raquo;<\/a><\/span><\/p>\n","protected":false},"author":3,"featured_media":0,"parent":226,"menu_order":0,"comment_status":"closed","ping_status":"closed","template":"","meta":{"footnotes":""},"class_list":["post-4018","page","type-page","status-publish","hentry"],"_links":{"self":[{"href":"https:\/\/www.phys.uaic.ro\/old\/index.php\/wp-json\/wp\/v2\/pages\/4018","targetHints":{"allow":["GET"]}}],"collection":[{"href":"https:\/\/www.phys.uaic.ro\/old\/index.php\/wp-json\/wp\/v2\/pages"}],"about":[{"href":"https:\/\/www.phys.uaic.ro\/old\/index.php\/wp-json\/wp\/v2\/types\/page"}],"author":[{"embeddable":true,"href":"https:\/\/www.phys.uaic.ro\/old\/index.php\/wp-json\/wp\/v2\/users\/3"}],"replies":[{"embeddable":true,"href":"https:\/\/www.phys.uaic.ro\/old\/index.php\/wp-json\/wp\/v2\/comments?post=4018"}],"version-history":[{"count":0,"href":"https:\/\/www.phys.uaic.ro\/old\/index.php\/wp-json\/wp\/v2\/pages\/4018\/revisions"}],"up":[{"embeddable":true,"href":"https:\/\/www.phys.uaic.ro\/old\/index.php\/wp-json\/wp\/v2\/pages\/226"}],"wp:attachment":[{"href":"https:\/\/www.phys.uaic.ro\/old\/index.php\/wp-json\/wp\/v2\/media?parent=4018"}],"curies":[{"name":"wp","href":"https:\/\/api.w.org\/{rel}","templated":true}]}}