{"id":455,"date":"2018-02-16T11:18:17","date_gmt":"2018-02-16T11:18:17","guid":{"rendered":"http:\/\/www.phys.uaic.ro\/?page_id=455"},"modified":"2018-03-07T11:38:51","modified_gmt":"2018-03-07T11:38:51","slug":"marina-aura-dariescu-expertiza","status":"publish","type":"page","link":"https:\/\/www.phys.uaic.ro\/old\/index.php\/scoala-doctorala\/conducatori-doctorat\/marina-aura-dariescu-expertiza\/","title":{"rendered":"Prof. Dr. Marina Aura DARIESCU &#8211; expertiz\u0103"},"content":{"rendered":"<ul>\n<li>Domeniul fundamental de Doctorat: Stiin\u021be exacte<\/li>\n<li>Domeniul de Doctorat: Fizic\u0103<\/li>\n<li>Specializarea: Fizic\u0103 Teoretic\u0103<\/li>\n<li>Domeniul Fundamental de cercetare: Sisteme cuantice, Energii \u00eenalte \u0219i astrofizica, cosmologie<\/li>\n<\/ul>\n<p><b>Domenii de competen\u021b\u0103:<\/b><\/p>\n<ul>\n<li>Teorii gauge \u00een fizica particulelor elementare.<\/li>\n<li>Astrofizic\u0103 \u0219i cosmologie.<\/li>\n<\/ul>\n","protected":false},"excerpt":{"rendered":"<p>Domeniul fundamental de Doctorat: Stiin\u021be exacte Domeniul de Doctorat: Fizic\u0103 Specializarea: Fizic\u0103 Teoretic\u0103 Domeniul Fundamental de cercetare: Sisteme cuantice, Energii \u00eenalte \u0219i astrofizica, cosmologie Domenii de competen\u021b\u0103: Teorii gauge \u00een fizica particulelor elementare. Astrofizic\u0103 \u0219i cosmologie.<\/p>\n","protected":false},"author":3,"featured_media":0,"parent":150,"menu_order":0,"comment_status":"closed","ping_status":"closed","template":"","meta":{"footnotes":""},"class_list":["post-455","page","type-page","status-publish","hentry"],"_links":{"self":[{"href":"https:\/\/www.phys.uaic.ro\/old\/index.php\/wp-json\/wp\/v2\/pages\/455","targetHints":{"allow":["GET"]}}],"collection":[{"href":"https:\/\/www.phys.uaic.ro\/old\/index.php\/wp-json\/wp\/v2\/pages"}],"about":[{"href":"https:\/\/www.phys.uaic.ro\/old\/index.php\/wp-json\/wp\/v2\/types\/page"}],"author":[{"embeddable":true,"href":"https:\/\/www.phys.uaic.ro\/old\/index.php\/wp-json\/wp\/v2\/users\/3"}],"replies":[{"embeddable":true,"href":"https:\/\/www.phys.uaic.ro\/old\/index.php\/wp-json\/wp\/v2\/comments?post=455"}],"version-history":[{"count":0,"href":"https:\/\/www.phys.uaic.ro\/old\/index.php\/wp-json\/wp\/v2\/pages\/455\/revisions"}],"up":[{"embeddable":true,"href":"https:\/\/www.phys.uaic.ro\/old\/index.php\/wp-json\/wp\/v2\/pages\/150"}],"wp:attachment":[{"href":"https:\/\/www.phys.uaic.ro\/old\/index.php\/wp-json\/wp\/v2\/media?parent=455"}],"curies":[{"name":"wp","href":"https:\/\/api.w.org\/{rel}","templated":true}]}}