{"id":467,"date":"2018-02-16T11:38:19","date_gmt":"2018-02-16T11:38:19","guid":{"rendered":"http:\/\/www.phys.uaic.ro\/?page_id=467"},"modified":"2018-03-05T03:33:53","modified_gmt":"2018-03-05T03:33:53","slug":"tudor-luchian-expertiza","status":"publish","type":"page","link":"https:\/\/www.phys.uaic.ro\/old\/index.php\/scoala-doctorala\/conducatori-doctorat\/tudor-luchian-expertiza\/","title":{"rendered":"Prof. Dr. Tudor LUCHIAN &#8211; expertiz\u0103"},"content":{"rendered":"<p><b>Domenii majore de cercetare:<\/b><\/p>\n<ul>\n<li>Biofizic\u0103 molecular\u0103.<\/li>\n<li>Bioelectricitate \u0219i aplica\u021bii \u00een fizica medical\u0103.<\/li>\n<\/ul>\n<p><b>Direc\u021bii de investigare:<\/b><\/p>\n<ul>\n<li>Investigarea uni-molecular\u0103 a interac\u021biunilor lipido-proteice.<\/li>\n<li>Detec\u021bia nanoscopica a biomoleculelor cu ajutorul unor sisteme proteice. Cuantificarea energiilor de interac\u021biune a unor biomolecule cu sisteme biomimetice.<\/li>\n<li>Tehnici de instrumenta\u021bie virtual\u0103 aplicate in electrofiziologia molecular\u0103.<\/li>\n<\/ul>\n<p><b>Domenii de expertiz\u0103 \/ Teme propuse:<\/b><\/p>\n<ul>\n<li>Caracterizarea fizico-chimic\u0103 a interac\u021biunilor unor peptide anti-microbiene cu structuri lipidice auto-organizate (membrane planare \u0219i lipozomi).<\/li>\n<li>Sisteme hibride constituite din proteine-canal \u0219i ciclodextrine utilizate \u00een detec\u021bia uni-molecular\u0103 a moleculelor mici \u0219i peptidelor.<\/li>\n<li>Investigarea fenomenelor de transport a peptidelor \u0219i nanoparticulelor func\u021bionalizate prin biomembrane, cu tehnici electrice \u0219i optice.<\/li>\n<li>Investigarea prin microscopie de fluorescen\u021b\u0103 \u0219i &#8222;patch-clamp&#8221; a cuplajelor energetice electrice \u0219i mecanice, asociate adsorb\u021biei membranare a peptidelor \u0219i proteinelor.<\/li>\n<li>Studierea interac\u021biunilor biomoleculare \u00een sisteme biomimetice utiliz\u00e2nd spectroscopia de impedan\u021b\u0103.<\/li>\n<\/ul>\n","protected":false},"excerpt":{"rendered":"<p>Domenii majore de cercetare: Biofizic\u0103 molecular\u0103. Bioelectricitate \u0219i aplica\u021bii \u00een fizica medical\u0103. Direc\u021bii de investigare: Investigarea uni-molecular\u0103 a interac\u021biunilor lipido-proteice. Detec\u021bia nanoscopica a biomoleculelor cu ajutorul unor sisteme proteice. Cuantificarea energiilor de interac\u021biune a unor biomolecule cu sisteme biomimetice. Tehnici de instrumenta\u021bie virtual\u0103 aplicate in electrofiziologia molecular\u0103. Domenii de expertiz\u0103 \/ Teme propuse: Caracterizarea fizico-chimic\u0103 a interac\u021biunilor unor\u2026 <span class=\"read-more\"><a href=\"https:\/\/www.phys.uaic.ro\/old\/index.php\/scoala-doctorala\/conducatori-doctorat\/tudor-luchian-expertiza\/\">Read More &raquo;<\/a><\/span><\/p>\n","protected":false},"author":3,"featured_media":0,"parent":150,"menu_order":0,"comment_status":"closed","ping_status":"closed","template":"","meta":{"footnotes":""},"class_list":["post-467","page","type-page","status-publish","hentry"],"_links":{"self":[{"href":"https:\/\/www.phys.uaic.ro\/old\/index.php\/wp-json\/wp\/v2\/pages\/467","targetHints":{"allow":["GET"]}}],"collection":[{"href":"https:\/\/www.phys.uaic.ro\/old\/index.php\/wp-json\/wp\/v2\/pages"}],"about":[{"href":"https:\/\/www.phys.uaic.ro\/old\/index.php\/wp-json\/wp\/v2\/types\/page"}],"author":[{"embeddable":true,"href":"https:\/\/www.phys.uaic.ro\/old\/index.php\/wp-json\/wp\/v2\/users\/3"}],"replies":[{"embeddable":true,"href":"https:\/\/www.phys.uaic.ro\/old\/index.php\/wp-json\/wp\/v2\/comments?post=467"}],"version-history":[{"count":0,"href":"https:\/\/www.phys.uaic.ro\/old\/index.php\/wp-json\/wp\/v2\/pages\/467\/revisions"}],"up":[{"embeddable":true,"href":"https:\/\/www.phys.uaic.ro\/old\/index.php\/wp-json\/wp\/v2\/pages\/150"}],"wp:attachment":[{"href":"https:\/\/www.phys.uaic.ro\/old\/index.php\/wp-json\/wp\/v2\/media?parent=467"}],"curies":[{"name":"wp","href":"https:\/\/api.w.org\/{rel}","templated":true}]}}