{"id":4708,"date":"2018-08-03T08:05:29","date_gmt":"2018-08-03T08:05:29","guid":{"rendered":"http:\/\/www.phys.uaic.ro\/?page_id=4708"},"modified":"2025-09-10T15:08:26","modified_gmt":"2025-09-10T12:08:26","slug":"admitere-balti","status":"publish","type":"page","link":"https:\/\/www.phys.uaic.ro\/old\/index.php\/extensiunea-balti\/admitere-balti\/","title":{"rendered":"Admitere Fizic\u0103 Extensia B\u0103l\u021bi"},"content":{"rendered":"<h1><span style=\"color: #ff0000;\">Sesiunea septembrie 2025<\/span><\/h1>\n<h3><a href=\"https:\/\/www.phys.uaic.ro\/wp-content\/uploads\/2025\/09\/sept-licenta-BALTI-sept-2025.pdf\" target=\"_blank\" rel=\"noopener\"><em>Rezultate admitere septembrie licenta &#8211; Extensia B\u0102L\u021aI<\/em><\/a><\/h3>\n<h4><em><a href=\"https:\/\/www.phys.uaic.ro\/wp-content\/uploads\/2025\/09\/SEPT-master-Balti-afisat.pdf\" target=\"_blank\" rel=\"noopener\"><span style=\"font-size: 14pt;\"><strong>Rezultate admitere master septembrie 2025 &#8211; Extensia BALTI\u00a0<\/strong><\/span><\/a><\/em><\/h4>\n<h4><\/h4>\n<h4>Perioada de \u00eenscriere: <span style=\"color: #ff0000;\">5-8<strong> septembrie 2025<\/strong><\/span>\u00a0la Universitatea \u201cAlecu Russo\u201d Ba\u0306l\u021bi, sala 408<\/h4>\n<p><b>Selec\u021bia candida\u021bilor \u0219i afi\u0219area rezultatelor<\/b>:<strong> 9-10 septembrie 2025<\/strong><\/p>\n<h4>Num\u0103r de locuri:<\/h4>\n<p><em><strong>Licen\u021b\u0103<\/strong> specializarea Fizic\u0103 tehnologic\u0103 &#8211; <span style=\"color: #ff0000;\">ingineri<\/span>: <span style=\"color: #ff0000;\"><strong>4 locuri cu burs\u0103 de studiu, 3o locuri cu tax\u0103.<\/strong><\/span><\/em><\/p>\n<p><em><strong>Master<\/strong> specializarea Fizic\u0103 aplicat\u0103 \u00een tehnologiile informa\u021biei \u0219i comunica\u021bii: <span style=\"color: #ff0000;\"><strong>7 locuri cu burs\u0103 de studiu, 10 locuri cu tax\u0103.<\/strong><\/span><\/em><\/p>\n<h4>Acte necesare:<\/h4>\n<div class=\"page\" title=\"Page 1\">\n<div class=\"layoutArea\">\n<div class=\"column\">\n<ul>\n<li>Diploma de bacalaureat (sau echivalent), i\u0302n original;<\/li>\n<li>Foaia matricola\u0306 cu toate mediile obt\u0326inute i\u0302n timpul liceului<\/li>\n<li>Certificat de nas\u0326tere;<\/li>\n<li>Certificat de ca\u0306sa\u0306torie, (daca\u0306\u00a0este cazul);<\/li>\n<li>Copie dupa\u0306 cartea de identitate;<\/li>\n<li>Copie dupa\u0306 pas\u0326aport;<\/li>\n<li>Adeverint\u0326a\u0306 medicala\u0306 tip;<\/li>\n<li>3 fotografii 3&#215;4 cm;<\/li>\n<\/ul>\n<\/div>\n<\/div>\n<\/div>\n<h3><\/h3>\n<h3><span style=\"color: #ff0000;\"><em><strong><a style=\"color: #ff0000;\" href=\"https:\/\/www.phys.uaic.ro\/wp-content\/uploads\/2025\/07\/admitere-BALTI-lic-tur-3-2025.pdf\" target=\"_blank\" rel=\"noopener\">Rezultate admitere licen\u021b\u0103 Extensia B\u0103l\u021bi &#8211; BUGET iulie 2025 &#8211; Turul III<\/a><\/strong><\/em><\/span><\/h3>\n<h3><a href=\"https:\/\/www.phys.uaic.ro\/wp-content\/uploads\/2025\/07\/admitere-BALTI-lic-tur-2-2025.pdf\" target=\"_blank\" rel=\"noopener\"><em><strong><span style=\"color: #ff0000;\">Rezultate admitere licen\u021b\u0103 Extensia B\u0103l\u021bi \u2013 BUGET iulie 2025 \u2013 Turul II<\/span><\/strong><\/em><\/a><\/h3>\n<h3><em><span style=\"color: #ff0000;\"><a style=\"color: #ff0000;\" href=\"https:\/\/www.phys.uaic.ro\/wp-content\/uploads\/2025\/07\/rezultate_lic_Balti_iulie2025.pdf\" target=\"_blank\" rel=\"noopener\"><strong>Rezultate admitere licen\u021b\u0103 Extensia B\u0103l\u021bi \u2013 BUGET iulie 2025 \u2013 Turul I<\/strong><\/a>\u00a0<\/span><\/em><\/h3>\n<p><a href=\"https:\/\/www.phys.uaic.ro\/wp-content\/uploads\/2025\/07\/master-Balti-turul-2.pdf\" target=\"_blank\" rel=\"noopener\"><strong><span style=\"color: #ff0000; font-size: 14pt;\"><em>Rezultate admitere master Extensia BALTI &#8211; Buget iulie 2025 &#8211; Turul II<\/em><\/span><\/strong><\/a><\/p>\n<p>&nbsp;<\/p>\n<h1><strong>ADMITERE 2024<\/strong><\/h1>\n<h3><span style=\"color: #0000ff; font-size: 12pt;\">Admiterea la licen\u021b\u0103 \u0219i master Extensiunea B\u0103l\u021bi &#8211; Sesiunea septembrie 2024<\/span><\/h3>\n<p><span style=\"font-size: 12pt; color: #0000ff;\"><em><strong><a style=\"color: #0000ff;\" href=\"https:\/\/www.phys.uaic.ro\/wp-content\/uploads\/2024\/09\/sept-2024-licenta-buget-BALTI.pdf\" target=\"_blank\" rel=\"noopener\">Rezultate admitere LICEN\u021a\u0102 &#8211; afi\u0219at 11 septembrie 2024<\/a><\/strong><\/em><\/span><\/p>\n<p><span style=\"font-size: 12pt; color: #0000ff;\"><em><strong><a style=\"color: #0000ff;\" href=\"https:\/\/www.phys.uaic.ro\/wp-content\/uploads\/2024\/09\/sept-2024-master-buget-BALTI.pdf\" target=\"_blank\" rel=\"noopener\">Rezultate admitere MASTER &#8211; afi\u0219at 11 septembrie 2024<\/a><\/strong><\/em><\/span><\/p>\n<h4><em><strong><span style=\"color: #ff0000;\"><a style=\"color: #ff0000;\" href=\"https:\/\/www.phys.uaic.ro\/wp-content\/uploads\/2024\/09\/sept-2024-BALTI-in-asteptare.pdf\" target=\"_blank\" rel=\"noopener\"><span style=\"font-size: 18pt;\"><span style=\"color: #0000ff; font-size: 12pt;\">Master B\u0103l\u021bi &#8211; \u00een a\u0219teptare<\/span><\/span><\/a><\/span><\/strong><\/em><\/h4>\n<h4><\/h4>\n<h4><span style=\"color: #000000;\">Perioada de \u00eenscriere: 6-9<strong> septembrie 2024<\/strong> la Universitatea \u201cAlecu Russo\u201d Ba\u0306l\u021bi, sala 408<\/span><\/h4>\n<p><span style=\"color: #000000;\"><b>Selec\u021bia candida\u021bilor \u0219i afi\u0219area rezultatelor<\/b>:<strong> 10-11 septembrie 2024<\/strong><\/span><\/p>\n<h4>Num\u0103r de locuri<\/h4>\n<p><strong>Licen\u021b\u0103<\/strong> specializarea Fizic\u0103 tehnologic\u0103 &#8211; ingineri: <span style=\"color: #ff0000;\"><strong>8 locuri cu burs\u0103 de studiu<\/strong><\/span><\/p>\n<p><strong>Master<\/strong> specializarea Fizic\u0103 aplicat\u0103 \u00een tehnologiile informa\u021biei \u0219i comunica\u021bii: <strong><span style=\"color: #ff0000;\">5 locuri cu burs\u0103 de studiu<\/span><\/strong><\/p>\n<h4>Acte necesare:<\/h4>\n<div class=\"page\" title=\"Page 1\">\n<div class=\"layoutArea\">\n<div class=\"column\">\n<ul>\n<li>Diploma de bacalaureat (sau echivalent), i\u0302n original;<\/li>\n<li>Foaia matricola\u0306 cu toate mediile obt\u0326inute i\u0302n timpul liceului<\/li>\n<li>Certificat de nas\u0326tere;<\/li>\n<li>Certificat de ca\u0306sa\u0306torie, (daca\u0306\u00a0este cazul);<\/li>\n<li>Copie dupa\u0306 cartea de identitate;<\/li>\n<li>Copie dupa\u0306 pas\u0326aport;<\/li>\n<li>Adeverint\u0326a\u0306 medicala\u0306 tip;<\/li>\n<li>3 fotografii 3&#215;4 cm;<\/li>\n<\/ul>\n<p><a href=\"https:\/\/www.phys.uaic.ro\/wp-content\/uploads\/2021\/07\/pliant_Balti_admitere2021v2.pdf\" target=\"_blank\" rel=\"noopener noreferrer\">Descarc\u0103 pliantul de prezentare<\/a><\/p>\n<\/div>\n<\/div>\n<\/div>\n<p><iframe loading=\"lazy\" title=\"Fizic\u0103 tehnologic\u0103 - Extensiunea B\u0103l\u021bi\" width=\"665\" height=\"374\" src=\"https:\/\/www.youtube.com\/embed\/yNCy57pV4co?feature=oembed\" frameborder=\"0\" allow=\"accelerometer; autoplay; clipboard-write; encrypted-media; gyroscope; picture-in-picture; web-share\" referrerpolicy=\"strict-origin-when-cross-origin\" allowfullscreen><\/iframe><\/p>\n<h2>Arhiva<\/h2>\n<h3><a href=\"https:\/\/www.phys.uaic.ro\/index.php\/admiterea-la-licenta-si-master-extensia-balti-sesiunea-iulie-2024\/\" target=\"_blank\" rel=\"noopener\">Admiterea la licen\u021b\u0103 \u0219i master Extensia B\u0103l\u021bi &#8211; sesiunea iulie 2024<\/a><\/h3>\n<h3><span style=\"color: #000000;\">Admiterea la licen\u021b\u0103 \u0219i master Extensiunea B\u0103l\u021bi &#8211; Sesiunea iulie 2023<\/span><\/h3>\n<p><span style=\"color: #0000ff;\"><a style=\"color: #0000ff;\" href=\"https:\/\/www.phys.uaic.ro\/wp-content\/uploads\/2023\/07\/Balti_rezultate_admitere_licenta_iulie2023.pdf\" target=\"_blank\" rel=\"noopener\"><strong>Rezultate admitere licen\u021b\u0103 Extensiunea B\u0103l\u021bi &#8211; iulie 2023<\/strong><\/a><\/span><\/p>\n<p><span style=\"color: #0000ff;\"><a style=\"color: #0000ff;\" href=\"https:\/\/www.phys.uaic.ro\/wp-content\/uploads\/2023\/07\/Balti_rezultate_admitere_master_iulie2023.pdf\" target=\"_blank\" rel=\"noopener\"><strong>Rezultate admitere master Extensiunea B\u0103l\u021bi &#8211; iulie 2023<\/strong><\/a><\/span><\/p>\n<h3><span style=\"color: #000000;\">Admiterea la master Extensiunea B\u0103l\u021bi &#8211; Sesiunea septembrie 2021<\/span><\/h3>\n<h4><a href=\"https:\/\/www.phys.uaic.ro\/wp-content\/uploads\/2021\/07\/balti_master_rezultate_iulie2021.pdf\">Lista candida\u021bilor admi\u0219i, ordona\u021bi dup\u0103 media general\u0103, descresc\u0103tor<\/a>\u00a0<img decoding=\"async\" style=\"vertical-align: top; width: 20px; height: 20px;\" src=\"http:\/\/www.phys.uaic.ro\/wp\/imagini\/pdf-icon.png\" alt=\"pdf\" \/><\/h4>\n<h4>Num\u0103r de locuri bugetate: 20 cu burs\u0103 de studiu de 75EUR\/lun\u0103<\/h4>\n<h4>Perioada de \u00eenscriere: 12-17 iulie 2021 la Universitatea \u201cAlecu Russo\u201d Ba\u0306lt\u0326i, sala 408<\/h4>\n<h3><span style=\"color: #000000;\">Admiterea la licen\u021b\u0103 Extensiunea B\u0103l\u021bi &#8211; Sesiunea iulie 2021<\/span><\/h3>\n<h4><span style=\"color: #000000;\">Perioada de \u00eenscriere: <strong>12-20 iulie 2021<\/strong> la Universitatea \u201cAlecu Russo\u201d Ba\u0306lt\u0326i, sala 408<\/span><\/h4>\n<h4><a href=\"https:\/\/www.phys.uaic.ro\/wp-content\/uploads\/2021\/07\/balti_licenta_rezultate_iulie2021.pdf\">Lista candida\u021bilor admi\u0219i, ordona\u021bi dup\u0103 media general\u0103, descresc\u0103tor<\/a>\u00a0<img decoding=\"async\" style=\"vertical-align: top; width: 20px; height: 20px;\" src=\"http:\/\/www.phys.uaic.ro\/wp\/imagini\/pdf-icon.png\" alt=\"pdf\" \/><\/h4>\n<h4>Num\u0103r de locuri bugetate: 30 cu burs\u0103 de studiu de 65EUR\/lun\u0103<\/h4>\n<h3>Admiterea la licen\u021b\u0103 Extensiunea B\u0103l\u021bi &#8211; Sesiunea septembrie 2020<\/h3>\n<ul>\n<li><a href=\"https:\/\/www.phys.uaic.ro\/wp-content\/uploads\/2020\/09\/Licenta_septembrie_2020.pdf\">Lista candida\u021bilor admi\u0219i licen\u021b\u0103 pentru locurile finan\u021bate de la buget &#8211; septembrie 2020<\/a><img decoding=\"async\" style=\"vertical-align: top; width: 20px; height: 20px;\" src=\"http:\/\/www.phys.uaic.ro\/wp\/imagini\/pdf-icon.png\" alt=\"pdf\" \/><br \/>\n(afi\u0219at ast\u0103zi 14 septembrie 2020 ora 16:00)<\/li>\n<li><a href=\"https:\/\/www.phys.uaic.ro\/wp-content\/uploads\/2020\/07\/Precizari-Romani-de-pretutindeni_admitere-2020.pdf\">Precizari Romani de pretutindeni_admitere 2020<\/a><\/li>\n<\/ul>\n<ul>\n<li>Organizarea admiterii la licen\u021b\u0103 septembrie 2020\n<ul>\n<li><a href=\"https:\/\/www.phys.uaic.ro\/index.php\/extensiunea-balti\/admitere-balti\/numar-locuri-licenta-balti-septembrie-2020\">Num\u0103rul de locuri<\/a><\/li>\n<\/ul>\n<ul>\n<li><a href=\"https:\/\/www.phys.uaic.ro\/index.php\/extensiunea-balti\/admitere-balti\/perioada-admitere-licenta-balti-septembrie-2020\">Perioada admiterii<\/a><\/li>\n<\/ul>\n<ul>\n<li><a href=\"acte-licenta-balti-iulie-2020\">Actele necesare<\/a><\/li>\n<\/ul>\n<\/li>\n<\/ul>\n<p><a href=\"https:\/\/www.phys.uaic.ro\/wp-content\/uploads\/2020\/07\/pliant_Balti_iulie_2020.pdf\">Pliant prezentare licen\u021b\u0103 Balti 2020<\/a><\/p>\n<p><!--=======================--><\/p>\n<h3>Admiterea la master Extensiunea B\u0103l\u021bi &#8211; Sesiunea septembrie 2020<\/h3>\n<ul>\n<li><a href=\"https:\/\/www.phys.uaic.ro\/wp-content\/uploads\/2020\/09\/Master_septembrie_2020.pdf\">Lista candida\u021bilor admi\u0219i master pentru locurile finan\u021bate de la buget &#8211; septembrie 2020<\/a><img decoding=\"async\" style=\"vertical-align: top; width: 20px; height: 20px;\" src=\"http:\/\/www.phys.uaic.ro\/wp\/imagini\/pdf-icon.png\" alt=\"pdf\" \/><br \/>\n(afi\u0219at ast\u0103zi 14 septembrie 2020 ora 16:00)<\/li>\n<li><a href=\"https:\/\/www.phys.uaic.ro\/wp-content\/uploads\/2020\/07\/Precizari-Romani-de-pretutindeni_admitere-2020.pdf\">Precizari Romani de pretutindeni_admitere 2020<\/a><\/li>\n<\/ul>\n<ul>\n<li>Organizarea admiterii la master septembrie 2020\n<ul>\n<li><a href=\"https:\/\/www.phys.uaic.ro\/index.php\/extensiunea-balti\/admitere-balti\/numar-locuri-master-balti-septembrie-2020\">Num\u0103rul de locuri<\/a><\/li>\n<\/ul>\n<ul>\n<li><a href=\"https:\/\/www.phys.uaic.ro\/index.php\/extensiunea-balti\/admitere-balti\/perioada-admitere-master-balti-septembrie-2020\/\">Perioada admiterii<\/a><\/li>\n<\/ul>\n<ul>\n<li><a href=\"acte-master-balti-iulie-2020\">Actele necesare<\/a><\/li>\n<\/ul>\n<\/li>\n<\/ul>\n<p><!--=======================--><\/p>\n<p><!--\n\n\n<ul>\n \t\n\n<li><a href=\"rezultate-admitere-licenta-iulie-2020\">Rezultate admitere la licen\u021b\u0103 iulie 2020<\/a><\/li>\n\n\n<\/ul>\n\n\n\n\n<ul>\n \t\n\n<li><a href=\"rezultate-confirmate-admitere-licenta-iulie-2020\">Rezultate admitere la licen\u021b\u0103 dup\u0103 confirmarea locurilor iulie 2020<\/a><\/li>\n\n\n<\/ul>\n\n\n--><\/p>\n<p><!--\n\n\n<ul>\n \t\n\n<li><a href=\"rezultate-admitere-licenta-balti-iulie-2020\">Rezultate admitere la licen\u021b\u0103 iulie 2020 - Extensiunea B\u0103l\u021bi<\/a><\/li>\n\n\n<\/ul>\n\n\n--><\/p>\n<p><a href=\"http:\/\/www.phys.uaic.ro\/wp\/admitere\/iulie-2020\/protectie-date-personale-admitere.pdf\">Not\u0103 de informare privind protec\u0163ia datelor cu caracter personal<\/a> <img decoding=\"async\" style=\"vertical-align: top; width: 20px; height: 20px;\" src=\"http:\/\/www.phys.uaic.ro\/wp\/imagini\/pdf-icon.png\" alt=\"pdf\" \/><\/p>\n<p><b>Informa\u021bii<\/b> despre admitere:<\/p>\n<ul>\n<li>Tel: +40232 201050<\/li>\n<li>E-mail: <a href=\"mailto:extensiune@uaic.ro\">extensiune@uaic.ro\u00a0<\/a><\/li>\n<li>Site-ul Facult\u0103\u021bii de Fizic\u0103: <a href=\"http:\/\/www.phys.uaic.ro\">http:\/\/www.phys.uaic.ro<\/a><\/li>\n<li>Site-ul universit\u0103\u021bii dedicat admiterii: <a href=\"http:\/\/admitere.uaic.ro\/\">http:\/\/admitere.uaic.ro\/<\/a><\/li>\n<\/ul>\n","protected":false},"excerpt":{"rendered":"<p>Sesiunea septembrie 2025 Rezultate admitere septembrie licenta &#8211; Extensia B\u0102L\u021aI Rezultate admitere master septembrie 2025 &#8211; Extensia BALTI\u00a0 Perioada de \u00eenscriere: 5-8 septembrie 2025\u00a0la Universitatea \u201cAlecu Russo\u201d Ba\u0306l\u021bi, sala 408 Selec\u021bia candida\u021bilor \u0219i afi\u0219area rezultatelor: 9-10 septembrie 2025 Num\u0103r de locuri: Licen\u021b\u0103 specializarea Fizic\u0103 tehnologic\u0103 &#8211; ingineri: 4 locuri cu burs\u0103 de studiu, 3o locuri cu tax\u0103. Master\u2026 <span class=\"read-more\"><a href=\"https:\/\/www.phys.uaic.ro\/old\/index.php\/extensiunea-balti\/admitere-balti\/\">Read More &raquo;<\/a><\/span><\/p>\n","protected":false},"author":3,"featured_media":0,"parent":62,"menu_order":0,"comment_status":"closed","ping_status":"closed","template":"","meta":{"footnotes":""},"class_list":["post-4708","page","type-page","status-publish","hentry"],"_links":{"self":[{"href":"https:\/\/www.phys.uaic.ro\/old\/index.php\/wp-json\/wp\/v2\/pages\/4708","targetHints":{"allow":["GET"]}}],"collection":[{"href":"https:\/\/www.phys.uaic.ro\/old\/index.php\/wp-json\/wp\/v2\/pages"}],"about":[{"href":"https:\/\/www.phys.uaic.ro\/old\/index.php\/wp-json\/wp\/v2\/types\/page"}],"author":[{"embeddable":true,"href":"https:\/\/www.phys.uaic.ro\/old\/index.php\/wp-json\/wp\/v2\/users\/3"}],"replies":[{"embeddable":true,"href":"https:\/\/www.phys.uaic.ro\/old\/index.php\/wp-json\/wp\/v2\/comments?post=4708"}],"version-history":[{"count":0,"href":"https:\/\/www.phys.uaic.ro\/old\/index.php\/wp-json\/wp\/v2\/pages\/4708\/revisions"}],"up":[{"embeddable":true,"href":"https:\/\/www.phys.uaic.ro\/old\/index.php\/wp-json\/wp\/v2\/pages\/62"}],"wp:attachment":[{"href":"https:\/\/www.phys.uaic.ro\/old\/index.php\/wp-json\/wp\/v2\/media?parent=4708"}],"curies":[{"name":"wp","href":"https:\/\/api.w.org\/{rel}","templated":true}]}}