{"id":478,"date":"2018-02-16T11:56:48","date_gmt":"2018-02-16T11:56:48","guid":{"rendered":"http:\/\/www.phys.uaic.ro\/?page_id=478"},"modified":"2018-03-05T03:29:02","modified_gmt":"2018-03-05T03:29:02","slug":"lucel-sirghi-expertiza","status":"publish","type":"page","link":"https:\/\/www.phys.uaic.ro\/old\/index.php\/scoala-doctorala\/conducatori-doctorat\/lucel-sirghi-expertiza\/","title":{"rendered":"Prof. Dr. Lucel S\u00ceRGHI &#8211; expertiz\u0103"},"content":{"rendered":"<p><b>Domeniul major de cercetare:<\/b><\/p>\n<ul>\n<li>Fizica plasmei \u0219i aplica\u021bii ale fizicii plasmei \u00een nanotehnologie \u0219i procesarea suprafe\u021belor.<\/li>\n<\/ul>\n<p><b>Sub-domeniul de cercetare:<\/b><\/p>\n<ul>\n<li>Procese fundamentale de interac\u021biune a plasmei cu suprafe\u021bele corpurilor solide.<\/li>\n<li>Ob\u021binerea de suprafe\u021be func\u021bionale cu aplica\u021bii \u00een energie, mediu, biomedicin\u0103 \u0219i nanotehnologie.<\/li>\n<li>Microscopie cu for\u021b\u0103 atomic\u0103.<\/li>\n<\/ul>\n<p><b>Domenii de expertiz\u0103 \/ Teme propuse:<\/b><\/p>\n<ul>\n<li>Diagnoza plasmei.<\/li>\n<li>Depuneri asistate de plasm\u0103 de filme sub\u021biri cu diferite propriet\u0103\u021bi func\u021bionale (fotocatalicice, bioactive, biocompatibile, etc).<\/li>\n<li>Procesarea suprafe\u021belor cu ajutorul plasmei (tratamente de suprafa\u021b\u0103, cura\u021barea \u0219i decontaminarea suprafe\u021belor, func\u021bionalizarea \u0219i generarea de structuri nanoscopice pe suprafa\u021b\u0103).<\/li>\n<li>Investigarea for\u021belor de suprafa\u021b\u0103 cu ajutorul microscopiei cu for\u021b\u0103 atomic\u0103 (aplica\u021bii \u00een nanotribologie, biofizic\u0103 celular\u0103 \u0219i molecular\u0103, biomateriale, etc).<\/li>\n<\/ul>\n","protected":false},"excerpt":{"rendered":"<p>Domeniul major de cercetare: Fizica plasmei \u0219i aplica\u021bii ale fizicii plasmei \u00een nanotehnologie \u0219i procesarea suprafe\u021belor. Sub-domeniul de cercetare: Procese fundamentale de interac\u021biune a plasmei cu suprafe\u021bele corpurilor solide. Ob\u021binerea de suprafe\u021be func\u021bionale cu aplica\u021bii \u00een energie, mediu, biomedicin\u0103 \u0219i nanotehnologie. Microscopie cu for\u021b\u0103 atomic\u0103. Domenii de expertiz\u0103 \/ Teme propuse: Diagnoza plasmei. Depuneri asistate de plasm\u0103 de\u2026 <span class=\"read-more\"><a href=\"https:\/\/www.phys.uaic.ro\/old\/index.php\/scoala-doctorala\/conducatori-doctorat\/lucel-sirghi-expertiza\/\">Read More &raquo;<\/a><\/span><\/p>\n","protected":false},"author":3,"featured_media":0,"parent":150,"menu_order":0,"comment_status":"closed","ping_status":"closed","template":"","meta":{"footnotes":""},"class_list":["post-478","page","type-page","status-publish","hentry"],"_links":{"self":[{"href":"https:\/\/www.phys.uaic.ro\/old\/index.php\/wp-json\/wp\/v2\/pages\/478","targetHints":{"allow":["GET"]}}],"collection":[{"href":"https:\/\/www.phys.uaic.ro\/old\/index.php\/wp-json\/wp\/v2\/pages"}],"about":[{"href":"https:\/\/www.phys.uaic.ro\/old\/index.php\/wp-json\/wp\/v2\/types\/page"}],"author":[{"embeddable":true,"href":"https:\/\/www.phys.uaic.ro\/old\/index.php\/wp-json\/wp\/v2\/users\/3"}],"replies":[{"embeddable":true,"href":"https:\/\/www.phys.uaic.ro\/old\/index.php\/wp-json\/wp\/v2\/comments?post=478"}],"version-history":[{"count":0,"href":"https:\/\/www.phys.uaic.ro\/old\/index.php\/wp-json\/wp\/v2\/pages\/478\/revisions"}],"up":[{"embeddable":true,"href":"https:\/\/www.phys.uaic.ro\/old\/index.php\/wp-json\/wp\/v2\/pages\/150"}],"wp:attachment":[{"href":"https:\/\/www.phys.uaic.ro\/old\/index.php\/wp-json\/wp\/v2\/media?parent=478"}],"curies":[{"name":"wp","href":"https:\/\/api.w.org\/{rel}","templated":true}]}}