{"id":486,"date":"2018-02-16T12:15:38","date_gmt":"2018-02-16T12:15:38","guid":{"rendered":"http:\/\/www.phys.uaic.ro\/?page_id=486"},"modified":"2020-11-18T10:58:35","modified_gmt":"2020-11-18T10:58:35","slug":"gabriela-borcia-admitere","status":"publish","type":"page","link":"https:\/\/www.phys.uaic.ro\/old\/index.php\/scoala-doctorala\/conducatori-doctorat\/gabriela-borcia-admitere\/","title":{"rendered":"Prof. Dr. habil. Gabriela BORCIA &#8211; admitere doctorat"},"content":{"rendered":"<p><b>Tematica admiterii la doctorat:<\/b><\/p>\n<ol>\n<li>Leg\u0103tura chimic\u0103. Structura moleculei.<\/li>\n<li>Valen\u021be primare \u0219i secundare. Interac\u021biuni intermoleculare.<\/li>\n<li>Fenomene superficiale. Energie de suprafa\u021b\u0103. Unghi de contact.<\/li>\n<li>Metode de analiz\u0103 de suprafa\u021b\u0103 a materialelor.<\/li>\n<li>Metode de producere a plasmelor de temperatur\u0103 joas\u0103.<\/li>\n<\/ol>\n<p><b>Bibliografie<\/b><\/p>\n<ol>\n<li>G. Borcia, <i>Fizica atomului \u015fi moleculei<\/i>, Editura Sedcom Libris, Ia\u015fi, 2014<\/li>\n<li>G. Borcia, <i>Introducere \u00een teoria cuantic\u0103 a atomului \u0219i moleculei<\/i>, Editura Sedcom Libris, Ia\u015fi, 2006<\/li>\n<li>M. D\u0103r\u00e2ng\u0103, C. Mih\u0103ilescu, M. Popa, M. Nicu, N. Bejan, <i>Fizica polimerilor: Introducere \u00een \u0219tiin\u021ba materialelor polimerice<\/i>, Editura Ex Libris, Br\u0103ila, 2000<\/li>\n<li><i>Surface properties of polymers<\/i>, C. Vasile, M.C. Pascu, Eds., Research Signpost, 2007<\/li>\n<li>Y. H. Yuan, R. Lee, <i>Contact Angle and Wetting Properties, in Surface Science Techniques<\/i>, G. Bracco, B. Holst, Eds., Springer-Verlag, 2013<\/li>\n<li><i>Surface and Thin Film Analysis: Principles, Instrumentation, Applications<\/i>, H. Bubert, H. Jenett, Eds., Wiley-VCH Verlag, 2002<\/li>\n<li>G. Popa, L. S\u00eerghi, <i>Bazele fizicii plasmei<\/i>, Ed. Univ. Al. I. Cuza, Ia\u0219i, 2000<\/li>\n<li>I. I. Popescu, I. Iova, E. Toader, <i>Fizica plasmei \u0219i aplica\u021bii<\/i>, Editura \u0218tiin\u021bific\u0103 \u0219i Enciclopedic\u0103, Bucure\u0219ti, 1981<\/li>\n<\/ol>\n","protected":false},"excerpt":{"rendered":"<p>Tematica admiterii la doctorat: Leg\u0103tura chimic\u0103. Structura moleculei. Valen\u021be primare \u0219i secundare. Interac\u021biuni intermoleculare. Fenomene superficiale. Energie de suprafa\u021b\u0103. Unghi de contact. Metode de analiz\u0103 de suprafa\u021b\u0103 a materialelor. Metode de producere a plasmelor de temperatur\u0103 joas\u0103. Bibliografie G. Borcia, Fizica atomului \u015fi moleculei, Editura Sedcom Libris, Ia\u015fi, 2014 G. Borcia, Introducere \u00een teoria cuantic\u0103 a atomului \u0219i\u2026 <span class=\"read-more\"><a href=\"https:\/\/www.phys.uaic.ro\/old\/index.php\/scoala-doctorala\/conducatori-doctorat\/gabriela-borcia-admitere\/\">Read More &raquo;<\/a><\/span><\/p>\n","protected":false},"author":3,"featured_media":0,"parent":150,"menu_order":0,"comment_status":"closed","ping_status":"closed","template":"","meta":{"footnotes":""},"class_list":["post-486","page","type-page","status-publish","hentry"],"_links":{"self":[{"href":"https:\/\/www.phys.uaic.ro\/old\/index.php\/wp-json\/wp\/v2\/pages\/486","targetHints":{"allow":["GET"]}}],"collection":[{"href":"https:\/\/www.phys.uaic.ro\/old\/index.php\/wp-json\/wp\/v2\/pages"}],"about":[{"href":"https:\/\/www.phys.uaic.ro\/old\/index.php\/wp-json\/wp\/v2\/types\/page"}],"author":[{"embeddable":true,"href":"https:\/\/www.phys.uaic.ro\/old\/index.php\/wp-json\/wp\/v2\/users\/3"}],"replies":[{"embeddable":true,"href":"https:\/\/www.phys.uaic.ro\/old\/index.php\/wp-json\/wp\/v2\/comments?post=486"}],"version-history":[{"count":0,"href":"https:\/\/www.phys.uaic.ro\/old\/index.php\/wp-json\/wp\/v2\/pages\/486\/revisions"}],"up":[{"embeddable":true,"href":"https:\/\/www.phys.uaic.ro\/old\/index.php\/wp-json\/wp\/v2\/pages\/150"}],"wp:attachment":[{"href":"https:\/\/www.phys.uaic.ro\/old\/index.php\/wp-json\/wp\/v2\/media?parent=486"}],"curies":[{"name":"wp","href":"https:\/\/api.w.org\/{rel}","templated":true}]}}