{"id":4868,"date":"2018-09-04T11:31:26","date_gmt":"2018-09-04T11:31:26","guid":{"rendered":"http:\/\/www.phys.uaic.ro\/?page_id=4868"},"modified":"2025-01-29T10:53:13","modified_gmt":"2025-01-29T08:53:13","slug":"calugaru-morosanu-cezarina-doctorat","status":"publish","type":"page","link":"https:\/\/www.phys.uaic.ro\/old\/index.php\/scoala-doctorala\/sustineri-teze-doctorat\/calugaru-morosanu-cezarina-doctorat\/","title":{"rendered":"Sus\u021binerea tezei de doctorat a drd. C\u0103lug\u0103ru Cezarina (c\u0103s. Moro\u0219anu) pe 20.09.2018"},"content":{"rendered":"<p>Anun\u021bul sus\u021binerii publice<\/p>\n<p>La data de 20.09.2018, ora 11:00, \u00een sala L1, dna CALUGARU CEZARINA (c\u0103s. MOROSANU) va sus\u0163ine, \u00een \u015fedin\u0163\u0103 public\u0103, teza de doctorat cu titlul<\/p>\n<p><b>CONTRIBUTII LA STUDIUL INTERACTIUNILLOR INTERMOLECULARE IN MEDII CONDENSATE<\/b><\/p>\n<p>\u00een vederea ob\u0163inerii titlului \u015ftiin\u0163ific de doctor \u00een domeniul fundamental Stiinte Exacte, domeniul FIZIC\u0102, subdomeniul Optic\u0103 \u015fi Spectroscopie.<\/p>\n<p>CV C\u0103lug\u0103ru Cezarina (c\u0103s. Moro\u0219anu)<\/p>\n<p>Comisia de doctorat are urm\u0103toarea componen\u0163\u0103:<\/p>\n<ul>\n<li><b>Pre\u015fedinte<\/b>:\n<ul>\n<li>Prof. univ. Dr. Diana Mihaela Mardare, Universitatea Alexandru Ioan Cuza din Ia\u0219i [ CV ]<\/li>\n<\/ul>\n<\/li>\n<\/ul>\n<ul>\n<li><b>Conduc\u0103tor \u015ftiin\u0163ific<\/b>:\n<ul>\n<li>Prof. univ. Em. Dr. Dana Ortansa Dorohoi, Universitatea Alexandru Ioan Cuza, Ia\u015fi [ <a href=\"https:\/\/www.phys.uaic.ro\/wp-content\/uploads\/2022\/03\/CV-D.DOROHOI.pdf\" target=\"_blank\" rel=\"noopener\">CV<\/a> ]<\/li>\n<\/ul>\n<\/li>\n<\/ul>\n<ul>\n<li><b>Referen\u0163i<\/b>:\n<ul>\n<li>Prof. univ. Dr. Simion Astilean, Universitatea Babes-Bolyai, Cluj-Napoca [ <a href=\"https:\/\/www.phys.uaic.ro\/wp-content\/uploads\/2023\/07\/CV_Astilean-Simion.pdf\" target=\"_blank\" rel=\"noopener\">CV<\/a>\u00a0 ]<\/li>\n<li>C.P.I Dr. Maria Bercea, Institutul de Chimie Macromolecular\u0103 Petru Poni Ia\u0219i [ CV ]<\/li>\n<li>Conf. Dr. Dan Gheorghe Dimitriu, Universitatea Alexandru Ioan Cuza, Ia\u015fi [ <a href=\"https:\/\/www.phys.uaic.ro\/wp-content\/uploads\/2022\/05\/Dimitriu_Dan_CV_ro.pdf\" target=\"_blank\" rel=\"noopener\">CV<\/a> ]<\/li>\n<\/ul>\n<\/li>\n<\/ul>\n<p>Teza poate fi consultat\u0103 la Biblioteca Facult\u0103\u0163ii de Fizic\u0103.<\/p>\n<p>Rezumatul tezei de doctorat<\/p>\n","protected":false},"excerpt":{"rendered":"<p>Anun\u021bul sus\u021binerii publice La data de 20.09.2018, ora 11:00, \u00een sala L1, dna CALUGARU CEZARINA (c\u0103s. MOROSANU) va sus\u0163ine, \u00een \u015fedin\u0163\u0103 public\u0103, teza de doctorat cu titlul CONTRIBUTII LA STUDIUL INTERACTIUNILLOR INTERMOLECULARE IN MEDII CONDENSATE \u00een vederea ob\u0163inerii titlului \u015ftiin\u0163ific de doctor \u00een domeniul fundamental Stiinte Exacte, domeniul FIZIC\u0102, subdomeniul Optic\u0103 \u015fi Spectroscopie. CV C\u0103lug\u0103ru Cezarina (c\u0103s. Moro\u0219anu)\u2026 <span class=\"read-more\"><a href=\"https:\/\/www.phys.uaic.ro\/old\/index.php\/scoala-doctorala\/sustineri-teze-doctorat\/calugaru-morosanu-cezarina-doctorat\/\">Read More &raquo;<\/a><\/span><\/p>\n","protected":false},"author":3,"featured_media":0,"parent":158,"menu_order":0,"comment_status":"closed","ping_status":"closed","template":"","meta":{"footnotes":""},"class_list":["post-4868","page","type-page","status-publish","hentry"],"_links":{"self":[{"href":"https:\/\/www.phys.uaic.ro\/old\/index.php\/wp-json\/wp\/v2\/pages\/4868","targetHints":{"allow":["GET"]}}],"collection":[{"href":"https:\/\/www.phys.uaic.ro\/old\/index.php\/wp-json\/wp\/v2\/pages"}],"about":[{"href":"https:\/\/www.phys.uaic.ro\/old\/index.php\/wp-json\/wp\/v2\/types\/page"}],"author":[{"embeddable":true,"href":"https:\/\/www.phys.uaic.ro\/old\/index.php\/wp-json\/wp\/v2\/users\/3"}],"replies":[{"embeddable":true,"href":"https:\/\/www.phys.uaic.ro\/old\/index.php\/wp-json\/wp\/v2\/comments?post=4868"}],"version-history":[{"count":0,"href":"https:\/\/www.phys.uaic.ro\/old\/index.php\/wp-json\/wp\/v2\/pages\/4868\/revisions"}],"up":[{"embeddable":true,"href":"https:\/\/www.phys.uaic.ro\/old\/index.php\/wp-json\/wp\/v2\/pages\/158"}],"wp:attachment":[{"href":"https:\/\/www.phys.uaic.ro\/old\/index.php\/wp-json\/wp\/v2\/media?parent=4868"}],"curies":[{"name":"wp","href":"https:\/\/api.w.org\/{rel}","templated":true}]}}