{"id":4896,"date":"2018-09-05T09:32:38","date_gmt":"2018-09-05T09:32:38","guid":{"rendered":"http:\/\/www.phys.uaic.ro\/?page_id=4896"},"modified":"2025-01-29T10:43:47","modified_gmt":"2025-01-29T08:43:47","slug":"verdes-teodor-a-andreea-doctorat","status":"publish","type":"page","link":"https:\/\/www.phys.uaic.ro\/old\/index.php\/scoala-doctorala\/sustineri-teze-doctorat\/verdes-teodor-a-andreea-doctorat\/","title":{"rendered":"Sus\u021binerea tezei de doctorat a drd. Verde\u0219 A. Andreea (c\u0103s. Teodor) pe 28.09.2018"},"content":{"rendered":"<p>Anun\u021bul sus\u021binerii publice<\/p>\n<p>La data de 28.09.2018, ora 13:00, \u00een sala L1, dna VERDE\u0218 A. ANDREEA (c\u0103s. TEODOR) va sus\u0163ine, \u00een \u015fedin\u0163\u0103 public\u0103, teza de doctorat cu titlul<\/p>\n<p><b>CONTRIBU\u021aII LA STUDIUL INTERAC\u021aIUNII RADIA\u021aIILOR CU COMPONENTE ORGANICE \u0218I ANORGANICE ALE MATERIALELOR BIOLOGICE<\/b><\/p>\n<p>\u00een vederea ob\u0163inerii titlului \u015ftiin\u0163ific de doctor \u00een domeniul \u0218TIIN\u021aE EXACTE.<\/p>\n<p>CV <span style=\"color: black;\">en<\/span> Verde\u0219 A. Andreea (c\u0103s. Teodor)<\/p>\n<p>Comisia de doctorat are urm\u0103toarea componen\u0163\u0103:<\/p>\n<ul>\n<li><b>Pre\u015fedinte<\/b>:\n<ul>\n<li>Prof. univ. Dr. Diana Mihaela Mardare, Universitatea Alexandru Ioan Cuza, Ia\u0219i [<a href=\"https:\/\/www.phys.uaic.ro\/wp-content\/uploads\/2023\/09\/MARDARE-Diana_CV_RO.pdf\" target=\"_blank\" rel=\"noopener\">CV<\/a>]<\/li>\n<\/ul>\n<\/li>\n<\/ul>\n<ul>\n<li><b>Conduc\u0103tor \u015ftiin\u0163ific<\/b>:\n<ul>\n<li>Prof. univ. Dr. Tudor Luchian, Universitatea Alexandru Ioan Cuza, Ia\u015fi [<a href=\"https:\/\/www.phys.uaic.ro\/wp-content\/uploads\/2022\/05\/CV_Tudor-Luchian_RO_2022.pdf\">CV<\/a>]<\/li>\n<\/ul>\n<\/li>\n<\/ul>\n<ul>\n<li><b>Referen\u0163i<\/b>:\n<ul>\n<li>Prof. univ. Dr. Adriana Vetu\u0163a Isvoran, Universitatea de Vest, Timi\u0219oara [CV]<\/li>\n<li>Prof. univ. Dr. Cipriana \u0218tef\u0103nescu, Universitatea de Medicin\u0103 \u0219i Farmacie Gr. T. Popa, Ia\u0219i [CV]<\/li>\n<li>Prof. univ. Dr. habil. Emilia Dorina Creanga, Universitatea Alexandru Ioan Cuza, Ia\u015fi [<a href=\"https:\/\/www.phys.uaic.ro\/wp-content\/uploads\/2022\/04\/CV-Creanga-Dorina-EMILIA_eng.pdf\" target=\"_blank\" rel=\"noopener\">CV<\/a> en]<\/li>\n<\/ul>\n<\/li>\n<\/ul>\n<p>Teza poate fi consultat\u0103 la Biblioteca Facult\u0103\u0163ii de Fizic\u0103.<\/p>\n<p>Rezumatul tezei de doctorat<\/p>\n","protected":false},"excerpt":{"rendered":"<p>Anun\u021bul sus\u021binerii publice La data de 28.09.2018, ora 13:00, \u00een sala L1, dna VERDE\u0218 A. ANDREEA (c\u0103s. TEODOR) va sus\u0163ine, \u00een \u015fedin\u0163\u0103 public\u0103, teza de doctorat cu titlul CONTRIBU\u021aII LA STUDIUL INTERAC\u021aIUNII RADIA\u021aIILOR CU COMPONENTE ORGANICE \u0218I ANORGANICE ALE MATERIALELOR BIOLOGICE \u00een vederea ob\u0163inerii titlului \u015ftiin\u0163ific de doctor \u00een domeniul \u0218TIIN\u021aE EXACTE. CV en Verde\u0219 A. Andreea (c\u0103s.\u2026 <span class=\"read-more\"><a href=\"https:\/\/www.phys.uaic.ro\/old\/index.php\/scoala-doctorala\/sustineri-teze-doctorat\/verdes-teodor-a-andreea-doctorat\/\">Read More &raquo;<\/a><\/span><\/p>\n","protected":false},"author":3,"featured_media":0,"parent":158,"menu_order":0,"comment_status":"closed","ping_status":"closed","template":"","meta":{"footnotes":""},"class_list":["post-4896","page","type-page","status-publish","hentry"],"_links":{"self":[{"href":"https:\/\/www.phys.uaic.ro\/old\/index.php\/wp-json\/wp\/v2\/pages\/4896","targetHints":{"allow":["GET"]}}],"collection":[{"href":"https:\/\/www.phys.uaic.ro\/old\/index.php\/wp-json\/wp\/v2\/pages"}],"about":[{"href":"https:\/\/www.phys.uaic.ro\/old\/index.php\/wp-json\/wp\/v2\/types\/page"}],"author":[{"embeddable":true,"href":"https:\/\/www.phys.uaic.ro\/old\/index.php\/wp-json\/wp\/v2\/users\/3"}],"replies":[{"embeddable":true,"href":"https:\/\/www.phys.uaic.ro\/old\/index.php\/wp-json\/wp\/v2\/comments?post=4896"}],"version-history":[{"count":0,"href":"https:\/\/www.phys.uaic.ro\/old\/index.php\/wp-json\/wp\/v2\/pages\/4896\/revisions"}],"up":[{"embeddable":true,"href":"https:\/\/www.phys.uaic.ro\/old\/index.php\/wp-json\/wp\/v2\/pages\/158"}],"wp:attachment":[{"href":"https:\/\/www.phys.uaic.ro\/old\/index.php\/wp-json\/wp\/v2\/media?parent=4896"}],"curies":[{"name":"wp","href":"https:\/\/api.w.org\/{rel}","templated":true}]}}